{"id":10093,"date":"2022-06-15T18:36:41","date_gmt":"2022-06-15T15:36:41","guid":{"rendered":"https:\/\/trt12punto.com\/philippe-bober\/"},"modified":"2022-06-15T18:37:56","modified_gmt":"2022-06-15T15:37:56","slug":"philippe-bober","status":"publish","type":"page","link":"https:\/\/trt12punto.com\/en\/philippe-bober\/","title":{"rendered":"Philippe Bober"},"content":{"rendered":"<div><img loading=\"lazy\" decoding=\"async\" class=\"wp-image-10004 aligncenter\" src=\"https:\/\/trt12punto.com\/wp-content\/uploads\/2022\/06\/philippe-206x300.png\" alt=\"\" width=\"233\" height=\"339\" srcset=\"https:\/\/trt12punto.com\/wp-content\/uploads\/2022\/06\/philippe-206x300.png 206w, https:\/\/trt12punto.com\/wp-content\/uploads\/2022\/06\/philippe-708x1030.png 708w, https:\/\/trt12punto.com\/wp-content\/uploads\/2022\/06\/philippe-768x1118.png 768w, https:\/\/trt12punto.com\/wp-content\/uploads\/2022\/06\/philippe-1055x1536.png 1055w, https:\/\/trt12punto.com\/wp-content\/uploads\/2022\/06\/philippe-1407x2048.png 1407w, https:\/\/trt12punto.com\/wp-content\/uploads\/2022\/06\/philippe-1031x1500.png 1031w, https:\/\/trt12punto.com\/wp-content\/uploads\/2022\/06\/philippe-484x705.png 484w\" sizes=\"auto, (max-width: 233px) 100vw, 233px\" \/><\/div>\n<div class=\"team-member-job-title \" style=\"text-align: center;\">\n<p><strong>Producer<\/strong><\/p>\n<\/div>\n<div class=\"team-member-description \">\n<div class=\"page\" title=\"Page 8\">\n<div class=\"section\">\n<div class=\"layoutArea\">\n<div class=\"column\">\n<div class=\"page\" title=\"Page 10\">\n<div class=\"layoutArea\">\n<div class=\"column\">\n<div class=\"page\" title=\"Page 47\">\n<div class=\"layoutArea\">\n<div class=\"column\">\n<div class=\"page\" title=\"Page 47\">\n<div class=\"layoutArea\">\n<div class=\"column\">\n<div class=\"page\" title=\"Page 48\">\n<div class=\"section\">\n<div class=\"layoutArea\">\n<div class=\"column\">\n<div class=\"page\" title=\"Page 11\">\n<div class=\"layoutArea\">\n<div class=\"column\">\n<div class=\"page\" title=\"Page 64\">\n<div class=\"layoutArea\">\n<div class=\"column\">\n<div class=\"page\" title=\"Page 65\">\n<div class=\"layoutArea\">\n<div class=\"column\">\n<div class=\"page\" title=\"Page 64\">\n<div class=\"layoutArea\">\n<div class=\"column\">\n<p style=\"text-align: center;\">Coproduction Office&#8217;s CEO and founder Philippe Bober has worked with prominent ground-breaking directors like Lars von Trier, Roy Andersson, Ulrich Seidl, Jessica Hausner, Lou Ye, Korn\u00e9l Mundrucz\u00f3, Cristi Puiu, Michelangelo Frammartino, Carlos Reygadas, Ruben \u00d6stlund from early on in their careers and has produced thirty-two films to date. The majority of these films were selected for the main competitions in Cannes, Venice and Berlin, where they have received over 30 prizes, most notably the Venice Golden Lion in 2014 for Roy Andersson\u2019s A PIGEON SAT ON A BRANCH REFLECTING ON EXISTENCE, and the Palme d\u2019Or in 2017 and 2022 for Ruben \u00d6stlund&#8217;s THE SQUARE and TRIANGLE OF SADNESS respectively.<\/p>\n<p style=\"text-align: center;\">Coproduction Office&#8217;s international sales division distributes a catalogue composed of films produced by Philippe Bober as well as acquired titles and restored classics, including Roberto Rossellini\u2019s key films. The catalogue is unique for its artistic strength, with films that have an individual and distinctive cinematic language, and often daring content.<\/p>\n<\/div>\n<\/div>\n<\/div>\n<\/div>\n<\/div>\n<\/div>\n<\/div>\n<\/div>\n<\/div>\n<\/div>\n<\/div>\n<\/div>\n<\/div>\n<\/div>\n<\/div>\n<\/div>\n<\/div>\n<\/div>\n<\/div>\n<\/div>\n<\/div>\n<\/div>\n<\/div>\n<\/div>\n<\/div>\n<\/div>\n<\/div>\n<\/div>\n<\/div>\n<\/div>\n","protected":false},"excerpt":{"rendered":"<p>Producer Coproduction Office&#8217;s CEO and founder Philippe Bober has worked with prominent ground-breaking directors like Lars von Trier, Roy Andersson, Ulrich Seidl, Jessica Hausner, Lou Ye, Korn\u00e9l Mundrucz\u00f3, Cristi Puiu, Michelangelo Frammartino, Carlos Reygadas, Ruben \u00d6stlund from early on in their careers and has produced thirty-two films to date. The majority of these films were [&hellip;]<\/p>\n","protected":false},"author":1,"featured_media":0,"parent":0,"menu_order":8,"comment_status":"closed","ping_status":"closed","template":"","meta":{"footnotes":""},"class_list":["post-10093","page","type-page","status-publish","hentry"],"yoast_head":"<!-- This site is optimized with the Yoast SEO plugin v27.2 - https:\/\/yoast.com\/product\/yoast-seo-wordpress\/ -->\n<title>Philippe Bober - TRT 12 Punto<\/title>\n<meta name=\"robots\" content=\"index, follow, max-snippet:-1, max-image-preview:large, max-video-preview:-1\" \/>\n<link rel=\"canonical\" href=\"https:\/\/trt12punto.com\/philippe-bober\/\" \/>\n<meta property=\"og:locale\" content=\"en_US\" \/>\n<meta property=\"og:type\" content=\"article\" \/>\n<meta property=\"og:title\" content=\"Philippe Bober - TRT 12 Punto\" \/>\n<meta property=\"og:description\" content=\"Producer Coproduction Office&#8217;s CEO and founder Philippe Bober has worked with prominent ground-breaking directors like Lars von Trier, Roy Andersson, Ulrich Seidl, Jessica Hausner, Lou Ye, Korn\u00e9l Mundrucz\u00f3, Cristi Puiu, Michelangelo Frammartino, Carlos Reygadas, Ruben \u00d6stlund from early on in their careers and has produced thirty-two films to date. The majority of these films were [&hellip;]\" \/>\n<meta property=\"og:url\" content=\"https:\/\/trt12punto.com\/philippe-bober\/\" \/>\n<meta property=\"og:site_name\" content=\"TRT 12 Punto\" \/>\n<meta property=\"article:modified_time\" content=\"2022-06-15T15:37:56+00:00\" \/>\n<meta property=\"og:image\" content=\"https:\/\/trt12punto.com\/wp-content\/uploads\/2022\/06\/philippe-206x300.png\" \/>\n<meta name=\"twitter:card\" content=\"summary_large_image\" \/>\n<meta name=\"twitter:label1\" content=\"Est. reading time\" \/>\n\t<meta name=\"twitter:data1\" content=\"1 minute\" \/>\n<script type=\"application\/ld+json\" class=\"yoast-schema-graph\">{\"@context\":\"https:\/\/schema.org\",\"@graph\":[{\"@type\":\"WebPage\",\"@id\":\"https:\/\/trt12punto.com\/philippe-bober\/\",\"url\":\"https:\/\/trt12punto.com\/philippe-bober\/\",\"name\":\"Philippe Bober - TRT 12 Punto\",\"isPartOf\":{\"@id\":\"https:\/\/trt12punto.com\/#website\"},\"primaryImageOfPage\":{\"@id\":\"https:\/\/trt12punto.com\/philippe-bober\/#primaryimage\"},\"image\":{\"@id\":\"https:\/\/trt12punto.com\/philippe-bober\/#primaryimage\"},\"thumbnailUrl\":\"https:\/\/trt12punto.com\/wp-content\/uploads\/2022\/06\/philippe-206x300.png\",\"datePublished\":\"2022-06-15T15:36:41+00:00\",\"dateModified\":\"2022-06-15T15:37:56+00:00\",\"breadcrumb\":{\"@id\":\"https:\/\/trt12punto.com\/philippe-bober\/#breadcrumb\"},\"inLanguage\":\"en-US\",\"potentialAction\":[{\"@type\":\"ReadAction\",\"target\":[\"https:\/\/trt12punto.com\/philippe-bober\/\"]}]},{\"@type\":\"ImageObject\",\"inLanguage\":\"en-US\",\"@id\":\"https:\/\/trt12punto.com\/philippe-bober\/#primaryimage\",\"url\":\"https:\/\/trt12punto.com\/wp-content\/uploads\/2022\/06\/philippe-206x300.png\",\"contentUrl\":\"https:\/\/trt12punto.com\/wp-content\/uploads\/2022\/06\/philippe-206x300.png\"},{\"@type\":\"BreadcrumbList\",\"@id\":\"https:\/\/trt12punto.com\/philippe-bober\/#breadcrumb\",\"itemListElement\":[{\"@type\":\"ListItem\",\"position\":1,\"name\":\"Anasayfa\",\"item\":\"https:\/\/trt12punto.com\/en\/home\/\"},{\"@type\":\"ListItem\",\"position\":2,\"name\":\"Philippe Bober\"}]},{\"@type\":\"WebSite\",\"@id\":\"https:\/\/trt12punto.com\/#website\",\"url\":\"https:\/\/trt12punto.com\/\",\"name\":\"TRT 12 Punto\",\"description\":\"T\u00fcrkiye&#039;nin En B\u00fcy\u00fck Senaryo Geli\u015ftirme Platformu\",\"potentialAction\":[{\"@type\":\"SearchAction\",\"target\":{\"@type\":\"EntryPoint\",\"urlTemplate\":\"https:\/\/trt12punto.com\/?s={search_term_string}\"},\"query-input\":{\"@type\":\"PropertyValueSpecification\",\"valueRequired\":true,\"valueName\":\"search_term_string\"}}],\"inLanguage\":\"en-US\"}]}<\/script>\n<!-- \/ Yoast SEO plugin. -->","yoast_head_json":{"title":"Philippe Bober - TRT 12 Punto","robots":{"index":"index","follow":"follow","max-snippet":"max-snippet:-1","max-image-preview":"max-image-preview:large","max-video-preview":"max-video-preview:-1"},"canonical":"https:\/\/trt12punto.com\/philippe-bober\/","og_locale":"en_US","og_type":"article","og_title":"Philippe Bober - TRT 12 Punto","og_description":"Producer Coproduction Office&#8217;s CEO and founder Philippe Bober has worked with prominent ground-breaking directors like Lars von Trier, Roy Andersson, Ulrich Seidl, Jessica Hausner, Lou Ye, Korn\u00e9l Mundrucz\u00f3, Cristi Puiu, Michelangelo Frammartino, Carlos Reygadas, Ruben \u00d6stlund from early on in their careers and has produced thirty-two films to date. The majority of these films were [&hellip;]","og_url":"https:\/\/trt12punto.com\/philippe-bober\/","og_site_name":"TRT 12 Punto","article_modified_time":"2022-06-15T15:37:56+00:00","og_image":[{"url":"https:\/\/trt12punto.com\/wp-content\/uploads\/2022\/06\/philippe-206x300.png","type":"","width":"","height":""}],"twitter_card":"summary_large_image","twitter_misc":{"Est. reading time":"1 minute"},"schema":{"@context":"https:\/\/schema.org","@graph":[{"@type":"WebPage","@id":"https:\/\/trt12punto.com\/philippe-bober\/","url":"https:\/\/trt12punto.com\/philippe-bober\/","name":"Philippe Bober - TRT 12 Punto","isPartOf":{"@id":"https:\/\/trt12punto.com\/#website"},"primaryImageOfPage":{"@id":"https:\/\/trt12punto.com\/philippe-bober\/#primaryimage"},"image":{"@id":"https:\/\/trt12punto.com\/philippe-bober\/#primaryimage"},"thumbnailUrl":"https:\/\/trt12punto.com\/wp-content\/uploads\/2022\/06\/philippe-206x300.png","datePublished":"2022-06-15T15:36:41+00:00","dateModified":"2022-06-15T15:37:56+00:00","breadcrumb":{"@id":"https:\/\/trt12punto.com\/philippe-bober\/#breadcrumb"},"inLanguage":"en-US","potentialAction":[{"@type":"ReadAction","target":["https:\/\/trt12punto.com\/philippe-bober\/"]}]},{"@type":"ImageObject","inLanguage":"en-US","@id":"https:\/\/trt12punto.com\/philippe-bober\/#primaryimage","url":"https:\/\/trt12punto.com\/wp-content\/uploads\/2022\/06\/philippe-206x300.png","contentUrl":"https:\/\/trt12punto.com\/wp-content\/uploads\/2022\/06\/philippe-206x300.png"},{"@type":"BreadcrumbList","@id":"https:\/\/trt12punto.com\/philippe-bober\/#breadcrumb","itemListElement":[{"@type":"ListItem","position":1,"name":"Anasayfa","item":"https:\/\/trt12punto.com\/en\/home\/"},{"@type":"ListItem","position":2,"name":"Philippe Bober"}]},{"@type":"WebSite","@id":"https:\/\/trt12punto.com\/#website","url":"https:\/\/trt12punto.com\/","name":"TRT 12 Punto","description":"T\u00fcrkiye&#039;nin En B\u00fcy\u00fck Senaryo Geli\u015ftirme Platformu","potentialAction":[{"@type":"SearchAction","target":{"@type":"EntryPoint","urlTemplate":"https:\/\/trt12punto.com\/?s={search_term_string}"},"query-input":{"@type":"PropertyValueSpecification","valueRequired":true,"valueName":"search_term_string"}}],"inLanguage":"en-US"}]}},"jetpack_shortlink":"https:\/\/wp.me\/PgRTn7-2CN","_links":{"self":[{"href":"https:\/\/trt12punto.com\/en\/wp-json\/wp\/v2\/pages\/10093","targetHints":{"allow":["GET"]}}],"collection":[{"href":"https:\/\/trt12punto.com\/en\/wp-json\/wp\/v2\/pages"}],"about":[{"href":"https:\/\/trt12punto.com\/en\/wp-json\/wp\/v2\/types\/page"}],"author":[{"embeddable":true,"href":"https:\/\/trt12punto.com\/en\/wp-json\/wp\/v2\/users\/1"}],"replies":[{"embeddable":true,"href":"https:\/\/trt12punto.com\/en\/wp-json\/wp\/v2\/comments?post=10093"}],"version-history":[{"count":2,"href":"https:\/\/trt12punto.com\/en\/wp-json\/wp\/v2\/pages\/10093\/revisions"}],"predecessor-version":[{"id":10094,"href":"https:\/\/trt12punto.com\/en\/wp-json\/wp\/v2\/pages\/10093\/revisions\/10094"}],"wp:attachment":[{"href":"https:\/\/trt12punto.com\/en\/wp-json\/wp\/v2\/media?parent=10093"}],"curies":[{"name":"wp","href":"https:\/\/api.w.org\/{rel}","templated":true}]}}