{"id":10099,"date":"2022-06-15T18:41:00","date_gmt":"2022-06-15T15:41:00","guid":{"rendered":"https:\/\/trt12punto.com\/paolo-bertolin\/"},"modified":"2022-06-15T18:41:00","modified_gmt":"2022-06-15T15:41:00","slug":"paolo-bertolin","status":"publish","type":"page","link":"https:\/\/trt12punto.com\/en\/paolo-bertolin\/","title":{"rendered":"Paolo Bertolin"},"content":{"rendered":"<div><img loading=\"lazy\" decoding=\"async\" class=\"wp-image-10008 aligncenter\" src=\"https:\/\/trt12punto.com\/wp-content\/uploads\/2022\/06\/paolo-708x1030.png\" alt=\"\" width=\"258\" height=\"375\" srcset=\"https:\/\/trt12punto.com\/wp-content\/uploads\/2022\/06\/paolo-708x1030.png 708w, https:\/\/trt12punto.com\/wp-content\/uploads\/2022\/06\/paolo-206x300.png 206w, https:\/\/trt12punto.com\/wp-content\/uploads\/2022\/06\/paolo-768x1118.png 768w, https:\/\/trt12punto.com\/wp-content\/uploads\/2022\/06\/paolo-1055x1536.png 1055w, https:\/\/trt12punto.com\/wp-content\/uploads\/2022\/06\/paolo-1407x2048.png 1407w, https:\/\/trt12punto.com\/wp-content\/uploads\/2022\/06\/paolo-1031x1500.png 1031w, https:\/\/trt12punto.com\/wp-content\/uploads\/2022\/06\/paolo-484x705.png 484w\" sizes=\"auto, (max-width: 258px) 100vw, 258px\" \/><\/div>\n<div class=\"team-member-job-title \" style=\"text-align: center;\">\n<p><strong>Venice Film Festival Programmer<\/strong><\/p>\n<\/div>\n<div class=\"team-member-description \">\n<div class=\"page\" title=\"Page 8\">\n<div class=\"section\">\n<div class=\"layoutArea\">\n<div class=\"column\">\n<div class=\"page\" title=\"Page 10\">\n<div class=\"layoutArea\">\n<div class=\"column\">\n<div class=\"page\" title=\"Page 47\">\n<div class=\"layoutArea\">\n<div class=\"column\">\n<div class=\"page\" title=\"Page 47\">\n<div class=\"layoutArea\">\n<div class=\"column\">\n<div class=\"page\" title=\"Page 48\">\n<div class=\"section\">\n<div class=\"layoutArea\">\n<div class=\"column\">\n<div class=\"page\" title=\"Page 11\">\n<div class=\"layoutArea\">\n<div class=\"column\">\n<div class=\"page\" title=\"Page 64\">\n<div class=\"layoutArea\">\n<div class=\"column\">\n<div class=\"page\" title=\"Page 65\">\n<div class=\"layoutArea\">\n<div class=\"column\">\n<div class=\"page\" title=\"Page 64\">\n<div class=\"layoutArea\">\n<div class=\"column\">\n<p style=\"text-align: center;\">Paolo Bertolin; He is a film programmer and producer. He has been on the program team of the Venice Film Festival since 2008. He also joined Cannes&#8217; <em>Director&#8217;s Fortnight<\/em> selection committee in 2019. Paolo, who has been the art consultant of Locarno Open Doors since 2016; He has worked for many international film festivals and institutions including IFF Rotterdam, Doha Film Institute, Udine Far East FF, Torino FF, Bombay IFF, Beijing IFF, IFF Bratislava. Paolo Bertolin is also a member of the European Film Academy and the Asia Pacific Screen Awards Academy.\n<\/p>\n<\/div>\n<\/div>\n<\/div>\n<\/div>\n<\/div>\n<\/div>\n<\/div>\n<\/div>\n<\/div>\n<\/div>\n<\/div>\n<\/div>\n<\/div>\n<\/div>\n<\/div>\n<\/div>\n<\/div>\n<\/div>\n<\/div>\n<\/div>\n<\/div>\n<\/div>\n<\/div>\n<\/div>\n<\/div>\n<\/div>\n<\/div>\n<\/div>\n<\/div>\n<\/div>\n","protected":false},"excerpt":{"rendered":"<p>Venice Film Festival Programmer Paolo Bertolin; He is a film programmer and producer. He has been on the program team of the Venice Film Festival since 2008. He also joined Cannes&#8217; Director&#8217;s Fortnight selection committee in 2019. Paolo, who has been the art consultant of Locarno Open Doors since 2016; He has worked for many [&hellip;]<\/p>\n","protected":false},"author":1,"featured_media":0,"parent":0,"menu_order":6,"comment_status":"closed","ping_status":"closed","template":"","meta":{"footnotes":""},"class_list":["post-10099","page","type-page","status-publish","hentry"],"yoast_head":"<!-- This site is optimized with the Yoast SEO plugin v27.2 - https:\/\/yoast.com\/product\/yoast-seo-wordpress\/ -->\n<title>Paolo Bertolin - TRT 12 Punto<\/title>\n<meta name=\"robots\" content=\"index, follow, max-snippet:-1, max-image-preview:large, max-video-preview:-1\" \/>\n<link rel=\"canonical\" href=\"https:\/\/trt12punto.com\/paolo-bertolin\/\" \/>\n<meta property=\"og:locale\" content=\"en_US\" \/>\n<meta property=\"og:type\" content=\"article\" \/>\n<meta property=\"og:title\" content=\"Paolo Bertolin - TRT 12 Punto\" \/>\n<meta property=\"og:description\" content=\"Venice Film Festival Programmer Paolo Bertolin; He is a film programmer and producer. He has been on the program team of the Venice Film Festival since 2008. He also joined Cannes&#8217; Director&#8217;s Fortnight selection committee in 2019. Paolo, who has been the art consultant of Locarno Open Doors since 2016; He has worked for many [&hellip;]\" \/>\n<meta property=\"og:url\" content=\"https:\/\/trt12punto.com\/paolo-bertolin\/\" \/>\n<meta property=\"og:site_name\" content=\"TRT 12 Punto\" \/>\n<meta property=\"og:image\" content=\"https:\/\/trt12punto.com\/wp-content\/uploads\/2022\/06\/paolo-708x1030.png\" \/>\n<meta name=\"twitter:card\" content=\"summary_large_image\" \/>\n<script type=\"application\/ld+json\" class=\"yoast-schema-graph\">{\"@context\":\"https:\/\/schema.org\",\"@graph\":[{\"@type\":\"WebPage\",\"@id\":\"https:\/\/trt12punto.com\/paolo-bertolin\/\",\"url\":\"https:\/\/trt12punto.com\/paolo-bertolin\/\",\"name\":\"Paolo Bertolin - TRT 12 Punto\",\"isPartOf\":{\"@id\":\"https:\/\/trt12punto.com\/#website\"},\"primaryImageOfPage\":{\"@id\":\"https:\/\/trt12punto.com\/paolo-bertolin\/#primaryimage\"},\"image\":{\"@id\":\"https:\/\/trt12punto.com\/paolo-bertolin\/#primaryimage\"},\"thumbnailUrl\":\"https:\/\/trt12punto.com\/wp-content\/uploads\/2022\/06\/paolo-708x1030.png\",\"datePublished\":\"2022-06-15T15:41:00+00:00\",\"breadcrumb\":{\"@id\":\"https:\/\/trt12punto.com\/paolo-bertolin\/#breadcrumb\"},\"inLanguage\":\"en-US\",\"potentialAction\":[{\"@type\":\"ReadAction\",\"target\":[\"https:\/\/trt12punto.com\/paolo-bertolin\/\"]}]},{\"@type\":\"ImageObject\",\"inLanguage\":\"en-US\",\"@id\":\"https:\/\/trt12punto.com\/paolo-bertolin\/#primaryimage\",\"url\":\"https:\/\/trt12punto.com\/wp-content\/uploads\/2022\/06\/paolo-708x1030.png\",\"contentUrl\":\"https:\/\/trt12punto.com\/wp-content\/uploads\/2022\/06\/paolo-708x1030.png\"},{\"@type\":\"BreadcrumbList\",\"@id\":\"https:\/\/trt12punto.com\/paolo-bertolin\/#breadcrumb\",\"itemListElement\":[{\"@type\":\"ListItem\",\"position\":1,\"name\":\"Anasayfa\",\"item\":\"https:\/\/trt12punto.com\/en\/home\/\"},{\"@type\":\"ListItem\",\"position\":2,\"name\":\"Paolo Bertolin\"}]},{\"@type\":\"WebSite\",\"@id\":\"https:\/\/trt12punto.com\/#website\",\"url\":\"https:\/\/trt12punto.com\/\",\"name\":\"TRT 12 Punto\",\"description\":\"T\u00fcrkiye&#039;nin En B\u00fcy\u00fck Senaryo Geli\u015ftirme Platformu\",\"potentialAction\":[{\"@type\":\"SearchAction\",\"target\":{\"@type\":\"EntryPoint\",\"urlTemplate\":\"https:\/\/trt12punto.com\/?s={search_term_string}\"},\"query-input\":{\"@type\":\"PropertyValueSpecification\",\"valueRequired\":true,\"valueName\":\"search_term_string\"}}],\"inLanguage\":\"en-US\"}]}<\/script>\n<!-- \/ Yoast SEO plugin. -->","yoast_head_json":{"title":"Paolo Bertolin - TRT 12 Punto","robots":{"index":"index","follow":"follow","max-snippet":"max-snippet:-1","max-image-preview":"max-image-preview:large","max-video-preview":"max-video-preview:-1"},"canonical":"https:\/\/trt12punto.com\/paolo-bertolin\/","og_locale":"en_US","og_type":"article","og_title":"Paolo Bertolin - TRT 12 Punto","og_description":"Venice Film Festival Programmer Paolo Bertolin; He is a film programmer and producer. He has been on the program team of the Venice Film Festival since 2008. He also joined Cannes&#8217; Director&#8217;s Fortnight selection committee in 2019. Paolo, who has been the art consultant of Locarno Open Doors since 2016; He has worked for many [&hellip;]","og_url":"https:\/\/trt12punto.com\/paolo-bertolin\/","og_site_name":"TRT 12 Punto","og_image":[{"url":"https:\/\/trt12punto.com\/wp-content\/uploads\/2022\/06\/paolo-708x1030.png","type":"","width":"","height":""}],"twitter_card":"summary_large_image","schema":{"@context":"https:\/\/schema.org","@graph":[{"@type":"WebPage","@id":"https:\/\/trt12punto.com\/paolo-bertolin\/","url":"https:\/\/trt12punto.com\/paolo-bertolin\/","name":"Paolo Bertolin - TRT 12 Punto","isPartOf":{"@id":"https:\/\/trt12punto.com\/#website"},"primaryImageOfPage":{"@id":"https:\/\/trt12punto.com\/paolo-bertolin\/#primaryimage"},"image":{"@id":"https:\/\/trt12punto.com\/paolo-bertolin\/#primaryimage"},"thumbnailUrl":"https:\/\/trt12punto.com\/wp-content\/uploads\/2022\/06\/paolo-708x1030.png","datePublished":"2022-06-15T15:41:00+00:00","breadcrumb":{"@id":"https:\/\/trt12punto.com\/paolo-bertolin\/#breadcrumb"},"inLanguage":"en-US","potentialAction":[{"@type":"ReadAction","target":["https:\/\/trt12punto.com\/paolo-bertolin\/"]}]},{"@type":"ImageObject","inLanguage":"en-US","@id":"https:\/\/trt12punto.com\/paolo-bertolin\/#primaryimage","url":"https:\/\/trt12punto.com\/wp-content\/uploads\/2022\/06\/paolo-708x1030.png","contentUrl":"https:\/\/trt12punto.com\/wp-content\/uploads\/2022\/06\/paolo-708x1030.png"},{"@type":"BreadcrumbList","@id":"https:\/\/trt12punto.com\/paolo-bertolin\/#breadcrumb","itemListElement":[{"@type":"ListItem","position":1,"name":"Anasayfa","item":"https:\/\/trt12punto.com\/en\/home\/"},{"@type":"ListItem","position":2,"name":"Paolo Bertolin"}]},{"@type":"WebSite","@id":"https:\/\/trt12punto.com\/#website","url":"https:\/\/trt12punto.com\/","name":"TRT 12 Punto","description":"T\u00fcrkiye&#039;nin En B\u00fcy\u00fck Senaryo Geli\u015ftirme Platformu","potentialAction":[{"@type":"SearchAction","target":{"@type":"EntryPoint","urlTemplate":"https:\/\/trt12punto.com\/?s={search_term_string}"},"query-input":{"@type":"PropertyValueSpecification","valueRequired":true,"valueName":"search_term_string"}}],"inLanguage":"en-US"}]}},"jetpack_shortlink":"https:\/\/wp.me\/PgRTn7-2CT","_links":{"self":[{"href":"https:\/\/trt12punto.com\/en\/wp-json\/wp\/v2\/pages\/10099","targetHints":{"allow":["GET"]}}],"collection":[{"href":"https:\/\/trt12punto.com\/en\/wp-json\/wp\/v2\/pages"}],"about":[{"href":"https:\/\/trt12punto.com\/en\/wp-json\/wp\/v2\/types\/page"}],"author":[{"embeddable":true,"href":"https:\/\/trt12punto.com\/en\/wp-json\/wp\/v2\/users\/1"}],"replies":[{"embeddable":true,"href":"https:\/\/trt12punto.com\/en\/wp-json\/wp\/v2\/comments?post=10099"}],"version-history":[{"count":0,"href":"https:\/\/trt12punto.com\/en\/wp-json\/wp\/v2\/pages\/10099\/revisions"}],"wp:attachment":[{"href":"https:\/\/trt12punto.com\/en\/wp-json\/wp\/v2\/media?parent=10099"}],"curies":[{"name":"wp","href":"https:\/\/api.w.org\/{rel}","templated":true}]}}