{"id":10105,"date":"2022-06-15T18:46:24","date_gmt":"2022-06-15T15:46:24","guid":{"rendered":"https:\/\/trt12punto.com\/zeynep-koray\/"},"modified":"2022-06-15T18:46:55","modified_gmt":"2022-06-15T15:46:55","slug":"zeynep-koray","status":"publish","type":"page","link":"https:\/\/trt12punto.com\/en\/zeynep-koray\/","title":{"rendered":"Zeynep Koray"},"content":{"rendered":"<div class=\"team-member-job-title \" style=\"text-align: center;\">\n<p><img loading=\"lazy\" decoding=\"async\" class=\"alignnone wp-image-10022\" src=\"https:\/\/trt12punto.com\/wp-content\/uploads\/2022\/06\/zeynep-koray-708x1030.png\" alt=\"\" width=\"242\" height=\"352\" srcset=\"https:\/\/trt12punto.com\/wp-content\/uploads\/2022\/06\/zeynep-koray-708x1030.png 708w, https:\/\/trt12punto.com\/wp-content\/uploads\/2022\/06\/zeynep-koray-206x300.png 206w, https:\/\/trt12punto.com\/wp-content\/uploads\/2022\/06\/zeynep-koray-768x1118.png 768w, https:\/\/trt12punto.com\/wp-content\/uploads\/2022\/06\/zeynep-koray-1055x1536.png 1055w, https:\/\/trt12punto.com\/wp-content\/uploads\/2022\/06\/zeynep-koray-1407x2048.png 1407w, https:\/\/trt12punto.com\/wp-content\/uploads\/2022\/06\/zeynep-koray-1031x1500.png 1031w, https:\/\/trt12punto.com\/wp-content\/uploads\/2022\/06\/zeynep-koray-484x705.png 484w\" sizes=\"auto, (max-width: 242px) 100vw, 242px\" \/><\/p>\n<p><strong>Producer<\/strong><\/p>\n<\/div>\n<div class=\"team-member-description \">\n<div class=\"page\" title=\"Page 8\">\n<div class=\"section\">\n<div class=\"layoutArea\">\n<div class=\"column\">\n<div class=\"page\" title=\"Page 10\">\n<div class=\"layoutArea\">\n<div class=\"column\">\n<div class=\"page\" title=\"Page 47\">\n<div class=\"layoutArea\">\n<div class=\"column\">\n<div class=\"page\" title=\"Page 47\">\n<div class=\"layoutArea\">\n<div class=\"column\">\n<div class=\"page\" title=\"Page 48\">\n<div class=\"section\">\n<div class=\"layoutArea\">\n<div class=\"column\">\n<div class=\"page\" title=\"Page 11\">\n<div class=\"layoutArea\">\n<div class=\"column\">\n<div class=\"page\" title=\"Page 64\">\n<div class=\"layoutArea\">\n<div class=\"column\">\n<div class=\"page\" title=\"Page 65\">\n<div class=\"layoutArea\">\n<div class=\"column\">\n<div class=\"page\" title=\"Page 64\">\n<div class=\"layoutArea\">\n<div class=\"column\">\n<p style=\"text-align: center;\">Graduated from Galatasaray High School and Galatasaray University, Communications department. In 2010 she co-founded Kulefilm, where she directed and produced documentaries and TV shows. In 2019, she founded ZKF, focusing more on arthouse fiction and documentary filmmaking.<\/p>\n<\/div>\n<\/div>\n<\/div>\n<\/div>\n<\/div>\n<\/div>\n<\/div>\n<\/div>\n<\/div>\n<\/div>\n<\/div>\n<\/div>\n<\/div>\n<\/div>\n<\/div>\n<\/div>\n<\/div>\n<\/div>\n<\/div>\n<\/div>\n<\/div>\n<\/div>\n<\/div>\n<\/div>\n<\/div>\n<\/div>\n<\/div>\n<\/div>\n<\/div>\n<\/div>\n","protected":false},"excerpt":{"rendered":"<p>Producer Graduated from Galatasaray High School and Galatasaray University, Communications department. In 2010 she co-founded Kulefilm, where she directed and produced documentaries and TV shows. In 2019, she founded ZKF, focusing more on arthouse fiction and documentary filmmaking.<\/p>\n","protected":false},"author":1,"featured_media":0,"parent":0,"menu_order":4,"comment_status":"closed","ping_status":"closed","template":"","meta":{"footnotes":""},"class_list":["post-10105","page","type-page","status-publish","hentry"],"yoast_head":"<!-- This site is optimized with the Yoast SEO plugin v27.2 - https:\/\/yoast.com\/product\/yoast-seo-wordpress\/ -->\n<title>Zeynep Koray - TRT 12 Punto<\/title>\n<meta name=\"robots\" content=\"index, follow, max-snippet:-1, max-image-preview:large, max-video-preview:-1\" \/>\n<link rel=\"canonical\" href=\"https:\/\/trt12punto.com\/zeynep-koray\/\" \/>\n<meta property=\"og:locale\" content=\"en_US\" \/>\n<meta property=\"og:type\" content=\"article\" \/>\n<meta property=\"og:title\" content=\"Zeynep Koray - TRT 12 Punto\" \/>\n<meta property=\"og:description\" content=\"Producer Graduated from Galatasaray High School and Galatasaray University, Communications department. In 2010 she co-founded Kulefilm, where she directed and produced documentaries and TV shows. In 2019, she founded ZKF, focusing more on arthouse fiction and documentary filmmaking.\" \/>\n<meta property=\"og:url\" content=\"https:\/\/trt12punto.com\/zeynep-koray\/\" \/>\n<meta property=\"og:site_name\" content=\"TRT 12 Punto\" \/>\n<meta property=\"article:modified_time\" content=\"2022-06-15T15:46:55+00:00\" \/>\n<meta property=\"og:image\" content=\"https:\/\/trt12punto.com\/wp-content\/uploads\/2022\/06\/zeynep-koray-708x1030.png\" \/>\n<meta name=\"twitter:card\" content=\"summary_large_image\" \/>\n<script type=\"application\/ld+json\" class=\"yoast-schema-graph\">{\"@context\":\"https:\/\/schema.org\",\"@graph\":[{\"@type\":\"WebPage\",\"@id\":\"https:\/\/trt12punto.com\/zeynep-koray\/\",\"url\":\"https:\/\/trt12punto.com\/zeynep-koray\/\",\"name\":\"Zeynep Koray - TRT 12 Punto\",\"isPartOf\":{\"@id\":\"https:\/\/trt12punto.com\/#website\"},\"primaryImageOfPage\":{\"@id\":\"https:\/\/trt12punto.com\/zeynep-koray\/#primaryimage\"},\"image\":{\"@id\":\"https:\/\/trt12punto.com\/zeynep-koray\/#primaryimage\"},\"thumbnailUrl\":\"https:\/\/trt12punto.com\/wp-content\/uploads\/2022\/06\/zeynep-koray-708x1030.png\",\"datePublished\":\"2022-06-15T15:46:24+00:00\",\"dateModified\":\"2022-06-15T15:46:55+00:00\",\"breadcrumb\":{\"@id\":\"https:\/\/trt12punto.com\/zeynep-koray\/#breadcrumb\"},\"inLanguage\":\"en-US\",\"potentialAction\":[{\"@type\":\"ReadAction\",\"target\":[\"https:\/\/trt12punto.com\/zeynep-koray\/\"]}]},{\"@type\":\"ImageObject\",\"inLanguage\":\"en-US\",\"@id\":\"https:\/\/trt12punto.com\/zeynep-koray\/#primaryimage\",\"url\":\"https:\/\/trt12punto.com\/wp-content\/uploads\/2022\/06\/zeynep-koray-708x1030.png\",\"contentUrl\":\"https:\/\/trt12punto.com\/wp-content\/uploads\/2022\/06\/zeynep-koray-708x1030.png\"},{\"@type\":\"BreadcrumbList\",\"@id\":\"https:\/\/trt12punto.com\/zeynep-koray\/#breadcrumb\",\"itemListElement\":[{\"@type\":\"ListItem\",\"position\":1,\"name\":\"Anasayfa\",\"item\":\"https:\/\/trt12punto.com\/en\/home\/\"},{\"@type\":\"ListItem\",\"position\":2,\"name\":\"Zeynep Koray\"}]},{\"@type\":\"WebSite\",\"@id\":\"https:\/\/trt12punto.com\/#website\",\"url\":\"https:\/\/trt12punto.com\/\",\"name\":\"TRT 12 Punto\",\"description\":\"T\u00fcrkiye&#039;nin En B\u00fcy\u00fck Senaryo Geli\u015ftirme Platformu\",\"potentialAction\":[{\"@type\":\"SearchAction\",\"target\":{\"@type\":\"EntryPoint\",\"urlTemplate\":\"https:\/\/trt12punto.com\/?s={search_term_string}\"},\"query-input\":{\"@type\":\"PropertyValueSpecification\",\"valueRequired\":true,\"valueName\":\"search_term_string\"}}],\"inLanguage\":\"en-US\"}]}<\/script>\n<!-- \/ Yoast SEO plugin. -->","yoast_head_json":{"title":"Zeynep Koray - TRT 12 Punto","robots":{"index":"index","follow":"follow","max-snippet":"max-snippet:-1","max-image-preview":"max-image-preview:large","max-video-preview":"max-video-preview:-1"},"canonical":"https:\/\/trt12punto.com\/zeynep-koray\/","og_locale":"en_US","og_type":"article","og_title":"Zeynep Koray - TRT 12 Punto","og_description":"Producer Graduated from Galatasaray High School and Galatasaray University, Communications department. In 2010 she co-founded Kulefilm, where she directed and produced documentaries and TV shows. In 2019, she founded ZKF, focusing more on arthouse fiction and documentary filmmaking.","og_url":"https:\/\/trt12punto.com\/zeynep-koray\/","og_site_name":"TRT 12 Punto","article_modified_time":"2022-06-15T15:46:55+00:00","og_image":[{"url":"https:\/\/trt12punto.com\/wp-content\/uploads\/2022\/06\/zeynep-koray-708x1030.png","type":"","width":"","height":""}],"twitter_card":"summary_large_image","schema":{"@context":"https:\/\/schema.org","@graph":[{"@type":"WebPage","@id":"https:\/\/trt12punto.com\/zeynep-koray\/","url":"https:\/\/trt12punto.com\/zeynep-koray\/","name":"Zeynep Koray - TRT 12 Punto","isPartOf":{"@id":"https:\/\/trt12punto.com\/#website"},"primaryImageOfPage":{"@id":"https:\/\/trt12punto.com\/zeynep-koray\/#primaryimage"},"image":{"@id":"https:\/\/trt12punto.com\/zeynep-koray\/#primaryimage"},"thumbnailUrl":"https:\/\/trt12punto.com\/wp-content\/uploads\/2022\/06\/zeynep-koray-708x1030.png","datePublished":"2022-06-15T15:46:24+00:00","dateModified":"2022-06-15T15:46:55+00:00","breadcrumb":{"@id":"https:\/\/trt12punto.com\/zeynep-koray\/#breadcrumb"},"inLanguage":"en-US","potentialAction":[{"@type":"ReadAction","target":["https:\/\/trt12punto.com\/zeynep-koray\/"]}]},{"@type":"ImageObject","inLanguage":"en-US","@id":"https:\/\/trt12punto.com\/zeynep-koray\/#primaryimage","url":"https:\/\/trt12punto.com\/wp-content\/uploads\/2022\/06\/zeynep-koray-708x1030.png","contentUrl":"https:\/\/trt12punto.com\/wp-content\/uploads\/2022\/06\/zeynep-koray-708x1030.png"},{"@type":"BreadcrumbList","@id":"https:\/\/trt12punto.com\/zeynep-koray\/#breadcrumb","itemListElement":[{"@type":"ListItem","position":1,"name":"Anasayfa","item":"https:\/\/trt12punto.com\/en\/home\/"},{"@type":"ListItem","position":2,"name":"Zeynep Koray"}]},{"@type":"WebSite","@id":"https:\/\/trt12punto.com\/#website","url":"https:\/\/trt12punto.com\/","name":"TRT 12 Punto","description":"T\u00fcrkiye&#039;nin En B\u00fcy\u00fck Senaryo Geli\u015ftirme Platformu","potentialAction":[{"@type":"SearchAction","target":{"@type":"EntryPoint","urlTemplate":"https:\/\/trt12punto.com\/?s={search_term_string}"},"query-input":{"@type":"PropertyValueSpecification","valueRequired":true,"valueName":"search_term_string"}}],"inLanguage":"en-US"}]}},"jetpack_shortlink":"https:\/\/wp.me\/PgRTn7-2CZ","_links":{"self":[{"href":"https:\/\/trt12punto.com\/en\/wp-json\/wp\/v2\/pages\/10105","targetHints":{"allow":["GET"]}}],"collection":[{"href":"https:\/\/trt12punto.com\/en\/wp-json\/wp\/v2\/pages"}],"about":[{"href":"https:\/\/trt12punto.com\/en\/wp-json\/wp\/v2\/types\/page"}],"author":[{"embeddable":true,"href":"https:\/\/trt12punto.com\/en\/wp-json\/wp\/v2\/users\/1"}],"replies":[{"embeddable":true,"href":"https:\/\/trt12punto.com\/en\/wp-json\/wp\/v2\/comments?post=10105"}],"version-history":[{"count":3,"href":"https:\/\/trt12punto.com\/en\/wp-json\/wp\/v2\/pages\/10105\/revisions"}],"predecessor-version":[{"id":10107,"href":"https:\/\/trt12punto.com\/en\/wp-json\/wp\/v2\/pages\/10105\/revisions\/10107"}],"wp:attachment":[{"href":"https:\/\/trt12punto.com\/en\/wp-json\/wp\/v2\/media?parent=10105"}],"curies":[{"name":"wp","href":"https:\/\/api.w.org\/{rel}","templated":true}]}}