{"id":10115,"date":"2022-06-15T18:52:20","date_gmt":"2022-06-15T15:52:20","guid":{"rendered":"https:\/\/trt12punto.com\/sukru-sim\/"},"modified":"2022-06-15T18:52:45","modified_gmt":"2022-06-15T15:52:45","slug":"sukru-sim","status":"publish","type":"page","link":"https:\/\/trt12punto.com\/en\/sukru-sim\/","title":{"rendered":"\u015e\u00fckr\u00fc Sim"},"content":{"rendered":"<div class=\"team-member-job-title \" style=\"text-align: center;\">\n<p><img loading=\"lazy\" decoding=\"async\" class=\"wp-image-10020 aligncenter\" src=\"https:\/\/trt12punto.com\/wp-content\/uploads\/2022\/06\/sukru-sim-708x1030.png\" alt=\"\" width=\"249\" height=\"362\" srcset=\"https:\/\/trt12punto.com\/wp-content\/uploads\/2022\/06\/sukru-sim-708x1030.png 708w, https:\/\/trt12punto.com\/wp-content\/uploads\/2022\/06\/sukru-sim-206x300.png 206w, https:\/\/trt12punto.com\/wp-content\/uploads\/2022\/06\/sukru-sim-768x1118.png 768w, https:\/\/trt12punto.com\/wp-content\/uploads\/2022\/06\/sukru-sim-1055x1536.png 1055w, https:\/\/trt12punto.com\/wp-content\/uploads\/2022\/06\/sukru-sim-1407x2048.png 1407w, https:\/\/trt12punto.com\/wp-content\/uploads\/2022\/06\/sukru-sim-1031x1500.png 1031w, https:\/\/trt12punto.com\/wp-content\/uploads\/2022\/06\/sukru-sim-484x705.png 484w\" sizes=\"auto, (max-width: 249px) 100vw, 249px\" \/><\/p>\n<p><strong>Director<\/strong><\/p>\n<\/div>\n<div class=\"team-member-description \">\n<div class=\"page\" title=\"Page 8\">\n<div class=\"section\">\n<div class=\"layoutArea\">\n<div class=\"column\">\n<div class=\"page\" title=\"Page 10\">\n<div class=\"layoutArea\">\n<div class=\"column\">\n<div class=\"page\" title=\"Page 47\">\n<div class=\"layoutArea\">\n<div class=\"column\">\n<div class=\"page\" title=\"Page 47\">\n<div class=\"layoutArea\">\n<div class=\"column\">\n<div class=\"page\" title=\"Page 48\">\n<div class=\"section\">\n<div class=\"layoutArea\">\n<div class=\"column\">\n<div class=\"page\" title=\"Page 11\">\n<div class=\"layoutArea\">\n<div class=\"column\">\n<div class=\"page\" title=\"Page 64\">\n<div class=\"layoutArea\">\n<div class=\"column\">\n<div class=\"page\" title=\"Page 65\">\n<div class=\"layoutArea\">\n<div class=\"column\">\n<div class=\"page\" title=\"Page 64\">\n<div class=\"layoutArea\">\n<div class=\"column\">\n<p style=\"text-align: center;\">\u015e\u00fckr\u00fc Sim completed his BA at Faculty of Communication and pursued his Master\u2019s degree and PhD at Institute of Social Sciences at Istanbul University in the department of Radio, TV and Cinema.<\/p>\n<p style=\"text-align: center;\">He was involved in educational activities at various universities between the years 2001 and 2003 in England. At the beginning of 2003, he returned from England and started working as a research assistant at the Department of Radio, TV and Cinema at Faculty of Communication at Istanbul University. He completed his PhD in 2006 and became an assistant professor in 2007. He earned his titles as associate professor in 2013 and professor in 2020.<\/p>\n<p style=\"text-align: center;\">He has four books, a large number of articles and chapters on media and cinema published in scientific journals and books. Sim produced not only theoretical but also visual works. He directed and undertook the production of documentaries \u201cSu Medeniyeti \u0130stanbul\u201d (Water Civilization Istanbul) and \u201c\u015eiirsel Kent Mardin\u201d (Lyrical City Mardin), which have been broadcast on TRT. In 2009, Lyrical City Mardin won the second place in Istanbul International Environment Film Festival, which took place under the auspices of Ministry of Culture.<\/p>\n<p style=\"text-align: center;\">Between the years 2017 and 2019, he was a member of Cinema Support Board at General Directorate of Cinema, Ministry of Culture. Prof. Dr. \u015e\u00fckr\u00fc Sim has been lecturing on cinema and media in undergraduate, master\u2019s and PhD programs at Department of Cinema at Faculty of Communication, Istanbul University, where he also holds the position of vice dean.<\/p>\n<\/div>\n<\/div>\n<\/div>\n<\/div>\n<\/div>\n<\/div>\n<\/div>\n<\/div>\n<\/div>\n<\/div>\n<\/div>\n<\/div>\n<\/div>\n<\/div>\n<\/div>\n<\/div>\n<\/div>\n<\/div>\n<\/div>\n<\/div>\n<\/div>\n<\/div>\n<\/div>\n<\/div>\n<\/div>\n<\/div>\n<\/div>\n<\/div>\n<\/div>\n<\/div>\n","protected":false},"excerpt":{"rendered":"<p>Director \u015e\u00fckr\u00fc Sim completed his BA at Faculty of Communication and pursued his Master\u2019s degree and PhD at Institute of Social Sciences at Istanbul University in the department of Radio, TV and Cinema. He was involved in educational activities at various universities between the years 2001 and 2003 in England. At the beginning of 2003, [&hellip;]<\/p>\n","protected":false},"author":1,"featured_media":0,"parent":0,"menu_order":1,"comment_status":"closed","ping_status":"closed","template":"","meta":{"footnotes":""},"class_list":["post-10115","page","type-page","status-publish","hentry"],"yoast_head":"<!-- This site is optimized with the Yoast SEO plugin v27.2 - https:\/\/yoast.com\/product\/yoast-seo-wordpress\/ -->\n<title>\u015e\u00fckr\u00fc Sim - TRT 12 Punto<\/title>\n<meta name=\"robots\" content=\"index, follow, max-snippet:-1, max-image-preview:large, max-video-preview:-1\" \/>\n<link rel=\"canonical\" href=\"https:\/\/trt12punto.com\/sukru-sim\/\" \/>\n<meta property=\"og:locale\" content=\"en_US\" \/>\n<meta property=\"og:type\" content=\"article\" \/>\n<meta property=\"og:title\" content=\"\u015e\u00fckr\u00fc Sim - TRT 12 Punto\" \/>\n<meta property=\"og:description\" content=\"Director \u015e\u00fckr\u00fc Sim completed his BA at Faculty of Communication and pursued his Master\u2019s degree and PhD at Institute of Social Sciences at Istanbul University in the department of Radio, TV and Cinema. He was involved in educational activities at various universities between the years 2001 and 2003 in England. At the beginning of 2003, [&hellip;]\" \/>\n<meta property=\"og:url\" content=\"https:\/\/trt12punto.com\/sukru-sim\/\" \/>\n<meta property=\"og:site_name\" content=\"TRT 12 Punto\" \/>\n<meta property=\"article:modified_time\" content=\"2022-06-15T15:52:45+00:00\" \/>\n<meta property=\"og:image\" content=\"https:\/\/trt12punto.com\/wp-content\/uploads\/2022\/06\/sukru-sim-708x1030.png\" \/>\n<meta name=\"twitter:card\" content=\"summary_large_image\" \/>\n<meta name=\"twitter:label1\" content=\"Est. reading time\" \/>\n\t<meta name=\"twitter:data1\" content=\"1 minute\" \/>\n<script type=\"application\/ld+json\" class=\"yoast-schema-graph\">{\"@context\":\"https:\/\/schema.org\",\"@graph\":[{\"@type\":\"WebPage\",\"@id\":\"https:\/\/trt12punto.com\/sukru-sim\/\",\"url\":\"https:\/\/trt12punto.com\/sukru-sim\/\",\"name\":\"\u015e\u00fckr\u00fc Sim - TRT 12 Punto\",\"isPartOf\":{\"@id\":\"https:\/\/trt12punto.com\/#website\"},\"primaryImageOfPage\":{\"@id\":\"https:\/\/trt12punto.com\/sukru-sim\/#primaryimage\"},\"image\":{\"@id\":\"https:\/\/trt12punto.com\/sukru-sim\/#primaryimage\"},\"thumbnailUrl\":\"https:\/\/trt12punto.com\/wp-content\/uploads\/2022\/06\/sukru-sim-708x1030.png\",\"datePublished\":\"2022-06-15T15:52:20+00:00\",\"dateModified\":\"2022-06-15T15:52:45+00:00\",\"breadcrumb\":{\"@id\":\"https:\/\/trt12punto.com\/sukru-sim\/#breadcrumb\"},\"inLanguage\":\"en-US\",\"potentialAction\":[{\"@type\":\"ReadAction\",\"target\":[\"https:\/\/trt12punto.com\/sukru-sim\/\"]}]},{\"@type\":\"ImageObject\",\"inLanguage\":\"en-US\",\"@id\":\"https:\/\/trt12punto.com\/sukru-sim\/#primaryimage\",\"url\":\"https:\/\/trt12punto.com\/wp-content\/uploads\/2022\/06\/sukru-sim-708x1030.png\",\"contentUrl\":\"https:\/\/trt12punto.com\/wp-content\/uploads\/2022\/06\/sukru-sim-708x1030.png\"},{\"@type\":\"BreadcrumbList\",\"@id\":\"https:\/\/trt12punto.com\/sukru-sim\/#breadcrumb\",\"itemListElement\":[{\"@type\":\"ListItem\",\"position\":1,\"name\":\"Anasayfa\",\"item\":\"https:\/\/trt12punto.com\/en\/home\/\"},{\"@type\":\"ListItem\",\"position\":2,\"name\":\"\u015e\u00fckr\u00fc Sim\"}]},{\"@type\":\"WebSite\",\"@id\":\"https:\/\/trt12punto.com\/#website\",\"url\":\"https:\/\/trt12punto.com\/\",\"name\":\"TRT 12 Punto\",\"description\":\"T\u00fcrkiye&#039;nin En B\u00fcy\u00fck Senaryo Geli\u015ftirme Platformu\",\"potentialAction\":[{\"@type\":\"SearchAction\",\"target\":{\"@type\":\"EntryPoint\",\"urlTemplate\":\"https:\/\/trt12punto.com\/?s={search_term_string}\"},\"query-input\":{\"@type\":\"PropertyValueSpecification\",\"valueRequired\":true,\"valueName\":\"search_term_string\"}}],\"inLanguage\":\"en-US\"}]}<\/script>\n<!-- \/ Yoast SEO plugin. -->","yoast_head_json":{"title":"\u015e\u00fckr\u00fc Sim - TRT 12 Punto","robots":{"index":"index","follow":"follow","max-snippet":"max-snippet:-1","max-image-preview":"max-image-preview:large","max-video-preview":"max-video-preview:-1"},"canonical":"https:\/\/trt12punto.com\/sukru-sim\/","og_locale":"en_US","og_type":"article","og_title":"\u015e\u00fckr\u00fc Sim - TRT 12 Punto","og_description":"Director \u015e\u00fckr\u00fc Sim completed his BA at Faculty of Communication and pursued his Master\u2019s degree and PhD at Institute of Social Sciences at Istanbul University in the department of Radio, TV and Cinema. He was involved in educational activities at various universities between the years 2001 and 2003 in England. At the beginning of 2003, [&hellip;]","og_url":"https:\/\/trt12punto.com\/sukru-sim\/","og_site_name":"TRT 12 Punto","article_modified_time":"2022-06-15T15:52:45+00:00","og_image":[{"url":"https:\/\/trt12punto.com\/wp-content\/uploads\/2022\/06\/sukru-sim-708x1030.png","type":"","width":"","height":""}],"twitter_card":"summary_large_image","twitter_misc":{"Est. reading time":"1 minute"},"schema":{"@context":"https:\/\/schema.org","@graph":[{"@type":"WebPage","@id":"https:\/\/trt12punto.com\/sukru-sim\/","url":"https:\/\/trt12punto.com\/sukru-sim\/","name":"\u015e\u00fckr\u00fc Sim - TRT 12 Punto","isPartOf":{"@id":"https:\/\/trt12punto.com\/#website"},"primaryImageOfPage":{"@id":"https:\/\/trt12punto.com\/sukru-sim\/#primaryimage"},"image":{"@id":"https:\/\/trt12punto.com\/sukru-sim\/#primaryimage"},"thumbnailUrl":"https:\/\/trt12punto.com\/wp-content\/uploads\/2022\/06\/sukru-sim-708x1030.png","datePublished":"2022-06-15T15:52:20+00:00","dateModified":"2022-06-15T15:52:45+00:00","breadcrumb":{"@id":"https:\/\/trt12punto.com\/sukru-sim\/#breadcrumb"},"inLanguage":"en-US","potentialAction":[{"@type":"ReadAction","target":["https:\/\/trt12punto.com\/sukru-sim\/"]}]},{"@type":"ImageObject","inLanguage":"en-US","@id":"https:\/\/trt12punto.com\/sukru-sim\/#primaryimage","url":"https:\/\/trt12punto.com\/wp-content\/uploads\/2022\/06\/sukru-sim-708x1030.png","contentUrl":"https:\/\/trt12punto.com\/wp-content\/uploads\/2022\/06\/sukru-sim-708x1030.png"},{"@type":"BreadcrumbList","@id":"https:\/\/trt12punto.com\/sukru-sim\/#breadcrumb","itemListElement":[{"@type":"ListItem","position":1,"name":"Anasayfa","item":"https:\/\/trt12punto.com\/en\/home\/"},{"@type":"ListItem","position":2,"name":"\u015e\u00fckr\u00fc Sim"}]},{"@type":"WebSite","@id":"https:\/\/trt12punto.com\/#website","url":"https:\/\/trt12punto.com\/","name":"TRT 12 Punto","description":"T\u00fcrkiye&#039;nin En B\u00fcy\u00fck Senaryo Geli\u015ftirme Platformu","potentialAction":[{"@type":"SearchAction","target":{"@type":"EntryPoint","urlTemplate":"https:\/\/trt12punto.com\/?s={search_term_string}"},"query-input":{"@type":"PropertyValueSpecification","valueRequired":true,"valueName":"search_term_string"}}],"inLanguage":"en-US"}]}},"jetpack_shortlink":"https:\/\/wp.me\/PgRTn7-2D9","_links":{"self":[{"href":"https:\/\/trt12punto.com\/en\/wp-json\/wp\/v2\/pages\/10115","targetHints":{"allow":["GET"]}}],"collection":[{"href":"https:\/\/trt12punto.com\/en\/wp-json\/wp\/v2\/pages"}],"about":[{"href":"https:\/\/trt12punto.com\/en\/wp-json\/wp\/v2\/types\/page"}],"author":[{"embeddable":true,"href":"https:\/\/trt12punto.com\/en\/wp-json\/wp\/v2\/users\/1"}],"replies":[{"embeddable":true,"href":"https:\/\/trt12punto.com\/en\/wp-json\/wp\/v2\/comments?post=10115"}],"version-history":[{"count":3,"href":"https:\/\/trt12punto.com\/en\/wp-json\/wp\/v2\/pages\/10115\/revisions"}],"predecessor-version":[{"id":10117,"href":"https:\/\/trt12punto.com\/en\/wp-json\/wp\/v2\/pages\/10115\/revisions\/10117"}],"wp:attachment":[{"href":"https:\/\/trt12punto.com\/en\/wp-json\/wp\/v2\/media?parent=10115"}],"curies":[{"name":"wp","href":"https:\/\/api.w.org\/{rel}","templated":true}]}}