{"id":10177,"date":"2022-06-16T12:26:32","date_gmt":"2022-06-16T09:26:32","guid":{"rendered":"https:\/\/trt12punto.com\/i-havent-finished-writing-yet\/"},"modified":"2022-06-16T12:26:34","modified_gmt":"2022-06-16T09:26:34","slug":"i-havent-finished-writing-yet","status":"publish","type":"page","link":"https:\/\/trt12punto.com\/en\/i-havent-finished-writing-yet\/","title":{"rendered":"I Haven&#8217;t Finished Writing Yet"},"content":{"rendered":"<div class=\"page\" title=\"Page 50\">\n<div class=\"section\">\n<div class=\"layoutArea\">\n<div class=\"column\">\n<p>Director: Ruken Do\u011fu Erdede<\/p>\n<p>Screenplay: Ruken Do\u011fu Erdede<\/p>\n<p>Producer: Ruken Do\u011fu Erdede<\/p>\n<\/div>\n<\/div>\n<\/div>\n<\/div>\n<hr>\n<p><strong>SYNOPSIS<\/strong><\/p>\n<p>Leyla has difficulty in writing the continuation of her poem Resurrected Woman. What holds her back is not the past nor the present, but the malleable future itself fascinated by her suicide. Leyla has a surprise to break this spell.  <\/p>\n","protected":false},"excerpt":{"rendered":"<p>Director: Ruken Do\u011fu Erdede Screenplay: Ruken Do\u011fu Erdede Producer: Ruken Do\u011fu Erdede SYNOPSIS Leyla has difficulty in writing the continuation of her poem Resurrected Woman. What holds her back is not the past nor the present, but the malleable future itself fascinated by her suicide. Leyla has a surprise to break this spell.<\/p>\n","protected":false},"author":1,"featured_media":0,"parent":0,"menu_order":213,"comment_status":"closed","ping_status":"closed","template":"","meta":{"footnotes":""},"class_list":["post-10177","page","type-page","status-publish","hentry"],"yoast_head":"<!-- This site is optimized with the Yoast SEO plugin v27.2 - https:\/\/yoast.com\/product\/yoast-seo-wordpress\/ -->\n<title>I Haven&#039;t Finished Writing Yet - TRT 12 Punto<\/title>\n<meta name=\"robots\" content=\"index, follow, max-snippet:-1, max-image-preview:large, max-video-preview:-1\" \/>\n<link rel=\"canonical\" href=\"https:\/\/trt12punto.com\/henuz-yazmayi-bitirmedim\/\" \/>\n<meta property=\"og:locale\" content=\"en_US\" \/>\n<meta property=\"og:type\" content=\"article\" \/>\n<meta property=\"og:title\" content=\"I Haven&#039;t Finished Writing Yet - TRT 12 Punto\" \/>\n<meta property=\"og:description\" content=\"Director: Ruken Do\u011fu Erdede Screenplay: Ruken Do\u011fu Erdede Producer: Ruken Do\u011fu Erdede SYNOPSIS Leyla has difficulty in writing the continuation of her poem Resurrected Woman. What holds her back is not the past nor the present, but the malleable future itself fascinated by her suicide. Leyla has a surprise to break this spell.\" \/>\n<meta property=\"og:url\" content=\"https:\/\/trt12punto.com\/henuz-yazmayi-bitirmedim\/\" \/>\n<meta property=\"og:site_name\" content=\"TRT 12 Punto\" \/>\n<meta property=\"article:modified_time\" content=\"2022-06-16T09:26:34+00:00\" \/>\n<meta name=\"twitter:card\" content=\"summary_large_image\" \/>\n<script type=\"application\/ld+json\" class=\"yoast-schema-graph\">{\"@context\":\"https:\/\/schema.org\",\"@graph\":[{\"@type\":\"WebPage\",\"@id\":\"https:\/\/trt12punto.com\/henuz-yazmayi-bitirmedim\/\",\"url\":\"https:\/\/trt12punto.com\/henuz-yazmayi-bitirmedim\/\",\"name\":\"I Haven't Finished Writing Yet - TRT 12 Punto\",\"isPartOf\":{\"@id\":\"https:\/\/trt12punto.com\/#website\"},\"datePublished\":\"2022-06-16T09:26:32+00:00\",\"dateModified\":\"2022-06-16T09:26:34+00:00\",\"breadcrumb\":{\"@id\":\"https:\/\/trt12punto.com\/henuz-yazmayi-bitirmedim\/#breadcrumb\"},\"inLanguage\":\"en-US\",\"potentialAction\":[{\"@type\":\"ReadAction\",\"target\":[\"https:\/\/trt12punto.com\/henuz-yazmayi-bitirmedim\/\"]}]},{\"@type\":\"BreadcrumbList\",\"@id\":\"https:\/\/trt12punto.com\/henuz-yazmayi-bitirmedim\/#breadcrumb\",\"itemListElement\":[{\"@type\":\"ListItem\",\"position\":1,\"name\":\"Anasayfa\",\"item\":\"https:\/\/trt12punto.com\/en\/home\/\"},{\"@type\":\"ListItem\",\"position\":2,\"name\":\"I Haven&#8217;t Finished Writing Yet\"}]},{\"@type\":\"WebSite\",\"@id\":\"https:\/\/trt12punto.com\/#website\",\"url\":\"https:\/\/trt12punto.com\/\",\"name\":\"TRT 12 Punto\",\"description\":\"T\u00fcrkiye&#039;nin En B\u00fcy\u00fck Senaryo Geli\u015ftirme Platformu\",\"potentialAction\":[{\"@type\":\"SearchAction\",\"target\":{\"@type\":\"EntryPoint\",\"urlTemplate\":\"https:\/\/trt12punto.com\/?s={search_term_string}\"},\"query-input\":{\"@type\":\"PropertyValueSpecification\",\"valueRequired\":true,\"valueName\":\"search_term_string\"}}],\"inLanguage\":\"en-US\"}]}<\/script>\n<!-- \/ Yoast SEO plugin. -->","yoast_head_json":{"title":"I Haven't Finished Writing Yet - TRT 12 Punto","robots":{"index":"index","follow":"follow","max-snippet":"max-snippet:-1","max-image-preview":"max-image-preview:large","max-video-preview":"max-video-preview:-1"},"canonical":"https:\/\/trt12punto.com\/henuz-yazmayi-bitirmedim\/","og_locale":"en_US","og_type":"article","og_title":"I Haven't Finished Writing Yet - TRT 12 Punto","og_description":"Director: Ruken Do\u011fu Erdede Screenplay: Ruken Do\u011fu Erdede Producer: Ruken Do\u011fu Erdede SYNOPSIS Leyla has difficulty in writing the continuation of her poem Resurrected Woman. What holds her back is not the past nor the present, but the malleable future itself fascinated by her suicide. Leyla has a surprise to break this spell.","og_url":"https:\/\/trt12punto.com\/henuz-yazmayi-bitirmedim\/","og_site_name":"TRT 12 Punto","article_modified_time":"2022-06-16T09:26:34+00:00","twitter_card":"summary_large_image","schema":{"@context":"https:\/\/schema.org","@graph":[{"@type":"WebPage","@id":"https:\/\/trt12punto.com\/henuz-yazmayi-bitirmedim\/","url":"https:\/\/trt12punto.com\/henuz-yazmayi-bitirmedim\/","name":"I Haven't Finished Writing Yet - TRT 12 Punto","isPartOf":{"@id":"https:\/\/trt12punto.com\/#website"},"datePublished":"2022-06-16T09:26:32+00:00","dateModified":"2022-06-16T09:26:34+00:00","breadcrumb":{"@id":"https:\/\/trt12punto.com\/henuz-yazmayi-bitirmedim\/#breadcrumb"},"inLanguage":"en-US","potentialAction":[{"@type":"ReadAction","target":["https:\/\/trt12punto.com\/henuz-yazmayi-bitirmedim\/"]}]},{"@type":"BreadcrumbList","@id":"https:\/\/trt12punto.com\/henuz-yazmayi-bitirmedim\/#breadcrumb","itemListElement":[{"@type":"ListItem","position":1,"name":"Anasayfa","item":"https:\/\/trt12punto.com\/en\/home\/"},{"@type":"ListItem","position":2,"name":"I Haven&#8217;t Finished Writing Yet"}]},{"@type":"WebSite","@id":"https:\/\/trt12punto.com\/#website","url":"https:\/\/trt12punto.com\/","name":"TRT 12 Punto","description":"T\u00fcrkiye&#039;nin En B\u00fcy\u00fck Senaryo Geli\u015ftirme Platformu","potentialAction":[{"@type":"SearchAction","target":{"@type":"EntryPoint","urlTemplate":"https:\/\/trt12punto.com\/?s={search_term_string}"},"query-input":{"@type":"PropertyValueSpecification","valueRequired":true,"valueName":"search_term_string"}}],"inLanguage":"en-US"}]}},"jetpack_shortlink":"https:\/\/wp.me\/PgRTn7-2E9","_links":{"self":[{"href":"https:\/\/trt12punto.com\/en\/wp-json\/wp\/v2\/pages\/10177","targetHints":{"allow":["GET"]}}],"collection":[{"href":"https:\/\/trt12punto.com\/en\/wp-json\/wp\/v2\/pages"}],"about":[{"href":"https:\/\/trt12punto.com\/en\/wp-json\/wp\/v2\/types\/page"}],"author":[{"embeddable":true,"href":"https:\/\/trt12punto.com\/en\/wp-json\/wp\/v2\/users\/1"}],"replies":[{"embeddable":true,"href":"https:\/\/trt12punto.com\/en\/wp-json\/wp\/v2\/comments?post=10177"}],"version-history":[{"count":1,"href":"https:\/\/trt12punto.com\/en\/wp-json\/wp\/v2\/pages\/10177\/revisions"}],"predecessor-version":[{"id":10178,"href":"https:\/\/trt12punto.com\/en\/wp-json\/wp\/v2\/pages\/10177\/revisions\/10178"}],"wp:attachment":[{"href":"https:\/\/trt12punto.com\/en\/wp-json\/wp\/v2\/media?parent=10177"}],"curies":[{"name":"wp","href":"https:\/\/api.w.org\/{rel}","templated":true}]}}