{"id":10201,"date":"2022-06-16T12:48:00","date_gmt":"2022-06-16T09:48:00","guid":{"rendered":"https:\/\/trt12punto.com\/orange-smell\/"},"modified":"2022-06-16T12:48:00","modified_gmt":"2022-06-16T09:48:00","slug":"orange-smell","status":"publish","type":"page","link":"https:\/\/trt12punto.com\/en\/orange-smell\/","title":{"rendered":"Orange Smell"},"content":{"rendered":"<div class=\"page\" title=\"Page 50\">\n<div class=\"section\">\n<div class=\"layoutArea\">\n<div class=\"column\">\n<p>Director: Esra Gen\u00e7<\/p>\n<p>Screenwriter: Esra Gen\u00e7<\/p>\n<p>Producer: Esra Young<\/p>\n<\/div>\n<\/div>\n<\/div>\n<\/div>\n<hr>\n<p><strong>SYNOPSIS<\/strong><\/p>\n<p>Firuze (61) is a retired teacher and raised her daughter Saye alone. Firuze forgets everythings now. Saye (34) is a landscape architect. Due to the busyness of her work, her visits to her mother have decreased. She is accepted to the University of Australia for a PhD. That day she goes to visit her mother. Her mother fell down the stairs. She starts the game of comparing the wounds to a bird shape she played with her mother when she fell as a child. Her mother remembers the game, does\u2019nt remember Saye. Saye realizes that her mother has Alzheimer\u2019s.         <\/p>\n","protected":false},"excerpt":{"rendered":"<p>Director: Esra Gen\u00e7 Screenwriter: Esra Gen\u00e7 Producer: Esra Young SYNOPSIS Firuze (61) is a retired teacher and raised her daughter Saye alone. Firuze forgets everythings now. Saye (34) is a landscape architect. Due to the busyness of her work, her visits to her mother have decreased. She is accepted to the University of Australia for [&hellip;]<\/p>\n","protected":false},"author":1,"featured_media":0,"parent":0,"menu_order":213,"comment_status":"closed","ping_status":"closed","template":"","meta":{"footnotes":""},"class_list":["post-10201","page","type-page","status-publish","hentry"],"yoast_head":"<!-- This site is optimized with the Yoast SEO plugin v27.2 - https:\/\/yoast.com\/product\/yoast-seo-wordpress\/ -->\n<title>Orange Smell - TRT 12 Punto<\/title>\n<meta name=\"robots\" content=\"index, follow, max-snippet:-1, max-image-preview:large, max-video-preview:-1\" \/>\n<link rel=\"canonical\" href=\"https:\/\/trt12punto.com\/portakal-kokusu\/\" \/>\n<meta property=\"og:locale\" content=\"en_US\" \/>\n<meta property=\"og:type\" content=\"article\" \/>\n<meta property=\"og:title\" content=\"Orange Smell - TRT 12 Punto\" \/>\n<meta property=\"og:description\" content=\"Director: Esra Gen\u00e7 Screenwriter: Esra Gen\u00e7 Producer: Esra Young SYNOPSIS Firuze (61) is a retired teacher and raised her daughter Saye alone. Firuze forgets everythings now. Saye (34) is a landscape architect. Due to the busyness of her work, her visits to her mother have decreased. She is accepted to the University of Australia for [&hellip;]\" \/>\n<meta property=\"og:url\" content=\"https:\/\/trt12punto.com\/portakal-kokusu\/\" \/>\n<meta property=\"og:site_name\" content=\"TRT 12 Punto\" \/>\n<meta name=\"twitter:card\" content=\"summary_large_image\" \/>\n<meta name=\"twitter:label1\" content=\"Est. reading time\" \/>\n\t<meta name=\"twitter:data1\" content=\"1 minute\" \/>\n<script type=\"application\/ld+json\" class=\"yoast-schema-graph\">{\"@context\":\"https:\/\/schema.org\",\"@graph\":[{\"@type\":\"WebPage\",\"@id\":\"https:\/\/trt12punto.com\/portakal-kokusu\/\",\"url\":\"https:\/\/trt12punto.com\/portakal-kokusu\/\",\"name\":\"Orange Smell - TRT 12 Punto\",\"isPartOf\":{\"@id\":\"https:\/\/trt12punto.com\/#website\"},\"datePublished\":\"2022-06-16T09:48:00+00:00\",\"breadcrumb\":{\"@id\":\"https:\/\/trt12punto.com\/portakal-kokusu\/#breadcrumb\"},\"inLanguage\":\"en-US\",\"potentialAction\":[{\"@type\":\"ReadAction\",\"target\":[\"https:\/\/trt12punto.com\/portakal-kokusu\/\"]}]},{\"@type\":\"BreadcrumbList\",\"@id\":\"https:\/\/trt12punto.com\/portakal-kokusu\/#breadcrumb\",\"itemListElement\":[{\"@type\":\"ListItem\",\"position\":1,\"name\":\"Anasayfa\",\"item\":\"https:\/\/trt12punto.com\/en\/home\/\"},{\"@type\":\"ListItem\",\"position\":2,\"name\":\"Orange Smell\"}]},{\"@type\":\"WebSite\",\"@id\":\"https:\/\/trt12punto.com\/#website\",\"url\":\"https:\/\/trt12punto.com\/\",\"name\":\"TRT 12 Punto\",\"description\":\"T\u00fcrkiye&#039;nin En B\u00fcy\u00fck Senaryo Geli\u015ftirme Platformu\",\"potentialAction\":[{\"@type\":\"SearchAction\",\"target\":{\"@type\":\"EntryPoint\",\"urlTemplate\":\"https:\/\/trt12punto.com\/?s={search_term_string}\"},\"query-input\":{\"@type\":\"PropertyValueSpecification\",\"valueRequired\":true,\"valueName\":\"search_term_string\"}}],\"inLanguage\":\"en-US\"}]}<\/script>\n<!-- \/ Yoast SEO plugin. -->","yoast_head_json":{"title":"Orange Smell - TRT 12 Punto","robots":{"index":"index","follow":"follow","max-snippet":"max-snippet:-1","max-image-preview":"max-image-preview:large","max-video-preview":"max-video-preview:-1"},"canonical":"https:\/\/trt12punto.com\/portakal-kokusu\/","og_locale":"en_US","og_type":"article","og_title":"Orange Smell - TRT 12 Punto","og_description":"Director: Esra Gen\u00e7 Screenwriter: Esra Gen\u00e7 Producer: Esra Young SYNOPSIS Firuze (61) is a retired teacher and raised her daughter Saye alone. Firuze forgets everythings now. Saye (34) is a landscape architect. Due to the busyness of her work, her visits to her mother have decreased. She is accepted to the University of Australia for [&hellip;]","og_url":"https:\/\/trt12punto.com\/portakal-kokusu\/","og_site_name":"TRT 12 Punto","twitter_card":"summary_large_image","twitter_misc":{"Est. reading time":"1 minute"},"schema":{"@context":"https:\/\/schema.org","@graph":[{"@type":"WebPage","@id":"https:\/\/trt12punto.com\/portakal-kokusu\/","url":"https:\/\/trt12punto.com\/portakal-kokusu\/","name":"Orange Smell - TRT 12 Punto","isPartOf":{"@id":"https:\/\/trt12punto.com\/#website"},"datePublished":"2022-06-16T09:48:00+00:00","breadcrumb":{"@id":"https:\/\/trt12punto.com\/portakal-kokusu\/#breadcrumb"},"inLanguage":"en-US","potentialAction":[{"@type":"ReadAction","target":["https:\/\/trt12punto.com\/portakal-kokusu\/"]}]},{"@type":"BreadcrumbList","@id":"https:\/\/trt12punto.com\/portakal-kokusu\/#breadcrumb","itemListElement":[{"@type":"ListItem","position":1,"name":"Anasayfa","item":"https:\/\/trt12punto.com\/en\/home\/"},{"@type":"ListItem","position":2,"name":"Orange Smell"}]},{"@type":"WebSite","@id":"https:\/\/trt12punto.com\/#website","url":"https:\/\/trt12punto.com\/","name":"TRT 12 Punto","description":"T\u00fcrkiye&#039;nin En B\u00fcy\u00fck Senaryo Geli\u015ftirme Platformu","potentialAction":[{"@type":"SearchAction","target":{"@type":"EntryPoint","urlTemplate":"https:\/\/trt12punto.com\/?s={search_term_string}"},"query-input":{"@type":"PropertyValueSpecification","valueRequired":true,"valueName":"search_term_string"}}],"inLanguage":"en-US"}]}},"jetpack_shortlink":"https:\/\/wp.me\/PgRTn7-2Ex","_links":{"self":[{"href":"https:\/\/trt12punto.com\/en\/wp-json\/wp\/v2\/pages\/10201","targetHints":{"allow":["GET"]}}],"collection":[{"href":"https:\/\/trt12punto.com\/en\/wp-json\/wp\/v2\/pages"}],"about":[{"href":"https:\/\/trt12punto.com\/en\/wp-json\/wp\/v2\/types\/page"}],"author":[{"embeddable":true,"href":"https:\/\/trt12punto.com\/en\/wp-json\/wp\/v2\/users\/1"}],"replies":[{"embeddable":true,"href":"https:\/\/trt12punto.com\/en\/wp-json\/wp\/v2\/comments?post=10201"}],"version-history":[{"count":0,"href":"https:\/\/trt12punto.com\/en\/wp-json\/wp\/v2\/pages\/10201\/revisions"}],"wp:attachment":[{"href":"https:\/\/trt12punto.com\/en\/wp-json\/wp\/v2\/media?parent=10201"}],"curies":[{"name":"wp","href":"https:\/\/api.w.org\/{rel}","templated":true}]}}