{"id":10213,"date":"2022-06-16T12:56:00","date_gmt":"2022-06-16T09:56:00","guid":{"rendered":"https:\/\/trt12punto.com\/expectation\/"},"modified":"2022-06-16T12:56:00","modified_gmt":"2022-06-16T09:56:00","slug":"expectation","status":"publish","type":"page","link":"https:\/\/trt12punto.com\/en\/expectation\/","title":{"rendered":"Expectation"},"content":{"rendered":"<p><strong>CREW<\/strong><\/p>\n<p>Director: Ali Ozel<br \/>\nProducer: Ali Ozel<br \/>\nScreenplay: Ali Ozel, Funda Odemis<\/p>\n<hr>\n<p><strong>SYNOPSIS<\/strong><\/p>\n<p>Enver is a lawyer who is about to divorce. He comes to the village to get away from it all, but a corpse found in the village changes the daily life of the village, and the rumors begin about who the criminal might be. Raci learns his son\u2019s untimely reason of arrival from his ex-wife, and he doesn\u2019t want his son to make a rash decision just like he did. Raci can see more clearly now why his marriage had come to an end. Shepherd Celil gets arrested because of his contradictory statements. His wife Hacer is waiting for him to get out hopelessly, trying to manage the herd all by herself. The rumor has it that Celil was a frequent visitor of the woman doctor who was found dead. Raci thinks that Celil is innocent and wants his son to take over his case. Enver witnesses the pressure and the desperate acceptance that Celil is going through. Enver begins to discover a different wound and battle mark in each and everyone he comes across in this village where he came imagining that he would find some peace. So; how much would all these be able to distract Enver from his own troubles?     <\/p>\n","protected":false},"excerpt":{"rendered":"<p>CREW Director: Ali Ozel Producer: Ali Ozel Screenplay: Ali Ozel, Funda Odemis SYNOPSIS Enver is a lawyer who is about to divorce. He comes to the village to get away from it all, but a corpse found in the village changes the daily life of the village, and the rumors begin about who the criminal [&hellip;]<\/p>\n","protected":false},"author":1,"featured_media":0,"parent":0,"menu_order":237,"comment_status":"closed","ping_status":"closed","template":"","meta":{"footnotes":""},"class_list":["post-10213","page","type-page","status-publish","hentry"],"yoast_head":"<!-- This site is optimized with the Yoast SEO plugin v27.2 - https:\/\/yoast.com\/product\/yoast-seo-wordpress\/ -->\n<title>Expectation - TRT 12 Punto<\/title>\n<meta name=\"robots\" content=\"index, follow, max-snippet:-1, max-image-preview:large, max-video-preview:-1\" \/>\n<link rel=\"canonical\" href=\"https:\/\/trt12punto.com\/beklenti\/\" \/>\n<meta property=\"og:locale\" content=\"en_US\" \/>\n<meta property=\"og:type\" content=\"article\" \/>\n<meta property=\"og:title\" content=\"Expectation - TRT 12 Punto\" \/>\n<meta property=\"og:description\" content=\"CREW Director: Ali Ozel Producer: Ali Ozel Screenplay: Ali Ozel, Funda Odemis SYNOPSIS Enver is a lawyer who is about to divorce. He comes to the village to get away from it all, but a corpse found in the village changes the daily life of the village, and the rumors begin about who the criminal [&hellip;]\" \/>\n<meta property=\"og:url\" content=\"https:\/\/trt12punto.com\/beklenti\/\" \/>\n<meta property=\"og:site_name\" content=\"TRT 12 Punto\" \/>\n<meta name=\"twitter:card\" content=\"summary_large_image\" \/>\n<meta name=\"twitter:label1\" content=\"Est. reading time\" \/>\n\t<meta name=\"twitter:data1\" content=\"1 minute\" \/>\n<script type=\"application\/ld+json\" class=\"yoast-schema-graph\">{\"@context\":\"https:\/\/schema.org\",\"@graph\":[{\"@type\":\"WebPage\",\"@id\":\"https:\/\/trt12punto.com\/beklenti\/\",\"url\":\"https:\/\/trt12punto.com\/beklenti\/\",\"name\":\"Expectation - TRT 12 Punto\",\"isPartOf\":{\"@id\":\"https:\/\/trt12punto.com\/#website\"},\"datePublished\":\"2022-06-16T09:56:00+00:00\",\"breadcrumb\":{\"@id\":\"https:\/\/trt12punto.com\/beklenti\/#breadcrumb\"},\"inLanguage\":\"en-US\",\"potentialAction\":[{\"@type\":\"ReadAction\",\"target\":[\"https:\/\/trt12punto.com\/beklenti\/\"]}]},{\"@type\":\"BreadcrumbList\",\"@id\":\"https:\/\/trt12punto.com\/beklenti\/#breadcrumb\",\"itemListElement\":[{\"@type\":\"ListItem\",\"position\":1,\"name\":\"Anasayfa\",\"item\":\"https:\/\/trt12punto.com\/en\/home\/\"},{\"@type\":\"ListItem\",\"position\":2,\"name\":\"Expectation\"}]},{\"@type\":\"WebSite\",\"@id\":\"https:\/\/trt12punto.com\/#website\",\"url\":\"https:\/\/trt12punto.com\/\",\"name\":\"TRT 12 Punto\",\"description\":\"T\u00fcrkiye&#039;nin En B\u00fcy\u00fck Senaryo Geli\u015ftirme Platformu\",\"potentialAction\":[{\"@type\":\"SearchAction\",\"target\":{\"@type\":\"EntryPoint\",\"urlTemplate\":\"https:\/\/trt12punto.com\/?s={search_term_string}\"},\"query-input\":{\"@type\":\"PropertyValueSpecification\",\"valueRequired\":true,\"valueName\":\"search_term_string\"}}],\"inLanguage\":\"en-US\"}]}<\/script>\n<!-- \/ Yoast SEO plugin. -->","yoast_head_json":{"title":"Expectation - TRT 12 Punto","robots":{"index":"index","follow":"follow","max-snippet":"max-snippet:-1","max-image-preview":"max-image-preview:large","max-video-preview":"max-video-preview:-1"},"canonical":"https:\/\/trt12punto.com\/beklenti\/","og_locale":"en_US","og_type":"article","og_title":"Expectation - TRT 12 Punto","og_description":"CREW Director: Ali Ozel Producer: Ali Ozel Screenplay: Ali Ozel, Funda Odemis SYNOPSIS Enver is a lawyer who is about to divorce. He comes to the village to get away from it all, but a corpse found in the village changes the daily life of the village, and the rumors begin about who the criminal [&hellip;]","og_url":"https:\/\/trt12punto.com\/beklenti\/","og_site_name":"TRT 12 Punto","twitter_card":"summary_large_image","twitter_misc":{"Est. reading time":"1 minute"},"schema":{"@context":"https:\/\/schema.org","@graph":[{"@type":"WebPage","@id":"https:\/\/trt12punto.com\/beklenti\/","url":"https:\/\/trt12punto.com\/beklenti\/","name":"Expectation - TRT 12 Punto","isPartOf":{"@id":"https:\/\/trt12punto.com\/#website"},"datePublished":"2022-06-16T09:56:00+00:00","breadcrumb":{"@id":"https:\/\/trt12punto.com\/beklenti\/#breadcrumb"},"inLanguage":"en-US","potentialAction":[{"@type":"ReadAction","target":["https:\/\/trt12punto.com\/beklenti\/"]}]},{"@type":"BreadcrumbList","@id":"https:\/\/trt12punto.com\/beklenti\/#breadcrumb","itemListElement":[{"@type":"ListItem","position":1,"name":"Anasayfa","item":"https:\/\/trt12punto.com\/en\/home\/"},{"@type":"ListItem","position":2,"name":"Expectation"}]},{"@type":"WebSite","@id":"https:\/\/trt12punto.com\/#website","url":"https:\/\/trt12punto.com\/","name":"TRT 12 Punto","description":"T\u00fcrkiye&#039;nin En B\u00fcy\u00fck Senaryo Geli\u015ftirme Platformu","potentialAction":[{"@type":"SearchAction","target":{"@type":"EntryPoint","urlTemplate":"https:\/\/trt12punto.com\/?s={search_term_string}"},"query-input":{"@type":"PropertyValueSpecification","valueRequired":true,"valueName":"search_term_string"}}],"inLanguage":"en-US"}]}},"jetpack_shortlink":"https:\/\/wp.me\/PgRTn7-2EJ","_links":{"self":[{"href":"https:\/\/trt12punto.com\/en\/wp-json\/wp\/v2\/pages\/10213","targetHints":{"allow":["GET"]}}],"collection":[{"href":"https:\/\/trt12punto.com\/en\/wp-json\/wp\/v2\/pages"}],"about":[{"href":"https:\/\/trt12punto.com\/en\/wp-json\/wp\/v2\/types\/page"}],"author":[{"embeddable":true,"href":"https:\/\/trt12punto.com\/en\/wp-json\/wp\/v2\/users\/1"}],"replies":[{"embeddable":true,"href":"https:\/\/trt12punto.com\/en\/wp-json\/wp\/v2\/comments?post=10213"}],"version-history":[{"count":0,"href":"https:\/\/trt12punto.com\/en\/wp-json\/wp\/v2\/pages\/10213\/revisions"}],"wp:attachment":[{"href":"https:\/\/trt12punto.com\/en\/wp-json\/wp\/v2\/media?parent=10213"}],"curies":[{"name":"wp","href":"https:\/\/api.w.org\/{rel}","templated":true}]}}