{"id":10236,"date":"2022-06-16T15:26:25","date_gmt":"2022-06-16T12:26:25","guid":{"rendered":"https:\/\/trt12punto.com\/this-beautiful-night\/"},"modified":"2022-06-16T15:26:25","modified_gmt":"2022-06-16T12:26:25","slug":"this-beautiful-night","status":"publish","type":"page","link":"https:\/\/trt12punto.com\/en\/this-beautiful-night\/","title":{"rendered":"This Beautiful Night"},"content":{"rendered":"<p><strong>CREW<\/strong><\/p>\n<p>Director: Ozan Yoleri<br \/>\nScreenplay: Ozan Yoleri, Aysin Kadirbeyoglu<br \/>\nProducer: Alara Hamamc\u0131o\u011flu, Ilg\u0131m Co\u015far<\/p>\n<hr>\n<p><strong>SYNOPSIS<\/strong><\/p>\n<p>Defne (26), a Turkish expat in France, is expelled from her PhD in fine-arts restoration, after having a fight with her professor. With her student visa expiring and without a job opportunity on the horizon, she moves back to Istanbul, leaving her life and her boyfriend behind. Back in Istanbul, her old friends have moved on with their lives. She can\u2019t get along with her mother and her grandpa is diagnosed with cancer. She crashes on her high-school friend Eda\u2019s couch for a while. Yet with her job search in France going nowhere, Defne loses her hope of returning and breaks up with her boyfriend. She apologizes to her mother and moves back into her childhood room to start from scratch. She lands a job at a local museum as a painting-restorer. She gets really good at it and even swallows her pride to succeed, asking her old professor for help with a difficult restoration. Having her work-life stabilized also helps Defne to reconnect with her mother. Despite now having a flat of her own and a job, Defne doesn\u2019t seem satisfied with her life finally on track. Her grandfather\u2019s deteriorating situation, plus Eda\u2019s shifting attention to her new boyfriend makes her feel lonely all over again. Finally, when her hard-work is snubbed by her boss, she loses her last bit of inspiration that kept her going in this rumbling city. After her grandfather\u2019s death, she accepts the invitation of her old professor to continue her studies abroad, who was impressed by the work, for which Defne had asked for her help. Defne leaves Istanbul, this time for good.           <\/p>\n","protected":false},"excerpt":{"rendered":"<p>CREW Director: Ozan Yoleri Screenplay: Ozan Yoleri, Aysin Kadirbeyoglu Producer: Alara Hamamc\u0131o\u011flu, Ilg\u0131m Co\u015far SYNOPSIS Defne (26), a Turkish expat in France, is expelled from her PhD in fine-arts restoration, after having a fight with her professor. With her student visa expiring and without a job opportunity on the horizon, she moves back to Istanbul, [&hellip;]<\/p>\n","protected":false},"author":1,"featured_media":0,"parent":0,"menu_order":237,"comment_status":"closed","ping_status":"closed","template":"","meta":{"footnotes":""},"class_list":["post-10236","page","type-page","status-publish","hentry"],"yoast_head":"<!-- This site is optimized with the Yoast SEO plugin v27.2 - https:\/\/yoast.com\/product\/yoast-seo-wordpress\/ -->\n<title>This Beautiful Night - TRT 12 Punto<\/title>\n<meta name=\"robots\" content=\"index, follow, max-snippet:-1, max-image-preview:large, max-video-preview:-1\" \/>\n<link rel=\"canonical\" href=\"https:\/\/trt12punto.com\/guzel-bir-gece\/\" \/>\n<meta property=\"og:locale\" content=\"en_US\" \/>\n<meta property=\"og:type\" content=\"article\" \/>\n<meta property=\"og:title\" content=\"This Beautiful Night - TRT 12 Punto\" \/>\n<meta property=\"og:description\" content=\"CREW Director: Ozan Yoleri Screenplay: Ozan Yoleri, Aysin Kadirbeyoglu Producer: Alara Hamamc\u0131o\u011flu, Ilg\u0131m Co\u015far SYNOPSIS Defne (26), a Turkish expat in France, is expelled from her PhD in fine-arts restoration, after having a fight with her professor. With her student visa expiring and without a job opportunity on the horizon, she moves back to Istanbul, [&hellip;]\" \/>\n<meta property=\"og:url\" content=\"https:\/\/trt12punto.com\/guzel-bir-gece\/\" \/>\n<meta property=\"og:site_name\" content=\"TRT 12 Punto\" \/>\n<meta name=\"twitter:card\" content=\"summary_large_image\" \/>\n<meta name=\"twitter:label1\" content=\"Est. reading time\" \/>\n\t<meta name=\"twitter:data1\" content=\"1 minute\" \/>\n<script type=\"application\/ld+json\" class=\"yoast-schema-graph\">{\"@context\":\"https:\/\/schema.org\",\"@graph\":[{\"@type\":\"WebPage\",\"@id\":\"https:\/\/trt12punto.com\/guzel-bir-gece\/\",\"url\":\"https:\/\/trt12punto.com\/guzel-bir-gece\/\",\"name\":\"This Beautiful Night - TRT 12 Punto\",\"isPartOf\":{\"@id\":\"https:\/\/trt12punto.com\/#website\"},\"datePublished\":\"2022-06-16T12:26:25+00:00\",\"breadcrumb\":{\"@id\":\"https:\/\/trt12punto.com\/guzel-bir-gece\/#breadcrumb\"},\"inLanguage\":\"en-US\",\"potentialAction\":[{\"@type\":\"ReadAction\",\"target\":[\"https:\/\/trt12punto.com\/guzel-bir-gece\/\"]}]},{\"@type\":\"BreadcrumbList\",\"@id\":\"https:\/\/trt12punto.com\/guzel-bir-gece\/#breadcrumb\",\"itemListElement\":[{\"@type\":\"ListItem\",\"position\":1,\"name\":\"Anasayfa\",\"item\":\"https:\/\/trt12punto.com\/en\/home\/\"},{\"@type\":\"ListItem\",\"position\":2,\"name\":\"This Beautiful Night\"}]},{\"@type\":\"WebSite\",\"@id\":\"https:\/\/trt12punto.com\/#website\",\"url\":\"https:\/\/trt12punto.com\/\",\"name\":\"TRT 12 Punto\",\"description\":\"T\u00fcrkiye&#039;nin En B\u00fcy\u00fck Senaryo Geli\u015ftirme Platformu\",\"potentialAction\":[{\"@type\":\"SearchAction\",\"target\":{\"@type\":\"EntryPoint\",\"urlTemplate\":\"https:\/\/trt12punto.com\/?s={search_term_string}\"},\"query-input\":{\"@type\":\"PropertyValueSpecification\",\"valueRequired\":true,\"valueName\":\"search_term_string\"}}],\"inLanguage\":\"en-US\"}]}<\/script>\n<!-- \/ Yoast SEO plugin. -->","yoast_head_json":{"title":"This Beautiful Night - TRT 12 Punto","robots":{"index":"index","follow":"follow","max-snippet":"max-snippet:-1","max-image-preview":"max-image-preview:large","max-video-preview":"max-video-preview:-1"},"canonical":"https:\/\/trt12punto.com\/guzel-bir-gece\/","og_locale":"en_US","og_type":"article","og_title":"This Beautiful Night - TRT 12 Punto","og_description":"CREW Director: Ozan Yoleri Screenplay: Ozan Yoleri, Aysin Kadirbeyoglu Producer: Alara Hamamc\u0131o\u011flu, Ilg\u0131m Co\u015far SYNOPSIS Defne (26), a Turkish expat in France, is expelled from her PhD in fine-arts restoration, after having a fight with her professor. With her student visa expiring and without a job opportunity on the horizon, she moves back to Istanbul, [&hellip;]","og_url":"https:\/\/trt12punto.com\/guzel-bir-gece\/","og_site_name":"TRT 12 Punto","twitter_card":"summary_large_image","twitter_misc":{"Est. reading time":"1 minute"},"schema":{"@context":"https:\/\/schema.org","@graph":[{"@type":"WebPage","@id":"https:\/\/trt12punto.com\/guzel-bir-gece\/","url":"https:\/\/trt12punto.com\/guzel-bir-gece\/","name":"This Beautiful Night - TRT 12 Punto","isPartOf":{"@id":"https:\/\/trt12punto.com\/#website"},"datePublished":"2022-06-16T12:26:25+00:00","breadcrumb":{"@id":"https:\/\/trt12punto.com\/guzel-bir-gece\/#breadcrumb"},"inLanguage":"en-US","potentialAction":[{"@type":"ReadAction","target":["https:\/\/trt12punto.com\/guzel-bir-gece\/"]}]},{"@type":"BreadcrumbList","@id":"https:\/\/trt12punto.com\/guzel-bir-gece\/#breadcrumb","itemListElement":[{"@type":"ListItem","position":1,"name":"Anasayfa","item":"https:\/\/trt12punto.com\/en\/home\/"},{"@type":"ListItem","position":2,"name":"This Beautiful Night"}]},{"@type":"WebSite","@id":"https:\/\/trt12punto.com\/#website","url":"https:\/\/trt12punto.com\/","name":"TRT 12 Punto","description":"T\u00fcrkiye&#039;nin En B\u00fcy\u00fck Senaryo Geli\u015ftirme Platformu","potentialAction":[{"@type":"SearchAction","target":{"@type":"EntryPoint","urlTemplate":"https:\/\/trt12punto.com\/?s={search_term_string}"},"query-input":{"@type":"PropertyValueSpecification","valueRequired":true,"valueName":"search_term_string"}}],"inLanguage":"en-US"}]}},"jetpack_shortlink":"https:\/\/wp.me\/PgRTn7-2F6","_links":{"self":[{"href":"https:\/\/trt12punto.com\/en\/wp-json\/wp\/v2\/pages\/10236","targetHints":{"allow":["GET"]}}],"collection":[{"href":"https:\/\/trt12punto.com\/en\/wp-json\/wp\/v2\/pages"}],"about":[{"href":"https:\/\/trt12punto.com\/en\/wp-json\/wp\/v2\/types\/page"}],"author":[{"embeddable":true,"href":"https:\/\/trt12punto.com\/en\/wp-json\/wp\/v2\/users\/1"}],"replies":[{"embeddable":true,"href":"https:\/\/trt12punto.com\/en\/wp-json\/wp\/v2\/comments?post=10236"}],"version-history":[{"count":0,"href":"https:\/\/trt12punto.com\/en\/wp-json\/wp\/v2\/pages\/10236\/revisions"}],"wp:attachment":[{"href":"https:\/\/trt12punto.com\/en\/wp-json\/wp\/v2\/media?parent=10236"}],"curies":[{"name":"wp","href":"https:\/\/api.w.org\/{rel}","templated":true}]}}