{"id":10240,"date":"2022-06-16T15:29:34","date_gmt":"2022-06-16T12:29:34","guid":{"rendered":"https:\/\/trt12punto.com\/those-who-whistle-after-dark\/"},"modified":"2022-06-16T15:29:34","modified_gmt":"2022-06-16T12:29:34","slug":"those-who-whistle-after-dark","status":"publish","type":"page","link":"https:\/\/trt12punto.com\/en\/those-who-whistle-after-dark\/","title":{"rendered":"Those Who Whistle After Dark"},"content":{"rendered":"<p><strong>CREW<\/strong><\/p>\n<p>Director: P\u0131nar Yorganc\u0131o\u011flu<br \/>\nScreenplay: P\u0131nar Yorganc\u0131o\u011flu &amp; Emre G\u00fclcan<br \/>\nProducer: Zeynep Ekmek\u00e7i, Bekir A\u00e7\u0131ks\u00f6z &amp; Furkan Besli<\/p>\n<hr>\n<p><strong>SYNOPSIS<\/strong><\/p>\n<p>Mr. Melih (64) the retiring manager of the Natural History Museum, clumsily tries to adapt to civilian life. After an encounter with a supernatural presence, his innocent middle age depression spirals into a major existential crisis. As he ventures into a search for the meaning of life, he seeks solace from his family but they are busy with their own crises: His wife Suzan (59), an ambitious nurse who feels stuck in a life she\u2019s disappointed with, has fallen victim to a scam she cannot tell to anyone. In the meantime their video-game addict daughter Toprak (30), an unemployed aspiring writer, hopes to run away from an increasingly bleak future &amp; feeling like a failure; and plots a doomed escape to the US following a dream that\u2019s not even hers. Those Who Whistle After Dark is a whimsical tale with dark humor, about three lonely souls who are searching for themselves while trying not to lose one another.    <\/p>\n","protected":false},"excerpt":{"rendered":"<p>CREW Director: P\u0131nar Yorganc\u0131o\u011flu Screenplay: P\u0131nar Yorganc\u0131o\u011flu &amp; Emre G\u00fclcan Producer: Zeynep Ekmek\u00e7i, Bekir A\u00e7\u0131ks\u00f6z &amp; Furkan Besli SYNOPSIS Mr. Melih (64) the retiring manager of the Natural History Museum, clumsily tries to adapt to civilian life. After an encounter with a supernatural presence, his innocent middle age depression spirals into a major existential crisis. [&hellip;]<\/p>\n","protected":false},"author":1,"featured_media":0,"parent":0,"menu_order":237,"comment_status":"closed","ping_status":"closed","template":"","meta":{"footnotes":""},"class_list":["post-10240","page","type-page","status-publish","hentry"],"yoast_head":"<!-- This site is optimized with the Yoast SEO plugin v27.2 - https:\/\/yoast.com\/product\/yoast-seo-wordpress\/ -->\n<title>Those Who Whistle After Dark - TRT 12 Punto<\/title>\n<meta name=\"robots\" content=\"index, follow, max-snippet:-1, max-image-preview:large, max-video-preview:-1\" \/>\n<link rel=\"canonical\" href=\"https:\/\/trt12punto.com\/karanlikta-islik-calanlar\/\" \/>\n<meta property=\"og:locale\" content=\"en_US\" \/>\n<meta property=\"og:type\" content=\"article\" \/>\n<meta property=\"og:title\" content=\"Those Who Whistle After Dark - TRT 12 Punto\" \/>\n<meta property=\"og:description\" content=\"CREW Director: P\u0131nar Yorganc\u0131o\u011flu Screenplay: P\u0131nar Yorganc\u0131o\u011flu &amp; Emre G\u00fclcan Producer: Zeynep Ekmek\u00e7i, Bekir A\u00e7\u0131ks\u00f6z &amp; Furkan Besli SYNOPSIS Mr. Melih (64) the retiring manager of the Natural History Museum, clumsily tries to adapt to civilian life. After an encounter with a supernatural presence, his innocent middle age depression spirals into a major existential crisis. [&hellip;]\" \/>\n<meta property=\"og:url\" content=\"https:\/\/trt12punto.com\/karanlikta-islik-calanlar\/\" \/>\n<meta property=\"og:site_name\" content=\"TRT 12 Punto\" \/>\n<meta name=\"twitter:card\" content=\"summary_large_image\" \/>\n<meta name=\"twitter:label1\" content=\"Est. reading time\" \/>\n\t<meta name=\"twitter:data1\" content=\"1 minute\" \/>\n<script type=\"application\/ld+json\" class=\"yoast-schema-graph\">{\"@context\":\"https:\/\/schema.org\",\"@graph\":[{\"@type\":\"WebPage\",\"@id\":\"https:\/\/trt12punto.com\/karanlikta-islik-calanlar\/\",\"url\":\"https:\/\/trt12punto.com\/karanlikta-islik-calanlar\/\",\"name\":\"Those Who Whistle After Dark - TRT 12 Punto\",\"isPartOf\":{\"@id\":\"https:\/\/trt12punto.com\/#website\"},\"datePublished\":\"2022-06-16T12:29:34+00:00\",\"breadcrumb\":{\"@id\":\"https:\/\/trt12punto.com\/karanlikta-islik-calanlar\/#breadcrumb\"},\"inLanguage\":\"en-US\",\"potentialAction\":[{\"@type\":\"ReadAction\",\"target\":[\"https:\/\/trt12punto.com\/karanlikta-islik-calanlar\/\"]}]},{\"@type\":\"BreadcrumbList\",\"@id\":\"https:\/\/trt12punto.com\/karanlikta-islik-calanlar\/#breadcrumb\",\"itemListElement\":[{\"@type\":\"ListItem\",\"position\":1,\"name\":\"Anasayfa\",\"item\":\"https:\/\/trt12punto.com\/en\/home\/\"},{\"@type\":\"ListItem\",\"position\":2,\"name\":\"Those Who Whistle After Dark\"}]},{\"@type\":\"WebSite\",\"@id\":\"https:\/\/trt12punto.com\/#website\",\"url\":\"https:\/\/trt12punto.com\/\",\"name\":\"TRT 12 Punto\",\"description\":\"T\u00fcrkiye&#039;nin En B\u00fcy\u00fck Senaryo Geli\u015ftirme Platformu\",\"potentialAction\":[{\"@type\":\"SearchAction\",\"target\":{\"@type\":\"EntryPoint\",\"urlTemplate\":\"https:\/\/trt12punto.com\/?s={search_term_string}\"},\"query-input\":{\"@type\":\"PropertyValueSpecification\",\"valueRequired\":true,\"valueName\":\"search_term_string\"}}],\"inLanguage\":\"en-US\"}]}<\/script>\n<!-- \/ Yoast SEO plugin. -->","yoast_head_json":{"title":"Those Who Whistle After Dark - TRT 12 Punto","robots":{"index":"index","follow":"follow","max-snippet":"max-snippet:-1","max-image-preview":"max-image-preview:large","max-video-preview":"max-video-preview:-1"},"canonical":"https:\/\/trt12punto.com\/karanlikta-islik-calanlar\/","og_locale":"en_US","og_type":"article","og_title":"Those Who Whistle After Dark - TRT 12 Punto","og_description":"CREW Director: P\u0131nar Yorganc\u0131o\u011flu Screenplay: P\u0131nar Yorganc\u0131o\u011flu &amp; Emre G\u00fclcan Producer: Zeynep Ekmek\u00e7i, Bekir A\u00e7\u0131ks\u00f6z &amp; Furkan Besli SYNOPSIS Mr. Melih (64) the retiring manager of the Natural History Museum, clumsily tries to adapt to civilian life. After an encounter with a supernatural presence, his innocent middle age depression spirals into a major existential crisis. [&hellip;]","og_url":"https:\/\/trt12punto.com\/karanlikta-islik-calanlar\/","og_site_name":"TRT 12 Punto","twitter_card":"summary_large_image","twitter_misc":{"Est. reading time":"1 minute"},"schema":{"@context":"https:\/\/schema.org","@graph":[{"@type":"WebPage","@id":"https:\/\/trt12punto.com\/karanlikta-islik-calanlar\/","url":"https:\/\/trt12punto.com\/karanlikta-islik-calanlar\/","name":"Those Who Whistle After Dark - TRT 12 Punto","isPartOf":{"@id":"https:\/\/trt12punto.com\/#website"},"datePublished":"2022-06-16T12:29:34+00:00","breadcrumb":{"@id":"https:\/\/trt12punto.com\/karanlikta-islik-calanlar\/#breadcrumb"},"inLanguage":"en-US","potentialAction":[{"@type":"ReadAction","target":["https:\/\/trt12punto.com\/karanlikta-islik-calanlar\/"]}]},{"@type":"BreadcrumbList","@id":"https:\/\/trt12punto.com\/karanlikta-islik-calanlar\/#breadcrumb","itemListElement":[{"@type":"ListItem","position":1,"name":"Anasayfa","item":"https:\/\/trt12punto.com\/en\/home\/"},{"@type":"ListItem","position":2,"name":"Those Who Whistle After Dark"}]},{"@type":"WebSite","@id":"https:\/\/trt12punto.com\/#website","url":"https:\/\/trt12punto.com\/","name":"TRT 12 Punto","description":"T\u00fcrkiye&#039;nin En B\u00fcy\u00fck Senaryo Geli\u015ftirme Platformu","potentialAction":[{"@type":"SearchAction","target":{"@type":"EntryPoint","urlTemplate":"https:\/\/trt12punto.com\/?s={search_term_string}"},"query-input":{"@type":"PropertyValueSpecification","valueRequired":true,"valueName":"search_term_string"}}],"inLanguage":"en-US"}]}},"jetpack_shortlink":"https:\/\/wp.me\/PgRTn7-2Fa","_links":{"self":[{"href":"https:\/\/trt12punto.com\/en\/wp-json\/wp\/v2\/pages\/10240","targetHints":{"allow":["GET"]}}],"collection":[{"href":"https:\/\/trt12punto.com\/en\/wp-json\/wp\/v2\/pages"}],"about":[{"href":"https:\/\/trt12punto.com\/en\/wp-json\/wp\/v2\/types\/page"}],"author":[{"embeddable":true,"href":"https:\/\/trt12punto.com\/en\/wp-json\/wp\/v2\/users\/1"}],"replies":[{"embeddable":true,"href":"https:\/\/trt12punto.com\/en\/wp-json\/wp\/v2\/comments?post=10240"}],"version-history":[{"count":0,"href":"https:\/\/trt12punto.com\/en\/wp-json\/wp\/v2\/pages\/10240\/revisions"}],"wp:attachment":[{"href":"https:\/\/trt12punto.com\/en\/wp-json\/wp\/v2\/media?parent=10240"}],"curies":[{"name":"wp","href":"https:\/\/api.w.org\/{rel}","templated":true}]}}