{"id":10244,"date":"2022-06-16T15:33:06","date_gmt":"2022-06-16T12:33:06","guid":{"rendered":"https:\/\/trt12punto.com\/complex\/"},"modified":"2022-06-16T15:33:06","modified_gmt":"2022-06-16T12:33:06","slug":"complex","status":"publish","type":"page","link":"https:\/\/trt12punto.com\/en\/complex\/","title":{"rendered":"Complex"},"content":{"rendered":"<p><strong>CREW<\/strong><\/p>\n<p>Director: Ali Aydin<br \/>\nScreenwriter: Ali Aydin<br \/>\nProducer: Ali Aydin<\/p>\n<hr>\n<p><strong>SYNOPSIS<\/strong><\/p>\n<p>Having spent the last 29 years of her life in mental institutions and prisons, Rana convinces to be declared harmless for society at her last psychiatric appointment and is released. Thus, at the age of 65 she sets an end to her life as a convict that started at 34. However, neither Rana is the same, nor the world as she knew it. Whatever crime Rana has committed seems to be so terrible that no one is able to put it into words. Whoever runs into Rana tries to avoid her. No one has the courage to be alone with her. Yes, Rana has committed a grave criminal act, but according to her, she is not the only one guilty in this. She has partners in crime. For 29 years she has looked after and settled accounts with herself. Now it is time to call her accessories to account.  <\/p>\n","protected":false},"excerpt":{"rendered":"<p>CREW Director: Ali Aydin Screenwriter: Ali Aydin Producer: Ali Aydin SYNOPSIS Having spent the last 29 years of her life in mental institutions and prisons, Rana convinces to be declared harmless for society at her last psychiatric appointment and is released. Thus, at the age of 65 she sets an end to her life as [&hellip;]<\/p>\n","protected":false},"author":1,"featured_media":0,"parent":0,"menu_order":237,"comment_status":"closed","ping_status":"closed","template":"","meta":{"footnotes":""},"class_list":["post-10244","page","type-page","status-publish","hentry"],"yoast_head":"<!-- This site is optimized with the Yoast SEO plugin v27.2 - https:\/\/yoast.com\/product\/yoast-seo-wordpress\/ -->\n<title>Complex - TRT 12 Punto<\/title>\n<meta name=\"robots\" content=\"index, follow, max-snippet:-1, max-image-preview:large, max-video-preview:-1\" \/>\n<link rel=\"canonical\" href=\"https:\/\/trt12punto.com\/kompleks\/\" \/>\n<meta property=\"og:locale\" content=\"en_US\" \/>\n<meta property=\"og:type\" content=\"article\" \/>\n<meta property=\"og:title\" content=\"Complex - TRT 12 Punto\" \/>\n<meta property=\"og:description\" content=\"CREW Director: Ali Aydin Screenwriter: Ali Aydin Producer: Ali Aydin SYNOPSIS Having spent the last 29 years of her life in mental institutions and prisons, Rana convinces to be declared harmless for society at her last psychiatric appointment and is released. Thus, at the age of 65 she sets an end to her life as [&hellip;]\" \/>\n<meta property=\"og:url\" content=\"https:\/\/trt12punto.com\/kompleks\/\" \/>\n<meta property=\"og:site_name\" content=\"TRT 12 Punto\" \/>\n<meta name=\"twitter:card\" content=\"summary_large_image\" \/>\n<meta name=\"twitter:label1\" content=\"Est. reading time\" \/>\n\t<meta name=\"twitter:data1\" content=\"1 minute\" \/>\n<script type=\"application\/ld+json\" class=\"yoast-schema-graph\">{\"@context\":\"https:\/\/schema.org\",\"@graph\":[{\"@type\":\"WebPage\",\"@id\":\"https:\/\/trt12punto.com\/kompleks\/\",\"url\":\"https:\/\/trt12punto.com\/kompleks\/\",\"name\":\"Complex - TRT 12 Punto\",\"isPartOf\":{\"@id\":\"https:\/\/trt12punto.com\/#website\"},\"datePublished\":\"2022-06-16T12:33:06+00:00\",\"breadcrumb\":{\"@id\":\"https:\/\/trt12punto.com\/kompleks\/#breadcrumb\"},\"inLanguage\":\"en-US\",\"potentialAction\":[{\"@type\":\"ReadAction\",\"target\":[\"https:\/\/trt12punto.com\/kompleks\/\"]}]},{\"@type\":\"BreadcrumbList\",\"@id\":\"https:\/\/trt12punto.com\/kompleks\/#breadcrumb\",\"itemListElement\":[{\"@type\":\"ListItem\",\"position\":1,\"name\":\"Anasayfa\",\"item\":\"https:\/\/trt12punto.com\/en\/home\/\"},{\"@type\":\"ListItem\",\"position\":2,\"name\":\"Complex\"}]},{\"@type\":\"WebSite\",\"@id\":\"https:\/\/trt12punto.com\/#website\",\"url\":\"https:\/\/trt12punto.com\/\",\"name\":\"TRT 12 Punto\",\"description\":\"T\u00fcrkiye&#039;nin En B\u00fcy\u00fck Senaryo Geli\u015ftirme Platformu\",\"potentialAction\":[{\"@type\":\"SearchAction\",\"target\":{\"@type\":\"EntryPoint\",\"urlTemplate\":\"https:\/\/trt12punto.com\/?s={search_term_string}\"},\"query-input\":{\"@type\":\"PropertyValueSpecification\",\"valueRequired\":true,\"valueName\":\"search_term_string\"}}],\"inLanguage\":\"en-US\"}]}<\/script>\n<!-- \/ Yoast SEO plugin. -->","yoast_head_json":{"title":"Complex - TRT 12 Punto","robots":{"index":"index","follow":"follow","max-snippet":"max-snippet:-1","max-image-preview":"max-image-preview:large","max-video-preview":"max-video-preview:-1"},"canonical":"https:\/\/trt12punto.com\/kompleks\/","og_locale":"en_US","og_type":"article","og_title":"Complex - TRT 12 Punto","og_description":"CREW Director: Ali Aydin Screenwriter: Ali Aydin Producer: Ali Aydin SYNOPSIS Having spent the last 29 years of her life in mental institutions and prisons, Rana convinces to be declared harmless for society at her last psychiatric appointment and is released. Thus, at the age of 65 she sets an end to her life as [&hellip;]","og_url":"https:\/\/trt12punto.com\/kompleks\/","og_site_name":"TRT 12 Punto","twitter_card":"summary_large_image","twitter_misc":{"Est. reading time":"1 minute"},"schema":{"@context":"https:\/\/schema.org","@graph":[{"@type":"WebPage","@id":"https:\/\/trt12punto.com\/kompleks\/","url":"https:\/\/trt12punto.com\/kompleks\/","name":"Complex - TRT 12 Punto","isPartOf":{"@id":"https:\/\/trt12punto.com\/#website"},"datePublished":"2022-06-16T12:33:06+00:00","breadcrumb":{"@id":"https:\/\/trt12punto.com\/kompleks\/#breadcrumb"},"inLanguage":"en-US","potentialAction":[{"@type":"ReadAction","target":["https:\/\/trt12punto.com\/kompleks\/"]}]},{"@type":"BreadcrumbList","@id":"https:\/\/trt12punto.com\/kompleks\/#breadcrumb","itemListElement":[{"@type":"ListItem","position":1,"name":"Anasayfa","item":"https:\/\/trt12punto.com\/en\/home\/"},{"@type":"ListItem","position":2,"name":"Complex"}]},{"@type":"WebSite","@id":"https:\/\/trt12punto.com\/#website","url":"https:\/\/trt12punto.com\/","name":"TRT 12 Punto","description":"T\u00fcrkiye&#039;nin En B\u00fcy\u00fck Senaryo Geli\u015ftirme Platformu","potentialAction":[{"@type":"SearchAction","target":{"@type":"EntryPoint","urlTemplate":"https:\/\/trt12punto.com\/?s={search_term_string}"},"query-input":{"@type":"PropertyValueSpecification","valueRequired":true,"valueName":"search_term_string"}}],"inLanguage":"en-US"}]}},"jetpack_shortlink":"https:\/\/wp.me\/PgRTn7-2Fe","_links":{"self":[{"href":"https:\/\/trt12punto.com\/en\/wp-json\/wp\/v2\/pages\/10244","targetHints":{"allow":["GET"]}}],"collection":[{"href":"https:\/\/trt12punto.com\/en\/wp-json\/wp\/v2\/pages"}],"about":[{"href":"https:\/\/trt12punto.com\/en\/wp-json\/wp\/v2\/types\/page"}],"author":[{"embeddable":true,"href":"https:\/\/trt12punto.com\/en\/wp-json\/wp\/v2\/users\/1"}],"replies":[{"embeddable":true,"href":"https:\/\/trt12punto.com\/en\/wp-json\/wp\/v2\/comments?post=10244"}],"version-history":[{"count":0,"href":"https:\/\/trt12punto.com\/en\/wp-json\/wp\/v2\/pages\/10244\/revisions"}],"wp:attachment":[{"href":"https:\/\/trt12punto.com\/en\/wp-json\/wp\/v2\/media?parent=10244"}],"curies":[{"name":"wp","href":"https:\/\/api.w.org\/{rel}","templated":true}]}}