{"id":10256,"date":"2022-06-16T15:40:33","date_gmt":"2022-06-16T12:40:33","guid":{"rendered":"https:\/\/trt12punto.com\/wait-till-you-hear-mine\/"},"modified":"2022-06-16T15:40:33","modified_gmt":"2022-06-16T12:40:33","slug":"wait-till-you-hear-mine","status":"publish","type":"page","link":"https:\/\/trt12punto.com\/en\/wait-till-you-hear-mine\/","title":{"rendered":"Wait Till You Hear Mine"},"content":{"rendered":"<p><strong>CREW<\/strong><\/p>\n<p>Director: Pelin Esmer<br \/>\nScreenwriter: Pelin Esmer<br \/>\nProducer: Dilde Local, Pelin Esmer<\/p>\n<hr>\n<p><strong>SYNOPSIS<\/strong><\/p>\n<p>Aliye, a young housekeeper in a small-town hotel, with the hope of altering her future, reaches out to a well-known director Levent from Istanbul. She creates a story where she blends her past with an imagined one. While Levent is moved with this story told in voice recordings, his arrival to her city throws Aliye into a difficult position: the facts are hard to keep in this town. Is it the reality or the story that spreads faster?  <\/p>\n","protected":false},"excerpt":{"rendered":"<p>CREW Director: Pelin Esmer Screenwriter: Pelin Esmer Producer: Dilde Local, Pelin Esmer SYNOPSIS Aliye, a young housekeeper in a small-town hotel, with the hope of altering her future, reaches out to a well-known director Levent from Istanbul. She creates a story where she blends her past with an imagined one. While Levent is moved with [&hellip;]<\/p>\n","protected":false},"author":1,"featured_media":0,"parent":0,"menu_order":237,"comment_status":"closed","ping_status":"closed","template":"","meta":{"footnotes":""},"class_list":["post-10256","page","type-page","status-publish","hentry"],"yoast_head":"<!-- This site is optimized with the Yoast SEO plugin v27.2 - https:\/\/yoast.com\/product\/yoast-seo-wordpress\/ -->\n<title>Wait Till You Hear Mine - TRT 12 Punto<\/title>\n<meta name=\"robots\" content=\"index, follow, max-snippet:-1, max-image-preview:large, max-video-preview:-1\" \/>\n<link rel=\"canonical\" href=\"https:\/\/trt12punto.com\/o-da-bir-sey-mi\/\" \/>\n<meta property=\"og:locale\" content=\"en_US\" \/>\n<meta property=\"og:type\" content=\"article\" \/>\n<meta property=\"og:title\" content=\"Wait Till You Hear Mine - TRT 12 Punto\" \/>\n<meta property=\"og:description\" content=\"CREW Director: Pelin Esmer Screenwriter: Pelin Esmer Producer: Dilde Local, Pelin Esmer SYNOPSIS Aliye, a young housekeeper in a small-town hotel, with the hope of altering her future, reaches out to a well-known director Levent from Istanbul. She creates a story where she blends her past with an imagined one. While Levent is moved with [&hellip;]\" \/>\n<meta property=\"og:url\" content=\"https:\/\/trt12punto.com\/o-da-bir-sey-mi\/\" \/>\n<meta property=\"og:site_name\" content=\"TRT 12 Punto\" \/>\n<meta name=\"twitter:card\" content=\"summary_large_image\" \/>\n<script type=\"application\/ld+json\" class=\"yoast-schema-graph\">{\"@context\":\"https:\/\/schema.org\",\"@graph\":[{\"@type\":\"WebPage\",\"@id\":\"https:\/\/trt12punto.com\/o-da-bir-sey-mi\/\",\"url\":\"https:\/\/trt12punto.com\/o-da-bir-sey-mi\/\",\"name\":\"Wait Till You Hear Mine - TRT 12 Punto\",\"isPartOf\":{\"@id\":\"https:\/\/trt12punto.com\/#website\"},\"datePublished\":\"2022-06-16T12:40:33+00:00\",\"breadcrumb\":{\"@id\":\"https:\/\/trt12punto.com\/o-da-bir-sey-mi\/#breadcrumb\"},\"inLanguage\":\"en-US\",\"potentialAction\":[{\"@type\":\"ReadAction\",\"target\":[\"https:\/\/trt12punto.com\/o-da-bir-sey-mi\/\"]}]},{\"@type\":\"BreadcrumbList\",\"@id\":\"https:\/\/trt12punto.com\/o-da-bir-sey-mi\/#breadcrumb\",\"itemListElement\":[{\"@type\":\"ListItem\",\"position\":1,\"name\":\"Anasayfa\",\"item\":\"https:\/\/trt12punto.com\/en\/home\/\"},{\"@type\":\"ListItem\",\"position\":2,\"name\":\"Wait Till You Hear Mine\"}]},{\"@type\":\"WebSite\",\"@id\":\"https:\/\/trt12punto.com\/#website\",\"url\":\"https:\/\/trt12punto.com\/\",\"name\":\"TRT 12 Punto\",\"description\":\"T\u00fcrkiye&#039;nin En B\u00fcy\u00fck Senaryo Geli\u015ftirme Platformu\",\"potentialAction\":[{\"@type\":\"SearchAction\",\"target\":{\"@type\":\"EntryPoint\",\"urlTemplate\":\"https:\/\/trt12punto.com\/?s={search_term_string}\"},\"query-input\":{\"@type\":\"PropertyValueSpecification\",\"valueRequired\":true,\"valueName\":\"search_term_string\"}}],\"inLanguage\":\"en-US\"}]}<\/script>\n<!-- \/ Yoast SEO plugin. -->","yoast_head_json":{"title":"Wait Till You Hear Mine - TRT 12 Punto","robots":{"index":"index","follow":"follow","max-snippet":"max-snippet:-1","max-image-preview":"max-image-preview:large","max-video-preview":"max-video-preview:-1"},"canonical":"https:\/\/trt12punto.com\/o-da-bir-sey-mi\/","og_locale":"en_US","og_type":"article","og_title":"Wait Till You Hear Mine - TRT 12 Punto","og_description":"CREW Director: Pelin Esmer Screenwriter: Pelin Esmer Producer: Dilde Local, Pelin Esmer SYNOPSIS Aliye, a young housekeeper in a small-town hotel, with the hope of altering her future, reaches out to a well-known director Levent from Istanbul. She creates a story where she blends her past with an imagined one. While Levent is moved with [&hellip;]","og_url":"https:\/\/trt12punto.com\/o-da-bir-sey-mi\/","og_site_name":"TRT 12 Punto","twitter_card":"summary_large_image","schema":{"@context":"https:\/\/schema.org","@graph":[{"@type":"WebPage","@id":"https:\/\/trt12punto.com\/o-da-bir-sey-mi\/","url":"https:\/\/trt12punto.com\/o-da-bir-sey-mi\/","name":"Wait Till You Hear Mine - TRT 12 Punto","isPartOf":{"@id":"https:\/\/trt12punto.com\/#website"},"datePublished":"2022-06-16T12:40:33+00:00","breadcrumb":{"@id":"https:\/\/trt12punto.com\/o-da-bir-sey-mi\/#breadcrumb"},"inLanguage":"en-US","potentialAction":[{"@type":"ReadAction","target":["https:\/\/trt12punto.com\/o-da-bir-sey-mi\/"]}]},{"@type":"BreadcrumbList","@id":"https:\/\/trt12punto.com\/o-da-bir-sey-mi\/#breadcrumb","itemListElement":[{"@type":"ListItem","position":1,"name":"Anasayfa","item":"https:\/\/trt12punto.com\/en\/home\/"},{"@type":"ListItem","position":2,"name":"Wait Till You Hear Mine"}]},{"@type":"WebSite","@id":"https:\/\/trt12punto.com\/#website","url":"https:\/\/trt12punto.com\/","name":"TRT 12 Punto","description":"T\u00fcrkiye&#039;nin En B\u00fcy\u00fck Senaryo Geli\u015ftirme Platformu","potentialAction":[{"@type":"SearchAction","target":{"@type":"EntryPoint","urlTemplate":"https:\/\/trt12punto.com\/?s={search_term_string}"},"query-input":{"@type":"PropertyValueSpecification","valueRequired":true,"valueName":"search_term_string"}}],"inLanguage":"en-US"}]}},"jetpack_shortlink":"https:\/\/wp.me\/PgRTn7-2Fq","_links":{"self":[{"href":"https:\/\/trt12punto.com\/en\/wp-json\/wp\/v2\/pages\/10256","targetHints":{"allow":["GET"]}}],"collection":[{"href":"https:\/\/trt12punto.com\/en\/wp-json\/wp\/v2\/pages"}],"about":[{"href":"https:\/\/trt12punto.com\/en\/wp-json\/wp\/v2\/types\/page"}],"author":[{"embeddable":true,"href":"https:\/\/trt12punto.com\/en\/wp-json\/wp\/v2\/users\/1"}],"replies":[{"embeddable":true,"href":"https:\/\/trt12punto.com\/en\/wp-json\/wp\/v2\/comments?post=10256"}],"version-history":[{"count":0,"href":"https:\/\/trt12punto.com\/en\/wp-json\/wp\/v2\/pages\/10256\/revisions"}],"wp:attachment":[{"href":"https:\/\/trt12punto.com\/en\/wp-json\/wp\/v2\/media?parent=10256"}],"curies":[{"name":"wp","href":"https:\/\/api.w.org\/{rel}","templated":true}]}}