{"id":10259,"date":"2022-06-16T15:47:06","date_gmt":"2022-06-16T12:47:06","guid":{"rendered":"https:\/\/trt12punto.com\/the-farm\/"},"modified":"2022-06-16T15:47:06","modified_gmt":"2022-06-16T12:47:06","slug":"the-farm","status":"publish","type":"page","link":"https:\/\/trt12punto.com\/en\/the-farm\/","title":{"rendered":"The Farm"},"content":{"rendered":"<p><strong>CREW<\/strong><\/p>\n<p>Director: Elif Eda Karag\u00f6z<br \/>\nScreenwriter: Elif Eda Karagoz<br \/>\nProducer: Enes Erbay<\/p>\n<hr>\n<p><strong>SYNOPSIS<\/strong><\/p>\n<p>\u0130rem, a 12 years old city girl, finds herself in a dairy farm, which is owned and run by her estranged grandmother \u015eahika, after the sudden death of her parents in a car accident. She is sinking deep into her mourning day by day, watching the videos of her departed parents. Meanwhile, her grandmother \u015eahika is busy with a crisis with the villagers living nearby to the farm. One day, \u0130rem discovers that the calf and the mother cow are separated from each other right after the birth in the dairy farm. This hits her real hard. It\u2019s almost like her own experience. But no one seems to care, not even Halid, a 13 years old boy who is a refugee of war and staying at the farm with her mother Soraya. At nights she starts to hear the cows\u2019 and calves\u2019 mooing. Almost like mourning, like a call for her help. She decides to free the pregnant cows from the farm. She asks Halid, who is unwilling initially but then is persuaded by \u0130rem. One night, two children take action to execute their plan, which will cause nothing but more pain and chaos.<\/p>\n","protected":false},"excerpt":{"rendered":"<p>CREW Director: Elif Eda Karag\u00f6z Screenwriter: Elif Eda Karagoz Producer: Enes Erbay SYNOPSIS \u0130rem, a 12 years old city girl, finds herself in a dairy farm, which is owned and run by her estranged grandmother \u015eahika, after the sudden death of her parents in a car accident. She is sinking deep into her mourning day [&hellip;]<\/p>\n","protected":false},"author":1,"featured_media":0,"parent":0,"menu_order":237,"comment_status":"closed","ping_status":"closed","template":"","meta":{"footnotes":""},"class_list":["post-10259","page","type-page","status-publish","hentry"],"yoast_head":"<!-- This site is optimized with the Yoast SEO plugin v27.2 - https:\/\/yoast.com\/product\/yoast-seo-wordpress\/ -->\n<title>The Farm - TRT 12 Punto<\/title>\n<meta name=\"robots\" content=\"index, follow, max-snippet:-1, max-image-preview:large, max-video-preview:-1\" \/>\n<link rel=\"canonical\" href=\"https:\/\/trt12punto.com\/sut-ciftligi\/\" \/>\n<meta property=\"og:locale\" content=\"en_US\" \/>\n<meta property=\"og:type\" content=\"article\" \/>\n<meta property=\"og:title\" content=\"The Farm - TRT 12 Punto\" \/>\n<meta property=\"og:description\" content=\"CREW Director: Elif Eda Karag\u00f6z Screenwriter: Elif Eda Karagoz Producer: Enes Erbay SYNOPSIS \u0130rem, a 12 years old city girl, finds herself in a dairy farm, which is owned and run by her estranged grandmother \u015eahika, after the sudden death of her parents in a car accident. She is sinking deep into her mourning day [&hellip;]\" \/>\n<meta property=\"og:url\" content=\"https:\/\/trt12punto.com\/sut-ciftligi\/\" \/>\n<meta property=\"og:site_name\" content=\"TRT 12 Punto\" \/>\n<meta name=\"twitter:card\" content=\"summary_large_image\" \/>\n<meta name=\"twitter:label1\" content=\"Est. reading time\" \/>\n\t<meta name=\"twitter:data1\" content=\"1 minute\" \/>\n<script type=\"application\/ld+json\" class=\"yoast-schema-graph\">{\"@context\":\"https:\/\/schema.org\",\"@graph\":[{\"@type\":\"WebPage\",\"@id\":\"https:\/\/trt12punto.com\/sut-ciftligi\/\",\"url\":\"https:\/\/trt12punto.com\/sut-ciftligi\/\",\"name\":\"The Farm - TRT 12 Punto\",\"isPartOf\":{\"@id\":\"https:\/\/trt12punto.com\/#website\"},\"datePublished\":\"2022-06-16T12:47:06+00:00\",\"breadcrumb\":{\"@id\":\"https:\/\/trt12punto.com\/sut-ciftligi\/#breadcrumb\"},\"inLanguage\":\"en-US\",\"potentialAction\":[{\"@type\":\"ReadAction\",\"target\":[\"https:\/\/trt12punto.com\/sut-ciftligi\/\"]}]},{\"@type\":\"BreadcrumbList\",\"@id\":\"https:\/\/trt12punto.com\/sut-ciftligi\/#breadcrumb\",\"itemListElement\":[{\"@type\":\"ListItem\",\"position\":1,\"name\":\"Anasayfa\",\"item\":\"https:\/\/trt12punto.com\/en\/home\/\"},{\"@type\":\"ListItem\",\"position\":2,\"name\":\"The Farm\"}]},{\"@type\":\"WebSite\",\"@id\":\"https:\/\/trt12punto.com\/#website\",\"url\":\"https:\/\/trt12punto.com\/\",\"name\":\"TRT 12 Punto\",\"description\":\"T\u00fcrkiye&#039;nin En B\u00fcy\u00fck Senaryo Geli\u015ftirme Platformu\",\"potentialAction\":[{\"@type\":\"SearchAction\",\"target\":{\"@type\":\"EntryPoint\",\"urlTemplate\":\"https:\/\/trt12punto.com\/?s={search_term_string}\"},\"query-input\":{\"@type\":\"PropertyValueSpecification\",\"valueRequired\":true,\"valueName\":\"search_term_string\"}}],\"inLanguage\":\"en-US\"}]}<\/script>\n<!-- \/ Yoast SEO plugin. -->","yoast_head_json":{"title":"The Farm - TRT 12 Punto","robots":{"index":"index","follow":"follow","max-snippet":"max-snippet:-1","max-image-preview":"max-image-preview:large","max-video-preview":"max-video-preview:-1"},"canonical":"https:\/\/trt12punto.com\/sut-ciftligi\/","og_locale":"en_US","og_type":"article","og_title":"The Farm - TRT 12 Punto","og_description":"CREW Director: Elif Eda Karag\u00f6z Screenwriter: Elif Eda Karagoz Producer: Enes Erbay SYNOPSIS \u0130rem, a 12 years old city girl, finds herself in a dairy farm, which is owned and run by her estranged grandmother \u015eahika, after the sudden death of her parents in a car accident. She is sinking deep into her mourning day [&hellip;]","og_url":"https:\/\/trt12punto.com\/sut-ciftligi\/","og_site_name":"TRT 12 Punto","twitter_card":"summary_large_image","twitter_misc":{"Est. reading time":"1 minute"},"schema":{"@context":"https:\/\/schema.org","@graph":[{"@type":"WebPage","@id":"https:\/\/trt12punto.com\/sut-ciftligi\/","url":"https:\/\/trt12punto.com\/sut-ciftligi\/","name":"The Farm - TRT 12 Punto","isPartOf":{"@id":"https:\/\/trt12punto.com\/#website"},"datePublished":"2022-06-16T12:47:06+00:00","breadcrumb":{"@id":"https:\/\/trt12punto.com\/sut-ciftligi\/#breadcrumb"},"inLanguage":"en-US","potentialAction":[{"@type":"ReadAction","target":["https:\/\/trt12punto.com\/sut-ciftligi\/"]}]},{"@type":"BreadcrumbList","@id":"https:\/\/trt12punto.com\/sut-ciftligi\/#breadcrumb","itemListElement":[{"@type":"ListItem","position":1,"name":"Anasayfa","item":"https:\/\/trt12punto.com\/en\/home\/"},{"@type":"ListItem","position":2,"name":"The Farm"}]},{"@type":"WebSite","@id":"https:\/\/trt12punto.com\/#website","url":"https:\/\/trt12punto.com\/","name":"TRT 12 Punto","description":"T\u00fcrkiye&#039;nin En B\u00fcy\u00fck Senaryo Geli\u015ftirme Platformu","potentialAction":[{"@type":"SearchAction","target":{"@type":"EntryPoint","urlTemplate":"https:\/\/trt12punto.com\/?s={search_term_string}"},"query-input":{"@type":"PropertyValueSpecification","valueRequired":true,"valueName":"search_term_string"}}],"inLanguage":"en-US"}]}},"jetpack_shortlink":"https:\/\/wp.me\/PgRTn7-2Ft","_links":{"self":[{"href":"https:\/\/trt12punto.com\/en\/wp-json\/wp\/v2\/pages\/10259","targetHints":{"allow":["GET"]}}],"collection":[{"href":"https:\/\/trt12punto.com\/en\/wp-json\/wp\/v2\/pages"}],"about":[{"href":"https:\/\/trt12punto.com\/en\/wp-json\/wp\/v2\/types\/page"}],"author":[{"embeddable":true,"href":"https:\/\/trt12punto.com\/en\/wp-json\/wp\/v2\/users\/1"}],"replies":[{"embeddable":true,"href":"https:\/\/trt12punto.com\/en\/wp-json\/wp\/v2\/comments?post=10259"}],"version-history":[{"count":0,"href":"https:\/\/trt12punto.com\/en\/wp-json\/wp\/v2\/pages\/10259\/revisions"}],"wp:attachment":[{"href":"https:\/\/trt12punto.com\/en\/wp-json\/wp\/v2\/media?parent=10259"}],"curies":[{"name":"wp","href":"https:\/\/api.w.org\/{rel}","templated":true}]}}