{"id":10263,"date":"2022-06-16T15:49:54","date_gmt":"2022-06-16T12:49:54","guid":{"rendered":"https:\/\/trt12punto.com\/directors-cut\/"},"modified":"2022-06-16T15:49:54","modified_gmt":"2022-06-16T12:49:54","slug":"directors-cut","status":"publish","type":"page","link":"https:\/\/trt12punto.com\/en\/directors-cut\/","title":{"rendered":"Director&#8217;s Cut"},"content":{"rendered":"<p><strong>CREW<\/strong><\/p>\n<p>Director: Ayd\u0131n Sayman<br \/>\nScreenwriter: Ayd\u0131n Sayman<br \/>\nProducer: Haydar I\u015f\u0131k<\/p>\n<hr>\n<p><strong>SYNOPSIS<\/strong><\/p>\n<p>Middle-aged film director Sinan is depressed because he cannot realize the movies he dreams of. At midnight, when he leaves his friend&#8217;s side, he is stabbed while trying to break up a fight on the street he is walking on. Losing blood, Sinan lies on the corner of the sidewalk where he fell, almost to die. He immerses himself in the flow of sounds and images of the past that occupy his mind. He encountered Syrian refugee Suveyda begging on the sidewalks of a street and her husband Ammar, who watched her with shame. A representative of a foreign media outlet will pay for a documentary about a refugee family trying to seek asylum in the west. One of Sinan\u2019s friend meet him with the young and beautiful Deniz. Deniz asks Sinan to introduce her to Mr. Hamit, the friend of his deceased brother. Deniz&#8217;s father, whom she had never seen, was arrested during the coup years, died under torture, and was buried in an unknown place. Her mother asked her daughter to search for her father&#8217;s grave and whispered that the person who reported them was Hamit, who\u2019s a wealthy businessman now. Deniz thinks that she can reach her father&#8217;s lost grave through Hamit.            <\/p>\n","protected":false},"excerpt":{"rendered":"<p>CREW Director: Ayd\u0131n Sayman Screenwriter: Ayd\u0131n Sayman Producer: Haydar I\u015f\u0131k SYNOPSIS Middle-aged film director Sinan is depressed because he cannot realize the movies he dreams of. At midnight, when he leaves his friend&#8217;s side, he is stabbed while trying to break up a fight on the street he is walking on. Losing blood, Sinan lies [&hellip;]<\/p>\n","protected":false},"author":1,"featured_media":0,"parent":0,"menu_order":237,"comment_status":"closed","ping_status":"closed","template":"","meta":{"footnotes":""},"class_list":["post-10263","page","type-page","status-publish","hentry"],"yoast_head":"<!-- This site is optimized with the Yoast SEO plugin v27.2 - https:\/\/yoast.com\/product\/yoast-seo-wordpress\/ -->\n<title>Director&#039;s Cut - TRT 12 Punto<\/title>\n<meta name=\"robots\" content=\"index, follow, max-snippet:-1, max-image-preview:large, max-video-preview:-1\" \/>\n<link rel=\"canonical\" href=\"https:\/\/trt12punto.com\/yonetmen-kurgusu\/\" \/>\n<meta property=\"og:locale\" content=\"en_US\" \/>\n<meta property=\"og:type\" content=\"article\" \/>\n<meta property=\"og:title\" content=\"Director&#039;s Cut - TRT 12 Punto\" \/>\n<meta property=\"og:description\" content=\"CREW Director: Ayd\u0131n Sayman Screenwriter: Ayd\u0131n Sayman Producer: Haydar I\u015f\u0131k SYNOPSIS Middle-aged film director Sinan is depressed because he cannot realize the movies he dreams of. At midnight, when he leaves his friend&#8217;s side, he is stabbed while trying to break up a fight on the street he is walking on. Losing blood, Sinan lies [&hellip;]\" \/>\n<meta property=\"og:url\" content=\"https:\/\/trt12punto.com\/yonetmen-kurgusu\/\" \/>\n<meta property=\"og:site_name\" content=\"TRT 12 Punto\" \/>\n<meta name=\"twitter:card\" content=\"summary_large_image\" \/>\n<meta name=\"twitter:label1\" content=\"Est. reading time\" \/>\n\t<meta name=\"twitter:data1\" content=\"1 minute\" \/>\n<script type=\"application\/ld+json\" class=\"yoast-schema-graph\">{\"@context\":\"https:\/\/schema.org\",\"@graph\":[{\"@type\":\"WebPage\",\"@id\":\"https:\/\/trt12punto.com\/yonetmen-kurgusu\/\",\"url\":\"https:\/\/trt12punto.com\/yonetmen-kurgusu\/\",\"name\":\"Director's Cut - TRT 12 Punto\",\"isPartOf\":{\"@id\":\"https:\/\/trt12punto.com\/#website\"},\"datePublished\":\"2022-06-16T12:49:54+00:00\",\"breadcrumb\":{\"@id\":\"https:\/\/trt12punto.com\/yonetmen-kurgusu\/#breadcrumb\"},\"inLanguage\":\"en-US\",\"potentialAction\":[{\"@type\":\"ReadAction\",\"target\":[\"https:\/\/trt12punto.com\/yonetmen-kurgusu\/\"]}]},{\"@type\":\"BreadcrumbList\",\"@id\":\"https:\/\/trt12punto.com\/yonetmen-kurgusu\/#breadcrumb\",\"itemListElement\":[{\"@type\":\"ListItem\",\"position\":1,\"name\":\"Anasayfa\",\"item\":\"https:\/\/trt12punto.com\/en\/home\/\"},{\"@type\":\"ListItem\",\"position\":2,\"name\":\"Director&#8217;s Cut\"}]},{\"@type\":\"WebSite\",\"@id\":\"https:\/\/trt12punto.com\/#website\",\"url\":\"https:\/\/trt12punto.com\/\",\"name\":\"TRT 12 Punto\",\"description\":\"T\u00fcrkiye&#039;nin En B\u00fcy\u00fck Senaryo Geli\u015ftirme Platformu\",\"potentialAction\":[{\"@type\":\"SearchAction\",\"target\":{\"@type\":\"EntryPoint\",\"urlTemplate\":\"https:\/\/trt12punto.com\/?s={search_term_string}\"},\"query-input\":{\"@type\":\"PropertyValueSpecification\",\"valueRequired\":true,\"valueName\":\"search_term_string\"}}],\"inLanguage\":\"en-US\"}]}<\/script>\n<!-- \/ Yoast SEO plugin. -->","yoast_head_json":{"title":"Director's Cut - TRT 12 Punto","robots":{"index":"index","follow":"follow","max-snippet":"max-snippet:-1","max-image-preview":"max-image-preview:large","max-video-preview":"max-video-preview:-1"},"canonical":"https:\/\/trt12punto.com\/yonetmen-kurgusu\/","og_locale":"en_US","og_type":"article","og_title":"Director's Cut - TRT 12 Punto","og_description":"CREW Director: Ayd\u0131n Sayman Screenwriter: Ayd\u0131n Sayman Producer: Haydar I\u015f\u0131k SYNOPSIS Middle-aged film director Sinan is depressed because he cannot realize the movies he dreams of. At midnight, when he leaves his friend&#8217;s side, he is stabbed while trying to break up a fight on the street he is walking on. Losing blood, Sinan lies [&hellip;]","og_url":"https:\/\/trt12punto.com\/yonetmen-kurgusu\/","og_site_name":"TRT 12 Punto","twitter_card":"summary_large_image","twitter_misc":{"Est. reading time":"1 minute"},"schema":{"@context":"https:\/\/schema.org","@graph":[{"@type":"WebPage","@id":"https:\/\/trt12punto.com\/yonetmen-kurgusu\/","url":"https:\/\/trt12punto.com\/yonetmen-kurgusu\/","name":"Director's Cut - TRT 12 Punto","isPartOf":{"@id":"https:\/\/trt12punto.com\/#website"},"datePublished":"2022-06-16T12:49:54+00:00","breadcrumb":{"@id":"https:\/\/trt12punto.com\/yonetmen-kurgusu\/#breadcrumb"},"inLanguage":"en-US","potentialAction":[{"@type":"ReadAction","target":["https:\/\/trt12punto.com\/yonetmen-kurgusu\/"]}]},{"@type":"BreadcrumbList","@id":"https:\/\/trt12punto.com\/yonetmen-kurgusu\/#breadcrumb","itemListElement":[{"@type":"ListItem","position":1,"name":"Anasayfa","item":"https:\/\/trt12punto.com\/en\/home\/"},{"@type":"ListItem","position":2,"name":"Director&#8217;s Cut"}]},{"@type":"WebSite","@id":"https:\/\/trt12punto.com\/#website","url":"https:\/\/trt12punto.com\/","name":"TRT 12 Punto","description":"T\u00fcrkiye&#039;nin En B\u00fcy\u00fck Senaryo Geli\u015ftirme Platformu","potentialAction":[{"@type":"SearchAction","target":{"@type":"EntryPoint","urlTemplate":"https:\/\/trt12punto.com\/?s={search_term_string}"},"query-input":{"@type":"PropertyValueSpecification","valueRequired":true,"valueName":"search_term_string"}}],"inLanguage":"en-US"}]}},"jetpack_shortlink":"https:\/\/wp.me\/PgRTn7-2Fx","_links":{"self":[{"href":"https:\/\/trt12punto.com\/en\/wp-json\/wp\/v2\/pages\/10263","targetHints":{"allow":["GET"]}}],"collection":[{"href":"https:\/\/trt12punto.com\/en\/wp-json\/wp\/v2\/pages"}],"about":[{"href":"https:\/\/trt12punto.com\/en\/wp-json\/wp\/v2\/types\/page"}],"author":[{"embeddable":true,"href":"https:\/\/trt12punto.com\/en\/wp-json\/wp\/v2\/users\/1"}],"replies":[{"embeddable":true,"href":"https:\/\/trt12punto.com\/en\/wp-json\/wp\/v2\/comments?post=10263"}],"version-history":[{"count":0,"href":"https:\/\/trt12punto.com\/en\/wp-json\/wp\/v2\/pages\/10263\/revisions"}],"wp:attachment":[{"href":"https:\/\/trt12punto.com\/en\/wp-json\/wp\/v2\/media?parent=10263"}],"curies":[{"name":"wp","href":"https:\/\/api.w.org\/{rel}","templated":true}]}}