{"id":10377,"date":"2022-06-16T19:42:55","date_gmt":"2022-06-16T16:42:55","guid":{"rendered":"https:\/\/trt12punto.com\/2022-gallery\/"},"modified":"2022-09-22T17:27:11","modified_gmt":"2022-09-22T14:27:11","slug":"2022-gallery","status":"publish","type":"page","link":"https:\/\/trt12punto.com\/en\/2022-gallery\/","title":{"rendered":"2022 | Gallery"},"content":{"rendered":"<div id='av_section_1'  class='avia-section av-943t04-96ba1d333cbc682c30355787c697e624 main_color avia-section-default avia-no-border-styling  avia-builder-el-0  el_before_av_section  avia-builder-el-first  avia-bg-style-scroll container_wrap sidebar_right'  ><div class='container av-section-cont-open' ><main  role=\"main\" itemprop=\"mainContentOfPage\"  class='template-page content  av-content-small alpha units'><div class='post-entry post-entry-type-page post-entry-10377'><div class='entry-content-wrapper clearfix'>\n\n<style type=\"text\/css\" data-created_by=\"avia_inline_auto\" id=\"style-css-av-l4h94qra-08cae7c41e0c47831c1b0cb570c23f9c\">\n#top .av-special-heading.av-l4h94qra-08cae7c41e0c47831c1b0cb570c23f9c{\npadding-bottom:10px;\n}\nbody .av-special-heading.av-l4h94qra-08cae7c41e0c47831c1b0cb570c23f9c .av-special-heading-tag .heading-char{\nfont-size:25px;\n}\n.av-special-heading.av-l4h94qra-08cae7c41e0c47831c1b0cb570c23f9c .av-subheading{\nfont-size:15px;\n}\n<\/style>\n<div  class='av-special-heading av-l4h94qra-08cae7c41e0c47831c1b0cb570c23f9c av-special-heading-h3  avia-builder-el-1  el_before_av_one_half  avia-builder-el-first '><h3 class='av-special-heading-tag '  itemprop=\"headline\"  >12 Punto 2022 | Day 1 ?<\/h3><div class=\"special-heading-border\"><div class=\"special-heading-inner-border\"><\/div><\/div><\/div>\n\n<style type=\"text\/css\" data-created_by=\"avia_inline_auto\" id=\"style-css-av-6ihluc-4b6fefb2724afdb392a19d85c1037e58\">\n.flex_column.av-6ihluc-4b6fefb2724afdb392a19d85c1037e58{\nborder-radius:0px 0px 0px 0px;\npadding:0px 0px 0px 0px;\n}\n<\/style>\n<div  class='flex_column av-6ihluc-4b6fefb2724afdb392a19d85c1037e58 av_one_half  avia-builder-el-2  el_after_av_heading  el_before_av_one_half  first flex_column_div av-zero-column-padding  '     ><\/div>\n<style type=\"text\/css\" data-created_by=\"avia_inline_auto\" id=\"style-css-av-4lfjdw-73eed7b91aea9b1612f1e5aaf2d634e5\">\n.flex_column.av-4lfjdw-73eed7b91aea9b1612f1e5aaf2d634e5{\nborder-radius:0px 0px 0px 0px;\npadding:0px 0px 0px 0px;\n}\n<\/style>\n<div  class='flex_column av-4lfjdw-73eed7b91aea9b1612f1e5aaf2d634e5 av_one_half  avia-builder-el-3  el_after_av_one_half  avia-builder-el-last  flex_column_div av-zero-column-padding  '     ><\/div><\/div><\/div><\/main><!-- close content main element --><\/div><\/div><div id='av_section_2'  class='avia-section av-o789w4-9d79dcc550eeaeb61c7963c870d6ea5d main_color avia-section-default avia-no-border-styling  avia-builder-el-4  el_after_av_section  el_before_av_section  avia-bg-style-scroll container_wrap sidebar_right'  ><div class='container av-section-cont-open' ><div class='template-page content  av-content-small alpha units'><div class='post-entry post-entry-type-page post-entry-10377'><div class='entry-content-wrapper clearfix'>\n\n<style type=\"text\/css\" data-created_by=\"avia_inline_auto\" id=\"style-css-av-l4h950a3-b4fbaf4264e57ad4e9dacb3f0e8242fc\">\n#top .av-special-heading.av-l4h950a3-b4fbaf4264e57ad4e9dacb3f0e8242fc{\npadding-bottom:10px;\n}\nbody .av-special-heading.av-l4h950a3-b4fbaf4264e57ad4e9dacb3f0e8242fc .av-special-heading-tag .heading-char{\nfont-size:25px;\n}\n.av-special-heading.av-l4h950a3-b4fbaf4264e57ad4e9dacb3f0e8242fc .av-subheading{\nfont-size:15px;\n}\n<\/style>\n<div  class='av-special-heading av-l4h950a3-b4fbaf4264e57ad4e9dacb3f0e8242fc av-special-heading-h3  avia-builder-el-5  el_before_av_one_half  avia-builder-el-first '><h3 class='av-special-heading-tag '  itemprop=\"headline\"  >12 Punto 2022 | Day 2 ? <\/h3><div class=\"special-heading-border\"><div class=\"special-heading-inner-border\"><\/div><\/div><\/div>\n\n<style type=\"text\/css\" data-created_by=\"avia_inline_auto\" id=\"style-css-av-6ihluc-4b6fefb2724afdb392a19d85c1037e58\">\n.flex_column.av-6ihluc-4b6fefb2724afdb392a19d85c1037e58{\nborder-radius:0px 0px 0px 0px;\npadding:0px 0px 0px 0px;\n}\n<\/style>\n<div  class='flex_column av-6ihluc-4b6fefb2724afdb392a19d85c1037e58 av_one_half  avia-builder-el-6  el_after_av_heading  el_before_av_one_half  first flex_column_div av-zero-column-padding  '     ><\/div>\n<style type=\"text\/css\" data-created_by=\"avia_inline_auto\" id=\"style-css-av-of0kf-1146e335cb8432f8ef195aedc0478e29\">\n.flex_column.av-of0kf-1146e335cb8432f8ef195aedc0478e29{\nborder-radius:0px 0px 0px 0px;\npadding:0px 0px 0px 0px;\n}\n<\/style>\n<div  class='flex_column av-of0kf-1146e335cb8432f8ef195aedc0478e29 av_one_half  avia-builder-el-7  el_after_av_one_half  avia-builder-el-last  flex_column_div av-zero-column-padding  '     ><\/div><\/div><\/div><\/div><!-- close content main div --><\/div><\/div><div id='av_section_3'  class='avia-section av-lbls1w-bba4d28a62ee33d3e0c3136d243a0d4a main_color avia-section-default avia-no-border-styling  avia-builder-el-8  el_after_av_section  el_before_av_section  avia-bg-style-scroll container_wrap sidebar_right'  ><div class='container av-section-cont-open' ><div class='template-page content  av-content-small alpha units'><div class='post-entry post-entry-type-page post-entry-10377'><div class='entry-content-wrapper clearfix'>\n\n<style type=\"text\/css\" data-created_by=\"avia_inline_auto\" id=\"style-css-av-l4h958et-8b8aa4faec3b053c8bb2a1149233f909\">\n#top .av-special-heading.av-l4h958et-8b8aa4faec3b053c8bb2a1149233f909{\npadding-bottom:10px;\n}\nbody .av-special-heading.av-l4h958et-8b8aa4faec3b053c8bb2a1149233f909 .av-special-heading-tag .heading-char{\nfont-size:25px;\n}\n.av-special-heading.av-l4h958et-8b8aa4faec3b053c8bb2a1149233f909 .av-subheading{\nfont-size:15px;\n}\n<\/style>\n<div  class='av-special-heading av-l4h958et-8b8aa4faec3b053c8bb2a1149233f909 av-special-heading-h3  avia-builder-el-9  el_before_av_one_half  avia-builder-el-first '><h3 class='av-special-heading-tag '  itemprop=\"headline\"  >12 Punto 2022 | Day 3 ?<\/h3><div class=\"special-heading-border\"><div class=\"special-heading-inner-border\"><\/div><\/div><\/div>\n\n<style type=\"text\/css\" data-created_by=\"avia_inline_auto\" id=\"style-css-av-6ihluc-4b6fefb2724afdb392a19d85c1037e58\">\n.flex_column.av-6ihluc-4b6fefb2724afdb392a19d85c1037e58{\nborder-radius:0px 0px 0px 0px;\npadding:0px 0px 0px 0px;\n}\n<\/style>\n<div  class='flex_column av-6ihluc-4b6fefb2724afdb392a19d85c1037e58 av_one_half  avia-builder-el-10  el_after_av_heading  el_before_av_one_half  first flex_column_div av-zero-column-padding  '     ><\/div>\n<style type=\"text\/css\" data-created_by=\"avia_inline_auto\" id=\"style-css-av-of0kf-1146e335cb8432f8ef195aedc0478e29\">\n.flex_column.av-of0kf-1146e335cb8432f8ef195aedc0478e29{\nborder-radius:0px 0px 0px 0px;\npadding:0px 0px 0px 0px;\n}\n<\/style>\n<div  class='flex_column av-of0kf-1146e335cb8432f8ef195aedc0478e29 av_one_half  avia-builder-el-11  el_after_av_one_half  avia-builder-el-last  flex_column_div av-zero-column-padding  '     ><\/div><\/div><\/div><\/div><!-- close content main div --><\/div><\/div><div id='av_section_4'  class='avia-section av-hacnlg-7136f1697a514c295dce0c182279efc6 main_color avia-section-default avia-no-border-styling  avia-builder-el-12  el_after_av_section  el_before_av_section  avia-bg-style-scroll container_wrap sidebar_right'  ><div class='container av-section-cont-open' ><div class='template-page content  av-content-small alpha units'><div class='post-entry post-entry-type-page post-entry-10377'><div class='entry-content-wrapper clearfix'>\n\n<style type=\"text\/css\" data-created_by=\"avia_inline_auto\" id=\"style-css-av-l4h95emt-f273aa3344648d84b608a59d429fd56e\">\n#top .av-special-heading.av-l4h95emt-f273aa3344648d84b608a59d429fd56e{\npadding-bottom:10px;\n}\nbody .av-special-heading.av-l4h95emt-f273aa3344648d84b608a59d429fd56e .av-special-heading-tag .heading-char{\nfont-size:25px;\n}\n.av-special-heading.av-l4h95emt-f273aa3344648d84b608a59d429fd56e .av-subheading{\nfont-size:15px;\n}\n<\/style>\n<div  class='av-special-heading av-l4h95emt-f273aa3344648d84b608a59d429fd56e av-special-heading-h3  avia-builder-el-13  el_before_av_one_half  avia-builder-el-first '><h3 class='av-special-heading-tag '  itemprop=\"headline\"  >12 Punto 2022 | Day 4 ?<\/h3><div class=\"special-heading-border\"><div class=\"special-heading-inner-border\"><\/div><\/div><\/div>\n\n<style type=\"text\/css\" data-created_by=\"avia_inline_auto\" id=\"style-css-av-6ihluc-4b6fefb2724afdb392a19d85c1037e58\">\n.flex_column.av-6ihluc-4b6fefb2724afdb392a19d85c1037e58{\nborder-radius:0px 0px 0px 0px;\npadding:0px 0px 0px 0px;\n}\n<\/style>\n<div  class='flex_column av-6ihluc-4b6fefb2724afdb392a19d85c1037e58 av_one_half  avia-builder-el-14  el_after_av_heading  el_before_av_one_half  first flex_column_div av-zero-column-padding  '     ><\/div>\n<style type=\"text\/css\" data-created_by=\"avia_inline_auto\" id=\"style-css-av-of0kf-1146e335cb8432f8ef195aedc0478e29\">\n.flex_column.av-of0kf-1146e335cb8432f8ef195aedc0478e29{\nborder-radius:0px 0px 0px 0px;\npadding:0px 0px 0px 0px;\n}\n<\/style>\n<div  class='flex_column av-of0kf-1146e335cb8432f8ef195aedc0478e29 av_one_half  avia-builder-el-15  el_after_av_one_half  avia-builder-el-last  flex_column_div av-zero-column-padding  '     ><\/div><\/div><\/div><\/div><!-- close content main div --><\/div><\/div><div id='av_section_5'  class='avia-section av-dhfllw-ecd2828ca36695cf26196e39afee832b main_color avia-section-default avia-no-border-styling  avia-builder-el-16  el_after_av_section  el_before_av_section  avia-bg-style-scroll container_wrap sidebar_right'  ><div class='container av-section-cont-open' ><div class='template-page content  av-content-small alpha units'><div class='post-entry post-entry-type-page post-entry-10377'><div class='entry-content-wrapper clearfix'>\n\n<style type=\"text\/css\" data-created_by=\"avia_inline_auto\" id=\"style-css-av-l4h95klj-b1b81d28ef147e661a63491fe06d4207\">\n#top .av-special-heading.av-l4h95klj-b1b81d28ef147e661a63491fe06d4207{\npadding-bottom:10px;\n}\nbody .av-special-heading.av-l4h95klj-b1b81d28ef147e661a63491fe06d4207 .av-special-heading-tag .heading-char{\nfont-size:25px;\n}\n.av-special-heading.av-l4h95klj-b1b81d28ef147e661a63491fe06d4207 .av-subheading{\nfont-size:15px;\n}\n<\/style>\n<div  class='av-special-heading av-l4h95klj-b1b81d28ef147e661a63491fe06d4207 av-special-heading-h3  avia-builder-el-17  el_before_av_one_half  avia-builder-el-first '><h3 class='av-special-heading-tag '  itemprop=\"headline\"  >12 Punto 2022 | Day 5 ?<\/h3><div class=\"special-heading-border\"><div class=\"special-heading-inner-border\"><\/div><\/div><\/div>\n\n<style type=\"text\/css\" data-created_by=\"avia_inline_auto\" id=\"style-css-av-6ihluc-4b6fefb2724afdb392a19d85c1037e58\">\n.flex_column.av-6ihluc-4b6fefb2724afdb392a19d85c1037e58{\nborder-radius:0px 0px 0px 0px;\npadding:0px 0px 0px 0px;\n}\n<\/style>\n<div  class='flex_column av-6ihluc-4b6fefb2724afdb392a19d85c1037e58 av_one_half  avia-builder-el-18  el_after_av_heading  el_before_av_one_half  first flex_column_div av-zero-column-padding  '     ><\/div>\n<style type=\"text\/css\" data-created_by=\"avia_inline_auto\" id=\"style-css-av-of0kf-1146e335cb8432f8ef195aedc0478e29\">\n.flex_column.av-of0kf-1146e335cb8432f8ef195aedc0478e29{\nborder-radius:0px 0px 0px 0px;\npadding:0px 0px 0px 0px;\n}\n<\/style>\n<div  class='flex_column av-of0kf-1146e335cb8432f8ef195aedc0478e29 av_one_half  avia-builder-el-19  el_after_av_one_half  avia-builder-el-last  flex_column_div av-zero-column-padding  '     ><\/div><\/div><\/div><\/div><!-- close content main div --><\/div><\/div><div id='av_section_6'  class='avia-section av-airsl0-748b08883275ea4d6d1562240f536ee7 main_color avia-section-default avia-no-border-styling  avia-builder-el-20  el_after_av_section  el_before_av_section  avia-bg-style-scroll container_wrap sidebar_right'  ><div class='container av-section-cont-open' ><div class='template-page content  av-content-small alpha units'><div class='post-entry post-entry-type-page post-entry-10377'><div class='entry-content-wrapper clearfix'>\n\n<style type=\"text\/css\" data-created_by=\"avia_inline_auto\" id=\"style-css-av-l4h95r5u-1cadfa324ba217806edeaa50adabd8f8\">\n#top .av-special-heading.av-l4h95r5u-1cadfa324ba217806edeaa50adabd8f8{\npadding-bottom:10px;\n}\nbody .av-special-heading.av-l4h95r5u-1cadfa324ba217806edeaa50adabd8f8 .av-special-heading-tag .heading-char{\nfont-size:25px;\n}\n.av-special-heading.av-l4h95r5u-1cadfa324ba217806edeaa50adabd8f8 .av-subheading{\nfont-size:15px;\n}\n<\/style>\n<div  class='av-special-heading av-l4h95r5u-1cadfa324ba217806edeaa50adabd8f8 av-special-heading-h3  avia-builder-el-21  el_before_av_one_half  avia-builder-el-first '><h3 class='av-special-heading-tag '  itemprop=\"headline\"  >12 Punto 2022 | Day 6 ?<\/h3><div class=\"special-heading-border\"><div class=\"special-heading-inner-border\"><\/div><\/div><\/div>\n\n<style type=\"text\/css\" data-created_by=\"avia_inline_auto\" id=\"style-css-av-6ihluc-4b6fefb2724afdb392a19d85c1037e58\">\n.flex_column.av-6ihluc-4b6fefb2724afdb392a19d85c1037e58{\nborder-radius:0px 0px 0px 0px;\npadding:0px 0px 0px 0px;\n}\n<\/style>\n<div  class='flex_column av-6ihluc-4b6fefb2724afdb392a19d85c1037e58 av_one_half  avia-builder-el-22  el_after_av_heading  el_before_av_one_half  first flex_column_div av-zero-column-padding  '     ><\/div>\n<style type=\"text\/css\" data-created_by=\"avia_inline_auto\" id=\"style-css-av-of0kf-1146e335cb8432f8ef195aedc0478e29\">\n.flex_column.av-of0kf-1146e335cb8432f8ef195aedc0478e29{\nborder-radius:0px 0px 0px 0px;\npadding:0px 0px 0px 0px;\n}\n<\/style>\n<div  class='flex_column av-of0kf-1146e335cb8432f8ef195aedc0478e29 av_one_half  avia-builder-el-23  el_after_av_one_half  avia-builder-el-last  flex_column_div av-zero-column-padding  '     ><\/div><\/div><\/div><\/div><!-- close content main div --><\/div><\/div><div id='av_section_7'  class='avia-section av-h8bhg-39e075ff8a2e2ef80b93843126d08ab0 main_color avia-section-default avia-no-border-styling  avia-builder-el-24  el_after_av_section  el_before_av_section  avia-bg-style-scroll container_wrap sidebar_right'  ><div class='container av-section-cont-open' ><div class='template-page content  av-content-small alpha units'><div class='post-entry post-entry-type-page post-entry-10377'><div class='entry-content-wrapper clearfix'>\n\n<style type=\"text\/css\" data-created_by=\"avia_inline_auto\" id=\"style-css-av-l4h95xox-7bf94dfd22ef7fd4d4b508c1ebb9ce8b\">\n#top .av-special-heading.av-l4h95xox-7bf94dfd22ef7fd4d4b508c1ebb9ce8b{\npadding-bottom:10px;\n}\nbody .av-special-heading.av-l4h95xox-7bf94dfd22ef7fd4d4b508c1ebb9ce8b .av-special-heading-tag .heading-char{\nfont-size:25px;\n}\n.av-special-heading.av-l4h95xox-7bf94dfd22ef7fd4d4b508c1ebb9ce8b .av-subheading{\nfont-size:15px;\n}\n<\/style>\n<div  class='av-special-heading av-l4h95xox-7bf94dfd22ef7fd4d4b508c1ebb9ce8b av-special-heading-h3  avia-builder-el-25  el_before_av_one_half  avia-builder-el-first '><h3 class='av-special-heading-tag '  itemprop=\"headline\"  >12 Punto 2022 | Day 7 ?<\/h3><div class=\"special-heading-border\"><div class=\"special-heading-inner-border\"><\/div><\/div><\/div>\n\n<style type=\"text\/css\" data-created_by=\"avia_inline_auto\" id=\"style-css-av-6ihluc-4b6fefb2724afdb392a19d85c1037e58\">\n.flex_column.av-6ihluc-4b6fefb2724afdb392a19d85c1037e58{\nborder-radius:0px 0px 0px 0px;\npadding:0px 0px 0px 0px;\n}\n<\/style>\n<div  class='flex_column av-6ihluc-4b6fefb2724afdb392a19d85c1037e58 av_one_half  avia-builder-el-26  el_after_av_heading  el_before_av_one_half  first flex_column_div av-zero-column-padding  '     ><\/div>\n<style type=\"text\/css\" data-created_by=\"avia_inline_auto\" id=\"style-css-av-git33-39f8115d632730809357746b334f4064\">\n.flex_column.av-git33-39f8115d632730809357746b334f4064{\nborder-radius:0px 0px 0px 0px;\npadding:0px 0px 0px 0px;\n}\n<\/style>\n<div  class='flex_column av-git33-39f8115d632730809357746b334f4064 av_one_half  avia-builder-el-27  el_after_av_one_half  avia-builder-el-last  flex_column_div av-zero-column-padding  '     ><\/div><\/div><\/div><\/div><!-- close content main div --><\/div><\/div><div id='av_section_8'  class='avia-section av-h8bhg-39e075ff8a2e2ef80b93843126d08ab0 main_color avia-section-default avia-no-border-styling  avia-builder-el-28  el_after_av_section  el_before_av_section  avia-bg-style-scroll container_wrap sidebar_right'  ><div class='container av-section-cont-open' ><div class='template-page content  av-content-small alpha units'><div class='post-entry post-entry-type-page post-entry-10377'><div class='entry-content-wrapper clearfix'>\n\n<style type=\"text\/css\" data-created_by=\"avia_inline_auto\" id=\"style-css-av-l4h96w5f-76d483294a929cfa52191f83d7ca589f\">\n#top .av-special-heading.av-l4h96w5f-76d483294a929cfa52191f83d7ca589f{\npadding-bottom:10px;\n}\nbody .av-special-heading.av-l4h96w5f-76d483294a929cfa52191f83d7ca589f .av-special-heading-tag .heading-char{\nfont-size:25px;\n}\n.av-special-heading.av-l4h96w5f-76d483294a929cfa52191f83d7ca589f .av-subheading{\nfont-size:15px;\n}\n<\/style>\n<div  class='av-special-heading av-l4h96w5f-76d483294a929cfa52191f83d7ca589f av-special-heading-h3  avia-builder-el-29  el_before_av_one_half  avia-builder-el-first '><h3 class='av-special-heading-tag '  itemprop=\"headline\"  >12 Punto 2022 | Jury Presentations <span class='special_amp'>&amp;<\/span> Award Ceremony ?<\/h3><div class=\"special-heading-border\"><div class=\"special-heading-inner-border\"><\/div><\/div><\/div>\n\n<style type=\"text\/css\" data-created_by=\"avia_inline_auto\" id=\"style-css-av-6ihluc-4b6fefb2724afdb392a19d85c1037e58\">\n.flex_column.av-6ihluc-4b6fefb2724afdb392a19d85c1037e58{\nborder-radius:0px 0px 0px 0px;\npadding:0px 0px 0px 0px;\n}\n<\/style>\n<div  class='flex_column av-6ihluc-4b6fefb2724afdb392a19d85c1037e58 av_one_half  avia-builder-el-30  el_after_av_heading  el_before_av_one_half  first flex_column_div av-zero-column-padding  '     ><\/div>\n<style type=\"text\/css\" data-created_by=\"avia_inline_auto\" id=\"style-css-av-git33-39f8115d632730809357746b334f4064\">\n.flex_column.av-git33-39f8115d632730809357746b334f4064{\nborder-radius:0px 0px 0px 0px;\npadding:0px 0px 0px 0px;\n}\n<\/style>\n<div  class='flex_column av-git33-39f8115d632730809357746b334f4064 av_one_half  avia-builder-el-31  el_after_av_one_half  avia-builder-el-last  flex_column_div av-zero-column-padding  '     ><\/div><\/div><\/div><\/div><!-- close content main div --><\/div><\/div><div id='av_section_9'  class='avia-section av-7rez5g-1ef6b26670d65c5f8ee962d50d80b879 main_color avia-section-default avia-no-border-styling  avia-builder-el-32  el_after_av_section  avia-builder-el-last  avia-bg-style-scroll container_wrap sidebar_right'  ><div class='container av-section-cont-open' ><div class='template-page content  av-content-small alpha units'><div class='post-entry post-entry-type-page post-entry-10377'><div class='entry-content-wrapper clearfix'>\n\n<style type=\"text\/css\" data-created_by=\"avia_inline_auto\" id=\"style-css-av-l4h97bda-47276eb72a0934b11f9d5e6ead0ab3e6\">\n#top .av-special-heading.av-l4h97bda-47276eb72a0934b11f9d5e6ead0ab3e6{\npadding-bottom:10px;\n}\nbody .av-special-heading.av-l4h97bda-47276eb72a0934b11f9d5e6ead0ab3e6 .av-special-heading-tag .heading-char{\nfont-size:25px;\n}\n.av-special-heading.av-l4h97bda-47276eb72a0934b11f9d5e6ead0ab3e6 .av-subheading{\nfont-size:15px;\n}\n<\/style>\n<div  class='av-special-heading av-l4h97bda-47276eb72a0934b11f9d5e6ead0ab3e6 av-special-heading-h3  avia-builder-el-33  el_before_av_one_half  avia-builder-el-first '><h3 class='av-special-heading-tag '  itemprop=\"headline\"  >12 Punto 2022 | Review of the Week ?<\/h3><div class=\"special-heading-border\"><div class=\"special-heading-inner-border\"><\/div><\/div><\/div>\n\n<style type=\"text\/css\" data-created_by=\"avia_inline_auto\" id=\"style-css-av-6ihluc-4b6fefb2724afdb392a19d85c1037e58\">\n.flex_column.av-6ihluc-4b6fefb2724afdb392a19d85c1037e58{\nborder-radius:0px 0px 0px 0px;\npadding:0px 0px 0px 0px;\n}\n<\/style>\n<div  class='flex_column av-6ihluc-4b6fefb2724afdb392a19d85c1037e58 av_one_half  avia-builder-el-34  el_after_av_heading  avia-builder-el-last  first flex_column_div av-zero-column-padding  '     ><\/div><\/div><\/div><\/div><!-- close content main div --><\/div><\/div><div id='after_section_9'  class='main_color av_default_container_wrap container_wrap sidebar_right'  ><div class='container av-section-cont-open' ><div class='template-page content  av-content-small alpha units'><div class='post-entry post-entry-type-page post-entry-10377'><div class='entry-content-wrapper clearfix'><\/p>\n","protected":false},"excerpt":{"rendered":"","protected":false},"author":1,"featured_media":0,"parent":0,"menu_order":172,"comment_status":"closed","ping_status":"closed","template":"","meta":{"footnotes":""},"class_list":["post-10377","page","type-page","status-publish","hentry"],"yoast_head":"<!-- This site is optimized with the Yoast SEO plugin v27.2 - https:\/\/yoast.com\/product\/yoast-seo-wordpress\/ -->\n<title>2022 | Gallery - TRT 12 Punto<\/title>\n<meta name=\"robots\" content=\"index, follow, max-snippet:-1, max-image-preview:large, max-video-preview:-1\" \/>\n<link rel=\"canonical\" href=\"https:\/\/trt12punto.com\/en\/2022-gallery\/\" \/>\n<meta property=\"og:locale\" content=\"en_US\" \/>\n<meta property=\"og:type\" content=\"article\" \/>\n<meta property=\"og:title\" content=\"2022 | Gallery - TRT 12 Punto\" \/>\n<meta property=\"og:url\" content=\"https:\/\/trt12punto.com\/en\/2022-gallery\/\" \/>\n<meta property=\"og:site_name\" content=\"TRT 12 Punto\" \/>\n<meta property=\"article:modified_time\" content=\"2022-09-22T14:27:11+00:00\" \/>\n<meta name=\"twitter:card\" content=\"summary_large_image\" \/>\n<meta name=\"twitter:label1\" content=\"Est. reading time\" \/>\n\t<meta name=\"twitter:data1\" content=\"20 minutes\" \/>\n<script type=\"application\/ld+json\" class=\"yoast-schema-graph\">{\"@context\":\"https:\/\/schema.org\",\"@graph\":[{\"@type\":\"WebPage\",\"@id\":\"https:\/\/trt12punto.com\/en\/2022-gallery\/\",\"url\":\"https:\/\/trt12punto.com\/en\/2022-gallery\/\",\"name\":\"2022 | Gallery - TRT 12 Punto\",\"isPartOf\":{\"@id\":\"https:\/\/trt12punto.com\/#website\"},\"datePublished\":\"2022-06-16T16:42:55+00:00\",\"dateModified\":\"2022-09-22T14:27:11+00:00\",\"breadcrumb\":{\"@id\":\"https:\/\/trt12punto.com\/en\/2022-gallery\/#breadcrumb\"},\"inLanguage\":\"en-US\",\"potentialAction\":[{\"@type\":\"ReadAction\",\"target\":[\"https:\/\/trt12punto.com\/en\/2022-gallery\/\"]}]},{\"@type\":\"BreadcrumbList\",\"@id\":\"https:\/\/trt12punto.com\/en\/2022-gallery\/#breadcrumb\",\"itemListElement\":[{\"@type\":\"ListItem\",\"position\":1,\"name\":\"Anasayfa\",\"item\":\"https:\/\/trt12punto.com\/en\/home\/\"},{\"@type\":\"ListItem\",\"position\":2,\"name\":\"2022 | Gallery\"}]},{\"@type\":\"WebSite\",\"@id\":\"https:\/\/trt12punto.com\/#website\",\"url\":\"https:\/\/trt12punto.com\/\",\"name\":\"TRT 12 Punto\",\"description\":\"T\u00fcrkiye&#039;nin En B\u00fcy\u00fck Senaryo Geli\u015ftirme Platformu\",\"potentialAction\":[{\"@type\":\"SearchAction\",\"target\":{\"@type\":\"EntryPoint\",\"urlTemplate\":\"https:\/\/trt12punto.com\/?s={search_term_string}\"},\"query-input\":{\"@type\":\"PropertyValueSpecification\",\"valueRequired\":true,\"valueName\":\"search_term_string\"}}],\"inLanguage\":\"en-US\"}]}<\/script>\n<!-- \/ Yoast SEO plugin. -->","yoast_head_json":{"title":"2022 | Gallery - TRT 12 Punto","robots":{"index":"index","follow":"follow","max-snippet":"max-snippet:-1","max-image-preview":"max-image-preview:large","max-video-preview":"max-video-preview:-1"},"canonical":"https:\/\/trt12punto.com\/en\/2022-gallery\/","og_locale":"en_US","og_type":"article","og_title":"2022 | Gallery - TRT 12 Punto","og_url":"https:\/\/trt12punto.com\/en\/2022-gallery\/","og_site_name":"TRT 12 Punto","article_modified_time":"2022-09-22T14:27:11+00:00","twitter_card":"summary_large_image","twitter_misc":{"Est. reading time":"20 minutes"},"schema":{"@context":"https:\/\/schema.org","@graph":[{"@type":"WebPage","@id":"https:\/\/trt12punto.com\/en\/2022-gallery\/","url":"https:\/\/trt12punto.com\/en\/2022-gallery\/","name":"2022 | Gallery - TRT 12 Punto","isPartOf":{"@id":"https:\/\/trt12punto.com\/#website"},"datePublished":"2022-06-16T16:42:55+00:00","dateModified":"2022-09-22T14:27:11+00:00","breadcrumb":{"@id":"https:\/\/trt12punto.com\/en\/2022-gallery\/#breadcrumb"},"inLanguage":"en-US","potentialAction":[{"@type":"ReadAction","target":["https:\/\/trt12punto.com\/en\/2022-gallery\/"]}]},{"@type":"BreadcrumbList","@id":"https:\/\/trt12punto.com\/en\/2022-gallery\/#breadcrumb","itemListElement":[{"@type":"ListItem","position":1,"name":"Anasayfa","item":"https:\/\/trt12punto.com\/en\/home\/"},{"@type":"ListItem","position":2,"name":"2022 | Gallery"}]},{"@type":"WebSite","@id":"https:\/\/trt12punto.com\/#website","url":"https:\/\/trt12punto.com\/","name":"TRT 12 Punto","description":"T\u00fcrkiye&#039;nin En B\u00fcy\u00fck Senaryo Geli\u015ftirme Platformu","potentialAction":[{"@type":"SearchAction","target":{"@type":"EntryPoint","urlTemplate":"https:\/\/trt12punto.com\/?s={search_term_string}"},"query-input":{"@type":"PropertyValueSpecification","valueRequired":true,"valueName":"search_term_string"}}],"inLanguage":"en-US"}]}},"jetpack_shortlink":"https:\/\/wp.me\/PgRTn7-2Hn","_links":{"self":[{"href":"https:\/\/trt12punto.com\/en\/wp-json\/wp\/v2\/pages\/10377","targetHints":{"allow":["GET"]}}],"collection":[{"href":"https:\/\/trt12punto.com\/en\/wp-json\/wp\/v2\/pages"}],"about":[{"href":"https:\/\/trt12punto.com\/en\/wp-json\/wp\/v2\/types\/page"}],"author":[{"embeddable":true,"href":"https:\/\/trt12punto.com\/en\/wp-json\/wp\/v2\/users\/1"}],"replies":[{"embeddable":true,"href":"https:\/\/trt12punto.com\/en\/wp-json\/wp\/v2\/comments?post=10377"}],"version-history":[{"count":5,"href":"https:\/\/trt12punto.com\/en\/wp-json\/wp\/v2\/pages\/10377\/revisions"}],"predecessor-version":[{"id":11236,"href":"https:\/\/trt12punto.com\/en\/wp-json\/wp\/v2\/pages\/10377\/revisions\/11236"}],"wp:attachment":[{"href":"https:\/\/trt12punto.com\/en\/wp-json\/wp\/v2\/media?parent=10377"}],"curies":[{"name":"wp","href":"https:\/\/api.w.org\/{rel}","templated":true}]}}