{"id":1531,"date":"2020-12-17T16:33:09","date_gmt":"2020-12-17T13:33:09","guid":{"rendered":"http:\/\/trt12punto.com\/iletisim\/"},"modified":"2021-01-20T13:00:05","modified_gmt":"2021-01-20T10:00:05","slug":"contact","status":"publish","type":"page","link":"https:\/\/trt12punto.com\/en\/contact\/","title":{"rendered":"CONTACT"},"content":{"rendered":"\n<style type=\"text\/css\" data-created_by=\"avia_inline_auto\" id=\"style-css-av-r4hq-c4be977ca8c04e818e67d548400f8847\">\n.flex_column.av-r4hq-c4be977ca8c04e818e67d548400f8847{\nborder-radius:0px 0px 0px 0px;\npadding:0px 0px 0px 0px;\n}\n<\/style>\n<div  class='flex_column av-r4hq-c4be977ca8c04e818e67d548400f8847 av_one_full  avia-builder-el-0  el_before_av_two_fifth  avia-builder-el-first  first flex_column_div av-zero-column-padding  '     ><p>\n<style type=\"text\/css\" data-created_by=\"avia_inline_auto\" id=\"style-css-av-av_heading-5d8498246ae48f6f04934b079ccf444e\">\n#top .av-special-heading.av-av_heading-5d8498246ae48f6f04934b079ccf444e{\npadding-bottom:10px;\n}\nbody .av-special-heading.av-av_heading-5d8498246ae48f6f04934b079ccf444e .av-special-heading-tag .heading-char{\nfont-size:25px;\n}\n.av-special-heading.av-av_heading-5d8498246ae48f6f04934b079ccf444e .av-subheading{\nfont-size:15px;\n}\n<\/style>\n<div  class='av-special-heading av-av_heading-5d8498246ae48f6f04934b079ccf444e av-special-heading-h3 blockquote elegant-quote elegant-centered  avia-builder-el-1  el_before_av_textblock  avia-builder-el-first '><h3 class='av-special-heading-tag '  itemprop=\"headline\"  ><span class=\"heading-wrap\">Contact information<\/span><\/h3><div class=\"special-heading-border\"><div class=\"special-heading-inner-border\"><\/div><\/div><\/div><br \/>\n<section  class='av_textblock_section av-kj2vh82q-40ae3d6f7fe28644f1a979b15996ad51 '   itemscope=\"itemscope\" itemtype=\"https:\/\/schema.org\/CreativeWork\" ><div class='avia_textblock'  itemprop=\"text\" ><p style=\"text-align: center;\"><strong>TRT Directorate of Cinema<\/strong><\/p>\n<p style=\"text-align: center;\"><strong>E-Mail:<br \/>\n<\/strong>12punto@trt.net.tr<\/p>\n<p style=\"text-align: center;\"><strong>Telephone:<br \/>\n<\/strong>+90 (312) 463 46 40<br \/>\n+90 (312) 463 24 61<\/p>\n<p style=\"text-align: center;\"><strong>Adress: <\/strong>Boulevard of Turan Gunes, TRT Buildings, C Block, No: 603, 06450<br \/>\nOr-An, Ankara, Turkey<\/p>\n<\/div><\/section><br \/>\n\n<style type=\"text\/css\" data-created_by=\"avia_inline_auto\" id=\"style-css-av-kj5o1on2-507fcc7d84b9883db44d87d146292c08\">\n#top .hr.hr-invisible.av-kj5o1on2-507fcc7d84b9883db44d87d146292c08{\nheight:25px;\n}\n<\/style>\n<div  class='hr av-kj5o1on2-507fcc7d84b9883db44d87d146292c08 hr-invisible  avia-builder-el-3  el_after_av_textblock  el_before_av_heading '><span class='hr-inner '><span class=\"hr-inner-style\"><\/span><\/span><\/div><br \/>\n\n<style type=\"text\/css\" data-created_by=\"avia_inline_auto\" id=\"style-css-av-kk596lxj-736218df6c86b0b3d4278935f2c85cd1\">\n#top .av-special-heading.av-kk596lxj-736218df6c86b0b3d4278935f2c85cd1{\npadding-bottom:0;\n}\nbody .av-special-heading.av-kk596lxj-736218df6c86b0b3d4278935f2c85cd1 .av-special-heading-tag .heading-char{\nfont-size:25px;\n}\n.av-special-heading.av-kk596lxj-736218df6c86b0b3d4278935f2c85cd1 .av-subheading{\nfont-size:15px;\n}\n<\/style>\n<div  class='av-special-heading av-kk596lxj-736218df6c86b0b3d4278935f2c85cd1 av-special-heading-h3 blockquote elegant-quote elegant-centered  avia-builder-el-4  el_after_av_hr  avia-builder-el-last '><h3 class='av-special-heading-tag '  itemprop=\"headline\"  ><span class=\"heading-wrap\">Follow Us<\/span><\/h3><div class=\"special-heading-border\"><div class=\"special-heading-inner-border\"><\/div><\/div><\/div><\/p><\/div>\n\n<style type=\"text\/css\" data-created_by=\"avia_inline_auto\" id=\"style-css-av-av_two_fifth-79ff81c021393065cee878051452f6a6\">\n.flex_column.av-av_two_fifth-79ff81c021393065cee878051452f6a6{\nborder-radius:0px 0px 0px 0px;\npadding:0px 0px 0px 0px;\n}\n<\/style>\n<div  class='flex_column av-av_two_fifth-79ff81c021393065cee878051452f6a6 av_two_fifth  avia-builder-el-5  el_after_av_one_full  el_before_av_two_fifth  first flex_column_div av-zero-column-padding  column-top-margin'     ><\/div>\n\n<style type=\"text\/css\" data-created_by=\"avia_inline_auto\" id=\"style-css-av-av_two_fifth-49f6e875884219cf77c24341e550af53\">\n.flex_column.av-av_two_fifth-49f6e875884219cf77c24341e550af53{\nborder-radius:0px 0px 0px 0px;\npadding:0px 0px 0px 0px;\n}\n<\/style>\n<div  class='flex_column av-av_two_fifth-49f6e875884219cf77c24341e550af53 av_two_fifth  avia-builder-el-6  el_after_av_two_fifth  el_before_av_one_fifth  flex_column_div av-zero-column-padding  column-top-margin'     ><section  class='av_textblock_section av-kj5ng0a3-f46c8016fad262fd1f7b5887a279899d '   itemscope=\"itemscope\" itemtype=\"https:\/\/schema.org\/CreativeWork\" ><div class='avia_textblock'  itemprop=\"text\" ><ul class=\"noLightbox social_bookmarks icon_count_2\">\n<li class=\"social_bookmarks_twitter av-social-link-twitter social_icon_1\"><a title=\"Twitter\" href=\"https:\/\/twitter.com\/trt12punto\" target=\"_blank\" rel=\"noopener\" aria-hidden=\"true\" data-av_icon=\"\ue8f1\" data-av_iconfont=\"entypo-fontello\"><span class=\"avia_hidden_link_text\">Twitter<\/span><\/a><\/li>\n<li class=\"social_bookmarks_facebook av-social-link-facebook social_icon_2\"><a title=\"Facebook\" href=\"https:\/\/facebook.com\/trt12punto\" target=\"_blank\" rel=\"noopener\" aria-hidden=\"true\" data-av_icon=\"\ue8f3\" data-av_iconfont=\"entypo-fontello\"><span class=\"avia_hidden_link_text\">Facebook<\/span><\/a><\/li>\n<li class=\"social_bookmarks_instagram av-social-link-instagram social_icon_3\"><a title=\"Instagram\" href=\"https:\/\/instagram.com\/trt12punto\" target=\"_blank\" rel=\"noopener\" aria-hidden=\"true\" data-av_icon=\"\ue909\" data-av_iconfont=\"entypo-fontello\"><span class=\"avia_hidden_link_text\">Instagram<\/span><\/a><\/li>\n<li class=\"social_bookmarks_youtube av-social-link-youtube social_icon_4\"><a title=\"Youtube\" href=\"https:\/\/www.youtube.com\/channel\/UCitVC-bVAsJc0lOTwSZMbSw\" target=\"_blank\" rel=\"noopener\" aria-hidden=\"true\" data-av_icon=\"\ue921\" data-av_iconfont=\"entypo-fontello\"><span class=\"avia_hidden_link_text\">Youtube<\/span><\/a><\/li>\n<\/ul>\n<\/div><\/section><\/div>\n\n<style type=\"text\/css\" data-created_by=\"avia_inline_auto\" id=\"style-css-av-av_one_fifth-49f6e875884219cf77c24341e550af53\">\n.flex_column.av-av_one_fifth-49f6e875884219cf77c24341e550af53{\nborder-radius:0px 0px 0px 0px;\npadding:0px 0px 0px 0px;\n}\n<\/style>\n<div  class='flex_column av-av_one_fifth-49f6e875884219cf77c24341e550af53 av_one_fifth  avia-builder-el-8  el_after_av_two_fifth  avia-builder-el-last  flex_column_div av-zero-column-padding  column-top-margin'     ><\/div>\n","protected":false},"excerpt":{"rendered":"","protected":false},"author":1,"featured_media":0,"parent":0,"menu_order":28,"comment_status":"closed","ping_status":"closed","template":"","meta":{"footnotes":""},"class_list":["post-1531","page","type-page","status-publish","hentry"],"yoast_head":"<!-- This site is optimized with the Yoast SEO plugin v27.2 - https:\/\/yoast.com\/product\/yoast-seo-wordpress\/ -->\n<title>CONTACT - TRT 12 Punto<\/title>\n<meta name=\"robots\" content=\"index, follow, max-snippet:-1, max-image-preview:large, max-video-preview:-1\" \/>\n<link rel=\"canonical\" href=\"https:\/\/trt12punto.com\/iletisim\/\" \/>\n<meta property=\"og:locale\" content=\"en_US\" \/>\n<meta property=\"og:type\" content=\"article\" \/>\n<meta property=\"og:title\" content=\"CONTACT - TRT 12 Punto\" \/>\n<meta property=\"og:url\" content=\"https:\/\/trt12punto.com\/iletisim\/\" \/>\n<meta property=\"og:site_name\" content=\"TRT 12 Punto\" \/>\n<meta property=\"article:modified_time\" content=\"2021-01-20T10:00:05+00:00\" \/>\n<meta name=\"twitter:card\" content=\"summary_large_image\" \/>\n<meta name=\"twitter:label1\" content=\"Est. reading time\" \/>\n\t<meta name=\"twitter:data1\" content=\"4 minutes\" \/>\n<script type=\"application\/ld+json\" class=\"yoast-schema-graph\">{\"@context\":\"https:\/\/schema.org\",\"@graph\":[{\"@type\":\"WebPage\",\"@id\":\"https:\/\/trt12punto.com\/iletisim\/\",\"url\":\"https:\/\/trt12punto.com\/iletisim\/\",\"name\":\"CONTACT - TRT 12 Punto\",\"isPartOf\":{\"@id\":\"https:\/\/trt12punto.com\/#website\"},\"datePublished\":\"2020-12-17T13:33:09+00:00\",\"dateModified\":\"2021-01-20T10:00:05+00:00\",\"breadcrumb\":{\"@id\":\"https:\/\/trt12punto.com\/iletisim\/#breadcrumb\"},\"inLanguage\":\"en-US\",\"potentialAction\":[{\"@type\":\"ReadAction\",\"target\":[\"https:\/\/trt12punto.com\/iletisim\/\"]}]},{\"@type\":\"BreadcrumbList\",\"@id\":\"https:\/\/trt12punto.com\/iletisim\/#breadcrumb\",\"itemListElement\":[{\"@type\":\"ListItem\",\"position\":1,\"name\":\"Anasayfa\",\"item\":\"https:\/\/trt12punto.com\/en\/home\/\"},{\"@type\":\"ListItem\",\"position\":2,\"name\":\"CONTACT\"}]},{\"@type\":\"WebSite\",\"@id\":\"https:\/\/trt12punto.com\/#website\",\"url\":\"https:\/\/trt12punto.com\/\",\"name\":\"TRT 12 Punto\",\"description\":\"T\u00fcrkiye&#039;nin En B\u00fcy\u00fck Senaryo Geli\u015ftirme Platformu\",\"potentialAction\":[{\"@type\":\"SearchAction\",\"target\":{\"@type\":\"EntryPoint\",\"urlTemplate\":\"https:\/\/trt12punto.com\/?s={search_term_string}\"},\"query-input\":{\"@type\":\"PropertyValueSpecification\",\"valueRequired\":true,\"valueName\":\"search_term_string\"}}],\"inLanguage\":\"en-US\"}]}<\/script>\n<!-- \/ Yoast SEO plugin. -->","yoast_head_json":{"title":"CONTACT - TRT 12 Punto","robots":{"index":"index","follow":"follow","max-snippet":"max-snippet:-1","max-image-preview":"max-image-preview:large","max-video-preview":"max-video-preview:-1"},"canonical":"https:\/\/trt12punto.com\/iletisim\/","og_locale":"en_US","og_type":"article","og_title":"CONTACT - TRT 12 Punto","og_url":"https:\/\/trt12punto.com\/iletisim\/","og_site_name":"TRT 12 Punto","article_modified_time":"2021-01-20T10:00:05+00:00","twitter_card":"summary_large_image","twitter_misc":{"Est. reading time":"4 minutes"},"schema":{"@context":"https:\/\/schema.org","@graph":[{"@type":"WebPage","@id":"https:\/\/trt12punto.com\/iletisim\/","url":"https:\/\/trt12punto.com\/iletisim\/","name":"CONTACT - TRT 12 Punto","isPartOf":{"@id":"https:\/\/trt12punto.com\/#website"},"datePublished":"2020-12-17T13:33:09+00:00","dateModified":"2021-01-20T10:00:05+00:00","breadcrumb":{"@id":"https:\/\/trt12punto.com\/iletisim\/#breadcrumb"},"inLanguage":"en-US","potentialAction":[{"@type":"ReadAction","target":["https:\/\/trt12punto.com\/iletisim\/"]}]},{"@type":"BreadcrumbList","@id":"https:\/\/trt12punto.com\/iletisim\/#breadcrumb","itemListElement":[{"@type":"ListItem","position":1,"name":"Anasayfa","item":"https:\/\/trt12punto.com\/en\/home\/"},{"@type":"ListItem","position":2,"name":"CONTACT"}]},{"@type":"WebSite","@id":"https:\/\/trt12punto.com\/#website","url":"https:\/\/trt12punto.com\/","name":"TRT 12 Punto","description":"T\u00fcrkiye&#039;nin En B\u00fcy\u00fck Senaryo Geli\u015ftirme Platformu","potentialAction":[{"@type":"SearchAction","target":{"@type":"EntryPoint","urlTemplate":"https:\/\/trt12punto.com\/?s={search_term_string}"},"query-input":{"@type":"PropertyValueSpecification","valueRequired":true,"valueName":"search_term_string"}}],"inLanguage":"en-US"}]}},"jetpack_shortlink":"https:\/\/wp.me\/PgRTn7-oH","_links":{"self":[{"href":"https:\/\/trt12punto.com\/en\/wp-json\/wp\/v2\/pages\/1531","targetHints":{"allow":["GET"]}}],"collection":[{"href":"https:\/\/trt12punto.com\/en\/wp-json\/wp\/v2\/pages"}],"about":[{"href":"https:\/\/trt12punto.com\/en\/wp-json\/wp\/v2\/types\/page"}],"author":[{"embeddable":true,"href":"https:\/\/trt12punto.com\/en\/wp-json\/wp\/v2\/users\/1"}],"replies":[{"embeddable":true,"href":"https:\/\/trt12punto.com\/en\/wp-json\/wp\/v2\/comments?post=1531"}],"version-history":[{"count":7,"href":"https:\/\/trt12punto.com\/en\/wp-json\/wp\/v2\/pages\/1531\/revisions"}],"predecessor-version":[{"id":5006,"href":"https:\/\/trt12punto.com\/en\/wp-json\/wp\/v2\/pages\/1531\/revisions\/5006"}],"wp:attachment":[{"href":"https:\/\/trt12punto.com\/en\/wp-json\/wp\/v2\/media?parent=1531"}],"curies":[{"name":"wp","href":"https:\/\/api.w.org\/{rel}","templated":true}]}}