{"id":1572,"date":"2020-12-17T16:32:50","date_gmt":"2020-12-17T13:32:50","guid":{"rendered":"http:\/\/trt12punto.com\/arsiv\/"},"modified":"2021-01-07T17:41:38","modified_gmt":"2021-01-07T14:41:38","slug":"archive","status":"publish","type":"page","link":"https:\/\/trt12punto.com\/en\/archive\/","title":{"rendered":"Archive"},"content":{"rendered":"\n<style type=\"text\/css\" data-created_by=\"avia_inline_auto\" id=\"style-css-av-zgho-797fcc945ac1292c1f4e3b358379080f\">\n#top .av-special-heading.av-zgho-797fcc945ac1292c1f4e3b358379080f{\npadding-bottom:10px;\n}\nbody .av-special-heading.av-zgho-797fcc945ac1292c1f4e3b358379080f .av-special-heading-tag .heading-char{\nfont-size:25px;\n}\n.av-special-heading.av-zgho-797fcc945ac1292c1f4e3b358379080f .av-subheading{\nfont-size:15px;\n}\n<\/style>\n<div  class='av-special-heading av-zgho-797fcc945ac1292c1f4e3b358379080f av-special-heading-h3 blockquote elegant-quote elegant-centered  avia-builder-el-0  el_before_av_hr  avia-builder-el-first '><h3 class='av-special-heading-tag '  itemprop=\"headline\"  ><span class=\"heading-wrap\">2019<\/span><\/h3><div class=\"special-heading-border\"><div class=\"special-heading-inner-border\"><\/div><\/div><\/div>\n\n<style type=\"text\/css\" data-created_by=\"avia_inline_auto\" id=\"style-css-av-kj4by0w4-470cbf8ffccb79ec0e0a4f2ebe216fb1\">\n#top .hr.hr-invisible.av-kj4by0w4-470cbf8ffccb79ec0e0a4f2ebe216fb1{\nheight:30px;\n}\n<\/style>\n<div  class='hr av-kj4by0w4-470cbf8ffccb79ec0e0a4f2ebe216fb1 hr-invisible  avia-builder-el-1  el_after_av_heading  el_before_av_one_third '><span class='hr-inner '><span class=\"hr-inner-style\"><\/span><\/span><\/div>\n\n<style type=\"text\/css\" data-created_by=\"avia_inline_auto\" id=\"style-css-av-3d2o0-13c4f830ce65d43d55d23d7089e4db40\">\n.flex_column.av-3d2o0-13c4f830ce65d43d55d23d7089e4db40{\nborder-radius:0px 0px 0px 0px;\npadding:0px 0px 0px 0px;\n}\n<\/style>\n<div  class='flex_column av-3d2o0-13c4f830ce65d43d55d23d7089e4db40 av_one_third  avia-builder-el-2  el_after_av_hr  el_before_av_one_third  first flex_column_div av-zero-column-padding  '     ><style type=\"text\/css\" data-created_by=\"avia_inline_auto\" id=\"style-css-av-kj4brnj0-e2a292798c8e88584919382fe2d3456c\">\n.avia-image-container.av-kj4brnj0-e2a292798c8e88584919382fe2d3456c img.avia_image{\nbox-shadow:none;\n}\n.avia-image-container.av-kj4brnj0-e2a292798c8e88584919382fe2d3456c .av-caption-image-overlay-bg{\nopacity:0.4;\nbackground-color:#000000;\n}\n.avia-image-container.av-kj4brnj0-e2a292798c8e88584919382fe2d3456c .av-image-caption-overlay-center{\ncolor:#ffffff;\n}\n<\/style>\n<div  class='avia-image-container av-kj4brnj0-e2a292798c8e88584919382fe2d3456c av-styling- av-img-linked avia-align-center  avia-builder-el-3  avia-builder-el-no-sibling  noHover av-overlay-hover-deactivate'   itemprop=\"image\" itemscope=\"itemscope\" itemtype=\"https:\/\/schema.org\/ImageObject\" ><div class=\"avia-image-container-inner\"><div class=\"avia-image-overlay-wrap\"><a href=\"http:\/\/trt12punto.com\/en\/archive\/2019-2\/jury-2019\/\" class='avia_image '  aria-label='john_bailey'><div class=\"av-image-caption-overlay\"><div class=\"av-caption-image-overlay-bg\"><\/div><div class=\"av-image-caption-overlay-position\"><div class=\"av-image-caption-overlay-center\"><p>J\u00fcri \u00dcyeleri<\/p>\n<\/div><\/div><\/div><img decoding=\"async\" fetchpriority=\"high\" class='wp-image-2856 avia-img-lazy-loading-not-2856 avia_image ' src=\"https:\/\/trt12punto.com\/wp-content\/uploads\/2020\/12\/john_bailey.jpg\" alt='' title='john_bailey'  height=\"432\" width=\"720\"  itemprop=\"thumbnailUrl\" srcset=\"https:\/\/trt12punto.com\/wp-content\/uploads\/2020\/12\/john_bailey.jpg 720w, https:\/\/trt12punto.com\/wp-content\/uploads\/2020\/12\/john_bailey-300x180.jpg 300w, https:\/\/trt12punto.com\/wp-content\/uploads\/2020\/12\/john_bailey-705x423.jpg 705w\" sizes=\"(max-width: 720px) 100vw, 720px\" \/><\/a><\/div><\/div><\/div><\/div>\n\n<style type=\"text\/css\" data-created_by=\"avia_inline_auto\" id=\"style-css-av-2jt9s-85969ca08021e08d905192bb299f28c2\">\n.flex_column.av-2jt9s-85969ca08021e08d905192bb299f28c2{\nborder-radius:0px 0px 0px 0px;\npadding:0px 0px 0px 0px;\n}\n<\/style>\n<div  class='flex_column av-2jt9s-85969ca08021e08d905192bb299f28c2 av_one_third  avia-builder-el-4  el_after_av_one_third  el_before_av_one_third  flex_column_div av-zero-column-padding  '     ><style type=\"text\/css\" data-created_by=\"avia_inline_auto\" id=\"style-css-av-kj4brnj0-3ae4205002c26d6144aecbcc37cd2b45\">\n.avia-image-container.av-kj4brnj0-3ae4205002c26d6144aecbcc37cd2b45 img.avia_image{\nbox-shadow:none;\n}\n.avia-image-container.av-kj4brnj0-3ae4205002c26d6144aecbcc37cd2b45 .av-caption-image-overlay-bg{\nopacity:0.4;\nbackground-color:#000000;\n}\n.avia-image-container.av-kj4brnj0-3ae4205002c26d6144aecbcc37cd2b45 .av-image-caption-overlay-center{\ncolor:#ffffff;\n}\n<\/style>\n<div  class='avia-image-container av-kj4brnj0-3ae4205002c26d6144aecbcc37cd2b45 av-styling- av-img-linked avia-align-center  avia-builder-el-5  avia-builder-el-no-sibling  noHover av-overlay-hover-deactivate'   itemprop=\"image\" itemscope=\"itemscope\" itemtype=\"https:\/\/schema.org\/ImageObject\" ><div class=\"avia-image-container-inner\"><div class=\"avia-image-overlay-wrap\"><a href=\"http:\/\/trt12punto.com\/en\/archive\/2019-2\/instructors-2019\/\" class='avia_image '  aria-label='EVA SVENSTEDT WARD'><div class=\"av-image-caption-overlay\"><div class=\"av-caption-image-overlay-bg\"><\/div><div class=\"av-image-caption-overlay-position\"><div class=\"av-image-caption-overlay-center\"><p>E\u011fitmenler<\/p>\n<\/div><\/div><\/div><img decoding=\"async\" fetchpriority=\"high\" class='wp-image-2235 avia-img-lazy-loading-not-2235 avia_image ' src=\"https:\/\/trt12punto.com\/wp-content\/uploads\/2020\/12\/EVA-SVENSTEDT-WARD-300x180.jpg\" alt='' title='EVA SVENSTEDT WARD'  height=\"180\" width=\"300\"  itemprop=\"thumbnailUrl\" srcset=\"https:\/\/trt12punto.com\/wp-content\/uploads\/2020\/12\/EVA-SVENSTEDT-WARD-300x180.jpg 300w, https:\/\/trt12punto.com\/wp-content\/uploads\/2020\/12\/EVA-SVENSTEDT-WARD.jpg 720w, https:\/\/trt12punto.com\/wp-content\/uploads\/2020\/12\/EVA-SVENSTEDT-WARD-705x423.jpg 705w\" sizes=\"(max-width: 300px) 100vw, 300px\" \/><\/a><\/div><\/div><\/div><\/div>\n<style type=\"text\/css\" data-created_by=\"avia_inline_auto\" id=\"style-css-av-232vo-0c690e8753fe9cef13e08b02e64909c3\">\n.flex_column.av-232vo-0c690e8753fe9cef13e08b02e64909c3{\nborder-radius:0px 0px 0px 0px;\npadding:0px 0px 0px 0px;\n}\n<\/style>\n<div  class='flex_column av-232vo-0c690e8753fe9cef13e08b02e64909c3 av_one_third  avia-builder-el-6  el_after_av_one_third  el_before_av_one_third  flex_column_div av-zero-column-padding  '     ><style type=\"text\/css\" data-created_by=\"avia_inline_auto\" id=\"style-css-av-kj4brnj0-cb00fc6745d4b4f1f18c85d2902c3c13\">\n.avia-image-container.av-kj4brnj0-cb00fc6745d4b4f1f18c85d2902c3c13 img.avia_image{\nbox-shadow:none;\n}\n.avia-image-container.av-kj4brnj0-cb00fc6745d4b4f1f18c85d2902c3c13 .av-caption-image-overlay-bg{\nopacity:0.4;\nbackground-color:#000000;\n}\n.avia-image-container.av-kj4brnj0-cb00fc6745d4b4f1f18c85d2902c3c13 .av-image-caption-overlay-center{\ncolor:#ffffff;\n}\n<\/style>\n<div  class='avia-image-container av-kj4brnj0-cb00fc6745d4b4f1f18c85d2902c3c13 av-styling- av-img-linked avia-align-center  avia-builder-el-7  avia-builder-el-no-sibling  noHover av-overlay-hover-deactivate'   itemprop=\"image\" itemscope=\"itemscope\" itemtype=\"https:\/\/schema.org\/ImageObject\" ><div class=\"avia-image-container-inner\"><div class=\"avia-image-overlay-wrap\"><a href=\"http:\/\/trt12punto.com\/en\/archive\/2019-2\/finalists\/\" class='avia_image '  aria-label='Kesilmi\u015f Bir A\u011fa\u00e7 Gibi'><div class=\"av-image-caption-overlay\"><div class=\"av-caption-image-overlay-bg\"><\/div><div class=\"av-image-caption-overlay-position\"><div class=\"av-image-caption-overlay-center\"><p>Finalist Projeler<\/p>\n<\/div><\/div><\/div><img decoding=\"async\" fetchpriority=\"high\" class='wp-image-5503 avia-img-lazy-loading-not-5503 avia_image ' src=\"https:\/\/trt12punto.com\/wp-content\/uploads\/2020\/12\/Ekran-Resmi-2020-09-05-17.17.35-300x195.png\" alt='' title='Kesilmi\u015f Bir A\u011fa\u00e7 Gibi'  height=\"195\" width=\"300\"  itemprop=\"thumbnailUrl\" srcset=\"https:\/\/trt12punto.com\/wp-content\/uploads\/2020\/12\/Ekran-Resmi-2020-09-05-17.17.35-300x195.png 300w, https:\/\/trt12punto.com\/wp-content\/uploads\/2020\/12\/Ekran-Resmi-2020-09-05-17.17.35-768x498.png 768w, https:\/\/trt12punto.com\/wp-content\/uploads\/2020\/12\/Ekran-Resmi-2020-09-05-17.17.35-1030x669.png 1030w, https:\/\/trt12punto.com\/wp-content\/uploads\/2020\/12\/Ekran-Resmi-2020-09-05-17.17.35-705x458.png 705w, https:\/\/trt12punto.com\/wp-content\/uploads\/2020\/12\/Ekran-Resmi-2020-09-05-17.17.35.png 1211w\" sizes=\"(max-width: 300px) 100vw, 300px\" \/><\/a><\/div><\/div><\/div><\/div><\/p>\n\n<style type=\"text\/css\" data-created_by=\"avia_inline_auto\" id=\"style-css-av-1l9tw-8cde6e8302d8d9b399052fd7d2f12150\">\n.flex_column.av-1l9tw-8cde6e8302d8d9b399052fd7d2f12150{\nborder-radius:0px 0px 0px 0px;\npadding:0px 0px 0px 0px;\n}\n<\/style>\n<div  class='flex_column av-1l9tw-8cde6e8302d8d9b399052fd7d2f12150 av_one_third  avia-builder-el-8  el_after_av_one_third  el_before_av_one_third  first flex_column_div av-zero-column-padding  column-top-margin'     ><style type=\"text\/css\" data-created_by=\"avia_inline_auto\" id=\"style-css-av-kj4brnj0-406c2c55d0191b785bdfe2d3ed010470\">\n.avia-image-container.av-kj4brnj0-406c2c55d0191b785bdfe2d3ed010470 img.avia_image{\nbox-shadow:none;\n}\n.avia-image-container.av-kj4brnj0-406c2c55d0191b785bdfe2d3ed010470 .av-caption-image-overlay-bg{\nopacity:0.4;\nbackground-color:#000000;\n}\n.avia-image-container.av-kj4brnj0-406c2c55d0191b785bdfe2d3ed010470 .av-image-caption-overlay-center{\ncolor:#ffffff;\n}\n<\/style>\n<div  class='avia-image-container av-kj4brnj0-406c2c55d0191b785bdfe2d3ed010470 av-styling- av-img-linked avia-align-center  avia-builder-el-9  avia-builder-el-no-sibling  noHover av-overlay-hover-deactivate'   itemprop=\"image\" itemscope=\"itemscope\" itemtype=\"https:\/\/schema.org\/ImageObject\" ><div class=\"avia-image-container-inner\"><div class=\"avia-image-overlay-wrap\"><a href=\"http:\/\/trt12punto.com\/en\/archive\/2019-2\/jury-2019\/\" class='avia_image '  aria-label='\u201c12 Punto TRT Senaryo G\u00fcnleri\u201d \u00d6d\u00fclleri Sahiplerini Buldu'><div class=\"av-image-caption-overlay\"><div class=\"av-caption-image-overlay-bg\"><\/div><div class=\"av-image-caption-overlay-position\"><div class=\"av-image-caption-overlay-center\"><p>\u00d6d\u00fcl Alan Projeler<\/p>\n<\/div><\/div><\/div><img decoding=\"async\" fetchpriority=\"high\" class='wp-image-5611 avia-img-lazy-loading-not-5611 avia_image ' src=\"https:\/\/trt12punto.com\/wp-content\/uploads\/2020\/12\/50d9e6d1-1a0c-4dfd-9c41-8dc7cfc64615-300x181.jpg\" alt='' title='\u201c12 Punto TRT Senaryo G\u00fcnleri\u201d \u00d6d\u00fclleri Sahiplerini Buldu'  height=\"181\" width=\"300\"  itemprop=\"thumbnailUrl\" srcset=\"https:\/\/trt12punto.com\/wp-content\/uploads\/2020\/12\/50d9e6d1-1a0c-4dfd-9c41-8dc7cfc64615-300x181.jpg 300w, https:\/\/trt12punto.com\/wp-content\/uploads\/2020\/12\/50d9e6d1-1a0c-4dfd-9c41-8dc7cfc64615-705x426.jpg 705w, https:\/\/trt12punto.com\/wp-content\/uploads\/2020\/12\/50d9e6d1-1a0c-4dfd-9c41-8dc7cfc64615.jpg 720w\" sizes=\"(max-width: 300px) 100vw, 300px\" \/><\/a><\/div><\/div><\/div><\/div>\n<style type=\"text\/css\" data-created_by=\"avia_inline_auto\" id=\"style-css-av-103ps-4ea81c79774a89ef48e2bfd79148cfd1\">\n.flex_column.av-103ps-4ea81c79774a89ef48e2bfd79148cfd1{\nborder-radius:0px 0px 0px 0px;\npadding:0px 0px 0px 0px;\n}\n<\/style>\n<div  class='flex_column av-103ps-4ea81c79774a89ef48e2bfd79148cfd1 av_one_third  avia-builder-el-10  el_after_av_one_third  avia-builder-el-last  flex_column_div av-zero-column-padding  column-top-margin'     ><style type=\"text\/css\" data-created_by=\"avia_inline_auto\" id=\"style-css-av-kj4brnj0-3fa4744f2f6703ad5c1e3d59268c376f\">\n.avia-image-container.av-kj4brnj0-3fa4744f2f6703ad5c1e3d59268c376f img.avia_image{\nbox-shadow:none;\n}\n.avia-image-container.av-kj4brnj0-3fa4744f2f6703ad5c1e3d59268c376f .av-caption-image-overlay-bg{\nopacity:0.4;\nbackground-color:#000000;\n}\n.avia-image-container.av-kj4brnj0-3fa4744f2f6703ad5c1e3d59268c376f .av-image-caption-overlay-center{\ncolor:#ffffff;\n}\n<\/style>\n<div  class='avia-image-container av-kj4brnj0-3fa4744f2f6703ad5c1e3d59268c376f av-styling- av-img-linked avia-align-center  avia-builder-el-11  avia-builder-el-no-sibling  noHover av-overlay-hover-deactivate'   itemprop=\"image\" itemscope=\"itemscope\" itemtype=\"https:\/\/schema.org\/ImageObject\" ><div class=\"avia-image-container-inner\"><div class=\"avia-image-overlay-wrap\"><a href=\"http:\/\/trt12punto.com\/en\/archive\/2019-2\/gallery-2\/\" class='avia_image '  aria-label='8_UMUT'><div class=\"av-image-caption-overlay\"><div class=\"av-caption-image-overlay-bg\"><\/div><div class=\"av-image-caption-overlay-position\"><div class=\"av-image-caption-overlay-center\"><p>Galeri<\/p>\n<\/div><\/div><\/div><img decoding=\"async\" fetchpriority=\"high\" class='wp-image-1797 avia-img-lazy-loading-not-1797 avia_image ' src=\"https:\/\/trt12punto.com\/wp-content\/uploads\/2020\/12\/8_UMUT-300x200.jpg\" alt='' title='8_UMUT'  height=\"200\" width=\"300\"  itemprop=\"thumbnailUrl\" srcset=\"https:\/\/trt12punto.com\/wp-content\/uploads\/2020\/12\/8_UMUT-300x200.jpg 300w, https:\/\/trt12punto.com\/wp-content\/uploads\/2020\/12\/8_UMUT-768x512.jpg 768w, https:\/\/trt12punto.com\/wp-content\/uploads\/2020\/12\/8_UMUT-1030x687.jpg 1030w, https:\/\/trt12punto.com\/wp-content\/uploads\/2020\/12\/8_UMUT-1500x1000.jpg 1500w, https:\/\/trt12punto.com\/wp-content\/uploads\/2020\/12\/8_UMUT-705x470.jpg 705w\" sizes=\"(max-width: 300px) 100vw, 300px\" \/><\/a><\/div><\/div><\/div><\/div><\/p>\n","protected":false},"excerpt":{"rendered":"","protected":false},"author":1,"featured_media":0,"parent":0,"menu_order":160,"comment_status":"closed","ping_status":"closed","template":"","meta":{"footnotes":""},"class_list":["post-1572","page","type-page","status-publish","hentry"],"yoast_head":"<!-- This site is optimized with the Yoast SEO plugin v27.2 - https:\/\/yoast.com\/product\/yoast-seo-wordpress\/ -->\n<title>Archive - TRT 12 Punto<\/title>\n<meta name=\"robots\" content=\"index, follow, max-snippet:-1, max-image-preview:large, max-video-preview:-1\" \/>\n<link rel=\"canonical\" href=\"https:\/\/trt12punto.com\/arsiv\/\" \/>\n<meta property=\"og:locale\" content=\"en_US\" \/>\n<meta property=\"og:type\" content=\"article\" \/>\n<meta property=\"og:title\" content=\"Archive - TRT 12 Punto\" \/>\n<meta property=\"og:url\" content=\"https:\/\/trt12punto.com\/arsiv\/\" \/>\n<meta property=\"og:site_name\" content=\"TRT 12 Punto\" \/>\n<meta property=\"article:modified_time\" content=\"2021-01-07T14:41:38+00:00\" \/>\n<meta name=\"twitter:card\" content=\"summary_large_image\" \/>\n<meta name=\"twitter:label1\" content=\"Est. reading time\" \/>\n\t<meta name=\"twitter:data1\" content=\"6 minutes\" \/>\n<script type=\"application\/ld+json\" class=\"yoast-schema-graph\">{\"@context\":\"https:\/\/schema.org\",\"@graph\":[{\"@type\":\"WebPage\",\"@id\":\"https:\/\/trt12punto.com\/arsiv\/\",\"url\":\"https:\/\/trt12punto.com\/arsiv\/\",\"name\":\"Archive - TRT 12 Punto\",\"isPartOf\":{\"@id\":\"https:\/\/trt12punto.com\/#website\"},\"datePublished\":\"2020-12-17T13:32:50+00:00\",\"dateModified\":\"2021-01-07T14:41:38+00:00\",\"breadcrumb\":{\"@id\":\"https:\/\/trt12punto.com\/arsiv\/#breadcrumb\"},\"inLanguage\":\"en-US\",\"potentialAction\":[{\"@type\":\"ReadAction\",\"target\":[\"https:\/\/trt12punto.com\/arsiv\/\"]}]},{\"@type\":\"BreadcrumbList\",\"@id\":\"https:\/\/trt12punto.com\/arsiv\/#breadcrumb\",\"itemListElement\":[{\"@type\":\"ListItem\",\"position\":1,\"name\":\"Anasayfa\",\"item\":\"https:\/\/trt12punto.com\/en\/home\/\"},{\"@type\":\"ListItem\",\"position\":2,\"name\":\"Archive\"}]},{\"@type\":\"WebSite\",\"@id\":\"https:\/\/trt12punto.com\/#website\",\"url\":\"https:\/\/trt12punto.com\/\",\"name\":\"TRT 12 Punto\",\"description\":\"T\u00fcrkiye&#039;nin En B\u00fcy\u00fck Senaryo Geli\u015ftirme Platformu\",\"potentialAction\":[{\"@type\":\"SearchAction\",\"target\":{\"@type\":\"EntryPoint\",\"urlTemplate\":\"https:\/\/trt12punto.com\/?s={search_term_string}\"},\"query-input\":{\"@type\":\"PropertyValueSpecification\",\"valueRequired\":true,\"valueName\":\"search_term_string\"}}],\"inLanguage\":\"en-US\"}]}<\/script>\n<!-- \/ Yoast SEO plugin. -->","yoast_head_json":{"title":"Archive - TRT 12 Punto","robots":{"index":"index","follow":"follow","max-snippet":"max-snippet:-1","max-image-preview":"max-image-preview:large","max-video-preview":"max-video-preview:-1"},"canonical":"https:\/\/trt12punto.com\/arsiv\/","og_locale":"en_US","og_type":"article","og_title":"Archive - TRT 12 Punto","og_url":"https:\/\/trt12punto.com\/arsiv\/","og_site_name":"TRT 12 Punto","article_modified_time":"2021-01-07T14:41:38+00:00","twitter_card":"summary_large_image","twitter_misc":{"Est. reading time":"6 minutes"},"schema":{"@context":"https:\/\/schema.org","@graph":[{"@type":"WebPage","@id":"https:\/\/trt12punto.com\/arsiv\/","url":"https:\/\/trt12punto.com\/arsiv\/","name":"Archive - TRT 12 Punto","isPartOf":{"@id":"https:\/\/trt12punto.com\/#website"},"datePublished":"2020-12-17T13:32:50+00:00","dateModified":"2021-01-07T14:41:38+00:00","breadcrumb":{"@id":"https:\/\/trt12punto.com\/arsiv\/#breadcrumb"},"inLanguage":"en-US","potentialAction":[{"@type":"ReadAction","target":["https:\/\/trt12punto.com\/arsiv\/"]}]},{"@type":"BreadcrumbList","@id":"https:\/\/trt12punto.com\/arsiv\/#breadcrumb","itemListElement":[{"@type":"ListItem","position":1,"name":"Anasayfa","item":"https:\/\/trt12punto.com\/en\/home\/"},{"@type":"ListItem","position":2,"name":"Archive"}]},{"@type":"WebSite","@id":"https:\/\/trt12punto.com\/#website","url":"https:\/\/trt12punto.com\/","name":"TRT 12 Punto","description":"T\u00fcrkiye&#039;nin En B\u00fcy\u00fck Senaryo Geli\u015ftirme Platformu","potentialAction":[{"@type":"SearchAction","target":{"@type":"EntryPoint","urlTemplate":"https:\/\/trt12punto.com\/?s={search_term_string}"},"query-input":{"@type":"PropertyValueSpecification","valueRequired":true,"valueName":"search_term_string"}}],"inLanguage":"en-US"}]}},"jetpack_shortlink":"https:\/\/wp.me\/PgRTn7-pm","_links":{"self":[{"href":"https:\/\/trt12punto.com\/en\/wp-json\/wp\/v2\/pages\/1572","targetHints":{"allow":["GET"]}}],"collection":[{"href":"https:\/\/trt12punto.com\/en\/wp-json\/wp\/v2\/pages"}],"about":[{"href":"https:\/\/trt12punto.com\/en\/wp-json\/wp\/v2\/types\/page"}],"author":[{"embeddable":true,"href":"https:\/\/trt12punto.com\/en\/wp-json\/wp\/v2\/users\/1"}],"replies":[{"embeddable":true,"href":"https:\/\/trt12punto.com\/en\/wp-json\/wp\/v2\/comments?post=1572"}],"version-history":[{"count":1,"href":"https:\/\/trt12punto.com\/en\/wp-json\/wp\/v2\/pages\/1572\/revisions"}],"predecessor-version":[{"id":10123,"href":"https:\/\/trt12punto.com\/en\/wp-json\/wp\/v2\/pages\/1572\/revisions\/10123"}],"wp:attachment":[{"href":"https:\/\/trt12punto.com\/en\/wp-json\/wp\/v2\/media?parent=1572"}],"curies":[{"name":"wp","href":"https:\/\/api.w.org\/{rel}","templated":true}]}}