{"id":2276,"date":"2021-01-06T17:51:58","date_gmt":"2021-01-06T14:51:58","guid":{"rendered":"http:\/\/trt12punto.com\/archive\/2020-2\/award-winning-projects-2020\/"},"modified":"2022-06-08T17:00:00","modified_gmt":"2022-06-08T14:00:00","slug":"award-winning-projects-2020","status":"publish","type":"page","link":"https:\/\/trt12punto.com\/en\/archive\/2020-2\/award-winning-projects-2020\/","title":{"rendered":"2020 | Award-Winning Projects"},"content":{"rendered":"\n<style type=\"text\/css\" data-created_by=\"avia_inline_auto\" id=\"style-css-av-l45nqlor-f4534b966f880660b024c6bc5b836db7\">\n#top .av-special-heading.av-l45nqlor-f4534b966f880660b024c6bc5b836db7{\npadding-bottom:10px;\n}\nbody .av-special-heading.av-l45nqlor-f4534b966f880660b024c6bc5b836db7 .av-special-heading-tag .heading-char{\nfont-size:25px;\n}\n.av-special-heading.av-l45nqlor-f4534b966f880660b024c6bc5b836db7 .av-subheading{\nfont-size:15px;\n}\n<\/style>\n<div  class='av-special-heading av-l45nqlor-f4534b966f880660b024c6bc5b836db7 av-special-heading-h3 blockquote modern-quote modern-centered  avia-builder-el-0  el_before_av_portfolio  avia-builder-el-no-sibling '><h3 class='av-special-heading-tag '  itemprop=\"headline\"  >12 Punto 2020 | TRT Co-Production Award<\/h3><div class=\"special-heading-border\"><div class=\"special-heading-inner-border\"><\/div><\/div><\/div>\n<div  id=\"av-sc-portfolio-1\"  class=\"av-portfolio-grid-sorting-container\"><div class='sort_width_container  av-sort-yes' data-portfolio-id='1' ><div id='js_sort_items' ><div class='sort_by_cat hidden'><a href=\"#\" data-filter=\"all_sort\" class=\"all_sort_button active_sort\"><span class=\"inner_sort_button\"><span>All<\/span><small class=\"av-cat-count\"> 4 <\/small><\/span><\/a><span class=\"text-sep co-production-award-2020_sort_sep\">\/<\/span><a href=\"#\" data-filter=\"co-production-award-2020_sort\" class=\"co-production-award-2020_sort_button\" ><span class=\"inner_sort_button\"><span>Co-Production Award \/ 2020<\/span><small class=\"av-cat-count\"> 4 <\/small><\/span><\/a><\/div><\/div><\/div><div  class=' grid-sort-container isotope   no_margin-container with-title-container grid-total-even grid-col-4 grid-links-' data-portfolio-id='1'><div data-ajax-id='3285' class=' grid-entry flex_column isotope-item all_sort no_margin post-entry post-entry-3285 grid-entry-overview grid-loop-1 grid-parity-odd  co-production-award-2020_sort  av_one_fourth first default_av_fullwidth '><article class='main_color inner-entry'  itemscope=\"itemscope\" itemtype=\"https:\/\/schema.org\/CreativeWork\" ><a href=\"https:\/\/trt12punto.com\/en\/co-productions\/hayat\/\" title='LIFE'  data-rel='grid-1' class='grid-image avia-hover-fx'> <img decoding=\"async\" fetchpriority=\"high\" width=\"260\" height=\"185\" src=\"https:\/\/trt12punto.com\/wp-content\/uploads\/2021\/01\/111111DSC_3606-260x185.jpg\" class=\"wp-image-1811 avia-img-lazy-loading-not-1811 attachment-portfolio_small size-portfolio_small wp-post-image\" alt=\"zeki demirkubuz \u00f6d\u00fcl t\u00f6reni\" \/><\/a><div class='grid-content'><div class='avia-arrow'><\/div><header class=\"entry-content-header\" aria-label=\"Portfolio: LIFE\"><h3 class='grid-entry-title entry-title '  itemprop=\"headline\" ><a href='https:\/\/trt12punto.com\/en\/co-productions\/hayat\/' title='LIFE'>LIFE<\/a><\/h3><\/header><\/div><footer class=\"entry-footer\"><\/footer><\/article><\/div><div data-ajax-id='3095' class=' grid-entry flex_column isotope-item all_sort no_margin post-entry post-entry-3095 grid-entry-overview grid-loop-2 grid-parity-even  co-production-award-2020_sort  av_one_fourth  default_av_fullwidth '><article class='main_color inner-entry'  itemscope=\"itemscope\" itemtype=\"https:\/\/schema.org\/CreativeWork\" ><a href=\"https:\/\/trt12punto.com\/en\/co-productions\/neandria\/\" title='NEANDRIA'  data-rel='grid-1' class='grid-image avia-hover-fx'> <img decoding=\"async\" fetchpriority=\"high\" width=\"260\" height=\"185\" src=\"https:\/\/trt12punto.com\/wp-content\/uploads\/2021\/01\/Reha-Erdem-O\u0308du\u0308l-To\u0308reni-260x185.jpeg\" class=\"wp-image-1827 avia-img-lazy-loading-not-1827 attachment-portfolio_small size-portfolio_small wp-post-image\" alt=\"\" \/><\/a><div class='grid-content'><div class='avia-arrow'><\/div><header class=\"entry-content-header\" aria-label=\"Portfolio: NEANDRIA\"><h3 class='grid-entry-title entry-title '  itemprop=\"headline\" ><a href='https:\/\/trt12punto.com\/en\/co-productions\/neandria\/' title='NEANDRIA'>NEANDRIA<\/a><\/h3><\/header><\/div><footer class=\"entry-footer\"><\/footer><\/article><\/div><div data-ajax-id='3089' class=' grid-entry flex_column isotope-item all_sort no_margin post-entry post-entry-3089 grid-entry-overview grid-loop-3 grid-parity-odd  co-production-award-2020_sort  av_one_fourth  default_av_fullwidth '><article class='main_color inner-entry'  itemscope=\"itemscope\" itemtype=\"https:\/\/schema.org\/CreativeWork\" ><a href=\"https:\/\/trt12punto.com\/en\/co-productions\/the-reed\/\" title='THE REED'  data-rel='grid-1' class='grid-image avia-hover-fx'> <img decoding=\"async\" fetchpriority=\"high\" width=\"260\" height=\"185\" src=\"https:\/\/trt12punto.com\/wp-content\/uploads\/2021\/01\/DSC_3692-260x185.jpg\" class=\"wp-image-2283 avia-img-lazy-loading-not-2283 attachment-portfolio_small size-portfolio_small wp-post-image\" alt=\"\" \/><\/a><div class='grid-content'><div class='avia-arrow'><\/div><header class=\"entry-content-header\" aria-label=\"Portfolio: THE REED\"><h3 class='grid-entry-title entry-title '  itemprop=\"headline\" ><a href='https:\/\/trt12punto.com\/en\/co-productions\/the-reed\/' title='THE REED'>THE REED<\/a><\/h3><\/header><\/div><footer class=\"entry-footer\"><\/footer><\/article><\/div><div data-ajax-id='3078' class=' grid-entry flex_column isotope-item all_sort no_margin post-entry post-entry-3078 grid-entry-overview grid-loop-4 grid-parity-even  post-entry-last  co-production-award-2020_sort  av_one_fourth  default_av_fullwidth '><article class='main_color inner-entry'  itemscope=\"itemscope\" itemtype=\"https:\/\/schema.org\/CreativeWork\" ><a href=\"https:\/\/trt12punto.com\/en\/co-productions\/idea\/\" title='IDEA'  data-rel='grid-1' class='grid-image avia-hover-fx'> <img decoding=\"async\" fetchpriority=\"high\" width=\"260\" height=\"185\" src=\"https:\/\/trt12punto.com\/wp-content\/uploads\/2021\/01\/DSC_3682-260x185.jpg\" class=\"wp-image-4523 avia-img-lazy-loading-not-4523 attachment-portfolio_small size-portfolio_small wp-post-image\" alt=\"\" \/><\/a><div class='grid-content'><div class='avia-arrow'><\/div><header class=\"entry-content-header\" aria-label=\"Portfolio: IDEA\"><h3 class='grid-entry-title entry-title '  itemprop=\"headline\" ><a href='https:\/\/trt12punto.com\/en\/co-productions\/idea\/' title='IDEA'>IDEA<\/a><\/h3><\/header><\/div><footer class=\"entry-footer\"><\/footer><\/article><\/div><\/div><\/div>   <!--   class=\"av-portfolio-grid-sorting-container\"  -->\n\n<style type=\"text\/css\" data-created_by=\"avia_inline_auto\" id=\"style-css-av-l45nqx3k-76e754807b1199816aa31ecbf44f486e\">\n#top .av-special-heading.av-l45nqx3k-76e754807b1199816aa31ecbf44f486e{\npadding-bottom:10px;\n}\nbody .av-special-heading.av-l45nqx3k-76e754807b1199816aa31ecbf44f486e .av-special-heading-tag .heading-char{\nfont-size:25px;\n}\n.av-special-heading.av-l45nqx3k-76e754807b1199816aa31ecbf44f486e .av-subheading{\nfont-size:15px;\n}\n<\/style>\n<div  class='av-special-heading av-l45nqx3k-76e754807b1199816aa31ecbf44f486e av-special-heading-h3 blockquote modern-quote modern-centered  avia-builder-el-2  el_after_av_portfolio  el_before_av_portfolio  avia-builder-el-no-sibling '><h3 class='av-special-heading-tag '  itemprop=\"headline\"  >12 Punto 2020 | TRT Pre-Buy Award<\/h3><div class=\"special-heading-border\"><div class=\"special-heading-inner-border\"><\/div><\/div><\/div>\n<div  id=\"av-sc-portfolio-2\"  class=\"av-portfolio-grid-sorting-container\"><div class='sort_width_container  av-sort-yes' data-portfolio-id='2' ><div id='js_sort_items' ><div class='sort_by_cat hidden'><a href=\"#\" data-filter=\"all_sort\" class=\"all_sort_button active_sort\"><span class=\"inner_sort_button\"><span>All<\/span><small class=\"av-cat-count\"> 4 <\/small><\/span><\/a><span class=\"text-sep on-alim-odulu-2020-en_sort_sep\">\/<\/span><a href=\"#\" data-filter=\"on-alim-odulu-2020-en_sort\" class=\"on-alim-odulu-2020-en_sort_button\" ><span class=\"inner_sort_button\"><span>\u00d6n Al\u0131m \u00d6d\u00fcl\u00fc \/ 2020<\/span><small class=\"av-cat-count\"> 4 <\/small><\/span><\/a><\/div><\/div><\/div><div  class=' grid-sort-container isotope   no_margin-container with-title-container grid-total-even grid-col-4 grid-links-' data-portfolio-id='2'><div data-ajax-id='3103' class=' grid-entry flex_column isotope-item all_sort no_margin post-entry post-entry-3103 grid-entry-overview grid-loop-1 grid-parity-odd  on-alim-odulu-2020-en_sort  av_one_fourth first default_av_fullwidth '><article class='main_color inner-entry'  itemscope=\"itemscope\" itemtype=\"https:\/\/schema.org\/CreativeWork\" ><a href=\"https:\/\/trt12punto.com\/en\/co-productions\/lacuna\/\" title='LACUNA'  data-rel='grid-2' class='grid-image avia-hover-fx'> <img decoding=\"async\" fetchpriority=\"high\" width=\"260\" height=\"185\" src=\"https:\/\/trt12punto.com\/wp-content\/uploads\/2021\/01\/DSC_3570-260x185.jpg\" class=\"wp-image-2292 avia-img-lazy-loading-not-2292 attachment-portfolio_small size-portfolio_small wp-post-image\" alt=\"\" \/><\/a><div class='grid-content'><div class='avia-arrow'><\/div><header class=\"entry-content-header\" aria-label=\"Portfolio: LACUNA\"><h3 class='grid-entry-title entry-title '  itemprop=\"headline\" ><a href='https:\/\/trt12punto.com\/en\/co-productions\/lacuna\/' title='LACUNA'>LACUNA<\/a><\/h3><\/header><\/div><footer class=\"entry-footer\"><\/footer><\/article><\/div><div data-ajax-id='3099' class=' grid-entry flex_column isotope-item all_sort no_margin post-entry post-entry-3099 grid-entry-overview grid-loop-2 grid-parity-even  on-alim-odulu-2020-en_sort  av_one_fourth  default_av_fullwidth '><article class='main_color inner-entry'  itemscope=\"itemscope\" itemtype=\"https:\/\/schema.org\/CreativeWork\" ><a href=\"https:\/\/trt12punto.com\/en\/co-productions\/hara\/\" title='HARA'  data-rel='grid-2' class='grid-image avia-hover-fx'> <img decoding=\"async\" fetchpriority=\"high\" width=\"260\" height=\"185\" src=\"https:\/\/trt12punto.com\/wp-content\/uploads\/2021\/01\/DSC_3559-260x185.jpg\" class=\"wp-image-2287 avia-img-lazy-loading-not-2287 attachment-portfolio_small size-portfolio_small wp-post-image\" alt=\"\" \/><\/a><div class='grid-content'><div class='avia-arrow'><\/div><header class=\"entry-content-header\" aria-label=\"Portfolio: HARA\"><h3 class='grid-entry-title entry-title '  itemprop=\"headline\" ><a href='https:\/\/trt12punto.com\/en\/co-productions\/hara\/' title='HARA'>HARA<\/a><\/h3><\/header><\/div><footer class=\"entry-footer\"><\/footer><\/article><\/div><div data-ajax-id='3071' class=' grid-entry flex_column isotope-item all_sort no_margin post-entry post-entry-3071 grid-entry-overview grid-loop-3 grid-parity-odd  on-alim-odulu-2020-en_sort  av_one_fourth  default_av_fullwidth '><article class='main_color inner-entry'  itemscope=\"itemscope\" itemtype=\"https:\/\/schema.org\/CreativeWork\" ><a href=\"https:\/\/trt12punto.com\/en\/co-productions\/kriedsausgabe\/\" title='KRIEDSAUSGABE'  data-rel='grid-2' class='grid-image avia-hover-fx'> <img decoding=\"async\" fetchpriority=\"high\" width=\"260\" height=\"185\" src=\"https:\/\/trt12punto.com\/wp-content\/uploads\/2021\/01\/DSC_3591-260x185.jpg\" class=\"wp-image-2303 avia-img-lazy-loading-not-2303 attachment-portfolio_small size-portfolio_small wp-post-image\" alt=\"\" \/><\/a><div class='grid-content'><div class='avia-arrow'><\/div><header class=\"entry-content-header\" aria-label=\"Portfolio: KRIEDSAUSGABE\"><h3 class='grid-entry-title entry-title '  itemprop=\"headline\" ><a href='https:\/\/trt12punto.com\/en\/co-productions\/kriedsausgabe\/' title='KRIEDSAUSGABE'>KRIEDSAUSGABE<\/a><\/h3><\/header><\/div><footer class=\"entry-footer\"><\/footer><\/article><\/div><div data-ajax-id='3055' class=' grid-entry flex_column isotope-item all_sort no_margin post-entry post-entry-3055 grid-entry-overview grid-loop-4 grid-parity-even  post-entry-last  on-alim-odulu-2020-en_sort  av_one_fourth  default_av_fullwidth '><article class='main_color inner-entry'  itemscope=\"itemscope\" itemtype=\"https:\/\/schema.org\/CreativeWork\" ><a href=\"https:\/\/trt12punto.com\/en\/co-productions\/now-there\/\" title='NOW THERE'  data-rel='grid-2' class='grid-image avia-hover-fx'> <img decoding=\"async\" fetchpriority=\"high\" width=\"260\" height=\"185\" src=\"https:\/\/trt12punto.com\/wp-content\/uploads\/2021\/01\/S\u0327imdi-Orasi-260x185.png\" class=\"wp-image-11683 avia-img-lazy-loading-not-11683 attachment-portfolio_small size-portfolio_small wp-post-image\" alt=\"\" \/><\/a><div class='grid-content'><div class='avia-arrow'><\/div><header class=\"entry-content-header\" aria-label=\"Portfolio: NOW THERE\"><h3 class='grid-entry-title entry-title '  itemprop=\"headline\" ><a href='https:\/\/trt12punto.com\/en\/co-productions\/now-there\/' title='NOW THERE'>NOW THERE<\/a><\/h3><\/header><\/div><footer class=\"entry-footer\"><\/footer><\/article><\/div><\/div><\/div>   <!--   class=\"av-portfolio-grid-sorting-container\"  -->\n","protected":false},"excerpt":{"rendered":"","protected":false},"author":1,"featured_media":0,"parent":2181,"menu_order":144,"comment_status":"closed","ping_status":"closed","template":"","meta":{"footnotes":""},"class_list":["post-2276","page","type-page","status-publish","hentry"],"yoast_head":"<!-- This site is optimized with the Yoast SEO plugin v27.2 - https:\/\/yoast.com\/product\/yoast-seo-wordpress\/ -->\n<title>2020 | Award-Winning Projects - TRT 12 Punto<\/title>\n<meta name=\"robots\" content=\"index, follow, max-snippet:-1, max-image-preview:large, max-video-preview:-1\" \/>\n<link rel=\"canonical\" href=\"https:\/\/trt12punto.com\/arsiv\/2020-2\/odul-alan-projeler\/\" \/>\n<meta property=\"og:locale\" content=\"en_US\" \/>\n<meta property=\"og:type\" content=\"article\" \/>\n<meta property=\"og:title\" content=\"2020 | Award-Winning Projects - TRT 12 Punto\" \/>\n<meta property=\"og:url\" content=\"https:\/\/trt12punto.com\/arsiv\/2020-2\/odul-alan-projeler\/\" \/>\n<meta property=\"og:site_name\" content=\"TRT 12 Punto\" \/>\n<meta property=\"article:modified_time\" content=\"2022-06-08T14:00:00+00:00\" \/>\n<meta name=\"twitter:card\" content=\"summary_large_image\" \/>\n<meta name=\"twitter:label1\" content=\"Est. reading time\" \/>\n\t<meta name=\"twitter:data1\" content=\"2 minutes\" \/>\n<script type=\"application\/ld+json\" class=\"yoast-schema-graph\">{\"@context\":\"https:\/\/schema.org\",\"@graph\":[{\"@type\":\"WebPage\",\"@id\":\"https:\/\/trt12punto.com\/arsiv\/2020-2\/odul-alan-projeler\/\",\"url\":\"https:\/\/trt12punto.com\/arsiv\/2020-2\/odul-alan-projeler\/\",\"name\":\"2020 | Award-Winning Projects - TRT 12 Punto\",\"isPartOf\":{\"@id\":\"https:\/\/trt12punto.com\/#website\"},\"datePublished\":\"2021-01-06T14:51:58+00:00\",\"dateModified\":\"2022-06-08T14:00:00+00:00\",\"breadcrumb\":{\"@id\":\"https:\/\/trt12punto.com\/arsiv\/2020-2\/odul-alan-projeler\/#breadcrumb\"},\"inLanguage\":\"en-US\",\"potentialAction\":[{\"@type\":\"ReadAction\",\"target\":[\"https:\/\/trt12punto.com\/arsiv\/2020-2\/odul-alan-projeler\/\"]}]},{\"@type\":\"BreadcrumbList\",\"@id\":\"https:\/\/trt12punto.com\/arsiv\/2020-2\/odul-alan-projeler\/#breadcrumb\",\"itemListElement\":[{\"@type\":\"ListItem\",\"position\":1,\"name\":\"Anasayfa\",\"item\":\"https:\/\/trt12punto.com\/en\/home\/\"},{\"@type\":\"ListItem\",\"position\":2,\"name\":\"Archive\",\"item\":\"https:\/\/trt12punto.com\/arsiv\/\"},{\"@type\":\"ListItem\",\"position\":3,\"name\":\"2020\",\"item\":\"https:\/\/trt12punto.com\/arsiv\/2020-2\/\"},{\"@type\":\"ListItem\",\"position\":4,\"name\":\"2020 | Award-Winning Projects\"}]},{\"@type\":\"WebSite\",\"@id\":\"https:\/\/trt12punto.com\/#website\",\"url\":\"https:\/\/trt12punto.com\/\",\"name\":\"TRT 12 Punto\",\"description\":\"T\u00fcrkiye&#039;nin En B\u00fcy\u00fck Senaryo Geli\u015ftirme Platformu\",\"potentialAction\":[{\"@type\":\"SearchAction\",\"target\":{\"@type\":\"EntryPoint\",\"urlTemplate\":\"https:\/\/trt12punto.com\/?s={search_term_string}\"},\"query-input\":{\"@type\":\"PropertyValueSpecification\",\"valueRequired\":true,\"valueName\":\"search_term_string\"}}],\"inLanguage\":\"en-US\"}]}<\/script>\n<!-- \/ Yoast SEO plugin. -->","yoast_head_json":{"title":"2020 | Award-Winning Projects - TRT 12 Punto","robots":{"index":"index","follow":"follow","max-snippet":"max-snippet:-1","max-image-preview":"max-image-preview:large","max-video-preview":"max-video-preview:-1"},"canonical":"https:\/\/trt12punto.com\/arsiv\/2020-2\/odul-alan-projeler\/","og_locale":"en_US","og_type":"article","og_title":"2020 | Award-Winning Projects - TRT 12 Punto","og_url":"https:\/\/trt12punto.com\/arsiv\/2020-2\/odul-alan-projeler\/","og_site_name":"TRT 12 Punto","article_modified_time":"2022-06-08T14:00:00+00:00","twitter_card":"summary_large_image","twitter_misc":{"Est. reading time":"2 minutes"},"schema":{"@context":"https:\/\/schema.org","@graph":[{"@type":"WebPage","@id":"https:\/\/trt12punto.com\/arsiv\/2020-2\/odul-alan-projeler\/","url":"https:\/\/trt12punto.com\/arsiv\/2020-2\/odul-alan-projeler\/","name":"2020 | Award-Winning Projects - TRT 12 Punto","isPartOf":{"@id":"https:\/\/trt12punto.com\/#website"},"datePublished":"2021-01-06T14:51:58+00:00","dateModified":"2022-06-08T14:00:00+00:00","breadcrumb":{"@id":"https:\/\/trt12punto.com\/arsiv\/2020-2\/odul-alan-projeler\/#breadcrumb"},"inLanguage":"en-US","potentialAction":[{"@type":"ReadAction","target":["https:\/\/trt12punto.com\/arsiv\/2020-2\/odul-alan-projeler\/"]}]},{"@type":"BreadcrumbList","@id":"https:\/\/trt12punto.com\/arsiv\/2020-2\/odul-alan-projeler\/#breadcrumb","itemListElement":[{"@type":"ListItem","position":1,"name":"Anasayfa","item":"https:\/\/trt12punto.com\/en\/home\/"},{"@type":"ListItem","position":2,"name":"Archive","item":"https:\/\/trt12punto.com\/arsiv\/"},{"@type":"ListItem","position":3,"name":"2020","item":"https:\/\/trt12punto.com\/arsiv\/2020-2\/"},{"@type":"ListItem","position":4,"name":"2020 | Award-Winning Projects"}]},{"@type":"WebSite","@id":"https:\/\/trt12punto.com\/#website","url":"https:\/\/trt12punto.com\/","name":"TRT 12 Punto","description":"T\u00fcrkiye&#039;nin En B\u00fcy\u00fck Senaryo Geli\u015ftirme Platformu","potentialAction":[{"@type":"SearchAction","target":{"@type":"EntryPoint","urlTemplate":"https:\/\/trt12punto.com\/?s={search_term_string}"},"query-input":{"@type":"PropertyValueSpecification","valueRequired":true,"valueName":"search_term_string"}}],"inLanguage":"en-US"}]}},"jetpack_shortlink":"https:\/\/wp.me\/PgRTn7-AI","_links":{"self":[{"href":"https:\/\/trt12punto.com\/en\/wp-json\/wp\/v2\/pages\/2276","targetHints":{"allow":["GET"]}}],"collection":[{"href":"https:\/\/trt12punto.com\/en\/wp-json\/wp\/v2\/pages"}],"about":[{"href":"https:\/\/trt12punto.com\/en\/wp-json\/wp\/v2\/types\/page"}],"author":[{"embeddable":true,"href":"https:\/\/trt12punto.com\/en\/wp-json\/wp\/v2\/users\/1"}],"replies":[{"embeddable":true,"href":"https:\/\/trt12punto.com\/en\/wp-json\/wp\/v2\/comments?post=2276"}],"version-history":[{"count":2,"href":"https:\/\/trt12punto.com\/en\/wp-json\/wp\/v2\/pages\/2276\/revisions"}],"predecessor-version":[{"id":9859,"href":"https:\/\/trt12punto.com\/en\/wp-json\/wp\/v2\/pages\/2276\/revisions\/9859"}],"up":[{"embeddable":true,"href":"https:\/\/trt12punto.com\/en\/wp-json\/wp\/v2\/pages\/2181"}],"wp:attachment":[{"href":"https:\/\/trt12punto.com\/en\/wp-json\/wp\/v2\/media?parent=2276"}],"curies":[{"name":"wp","href":"https:\/\/api.w.org\/{rel}","templated":true}]}}