{"id":2559,"date":"2021-01-07T14:07:25","date_gmt":"2021-01-07T11:07:25","guid":{"rendered":"http:\/\/trt12punto.com\/reis-celik\/"},"modified":"2021-01-07T15:01:00","modified_gmt":"2021-01-07T12:01:00","slug":"reis-celik","status":"publish","type":"page","link":"https:\/\/trt12punto.com\/en\/reis-celik\/","title":{"rendered":"Reis \u00c7elik"},"content":{"rendered":"<div><img loading=\"lazy\" decoding=\"async\" class=\"wp-image-2529 size-full aligncenter\" src=\"http:\/\/trt12punto.com\/wp-content\/uploads\/2021\/01\/reis-c%CC%A7elik_2-1.jpg\" alt=\"\" width=\"512\" height=\"343\"><\/div>\n<div><\/div>\n<div class=\"team-member-job-title \" style=\"text-align: center;\"><strong><strong>Director<\/strong><br \/>\n<\/strong><\/div>\n<div class=\"team-member-description \">\n<div class=\"page\" title=\"Page 8\">\n<div class=\"section\">\n<div class=\"layoutArea\">\n<div class=\"column\">\n<div class=\"page\" title=\"Page 10\">\n<div class=\"layoutArea\">\n<div class=\"column\">\n<div class=\"page\" title=\"Page 47\">\n<div class=\"layoutArea\">\n<div class=\"column\">\n<div class=\"page\" title=\"Page 47\">\n<div class=\"layoutArea\">\n<div class=\"column\">\n<div class=\"page\" title=\"Page 48\">\n<div class=\"section\">\n<div class=\"layoutArea\">\n<div class=\"column\">\n<div class=\"page\" title=\"Page 10\">\n<div class=\"layoutArea\">\n<div class=\"column\">\n<p style=\"text-align: center;\">Reis \u00c7elik was born in Ardahan, in 1961. He moved to Istanbul after finishing junior high school and studied music and theatre at the State Conservatory. In 1982, he began a career in journalism, working as an economics\/political correspondent for various national newspapers. In the following years, both his interviews and photographs appeared in several international newspapers and magazines. Around the same time, he began making documentary films, commercial and political campaign films, as well as maintaining an active interest in still photography. To date \u00c7elik\u2019s photographic work has been featured in exhibitions in over 12 countries. He has written, directed and produced documentaries of different lengths (these include \u201cThe Story of Lydia\u201d co-financed by the BBC in 1989 and more recently, \u201cLand of Firsts\u201d). In 1996, he directed his first feature film &#8220;I\u015f\u0131klar S\u00f6nmesin&#8221; which was a human view to the Kurdish issue in the Southeast Anatolia and got awards in international festivals.<\/p>\n<\/div>\n<\/div>\n<\/div>\n<\/div>\n<\/div>\n<\/div>\n<\/div>\n<\/div>\n<\/div>\n<\/div>\n<\/div>\n<\/div>\n<\/div>\n<\/div>\n<\/div>\n<\/div>\n<\/div>\n<\/div>\n<\/div>\n<\/div>\n<\/div>\n","protected":false},"excerpt":{"rendered":"<p>Director Reis \u00c7elik was born in Ardahan, in 1961. He moved to Istanbul after finishing junior high school and studied music and theatre at the State Conservatory. In 1982, he began a career in journalism, working as an economics\/political correspondent for various national newspapers. In the following years, both his interviews and photographs appeared in [&hellip;]<\/p>\n","protected":false},"author":1,"featured_media":0,"parent":0,"menu_order":49,"comment_status":"closed","ping_status":"closed","template":"","meta":{"footnotes":""},"class_list":["post-2559","page","type-page","status-publish","hentry"],"yoast_head":"<!-- This site is optimized with the Yoast SEO plugin v27.2 - https:\/\/yoast.com\/product\/yoast-seo-wordpress\/ -->\n<title>Reis \u00c7elik - TRT 12 Punto<\/title>\n<meta name=\"robots\" content=\"index, follow, max-snippet:-1, max-image-preview:large, max-video-preview:-1\" \/>\n<link rel=\"canonical\" href=\"https:\/\/trt12punto.com\/reis-celik\/\" \/>\n<meta property=\"og:locale\" content=\"en_US\" \/>\n<meta property=\"og:type\" content=\"article\" \/>\n<meta property=\"og:title\" content=\"Reis \u00c7elik - TRT 12 Punto\" \/>\n<meta property=\"og:description\" content=\"Director Reis \u00c7elik was born in Ardahan, in 1961. He moved to Istanbul after finishing junior high school and studied music and theatre at the State Conservatory. In 1982, he began a career in journalism, working as an economics\/political correspondent for various national newspapers. In the following years, both his interviews and photographs appeared in [&hellip;]\" \/>\n<meta property=\"og:url\" content=\"https:\/\/trt12punto.com\/reis-celik\/\" \/>\n<meta property=\"og:site_name\" content=\"TRT 12 Punto\" \/>\n<meta property=\"article:modified_time\" content=\"2021-01-07T12:01:00+00:00\" \/>\n<meta property=\"og:image\" content=\"http:\/\/trt12punto.com\/wp-content\/uploads\/2021\/01\/reis-c%CC%A7elik_2-1.jpg\" \/>\n<meta name=\"twitter:card\" content=\"summary_large_image\" \/>\n<meta name=\"twitter:label1\" content=\"Est. reading time\" \/>\n\t<meta name=\"twitter:data1\" content=\"1 minute\" \/>\n<script type=\"application\/ld+json\" class=\"yoast-schema-graph\">{\"@context\":\"https:\/\/schema.org\",\"@graph\":[{\"@type\":\"WebPage\",\"@id\":\"https:\/\/trt12punto.com\/reis-celik\/\",\"url\":\"https:\/\/trt12punto.com\/reis-celik\/\",\"name\":\"Reis \u00c7elik - TRT 12 Punto\",\"isPartOf\":{\"@id\":\"https:\/\/trt12punto.com\/#website\"},\"primaryImageOfPage\":{\"@id\":\"https:\/\/trt12punto.com\/reis-celik\/#primaryimage\"},\"image\":{\"@id\":\"https:\/\/trt12punto.com\/reis-celik\/#primaryimage\"},\"thumbnailUrl\":\"http:\/\/trt12punto.com\/wp-content\/uploads\/2021\/01\/reis-c%CC%A7elik_2-1.jpg\",\"datePublished\":\"2021-01-07T11:07:25+00:00\",\"dateModified\":\"2021-01-07T12:01:00+00:00\",\"breadcrumb\":{\"@id\":\"https:\/\/trt12punto.com\/reis-celik\/#breadcrumb\"},\"inLanguage\":\"en-US\",\"potentialAction\":[{\"@type\":\"ReadAction\",\"target\":[\"https:\/\/trt12punto.com\/reis-celik\/\"]}]},{\"@type\":\"ImageObject\",\"inLanguage\":\"en-US\",\"@id\":\"https:\/\/trt12punto.com\/reis-celik\/#primaryimage\",\"url\":\"http:\/\/trt12punto.com\/wp-content\/uploads\/2021\/01\/reis-c%CC%A7elik_2-1.jpg\",\"contentUrl\":\"http:\/\/trt12punto.com\/wp-content\/uploads\/2021\/01\/reis-c%CC%A7elik_2-1.jpg\"},{\"@type\":\"BreadcrumbList\",\"@id\":\"https:\/\/trt12punto.com\/reis-celik\/#breadcrumb\",\"itemListElement\":[{\"@type\":\"ListItem\",\"position\":1,\"name\":\"Anasayfa\",\"item\":\"https:\/\/trt12punto.com\/en\/home\/\"},{\"@type\":\"ListItem\",\"position\":2,\"name\":\"Reis \u00c7elik\"}]},{\"@type\":\"WebSite\",\"@id\":\"https:\/\/trt12punto.com\/#website\",\"url\":\"https:\/\/trt12punto.com\/\",\"name\":\"TRT 12 Punto\",\"description\":\"T\u00fcrkiye&#039;nin En B\u00fcy\u00fck Senaryo Geli\u015ftirme Platformu\",\"potentialAction\":[{\"@type\":\"SearchAction\",\"target\":{\"@type\":\"EntryPoint\",\"urlTemplate\":\"https:\/\/trt12punto.com\/?s={search_term_string}\"},\"query-input\":{\"@type\":\"PropertyValueSpecification\",\"valueRequired\":true,\"valueName\":\"search_term_string\"}}],\"inLanguage\":\"en-US\"}]}<\/script>\n<!-- \/ Yoast SEO plugin. -->","yoast_head_json":{"title":"Reis \u00c7elik - TRT 12 Punto","robots":{"index":"index","follow":"follow","max-snippet":"max-snippet:-1","max-image-preview":"max-image-preview:large","max-video-preview":"max-video-preview:-1"},"canonical":"https:\/\/trt12punto.com\/reis-celik\/","og_locale":"en_US","og_type":"article","og_title":"Reis \u00c7elik - TRT 12 Punto","og_description":"Director Reis \u00c7elik was born in Ardahan, in 1961. He moved to Istanbul after finishing junior high school and studied music and theatre at the State Conservatory. In 1982, he began a career in journalism, working as an economics\/political correspondent for various national newspapers. In the following years, both his interviews and photographs appeared in [&hellip;]","og_url":"https:\/\/trt12punto.com\/reis-celik\/","og_site_name":"TRT 12 Punto","article_modified_time":"2021-01-07T12:01:00+00:00","og_image":[{"url":"http:\/\/trt12punto.com\/wp-content\/uploads\/2021\/01\/reis-c%CC%A7elik_2-1.jpg","type":"","width":"","height":""}],"twitter_card":"summary_large_image","twitter_misc":{"Est. reading time":"1 minute"},"schema":{"@context":"https:\/\/schema.org","@graph":[{"@type":"WebPage","@id":"https:\/\/trt12punto.com\/reis-celik\/","url":"https:\/\/trt12punto.com\/reis-celik\/","name":"Reis \u00c7elik - TRT 12 Punto","isPartOf":{"@id":"https:\/\/trt12punto.com\/#website"},"primaryImageOfPage":{"@id":"https:\/\/trt12punto.com\/reis-celik\/#primaryimage"},"image":{"@id":"https:\/\/trt12punto.com\/reis-celik\/#primaryimage"},"thumbnailUrl":"http:\/\/trt12punto.com\/wp-content\/uploads\/2021\/01\/reis-c%CC%A7elik_2-1.jpg","datePublished":"2021-01-07T11:07:25+00:00","dateModified":"2021-01-07T12:01:00+00:00","breadcrumb":{"@id":"https:\/\/trt12punto.com\/reis-celik\/#breadcrumb"},"inLanguage":"en-US","potentialAction":[{"@type":"ReadAction","target":["https:\/\/trt12punto.com\/reis-celik\/"]}]},{"@type":"ImageObject","inLanguage":"en-US","@id":"https:\/\/trt12punto.com\/reis-celik\/#primaryimage","url":"http:\/\/trt12punto.com\/wp-content\/uploads\/2021\/01\/reis-c%CC%A7elik_2-1.jpg","contentUrl":"http:\/\/trt12punto.com\/wp-content\/uploads\/2021\/01\/reis-c%CC%A7elik_2-1.jpg"},{"@type":"BreadcrumbList","@id":"https:\/\/trt12punto.com\/reis-celik\/#breadcrumb","itemListElement":[{"@type":"ListItem","position":1,"name":"Anasayfa","item":"https:\/\/trt12punto.com\/en\/home\/"},{"@type":"ListItem","position":2,"name":"Reis \u00c7elik"}]},{"@type":"WebSite","@id":"https:\/\/trt12punto.com\/#website","url":"https:\/\/trt12punto.com\/","name":"TRT 12 Punto","description":"T\u00fcrkiye&#039;nin En B\u00fcy\u00fck Senaryo Geli\u015ftirme Platformu","potentialAction":[{"@type":"SearchAction","target":{"@type":"EntryPoint","urlTemplate":"https:\/\/trt12punto.com\/?s={search_term_string}"},"query-input":{"@type":"PropertyValueSpecification","valueRequired":true,"valueName":"search_term_string"}}],"inLanguage":"en-US"}]}},"jetpack_shortlink":"https:\/\/wp.me\/PgRTn7-Fh","_links":{"self":[{"href":"https:\/\/trt12punto.com\/en\/wp-json\/wp\/v2\/pages\/2559","targetHints":{"allow":["GET"]}}],"collection":[{"href":"https:\/\/trt12punto.com\/en\/wp-json\/wp\/v2\/pages"}],"about":[{"href":"https:\/\/trt12punto.com\/en\/wp-json\/wp\/v2\/types\/page"}],"author":[{"embeddable":true,"href":"https:\/\/trt12punto.com\/en\/wp-json\/wp\/v2\/users\/1"}],"replies":[{"embeddable":true,"href":"https:\/\/trt12punto.com\/en\/wp-json\/wp\/v2\/comments?post=2559"}],"version-history":[{"count":0,"href":"https:\/\/trt12punto.com\/en\/wp-json\/wp\/v2\/pages\/2559\/revisions"}],"wp:attachment":[{"href":"https:\/\/trt12punto.com\/en\/wp-json\/wp\/v2\/media?parent=2559"}],"curies":[{"name":"wp","href":"https:\/\/api.w.org\/{rel}","templated":true}]}}