{"id":2566,"date":"2021-01-07T14:20:28","date_gmt":"2021-01-07T11:20:28","guid":{"rendered":"http:\/\/trt12punto.com\/george-goldenstern\/"},"modified":"2021-01-07T15:00:57","modified_gmt":"2021-01-07T12:00:57","slug":"george-goldenstern","status":"publish","type":"page","link":"https:\/\/trt12punto.com\/en\/george-goldenstern\/","title":{"rendered":"George Goldenstern"},"content":{"rendered":"<div><img loading=\"lazy\" decoding=\"async\" class=\"wp-image-2480 size-full aligncenter\" src=\"http:\/\/trt12punto.com\/wp-content\/uploads\/2021\/01\/Georges-Goldenstern_2-1.jpg\" alt=\"\" width=\"512\" height=\"343\" srcset=\"https:\/\/trt12punto.com\/wp-content\/uploads\/2021\/01\/Georges-Goldenstern_2-1.jpg 512w, https:\/\/trt12punto.com\/wp-content\/uploads\/2021\/01\/Georges-Goldenstern_2-1-300x201.jpg 300w\" sizes=\"auto, (max-width: 512px) 100vw, 512px\" \/><\/div>\n<div><\/div>\n<div class=\"team-member-job-title \" style=\"text-align: center;\"><strong>Cannes Film Festival Cin\u00e9fondation General Manager<br \/>\n<\/strong><\/div>\n<div class=\"team-member-description \">\n<div class=\"page\" title=\"Page 8\">\n<div class=\"section\">\n<div class=\"layoutArea\">\n<div class=\"column\">\n<div class=\"page\" title=\"Page 10\">\n<div class=\"layoutArea\">\n<div class=\"column\">\n<p style=\"text-align: center;\">Georges Goldenstern was at the beginning of the channel ARTE and created Arte France Cinema, where he works as General Director and head of acquisitions. Since 2002, he is Executive Manager of Cinefondation.<\/p>\n<\/div>\n<\/div>\n<\/div>\n<\/div>\n<\/div>\n<\/div>\n<\/div>\n<\/div>\n","protected":false},"excerpt":{"rendered":"<p>Cannes Film Festival Cin\u00e9fondation General Manager Georges Goldenstern was at the beginning of the channel ARTE and created Arte France Cinema, where he works as General Director and head of acquisitions. Since 2002, he is Executive Manager of Cinefondation.<\/p>\n","protected":false},"author":1,"featured_media":0,"parent":0,"menu_order":19,"comment_status":"closed","ping_status":"closed","template":"","meta":{"footnotes":""},"class_list":["post-2566","page","type-page","status-publish","hentry"],"yoast_head":"<!-- This site is optimized with the Yoast SEO plugin v27.2 - https:\/\/yoast.com\/product\/yoast-seo-wordpress\/ -->\n<title>George Goldenstern - TRT 12 Punto<\/title>\n<meta name=\"robots\" content=\"index, follow, max-snippet:-1, max-image-preview:large, max-video-preview:-1\" \/>\n<link rel=\"canonical\" href=\"https:\/\/trt12punto.com\/george-goldenstern\/\" \/>\n<meta property=\"og:locale\" content=\"en_US\" \/>\n<meta property=\"og:type\" content=\"article\" \/>\n<meta property=\"og:title\" content=\"George Goldenstern - TRT 12 Punto\" \/>\n<meta property=\"og:description\" content=\"Cannes Film Festival Cin\u00e9fondation General Manager Georges Goldenstern was at the beginning of the channel ARTE and created Arte France Cinema, where he works as General Director and head of acquisitions. Since 2002, he is Executive Manager of Cinefondation.\" \/>\n<meta property=\"og:url\" content=\"https:\/\/trt12punto.com\/george-goldenstern\/\" \/>\n<meta property=\"og:site_name\" content=\"TRT 12 Punto\" \/>\n<meta property=\"article:modified_time\" content=\"2021-01-07T12:00:57+00:00\" \/>\n<meta property=\"og:image\" content=\"http:\/\/trt12punto.com\/wp-content\/uploads\/2021\/01\/Georges-Goldenstern_2-1.jpg\" \/>\n<meta name=\"twitter:card\" content=\"summary_large_image\" \/>\n<script type=\"application\/ld+json\" class=\"yoast-schema-graph\">{\"@context\":\"https:\/\/schema.org\",\"@graph\":[{\"@type\":\"WebPage\",\"@id\":\"https:\/\/trt12punto.com\/george-goldenstern\/\",\"url\":\"https:\/\/trt12punto.com\/george-goldenstern\/\",\"name\":\"George Goldenstern - TRT 12 Punto\",\"isPartOf\":{\"@id\":\"https:\/\/trt12punto.com\/#website\"},\"primaryImageOfPage\":{\"@id\":\"https:\/\/trt12punto.com\/george-goldenstern\/#primaryimage\"},\"image\":{\"@id\":\"https:\/\/trt12punto.com\/george-goldenstern\/#primaryimage\"},\"thumbnailUrl\":\"http:\/\/trt12punto.com\/wp-content\/uploads\/2021\/01\/Georges-Goldenstern_2-1.jpg\",\"datePublished\":\"2021-01-07T11:20:28+00:00\",\"dateModified\":\"2021-01-07T12:00:57+00:00\",\"breadcrumb\":{\"@id\":\"https:\/\/trt12punto.com\/george-goldenstern\/#breadcrumb\"},\"inLanguage\":\"en-US\",\"potentialAction\":[{\"@type\":\"ReadAction\",\"target\":[\"https:\/\/trt12punto.com\/george-goldenstern\/\"]}]},{\"@type\":\"ImageObject\",\"inLanguage\":\"en-US\",\"@id\":\"https:\/\/trt12punto.com\/george-goldenstern\/#primaryimage\",\"url\":\"http:\/\/trt12punto.com\/wp-content\/uploads\/2021\/01\/Georges-Goldenstern_2-1.jpg\",\"contentUrl\":\"http:\/\/trt12punto.com\/wp-content\/uploads\/2021\/01\/Georges-Goldenstern_2-1.jpg\"},{\"@type\":\"BreadcrumbList\",\"@id\":\"https:\/\/trt12punto.com\/george-goldenstern\/#breadcrumb\",\"itemListElement\":[{\"@type\":\"ListItem\",\"position\":1,\"name\":\"Anasayfa\",\"item\":\"https:\/\/trt12punto.com\/en\/home\/\"},{\"@type\":\"ListItem\",\"position\":2,\"name\":\"George Goldenstern\"}]},{\"@type\":\"WebSite\",\"@id\":\"https:\/\/trt12punto.com\/#website\",\"url\":\"https:\/\/trt12punto.com\/\",\"name\":\"TRT 12 Punto\",\"description\":\"T\u00fcrkiye&#039;nin En B\u00fcy\u00fck Senaryo Geli\u015ftirme Platformu\",\"potentialAction\":[{\"@type\":\"SearchAction\",\"target\":{\"@type\":\"EntryPoint\",\"urlTemplate\":\"https:\/\/trt12punto.com\/?s={search_term_string}\"},\"query-input\":{\"@type\":\"PropertyValueSpecification\",\"valueRequired\":true,\"valueName\":\"search_term_string\"}}],\"inLanguage\":\"en-US\"}]}<\/script>\n<!-- \/ Yoast SEO plugin. -->","yoast_head_json":{"title":"George Goldenstern - TRT 12 Punto","robots":{"index":"index","follow":"follow","max-snippet":"max-snippet:-1","max-image-preview":"max-image-preview:large","max-video-preview":"max-video-preview:-1"},"canonical":"https:\/\/trt12punto.com\/george-goldenstern\/","og_locale":"en_US","og_type":"article","og_title":"George Goldenstern - TRT 12 Punto","og_description":"Cannes Film Festival Cin\u00e9fondation General Manager Georges Goldenstern was at the beginning of the channel ARTE and created Arte France Cinema, where he works as General Director and head of acquisitions. Since 2002, he is Executive Manager of Cinefondation.","og_url":"https:\/\/trt12punto.com\/george-goldenstern\/","og_site_name":"TRT 12 Punto","article_modified_time":"2021-01-07T12:00:57+00:00","og_image":[{"url":"http:\/\/trt12punto.com\/wp-content\/uploads\/2021\/01\/Georges-Goldenstern_2-1.jpg","type":"","width":"","height":""}],"twitter_card":"summary_large_image","schema":{"@context":"https:\/\/schema.org","@graph":[{"@type":"WebPage","@id":"https:\/\/trt12punto.com\/george-goldenstern\/","url":"https:\/\/trt12punto.com\/george-goldenstern\/","name":"George Goldenstern - TRT 12 Punto","isPartOf":{"@id":"https:\/\/trt12punto.com\/#website"},"primaryImageOfPage":{"@id":"https:\/\/trt12punto.com\/george-goldenstern\/#primaryimage"},"image":{"@id":"https:\/\/trt12punto.com\/george-goldenstern\/#primaryimage"},"thumbnailUrl":"http:\/\/trt12punto.com\/wp-content\/uploads\/2021\/01\/Georges-Goldenstern_2-1.jpg","datePublished":"2021-01-07T11:20:28+00:00","dateModified":"2021-01-07T12:00:57+00:00","breadcrumb":{"@id":"https:\/\/trt12punto.com\/george-goldenstern\/#breadcrumb"},"inLanguage":"en-US","potentialAction":[{"@type":"ReadAction","target":["https:\/\/trt12punto.com\/george-goldenstern\/"]}]},{"@type":"ImageObject","inLanguage":"en-US","@id":"https:\/\/trt12punto.com\/george-goldenstern\/#primaryimage","url":"http:\/\/trt12punto.com\/wp-content\/uploads\/2021\/01\/Georges-Goldenstern_2-1.jpg","contentUrl":"http:\/\/trt12punto.com\/wp-content\/uploads\/2021\/01\/Georges-Goldenstern_2-1.jpg"},{"@type":"BreadcrumbList","@id":"https:\/\/trt12punto.com\/george-goldenstern\/#breadcrumb","itemListElement":[{"@type":"ListItem","position":1,"name":"Anasayfa","item":"https:\/\/trt12punto.com\/en\/home\/"},{"@type":"ListItem","position":2,"name":"George Goldenstern"}]},{"@type":"WebSite","@id":"https:\/\/trt12punto.com\/#website","url":"https:\/\/trt12punto.com\/","name":"TRT 12 Punto","description":"T\u00fcrkiye&#039;nin En B\u00fcy\u00fck Senaryo Geli\u015ftirme Platformu","potentialAction":[{"@type":"SearchAction","target":{"@type":"EntryPoint","urlTemplate":"https:\/\/trt12punto.com\/?s={search_term_string}"},"query-input":{"@type":"PropertyValueSpecification","valueRequired":true,"valueName":"search_term_string"}}],"inLanguage":"en-US"}]}},"jetpack_shortlink":"https:\/\/wp.me\/PgRTn7-Fo","_links":{"self":[{"href":"https:\/\/trt12punto.com\/en\/wp-json\/wp\/v2\/pages\/2566","targetHints":{"allow":["GET"]}}],"collection":[{"href":"https:\/\/trt12punto.com\/en\/wp-json\/wp\/v2\/pages"}],"about":[{"href":"https:\/\/trt12punto.com\/en\/wp-json\/wp\/v2\/types\/page"}],"author":[{"embeddable":true,"href":"https:\/\/trt12punto.com\/en\/wp-json\/wp\/v2\/users\/1"}],"replies":[{"embeddable":true,"href":"https:\/\/trt12punto.com\/en\/wp-json\/wp\/v2\/comments?post=2566"}],"version-history":[{"count":0,"href":"https:\/\/trt12punto.com\/en\/wp-json\/wp\/v2\/pages\/2566\/revisions"}],"wp:attachment":[{"href":"https:\/\/trt12punto.com\/en\/wp-json\/wp\/v2\/media?parent=2566"}],"curies":[{"name":"wp","href":"https:\/\/api.w.org\/{rel}","templated":true}]}}