{"id":2587,"date":"2021-01-07T14:26:29","date_gmt":"2021-01-07T11:26:29","guid":{"rendered":"http:\/\/trt12punto.com\/mehmet-ali-karga\/"},"modified":"2021-01-09T12:18:09","modified_gmt":"2021-01-09T09:18:09","slug":"mehmet-ali-karga","status":"publish","type":"page","link":"https:\/\/trt12punto.com\/en\/mehmet-ali-karga\/","title":{"rendered":"Mehmet Ali Karga"},"content":{"rendered":"<div><img loading=\"lazy\" decoding=\"async\" class=\"wp-image-2512 size-full aligncenter\" src=\"http:\/\/trt12punto.com\/wp-content\/uploads\/2021\/01\/mehmet-ali-karga_2.jpg\" alt=\"\" width=\"512\" height=\"343\" srcset=\"https:\/\/trt12punto.com\/wp-content\/uploads\/2021\/01\/mehmet-ali-karga_2.jpg 512w, https:\/\/trt12punto.com\/wp-content\/uploads\/2021\/01\/mehmet-ali-karga_2-300x201.jpg 300w\" sizes=\"auto, (max-width: 512px) 100vw, 512px\" \/><\/div>\n<div><\/div>\n<div class=\"team-member-job-title \" style=\"text-align: center;\"><strong><strong>TRT 2 Cinema Content Editor<\/strong><br \/>\n<\/strong><\/div>\n<div class=\"team-member-description \">\n<div class=\"page\" title=\"Page 8\">\n<div class=\"section\">\n<div class=\"layoutArea\">\n<div class=\"column\">\n<div class=\"page\" title=\"Page 10\">\n<div class=\"layoutArea\">\n<div class=\"column\">\n<div class=\"page\" title=\"Page 47\">\n<div class=\"layoutArea\">\n<div class=\"column\">\n<div class=\"page\" title=\"Page 47\">\n<div class=\"layoutArea\">\n<div class=\"column\">\n<div class=\"page\" title=\"Page 48\">\n<div class=\"section\">\n<div class=\"layoutArea\">\n<div class=\"column\">\n<p style=\"text-align: center;\">He was born in 1982 in Istanbul. After receiving associate degree from Marmara University Faculty of Economics and Administrative Sciences, he completed his undergraduate degree in Business Administration. With his thesis titled \u201cStudents\u2019 Freedom of Belief, Worship and Expression\u201d, he received master\u2019s degree in the Sociology Department of the Institute of Social Sciences, Maltepe University. Continued his doctorate in the Department of History of Religions at Ankara University. He worked as a manager in various bookstores and media sector. He wrote book reviews in some literary magazines. He also has a novel called \u201cAhir\u201d. Mehmet Ali Karga, who currently works as a producer-editor for cinema contents on the TRT 2 channel, is married and has a child<\/p>\n<\/div>\n<\/div>\n<\/div>\n<\/div>\n<\/div>\n<\/div>\n<\/div>\n<\/div>\n<\/div>\n<\/div>\n<\/div>\n<\/div>\n<\/div>\n<\/div>\n<\/div>\n<\/div>\n<\/div>\n<\/div>\n","protected":false},"excerpt":{"rendered":"<p>TRT 2 Cinema Content Editor He was born in 1982 in Istanbul. After receiving associate degree from Marmara University Faculty of Economics and Administrative Sciences, he completed his undergraduate degree in Business Administration. With his thesis titled \u201cStudents\u2019 Freedom of Belief, Worship and Expression\u201d, he received master\u2019s degree in the Sociology Department of the Institute [&hellip;]<\/p>\n","protected":false},"author":1,"featured_media":0,"parent":0,"menu_order":40,"comment_status":"closed","ping_status":"closed","template":"","meta":{"footnotes":""},"class_list":["post-2587","page","type-page","status-publish","hentry"],"yoast_head":"<!-- This site is optimized with the Yoast SEO plugin v27.2 - https:\/\/yoast.com\/product\/yoast-seo-wordpress\/ -->\n<title>Mehmet Ali Karga - TRT 12 Punto<\/title>\n<meta name=\"robots\" content=\"index, follow, max-snippet:-1, max-image-preview:large, max-video-preview:-1\" \/>\n<link rel=\"canonical\" href=\"https:\/\/trt12punto.com\/mehmet-ali-karga\/\" \/>\n<meta property=\"og:locale\" content=\"en_US\" \/>\n<meta property=\"og:type\" content=\"article\" \/>\n<meta property=\"og:title\" content=\"Mehmet Ali Karga - TRT 12 Punto\" \/>\n<meta property=\"og:description\" content=\"TRT 2 Cinema Content Editor He was born in 1982 in Istanbul. After receiving associate degree from Marmara University Faculty of Economics and Administrative Sciences, he completed his undergraduate degree in Business Administration. With his thesis titled \u201cStudents\u2019 Freedom of Belief, Worship and Expression\u201d, he received master\u2019s degree in the Sociology Department of the Institute [&hellip;]\" \/>\n<meta property=\"og:url\" content=\"https:\/\/trt12punto.com\/mehmet-ali-karga\/\" \/>\n<meta property=\"og:site_name\" content=\"TRT 12 Punto\" \/>\n<meta property=\"article:modified_time\" content=\"2021-01-09T09:18:09+00:00\" \/>\n<meta property=\"og:image\" content=\"http:\/\/trt12punto.com\/wp-content\/uploads\/2021\/01\/mehmet-ali-karga_2.jpg\" \/>\n<meta name=\"twitter:card\" content=\"summary_large_image\" \/>\n<meta name=\"twitter:label1\" content=\"Est. reading time\" \/>\n\t<meta name=\"twitter:data1\" content=\"1 minute\" \/>\n<script type=\"application\/ld+json\" class=\"yoast-schema-graph\">{\"@context\":\"https:\/\/schema.org\",\"@graph\":[{\"@type\":\"WebPage\",\"@id\":\"https:\/\/trt12punto.com\/mehmet-ali-karga\/\",\"url\":\"https:\/\/trt12punto.com\/mehmet-ali-karga\/\",\"name\":\"Mehmet Ali Karga - TRT 12 Punto\",\"isPartOf\":{\"@id\":\"https:\/\/trt12punto.com\/#website\"},\"primaryImageOfPage\":{\"@id\":\"https:\/\/trt12punto.com\/mehmet-ali-karga\/#primaryimage\"},\"image\":{\"@id\":\"https:\/\/trt12punto.com\/mehmet-ali-karga\/#primaryimage\"},\"thumbnailUrl\":\"http:\/\/trt12punto.com\/wp-content\/uploads\/2021\/01\/mehmet-ali-karga_2.jpg\",\"datePublished\":\"2021-01-07T11:26:29+00:00\",\"dateModified\":\"2021-01-09T09:18:09+00:00\",\"breadcrumb\":{\"@id\":\"https:\/\/trt12punto.com\/mehmet-ali-karga\/#breadcrumb\"},\"inLanguage\":\"en-US\",\"potentialAction\":[{\"@type\":\"ReadAction\",\"target\":[\"https:\/\/trt12punto.com\/mehmet-ali-karga\/\"]}]},{\"@type\":\"ImageObject\",\"inLanguage\":\"en-US\",\"@id\":\"https:\/\/trt12punto.com\/mehmet-ali-karga\/#primaryimage\",\"url\":\"http:\/\/trt12punto.com\/wp-content\/uploads\/2021\/01\/mehmet-ali-karga_2.jpg\",\"contentUrl\":\"http:\/\/trt12punto.com\/wp-content\/uploads\/2021\/01\/mehmet-ali-karga_2.jpg\"},{\"@type\":\"BreadcrumbList\",\"@id\":\"https:\/\/trt12punto.com\/mehmet-ali-karga\/#breadcrumb\",\"itemListElement\":[{\"@type\":\"ListItem\",\"position\":1,\"name\":\"Anasayfa\",\"item\":\"https:\/\/trt12punto.com\/en\/home\/\"},{\"@type\":\"ListItem\",\"position\":2,\"name\":\"Mehmet Ali Karga\"}]},{\"@type\":\"WebSite\",\"@id\":\"https:\/\/trt12punto.com\/#website\",\"url\":\"https:\/\/trt12punto.com\/\",\"name\":\"TRT 12 Punto\",\"description\":\"T\u00fcrkiye&#039;nin En B\u00fcy\u00fck Senaryo Geli\u015ftirme Platformu\",\"potentialAction\":[{\"@type\":\"SearchAction\",\"target\":{\"@type\":\"EntryPoint\",\"urlTemplate\":\"https:\/\/trt12punto.com\/?s={search_term_string}\"},\"query-input\":{\"@type\":\"PropertyValueSpecification\",\"valueRequired\":true,\"valueName\":\"search_term_string\"}}],\"inLanguage\":\"en-US\"}]}<\/script>\n<!-- \/ Yoast SEO plugin. -->","yoast_head_json":{"title":"Mehmet Ali Karga - TRT 12 Punto","robots":{"index":"index","follow":"follow","max-snippet":"max-snippet:-1","max-image-preview":"max-image-preview:large","max-video-preview":"max-video-preview:-1"},"canonical":"https:\/\/trt12punto.com\/mehmet-ali-karga\/","og_locale":"en_US","og_type":"article","og_title":"Mehmet Ali Karga - TRT 12 Punto","og_description":"TRT 2 Cinema Content Editor He was born in 1982 in Istanbul. After receiving associate degree from Marmara University Faculty of Economics and Administrative Sciences, he completed his undergraduate degree in Business Administration. With his thesis titled \u201cStudents\u2019 Freedom of Belief, Worship and Expression\u201d, he received master\u2019s degree in the Sociology Department of the Institute [&hellip;]","og_url":"https:\/\/trt12punto.com\/mehmet-ali-karga\/","og_site_name":"TRT 12 Punto","article_modified_time":"2021-01-09T09:18:09+00:00","og_image":[{"url":"http:\/\/trt12punto.com\/wp-content\/uploads\/2021\/01\/mehmet-ali-karga_2.jpg","type":"","width":"","height":""}],"twitter_card":"summary_large_image","twitter_misc":{"Est. reading time":"1 minute"},"schema":{"@context":"https:\/\/schema.org","@graph":[{"@type":"WebPage","@id":"https:\/\/trt12punto.com\/mehmet-ali-karga\/","url":"https:\/\/trt12punto.com\/mehmet-ali-karga\/","name":"Mehmet Ali Karga - TRT 12 Punto","isPartOf":{"@id":"https:\/\/trt12punto.com\/#website"},"primaryImageOfPage":{"@id":"https:\/\/trt12punto.com\/mehmet-ali-karga\/#primaryimage"},"image":{"@id":"https:\/\/trt12punto.com\/mehmet-ali-karga\/#primaryimage"},"thumbnailUrl":"http:\/\/trt12punto.com\/wp-content\/uploads\/2021\/01\/mehmet-ali-karga_2.jpg","datePublished":"2021-01-07T11:26:29+00:00","dateModified":"2021-01-09T09:18:09+00:00","breadcrumb":{"@id":"https:\/\/trt12punto.com\/mehmet-ali-karga\/#breadcrumb"},"inLanguage":"en-US","potentialAction":[{"@type":"ReadAction","target":["https:\/\/trt12punto.com\/mehmet-ali-karga\/"]}]},{"@type":"ImageObject","inLanguage":"en-US","@id":"https:\/\/trt12punto.com\/mehmet-ali-karga\/#primaryimage","url":"http:\/\/trt12punto.com\/wp-content\/uploads\/2021\/01\/mehmet-ali-karga_2.jpg","contentUrl":"http:\/\/trt12punto.com\/wp-content\/uploads\/2021\/01\/mehmet-ali-karga_2.jpg"},{"@type":"BreadcrumbList","@id":"https:\/\/trt12punto.com\/mehmet-ali-karga\/#breadcrumb","itemListElement":[{"@type":"ListItem","position":1,"name":"Anasayfa","item":"https:\/\/trt12punto.com\/en\/home\/"},{"@type":"ListItem","position":2,"name":"Mehmet Ali Karga"}]},{"@type":"WebSite","@id":"https:\/\/trt12punto.com\/#website","url":"https:\/\/trt12punto.com\/","name":"TRT 12 Punto","description":"T\u00fcrkiye&#039;nin En B\u00fcy\u00fck Senaryo Geli\u015ftirme Platformu","potentialAction":[{"@type":"SearchAction","target":{"@type":"EntryPoint","urlTemplate":"https:\/\/trt12punto.com\/?s={search_term_string}"},"query-input":{"@type":"PropertyValueSpecification","valueRequired":true,"valueName":"search_term_string"}}],"inLanguage":"en-US"}]}},"jetpack_shortlink":"https:\/\/wp.me\/PgRTn7-FJ","_links":{"self":[{"href":"https:\/\/trt12punto.com\/en\/wp-json\/wp\/v2\/pages\/2587","targetHints":{"allow":["GET"]}}],"collection":[{"href":"https:\/\/trt12punto.com\/en\/wp-json\/wp\/v2\/pages"}],"about":[{"href":"https:\/\/trt12punto.com\/en\/wp-json\/wp\/v2\/types\/page"}],"author":[{"embeddable":true,"href":"https:\/\/trt12punto.com\/en\/wp-json\/wp\/v2\/users\/1"}],"replies":[{"embeddable":true,"href":"https:\/\/trt12punto.com\/en\/wp-json\/wp\/v2\/comments?post=2587"}],"version-history":[{"count":0,"href":"https:\/\/trt12punto.com\/en\/wp-json\/wp\/v2\/pages\/2587\/revisions"}],"wp:attachment":[{"href":"https:\/\/trt12punto.com\/en\/wp-json\/wp\/v2\/media?parent=2587"}],"curies":[{"name":"wp","href":"https:\/\/api.w.org\/{rel}","templated":true}]}}