{"id":2737,"date":"2021-01-07T15:11:35","date_gmt":"2021-01-07T12:11:35","guid":{"rendered":"http:\/\/trt12punto.com\/zulfikar-kurum\/"},"modified":"2021-01-07T15:11:35","modified_gmt":"2021-01-07T12:11:35","slug":"zulfikar-kurum","status":"publish","type":"page","link":"https:\/\/trt12punto.com\/en\/zulfikar-kurum\/","title":{"rendered":"Z\u00fclfikar K\u00fcr\u00fcm"},"content":{"rendered":"<div><img loading=\"lazy\" decoding=\"async\" class=\"wp-image-2506 size-full aligncenter\" src=\"http:\/\/trt12punto.com\/wp-content\/uploads\/2021\/01\/zu%CC%88lfikar-ku%CC%88ru%CC%88m_2.jpg\" alt=\"\" width=\"512\" height=\"343\"><\/div>\n<div><\/div>\n<div class=\"team-member-job-title \" style=\"text-align: center;\"><strong>Eurimages Turkey Representative <\/strong><\/div>\n<div class=\"team-member-description \">\n<div class=\"page\" title=\"Page 8\">\n<div class=\"section\">\n<div class=\"layoutArea\">\n<div class=\"column\">\n<div class=\"page\" title=\"Page 10\">\n<div class=\"layoutArea\">\n<div class=\"column\">\n<div class=\"page\" title=\"Page 47\">\n<div class=\"layoutArea\">\n<div class=\"column\">\n<div class=\"page\" title=\"Page 47\">\n<div class=\"layoutArea\">\n<div class=\"column\">\n<div class=\"page\" title=\"Page 48\">\n<div class=\"section\">\n<div class=\"layoutArea\">\n<div class=\"column\">\n<div class=\"page\" title=\"Page 11\">\n<div class=\"layoutArea\">\n<div class=\"column\">\n<p style=\"text-align: center;\">Z\u00fclfikar K\u00fcr\u00fcm obtained his BA at the Bo\u011fazi\u00e7i University, Philosophy Department, and his master\u2019s degree (non-thesis) at the \u0130stanbul \u015eehir University, Public Law Department. Currently, he is a graduate student on cinema and TV. He took part in the making of various films in various positions such as producer, production consultant and supervisor. He has been the National Representative of Turkey to Eurimages since 2016. He works at TRT.<\/p>\n<\/div>\n<\/div>\n<\/div>\n<\/div>\n<\/div>\n<\/div>\n<\/div>\n<\/div>\n<\/div>\n<\/div>\n<\/div>\n<\/div>\n<\/div>\n<\/div>\n<\/div>\n<\/div>\n<\/div>\n<\/div>\n<\/div>\n<\/div>\n<\/div>\n","protected":false},"excerpt":{"rendered":"<p>Eurimages Turkey Representative Z\u00fclfikar K\u00fcr\u00fcm obtained his BA at the Bo\u011fazi\u00e7i University, Philosophy Department, and his master\u2019s degree (non-thesis) at the \u0130stanbul \u015eehir University, Public Law Department. Currently, he is a graduate student on cinema and TV. He took part in the making of various films in various positions such as producer, production consultant and [&hellip;]<\/p>\n","protected":false},"author":1,"featured_media":0,"parent":0,"menu_order":60,"comment_status":"closed","ping_status":"closed","template":"","meta":{"footnotes":""},"class_list":["post-2737","page","type-page","status-publish","hentry"],"yoast_head":"<!-- This site is optimized with the Yoast SEO plugin v27.2 - https:\/\/yoast.com\/product\/yoast-seo-wordpress\/ -->\n<title>Z\u00fclfikar K\u00fcr\u00fcm - TRT 12 Punto<\/title>\n<meta name=\"robots\" content=\"index, follow, max-snippet:-1, max-image-preview:large, max-video-preview:-1\" \/>\n<link rel=\"canonical\" href=\"https:\/\/trt12punto.com\/zulfikar-kurum\/\" \/>\n<meta property=\"og:locale\" content=\"en_US\" \/>\n<meta property=\"og:type\" content=\"article\" \/>\n<meta property=\"og:title\" content=\"Z\u00fclfikar K\u00fcr\u00fcm - TRT 12 Punto\" \/>\n<meta property=\"og:description\" content=\"Eurimages Turkey Representative Z\u00fclfikar K\u00fcr\u00fcm obtained his BA at the Bo\u011fazi\u00e7i University, Philosophy Department, and his master\u2019s degree (non-thesis) at the \u0130stanbul \u015eehir University, Public Law Department. Currently, he is a graduate student on cinema and TV. He took part in the making of various films in various positions such as producer, production consultant and [&hellip;]\" \/>\n<meta property=\"og:url\" content=\"https:\/\/trt12punto.com\/zulfikar-kurum\/\" \/>\n<meta property=\"og:site_name\" content=\"TRT 12 Punto\" \/>\n<meta property=\"og:image\" content=\"http:\/\/trt12punto.com\/wp-content\/uploads\/2021\/01\/zu%CC%88lfikar-ku%CC%88ru%CC%88m_2.jpg\" \/>\n<meta name=\"twitter:card\" content=\"summary_large_image\" \/>\n<script type=\"application\/ld+json\" class=\"yoast-schema-graph\">{\"@context\":\"https:\/\/schema.org\",\"@graph\":[{\"@type\":\"WebPage\",\"@id\":\"https:\/\/trt12punto.com\/zulfikar-kurum\/\",\"url\":\"https:\/\/trt12punto.com\/zulfikar-kurum\/\",\"name\":\"Z\u00fclfikar K\u00fcr\u00fcm - TRT 12 Punto\",\"isPartOf\":{\"@id\":\"https:\/\/trt12punto.com\/#website\"},\"primaryImageOfPage\":{\"@id\":\"https:\/\/trt12punto.com\/zulfikar-kurum\/#primaryimage\"},\"image\":{\"@id\":\"https:\/\/trt12punto.com\/zulfikar-kurum\/#primaryimage\"},\"thumbnailUrl\":\"http:\/\/trt12punto.com\/wp-content\/uploads\/2021\/01\/zu%CC%88lfikar-ku%CC%88ru%CC%88m_2.jpg\",\"datePublished\":\"2021-01-07T12:11:35+00:00\",\"breadcrumb\":{\"@id\":\"https:\/\/trt12punto.com\/zulfikar-kurum\/#breadcrumb\"},\"inLanguage\":\"en-US\",\"potentialAction\":[{\"@type\":\"ReadAction\",\"target\":[\"https:\/\/trt12punto.com\/zulfikar-kurum\/\"]}]},{\"@type\":\"ImageObject\",\"inLanguage\":\"en-US\",\"@id\":\"https:\/\/trt12punto.com\/zulfikar-kurum\/#primaryimage\",\"url\":\"http:\/\/trt12punto.com\/wp-content\/uploads\/2021\/01\/zu%CC%88lfikar-ku%CC%88ru%CC%88m_2.jpg\",\"contentUrl\":\"http:\/\/trt12punto.com\/wp-content\/uploads\/2021\/01\/zu%CC%88lfikar-ku%CC%88ru%CC%88m_2.jpg\"},{\"@type\":\"BreadcrumbList\",\"@id\":\"https:\/\/trt12punto.com\/zulfikar-kurum\/#breadcrumb\",\"itemListElement\":[{\"@type\":\"ListItem\",\"position\":1,\"name\":\"Anasayfa\",\"item\":\"https:\/\/trt12punto.com\/en\/home\/\"},{\"@type\":\"ListItem\",\"position\":2,\"name\":\"Z\u00fclfikar K\u00fcr\u00fcm\"}]},{\"@type\":\"WebSite\",\"@id\":\"https:\/\/trt12punto.com\/#website\",\"url\":\"https:\/\/trt12punto.com\/\",\"name\":\"TRT 12 Punto\",\"description\":\"T\u00fcrkiye&#039;nin En B\u00fcy\u00fck Senaryo Geli\u015ftirme Platformu\",\"potentialAction\":[{\"@type\":\"SearchAction\",\"target\":{\"@type\":\"EntryPoint\",\"urlTemplate\":\"https:\/\/trt12punto.com\/?s={search_term_string}\"},\"query-input\":{\"@type\":\"PropertyValueSpecification\",\"valueRequired\":true,\"valueName\":\"search_term_string\"}}],\"inLanguage\":\"en-US\"}]}<\/script>\n<!-- \/ Yoast SEO plugin. -->","yoast_head_json":{"title":"Z\u00fclfikar K\u00fcr\u00fcm - TRT 12 Punto","robots":{"index":"index","follow":"follow","max-snippet":"max-snippet:-1","max-image-preview":"max-image-preview:large","max-video-preview":"max-video-preview:-1"},"canonical":"https:\/\/trt12punto.com\/zulfikar-kurum\/","og_locale":"en_US","og_type":"article","og_title":"Z\u00fclfikar K\u00fcr\u00fcm - TRT 12 Punto","og_description":"Eurimages Turkey Representative Z\u00fclfikar K\u00fcr\u00fcm obtained his BA at the Bo\u011fazi\u00e7i University, Philosophy Department, and his master\u2019s degree (non-thesis) at the \u0130stanbul \u015eehir University, Public Law Department. Currently, he is a graduate student on cinema and TV. He took part in the making of various films in various positions such as producer, production consultant and [&hellip;]","og_url":"https:\/\/trt12punto.com\/zulfikar-kurum\/","og_site_name":"TRT 12 Punto","og_image":[{"url":"http:\/\/trt12punto.com\/wp-content\/uploads\/2021\/01\/zu%CC%88lfikar-ku%CC%88ru%CC%88m_2.jpg","type":"","width":"","height":""}],"twitter_card":"summary_large_image","schema":{"@context":"https:\/\/schema.org","@graph":[{"@type":"WebPage","@id":"https:\/\/trt12punto.com\/zulfikar-kurum\/","url":"https:\/\/trt12punto.com\/zulfikar-kurum\/","name":"Z\u00fclfikar K\u00fcr\u00fcm - TRT 12 Punto","isPartOf":{"@id":"https:\/\/trt12punto.com\/#website"},"primaryImageOfPage":{"@id":"https:\/\/trt12punto.com\/zulfikar-kurum\/#primaryimage"},"image":{"@id":"https:\/\/trt12punto.com\/zulfikar-kurum\/#primaryimage"},"thumbnailUrl":"http:\/\/trt12punto.com\/wp-content\/uploads\/2021\/01\/zu%CC%88lfikar-ku%CC%88ru%CC%88m_2.jpg","datePublished":"2021-01-07T12:11:35+00:00","breadcrumb":{"@id":"https:\/\/trt12punto.com\/zulfikar-kurum\/#breadcrumb"},"inLanguage":"en-US","potentialAction":[{"@type":"ReadAction","target":["https:\/\/trt12punto.com\/zulfikar-kurum\/"]}]},{"@type":"ImageObject","inLanguage":"en-US","@id":"https:\/\/trt12punto.com\/zulfikar-kurum\/#primaryimage","url":"http:\/\/trt12punto.com\/wp-content\/uploads\/2021\/01\/zu%CC%88lfikar-ku%CC%88ru%CC%88m_2.jpg","contentUrl":"http:\/\/trt12punto.com\/wp-content\/uploads\/2021\/01\/zu%CC%88lfikar-ku%CC%88ru%CC%88m_2.jpg"},{"@type":"BreadcrumbList","@id":"https:\/\/trt12punto.com\/zulfikar-kurum\/#breadcrumb","itemListElement":[{"@type":"ListItem","position":1,"name":"Anasayfa","item":"https:\/\/trt12punto.com\/en\/home\/"},{"@type":"ListItem","position":2,"name":"Z\u00fclfikar K\u00fcr\u00fcm"}]},{"@type":"WebSite","@id":"https:\/\/trt12punto.com\/#website","url":"https:\/\/trt12punto.com\/","name":"TRT 12 Punto","description":"T\u00fcrkiye&#039;nin En B\u00fcy\u00fck Senaryo Geli\u015ftirme Platformu","potentialAction":[{"@type":"SearchAction","target":{"@type":"EntryPoint","urlTemplate":"https:\/\/trt12punto.com\/?s={search_term_string}"},"query-input":{"@type":"PropertyValueSpecification","valueRequired":true,"valueName":"search_term_string"}}],"inLanguage":"en-US"}]}},"jetpack_shortlink":"https:\/\/wp.me\/PgRTn7-I9","_links":{"self":[{"href":"https:\/\/trt12punto.com\/en\/wp-json\/wp\/v2\/pages\/2737","targetHints":{"allow":["GET"]}}],"collection":[{"href":"https:\/\/trt12punto.com\/en\/wp-json\/wp\/v2\/pages"}],"about":[{"href":"https:\/\/trt12punto.com\/en\/wp-json\/wp\/v2\/types\/page"}],"author":[{"embeddable":true,"href":"https:\/\/trt12punto.com\/en\/wp-json\/wp\/v2\/users\/1"}],"replies":[{"embeddable":true,"href":"https:\/\/trt12punto.com\/en\/wp-json\/wp\/v2\/comments?post=2737"}],"version-history":[{"count":0,"href":"https:\/\/trt12punto.com\/en\/wp-json\/wp\/v2\/pages\/2737\/revisions"}],"wp:attachment":[{"href":"https:\/\/trt12punto.com\/en\/wp-json\/wp\/v2\/media?parent=2737"}],"curies":[{"name":"wp","href":"https:\/\/api.w.org\/{rel}","templated":true}]}}