{"id":2750,"date":"2021-01-07T15:18:58","date_gmt":"2021-01-07T12:18:58","guid":{"rendered":"http:\/\/trt12punto.com\/a-seashell-in-the-steppes\/"},"modified":"2021-01-07T15:18:58","modified_gmt":"2021-01-07T12:18:58","slug":"a-seashell-in-the-steppes","status":"publish","type":"page","link":"https:\/\/trt12punto.com\/en\/a-seashell-in-the-steppes\/","title":{"rendered":"A SEASHELL IN THE STEPPES"},"content":{"rendered":"<p><strong>CREW<\/strong><\/p>\n<p>Director: Osman Nail Do\u011fan<\/p>\n<p>Writer: Ahmet Ulu\u00e7ay<\/p>\n<p>Producer: Neden Film Yap\u0131m \u2013 Ahmet Tar\u0131k G\u00fcven<\/p>\n<hr>\n<p><strong>SYNOPSIS<\/strong><\/p>\n<p>Yakup is a village boy who is a shepherd around 15-16 years old and has never left his village. A railroad passes through the steppes where he herds his sheep. Yakup&#8217;s only connection with the outside world is this part of the railroad where only two trains pass by a day. Yakup&#8217;s life changes completely when he finds seashells in the middle of the steppe and falls in love with a city girl who throws him a white handkerchief from the train. Dreams of the sea, the Wise Person&#8217;s mystical stories woven with prophets, angels, jinn, fairies, and the dream of the girl he saw and fell in love with on the train, mixed with the influence of the village teacher, who had a special bond between them. Yakup is now in a story where dream and reality are mixed.<\/p>\n","protected":false},"excerpt":{"rendered":"<p>CREW Director: Osman Nail Do\u011fan Writer: Ahmet Ulu\u00e7ay Producer: Neden Film Yap\u0131m \u2013 Ahmet Tar\u0131k G\u00fcven SYNOPSIS Yakup is a village boy who is a shepherd around 15-16 years old and has never left his village. A railroad passes through the steppes where he herds his sheep. Yakup&#8217;s only connection with the outside world is [&hellip;]<\/p>\n","protected":false},"author":1,"featured_media":0,"parent":0,"menu_order":9,"comment_status":"closed","ping_status":"closed","template":"","meta":{"footnotes":""},"class_list":["post-2750","page","type-page","status-publish","hentry"],"yoast_head":"<!-- This site is optimized with the Yoast SEO plugin v27.2 - https:\/\/yoast.com\/product\/yoast-seo-wordpress\/ -->\n<title>A SEASHELL IN THE STEPPES - TRT 12 Punto<\/title>\n<meta name=\"robots\" content=\"index, follow, max-snippet:-1, max-image-preview:large, max-video-preview:-1\" \/>\n<link rel=\"canonical\" href=\"https:\/\/trt12punto.com\/bozkirda-deniz-kabugu\/\" \/>\n<meta property=\"og:locale\" content=\"en_US\" \/>\n<meta property=\"og:type\" content=\"article\" \/>\n<meta property=\"og:title\" content=\"A SEASHELL IN THE STEPPES - TRT 12 Punto\" \/>\n<meta property=\"og:description\" content=\"CREW Director: Osman Nail Do\u011fan Writer: Ahmet Ulu\u00e7ay Producer: Neden Film Yap\u0131m \u2013 Ahmet Tar\u0131k G\u00fcven SYNOPSIS Yakup is a village boy who is a shepherd around 15-16 years old and has never left his village. A railroad passes through the steppes where he herds his sheep. Yakup&#8217;s only connection with the outside world is [&hellip;]\" \/>\n<meta property=\"og:url\" content=\"https:\/\/trt12punto.com\/bozkirda-deniz-kabugu\/\" \/>\n<meta property=\"og:site_name\" content=\"TRT 12 Punto\" \/>\n<meta name=\"twitter:card\" content=\"summary_large_image\" \/>\n<meta name=\"twitter:label1\" content=\"Est. reading time\" \/>\n\t<meta name=\"twitter:data1\" content=\"1 minute\" \/>\n<script type=\"application\/ld+json\" class=\"yoast-schema-graph\">{\"@context\":\"https:\/\/schema.org\",\"@graph\":[{\"@type\":\"WebPage\",\"@id\":\"https:\/\/trt12punto.com\/bozkirda-deniz-kabugu\/\",\"url\":\"https:\/\/trt12punto.com\/bozkirda-deniz-kabugu\/\",\"name\":\"A SEASHELL IN THE STEPPES - TRT 12 Punto\",\"isPartOf\":{\"@id\":\"https:\/\/trt12punto.com\/#website\"},\"datePublished\":\"2021-01-07T12:18:58+00:00\",\"breadcrumb\":{\"@id\":\"https:\/\/trt12punto.com\/bozkirda-deniz-kabugu\/#breadcrumb\"},\"inLanguage\":\"en-US\",\"potentialAction\":[{\"@type\":\"ReadAction\",\"target\":[\"https:\/\/trt12punto.com\/bozkirda-deniz-kabugu\/\"]}]},{\"@type\":\"BreadcrumbList\",\"@id\":\"https:\/\/trt12punto.com\/bozkirda-deniz-kabugu\/#breadcrumb\",\"itemListElement\":[{\"@type\":\"ListItem\",\"position\":1,\"name\":\"Anasayfa\",\"item\":\"https:\/\/trt12punto.com\/en\/home\/\"},{\"@type\":\"ListItem\",\"position\":2,\"name\":\"A SEASHELL IN THE STEPPES\"}]},{\"@type\":\"WebSite\",\"@id\":\"https:\/\/trt12punto.com\/#website\",\"url\":\"https:\/\/trt12punto.com\/\",\"name\":\"TRT 12 Punto\",\"description\":\"T\u00fcrkiye&#039;nin En B\u00fcy\u00fck Senaryo Geli\u015ftirme Platformu\",\"potentialAction\":[{\"@type\":\"SearchAction\",\"target\":{\"@type\":\"EntryPoint\",\"urlTemplate\":\"https:\/\/trt12punto.com\/?s={search_term_string}\"},\"query-input\":{\"@type\":\"PropertyValueSpecification\",\"valueRequired\":true,\"valueName\":\"search_term_string\"}}],\"inLanguage\":\"en-US\"}]}<\/script>\n<!-- \/ Yoast SEO plugin. -->","yoast_head_json":{"title":"A SEASHELL IN THE STEPPES - TRT 12 Punto","robots":{"index":"index","follow":"follow","max-snippet":"max-snippet:-1","max-image-preview":"max-image-preview:large","max-video-preview":"max-video-preview:-1"},"canonical":"https:\/\/trt12punto.com\/bozkirda-deniz-kabugu\/","og_locale":"en_US","og_type":"article","og_title":"A SEASHELL IN THE STEPPES - TRT 12 Punto","og_description":"CREW Director: Osman Nail Do\u011fan Writer: Ahmet Ulu\u00e7ay Producer: Neden Film Yap\u0131m \u2013 Ahmet Tar\u0131k G\u00fcven SYNOPSIS Yakup is a village boy who is a shepherd around 15-16 years old and has never left his village. A railroad passes through the steppes where he herds his sheep. Yakup&#8217;s only connection with the outside world is [&hellip;]","og_url":"https:\/\/trt12punto.com\/bozkirda-deniz-kabugu\/","og_site_name":"TRT 12 Punto","twitter_card":"summary_large_image","twitter_misc":{"Est. reading time":"1 minute"},"schema":{"@context":"https:\/\/schema.org","@graph":[{"@type":"WebPage","@id":"https:\/\/trt12punto.com\/bozkirda-deniz-kabugu\/","url":"https:\/\/trt12punto.com\/bozkirda-deniz-kabugu\/","name":"A SEASHELL IN THE STEPPES - TRT 12 Punto","isPartOf":{"@id":"https:\/\/trt12punto.com\/#website"},"datePublished":"2021-01-07T12:18:58+00:00","breadcrumb":{"@id":"https:\/\/trt12punto.com\/bozkirda-deniz-kabugu\/#breadcrumb"},"inLanguage":"en-US","potentialAction":[{"@type":"ReadAction","target":["https:\/\/trt12punto.com\/bozkirda-deniz-kabugu\/"]}]},{"@type":"BreadcrumbList","@id":"https:\/\/trt12punto.com\/bozkirda-deniz-kabugu\/#breadcrumb","itemListElement":[{"@type":"ListItem","position":1,"name":"Anasayfa","item":"https:\/\/trt12punto.com\/en\/home\/"},{"@type":"ListItem","position":2,"name":"A SEASHELL IN THE STEPPES"}]},{"@type":"WebSite","@id":"https:\/\/trt12punto.com\/#website","url":"https:\/\/trt12punto.com\/","name":"TRT 12 Punto","description":"T\u00fcrkiye&#039;nin En B\u00fcy\u00fck Senaryo Geli\u015ftirme Platformu","potentialAction":[{"@type":"SearchAction","target":{"@type":"EntryPoint","urlTemplate":"https:\/\/trt12punto.com\/?s={search_term_string}"},"query-input":{"@type":"PropertyValueSpecification","valueRequired":true,"valueName":"search_term_string"}}],"inLanguage":"en-US"}]}},"jetpack_shortlink":"https:\/\/wp.me\/PgRTn7-Im","_links":{"self":[{"href":"https:\/\/trt12punto.com\/en\/wp-json\/wp\/v2\/pages\/2750","targetHints":{"allow":["GET"]}}],"collection":[{"href":"https:\/\/trt12punto.com\/en\/wp-json\/wp\/v2\/pages"}],"about":[{"href":"https:\/\/trt12punto.com\/en\/wp-json\/wp\/v2\/types\/page"}],"author":[{"embeddable":true,"href":"https:\/\/trt12punto.com\/en\/wp-json\/wp\/v2\/users\/1"}],"replies":[{"embeddable":true,"href":"https:\/\/trt12punto.com\/en\/wp-json\/wp\/v2\/comments?post=2750"}],"version-history":[{"count":0,"href":"https:\/\/trt12punto.com\/en\/wp-json\/wp\/v2\/pages\/2750\/revisions"}],"wp:attachment":[{"href":"https:\/\/trt12punto.com\/en\/wp-json\/wp\/v2\/media?parent=2750"}],"curies":[{"name":"wp","href":"https:\/\/api.w.org\/{rel}","templated":true}]}}