{"id":2757,"date":"2021-01-07T15:22:05","date_gmt":"2021-01-07T12:22:05","guid":{"rendered":"http:\/\/trt12punto.com\/to-carnations-a-song\/"},"modified":"2021-01-07T15:22:06","modified_gmt":"2021-01-07T12:22:06","slug":"to-carnations-a-song","status":"publish","type":"page","link":"https:\/\/trt12punto.com\/en\/to-carnations-a-song\/","title":{"rendered":"TO CARNATIONS A SONG"},"content":{"rendered":"<p><strong>CREW<\/strong><\/p>\n<p>Director: Bekir B\u00fclb\u00fcl<\/p>\n<p>Writer: B\u00fc\u015fra B\u00fclb\u00fcl \u2013 Bekir B\u00fclb\u00fcl<\/p>\n<p>Producer: May\u0131s Film \u2013 B\u00fc\u015fra B\u00fclb\u00fcl<\/p>\n<hr>\n<p><strong>SYNOPSIS<\/strong><\/p>\n<p>Musa, an old and stubborn man, has lost wife in the city where they live as refugees. He wants to bury her body in the land she was born and raised upon his promise to her and he takes the road with his granddaughter Halime. Bus and truck drivers don\u2019t want to take these two refugees travelling with a coffin. Because of poverty, they have to keep going on foot. But the coffin can\u2019t withstand being dragged and the road conditions for long and it starts to fracture and break off after a while. In addition to these problems, with the debility of old age and the weakness of his granddaughter, Musa tries to reach the border in difficult weather conditions. Furthermore, the conflicts along the border are still on.<\/p>\n","protected":false},"excerpt":{"rendered":"<p>CREW Director: Bekir B\u00fclb\u00fcl Writer: B\u00fc\u015fra B\u00fclb\u00fcl \u2013 Bekir B\u00fclb\u00fcl Producer: May\u0131s Film \u2013 B\u00fc\u015fra B\u00fclb\u00fcl SYNOPSIS Musa, an old and stubborn man, has lost wife in the city where they live as refugees. He wants to bury her body in the land she was born and raised upon his promise to her and he [&hellip;]<\/p>\n","protected":false},"author":1,"featured_media":0,"parent":0,"menu_order":8,"comment_status":"closed","ping_status":"closed","template":"","meta":{"footnotes":""},"class_list":["post-2757","page","type-page","status-publish","hentry"],"yoast_head":"<!-- This site is optimized with the Yoast SEO plugin v27.2 - https:\/\/yoast.com\/product\/yoast-seo-wordpress\/ -->\n<title>TO CARNATIONS A SONG - TRT 12 Punto<\/title>\n<meta name=\"robots\" content=\"index, follow, max-snippet:-1, max-image-preview:large, max-video-preview:-1\" \/>\n<link rel=\"canonical\" href=\"https:\/\/trt12punto.com\/bir-tutam-karanfil\/\" \/>\n<meta property=\"og:locale\" content=\"en_US\" \/>\n<meta property=\"og:type\" content=\"article\" \/>\n<meta property=\"og:title\" content=\"TO CARNATIONS A SONG - TRT 12 Punto\" \/>\n<meta property=\"og:description\" content=\"CREW Director: Bekir B\u00fclb\u00fcl Writer: B\u00fc\u015fra B\u00fclb\u00fcl \u2013 Bekir B\u00fclb\u00fcl Producer: May\u0131s Film \u2013 B\u00fc\u015fra B\u00fclb\u00fcl SYNOPSIS Musa, an old and stubborn man, has lost wife in the city where they live as refugees. He wants to bury her body in the land she was born and raised upon his promise to her and he [&hellip;]\" \/>\n<meta property=\"og:url\" content=\"https:\/\/trt12punto.com\/bir-tutam-karanfil\/\" \/>\n<meta property=\"og:site_name\" content=\"TRT 12 Punto\" \/>\n<meta property=\"article:modified_time\" content=\"2021-01-07T12:22:06+00:00\" \/>\n<meta name=\"twitter:card\" content=\"summary_large_image\" \/>\n<meta name=\"twitter:label1\" content=\"Est. reading time\" \/>\n\t<meta name=\"twitter:data1\" content=\"1 minute\" \/>\n<script type=\"application\/ld+json\" class=\"yoast-schema-graph\">{\"@context\":\"https:\/\/schema.org\",\"@graph\":[{\"@type\":\"WebPage\",\"@id\":\"https:\/\/trt12punto.com\/bir-tutam-karanfil\/\",\"url\":\"https:\/\/trt12punto.com\/bir-tutam-karanfil\/\",\"name\":\"TO CARNATIONS A SONG - TRT 12 Punto\",\"isPartOf\":{\"@id\":\"https:\/\/trt12punto.com\/#website\"},\"datePublished\":\"2021-01-07T12:22:05+00:00\",\"dateModified\":\"2021-01-07T12:22:06+00:00\",\"breadcrumb\":{\"@id\":\"https:\/\/trt12punto.com\/bir-tutam-karanfil\/#breadcrumb\"},\"inLanguage\":\"en-US\",\"potentialAction\":[{\"@type\":\"ReadAction\",\"target\":[\"https:\/\/trt12punto.com\/bir-tutam-karanfil\/\"]}]},{\"@type\":\"BreadcrumbList\",\"@id\":\"https:\/\/trt12punto.com\/bir-tutam-karanfil\/#breadcrumb\",\"itemListElement\":[{\"@type\":\"ListItem\",\"position\":1,\"name\":\"Anasayfa\",\"item\":\"https:\/\/trt12punto.com\/en\/home\/\"},{\"@type\":\"ListItem\",\"position\":2,\"name\":\"TO CARNATIONS A SONG\"}]},{\"@type\":\"WebSite\",\"@id\":\"https:\/\/trt12punto.com\/#website\",\"url\":\"https:\/\/trt12punto.com\/\",\"name\":\"TRT 12 Punto\",\"description\":\"T\u00fcrkiye&#039;nin En B\u00fcy\u00fck Senaryo Geli\u015ftirme Platformu\",\"potentialAction\":[{\"@type\":\"SearchAction\",\"target\":{\"@type\":\"EntryPoint\",\"urlTemplate\":\"https:\/\/trt12punto.com\/?s={search_term_string}\"},\"query-input\":{\"@type\":\"PropertyValueSpecification\",\"valueRequired\":true,\"valueName\":\"search_term_string\"}}],\"inLanguage\":\"en-US\"}]}<\/script>\n<!-- \/ Yoast SEO plugin. -->","yoast_head_json":{"title":"TO CARNATIONS A SONG - TRT 12 Punto","robots":{"index":"index","follow":"follow","max-snippet":"max-snippet:-1","max-image-preview":"max-image-preview:large","max-video-preview":"max-video-preview:-1"},"canonical":"https:\/\/trt12punto.com\/bir-tutam-karanfil\/","og_locale":"en_US","og_type":"article","og_title":"TO CARNATIONS A SONG - TRT 12 Punto","og_description":"CREW Director: Bekir B\u00fclb\u00fcl Writer: B\u00fc\u015fra B\u00fclb\u00fcl \u2013 Bekir B\u00fclb\u00fcl Producer: May\u0131s Film \u2013 B\u00fc\u015fra B\u00fclb\u00fcl SYNOPSIS Musa, an old and stubborn man, has lost wife in the city where they live as refugees. He wants to bury her body in the land she was born and raised upon his promise to her and he [&hellip;]","og_url":"https:\/\/trt12punto.com\/bir-tutam-karanfil\/","og_site_name":"TRT 12 Punto","article_modified_time":"2021-01-07T12:22:06+00:00","twitter_card":"summary_large_image","twitter_misc":{"Est. reading time":"1 minute"},"schema":{"@context":"https:\/\/schema.org","@graph":[{"@type":"WebPage","@id":"https:\/\/trt12punto.com\/bir-tutam-karanfil\/","url":"https:\/\/trt12punto.com\/bir-tutam-karanfil\/","name":"TO CARNATIONS A SONG - TRT 12 Punto","isPartOf":{"@id":"https:\/\/trt12punto.com\/#website"},"datePublished":"2021-01-07T12:22:05+00:00","dateModified":"2021-01-07T12:22:06+00:00","breadcrumb":{"@id":"https:\/\/trt12punto.com\/bir-tutam-karanfil\/#breadcrumb"},"inLanguage":"en-US","potentialAction":[{"@type":"ReadAction","target":["https:\/\/trt12punto.com\/bir-tutam-karanfil\/"]}]},{"@type":"BreadcrumbList","@id":"https:\/\/trt12punto.com\/bir-tutam-karanfil\/#breadcrumb","itemListElement":[{"@type":"ListItem","position":1,"name":"Anasayfa","item":"https:\/\/trt12punto.com\/en\/home\/"},{"@type":"ListItem","position":2,"name":"TO CARNATIONS A SONG"}]},{"@type":"WebSite","@id":"https:\/\/trt12punto.com\/#website","url":"https:\/\/trt12punto.com\/","name":"TRT 12 Punto","description":"T\u00fcrkiye&#039;nin En B\u00fcy\u00fck Senaryo Geli\u015ftirme Platformu","potentialAction":[{"@type":"SearchAction","target":{"@type":"EntryPoint","urlTemplate":"https:\/\/trt12punto.com\/?s={search_term_string}"},"query-input":{"@type":"PropertyValueSpecification","valueRequired":true,"valueName":"search_term_string"}}],"inLanguage":"en-US"}]}},"jetpack_shortlink":"https:\/\/wp.me\/PgRTn7-It","_links":{"self":[{"href":"https:\/\/trt12punto.com\/en\/wp-json\/wp\/v2\/pages\/2757","targetHints":{"allow":["GET"]}}],"collection":[{"href":"https:\/\/trt12punto.com\/en\/wp-json\/wp\/v2\/pages"}],"about":[{"href":"https:\/\/trt12punto.com\/en\/wp-json\/wp\/v2\/types\/page"}],"author":[{"embeddable":true,"href":"https:\/\/trt12punto.com\/en\/wp-json\/wp\/v2\/users\/1"}],"replies":[{"embeddable":true,"href":"https:\/\/trt12punto.com\/en\/wp-json\/wp\/v2\/comments?post=2757"}],"version-history":[{"count":0,"href":"https:\/\/trt12punto.com\/en\/wp-json\/wp\/v2\/pages\/2757\/revisions"}],"wp:attachment":[{"href":"https:\/\/trt12punto.com\/en\/wp-json\/wp\/v2\/media?parent=2757"}],"curies":[{"name":"wp","href":"https:\/\/api.w.org\/{rel}","templated":true}]}}