{"id":2768,"date":"2021-01-07T15:35:41","date_gmt":"2021-01-07T12:35:41","guid":{"rendered":"http:\/\/trt12punto.com\/oasis\/"},"modified":"2021-01-11T20:57:41","modified_gmt":"2021-01-11T17:57:41","slug":"oasis","status":"publish","type":"page","link":"https:\/\/trt12punto.com\/en\/oasis\/","title":{"rendered":"OASIS"},"content":{"rendered":"<p><strong>CREW<\/strong><\/p>\n<p>Director: Nesimi Yetik<\/p>\n<p>Writer: Nesimi Yetik \u2013 Bet\u00fcl Esener Yetik<\/p>\n<p>Producer: \u00d6zminimalist Film \u2013 Nesimi Yetik<\/p>\n<hr>\n<p><strong>SYNOPSIS<\/strong><\/p>\n<p>The film is made up of three separate stories titled \u201cShare\u201d, \u201cSkirt\u201d and \u201cConscience\u201d. The stories transpire during autumn, at the same village, in the same timeframe, and are connected to one another with small links. Three different households in a small village, and lives touching one another. A father and son, a wife and husband, a mother-in-law and daughter-in-law. Humans\u2019 attitude towards being old and young. Humans\u2019 attitude towards dying old and young. A rifle stolen from the gendarmerie station near the village connects these stories together. In \u201cShare\u201d, Ey\u00fcp, a 40-something man is aware of the irreversibility of his life he has spent at the village for his father, who now has one foot in the grave. In \u201cSkirt\u201d, Re\u015fit is a man in his sixties, but young at heart. His wife Selvi is a young woman not yet 30. She is sick in bed. Re\u015fit has married Selvi after his wife\u2019s death, so that she would take care of him in the final days of his life. However, Selvi got sick in a short while and now Re\u015fit is taking care of her. In &#8220;Conscience&#8221;, Sultan is a young woman who has not reached her thirties. With her bedridden mother-in-law in the village house&#8230;<\/p>\n","protected":false},"excerpt":{"rendered":"<p>CREW Director: Nesimi Yetik Writer: Nesimi Yetik \u2013 Bet\u00fcl Esener Yetik Producer: \u00d6zminimalist Film \u2013 Nesimi Yetik SYNOPSIS The film is made up of three separate stories titled \u201cShare\u201d, \u201cSkirt\u201d and \u201cConscience\u201d. The stories transpire during autumn, at the same village, in the same timeframe, and are connected to one another with small links. Three [&hellip;]<\/p>\n","protected":false},"author":1,"featured_media":0,"parent":0,"menu_order":58,"comment_status":"closed","ping_status":"closed","template":"","meta":{"footnotes":""},"class_list":["post-2768","page","type-page","status-publish","hentry"],"yoast_head":"<!-- This site is optimized with the Yoast SEO plugin v27.2 - https:\/\/yoast.com\/product\/yoast-seo-wordpress\/ -->\n<title>OASIS - TRT 12 Punto<\/title>\n<meta name=\"robots\" content=\"index, follow, max-snippet:-1, max-image-preview:large, max-video-preview:-1\" \/>\n<link rel=\"canonical\" href=\"https:\/\/trt12punto.com\/vaha\/\" \/>\n<meta property=\"og:locale\" content=\"en_US\" \/>\n<meta property=\"og:type\" content=\"article\" \/>\n<meta property=\"og:title\" content=\"OASIS - TRT 12 Punto\" \/>\n<meta property=\"og:description\" content=\"CREW Director: Nesimi Yetik Writer: Nesimi Yetik \u2013 Bet\u00fcl Esener Yetik Producer: \u00d6zminimalist Film \u2013 Nesimi Yetik SYNOPSIS The film is made up of three separate stories titled \u201cShare\u201d, \u201cSkirt\u201d and \u201cConscience\u201d. The stories transpire during autumn, at the same village, in the same timeframe, and are connected to one another with small links. Three [&hellip;]\" \/>\n<meta property=\"og:url\" content=\"https:\/\/trt12punto.com\/vaha\/\" \/>\n<meta property=\"og:site_name\" content=\"TRT 12 Punto\" \/>\n<meta property=\"article:modified_time\" content=\"2021-01-11T17:57:41+00:00\" \/>\n<meta name=\"twitter:card\" content=\"summary_large_image\" \/>\n<meta name=\"twitter:label1\" content=\"Est. reading time\" \/>\n\t<meta name=\"twitter:data1\" content=\"1 minute\" \/>\n<script type=\"application\/ld+json\" class=\"yoast-schema-graph\">{\"@context\":\"https:\/\/schema.org\",\"@graph\":[{\"@type\":\"WebPage\",\"@id\":\"https:\/\/trt12punto.com\/vaha\/\",\"url\":\"https:\/\/trt12punto.com\/vaha\/\",\"name\":\"OASIS - TRT 12 Punto\",\"isPartOf\":{\"@id\":\"https:\/\/trt12punto.com\/#website\"},\"datePublished\":\"2021-01-07T12:35:41+00:00\",\"dateModified\":\"2021-01-11T17:57:41+00:00\",\"breadcrumb\":{\"@id\":\"https:\/\/trt12punto.com\/vaha\/#breadcrumb\"},\"inLanguage\":\"en-US\",\"potentialAction\":[{\"@type\":\"ReadAction\",\"target\":[\"https:\/\/trt12punto.com\/vaha\/\"]}]},{\"@type\":\"BreadcrumbList\",\"@id\":\"https:\/\/trt12punto.com\/vaha\/#breadcrumb\",\"itemListElement\":[{\"@type\":\"ListItem\",\"position\":1,\"name\":\"Anasayfa\",\"item\":\"https:\/\/trt12punto.com\/en\/home\/\"},{\"@type\":\"ListItem\",\"position\":2,\"name\":\"OASIS\"}]},{\"@type\":\"WebSite\",\"@id\":\"https:\/\/trt12punto.com\/#website\",\"url\":\"https:\/\/trt12punto.com\/\",\"name\":\"TRT 12 Punto\",\"description\":\"T\u00fcrkiye&#039;nin En B\u00fcy\u00fck Senaryo Geli\u015ftirme Platformu\",\"potentialAction\":[{\"@type\":\"SearchAction\",\"target\":{\"@type\":\"EntryPoint\",\"urlTemplate\":\"https:\/\/trt12punto.com\/?s={search_term_string}\"},\"query-input\":{\"@type\":\"PropertyValueSpecification\",\"valueRequired\":true,\"valueName\":\"search_term_string\"}}],\"inLanguage\":\"en-US\"}]}<\/script>\n<!-- \/ Yoast SEO plugin. -->","yoast_head_json":{"title":"OASIS - TRT 12 Punto","robots":{"index":"index","follow":"follow","max-snippet":"max-snippet:-1","max-image-preview":"max-image-preview:large","max-video-preview":"max-video-preview:-1"},"canonical":"https:\/\/trt12punto.com\/vaha\/","og_locale":"en_US","og_type":"article","og_title":"OASIS - TRT 12 Punto","og_description":"CREW Director: Nesimi Yetik Writer: Nesimi Yetik \u2013 Bet\u00fcl Esener Yetik Producer: \u00d6zminimalist Film \u2013 Nesimi Yetik SYNOPSIS The film is made up of three separate stories titled \u201cShare\u201d, \u201cSkirt\u201d and \u201cConscience\u201d. The stories transpire during autumn, at the same village, in the same timeframe, and are connected to one another with small links. Three [&hellip;]","og_url":"https:\/\/trt12punto.com\/vaha\/","og_site_name":"TRT 12 Punto","article_modified_time":"2021-01-11T17:57:41+00:00","twitter_card":"summary_large_image","twitter_misc":{"Est. reading time":"1 minute"},"schema":{"@context":"https:\/\/schema.org","@graph":[{"@type":"WebPage","@id":"https:\/\/trt12punto.com\/vaha\/","url":"https:\/\/trt12punto.com\/vaha\/","name":"OASIS - TRT 12 Punto","isPartOf":{"@id":"https:\/\/trt12punto.com\/#website"},"datePublished":"2021-01-07T12:35:41+00:00","dateModified":"2021-01-11T17:57:41+00:00","breadcrumb":{"@id":"https:\/\/trt12punto.com\/vaha\/#breadcrumb"},"inLanguage":"en-US","potentialAction":[{"@type":"ReadAction","target":["https:\/\/trt12punto.com\/vaha\/"]}]},{"@type":"BreadcrumbList","@id":"https:\/\/trt12punto.com\/vaha\/#breadcrumb","itemListElement":[{"@type":"ListItem","position":1,"name":"Anasayfa","item":"https:\/\/trt12punto.com\/en\/home\/"},{"@type":"ListItem","position":2,"name":"OASIS"}]},{"@type":"WebSite","@id":"https:\/\/trt12punto.com\/#website","url":"https:\/\/trt12punto.com\/","name":"TRT 12 Punto","description":"T\u00fcrkiye&#039;nin En B\u00fcy\u00fck Senaryo Geli\u015ftirme Platformu","potentialAction":[{"@type":"SearchAction","target":{"@type":"EntryPoint","urlTemplate":"https:\/\/trt12punto.com\/?s={search_term_string}"},"query-input":{"@type":"PropertyValueSpecification","valueRequired":true,"valueName":"search_term_string"}}],"inLanguage":"en-US"}]}},"jetpack_shortlink":"https:\/\/wp.me\/PgRTn7-IE","_links":{"self":[{"href":"https:\/\/trt12punto.com\/en\/wp-json\/wp\/v2\/pages\/2768","targetHints":{"allow":["GET"]}}],"collection":[{"href":"https:\/\/trt12punto.com\/en\/wp-json\/wp\/v2\/pages"}],"about":[{"href":"https:\/\/trt12punto.com\/en\/wp-json\/wp\/v2\/types\/page"}],"author":[{"embeddable":true,"href":"https:\/\/trt12punto.com\/en\/wp-json\/wp\/v2\/users\/1"}],"replies":[{"embeddable":true,"href":"https:\/\/trt12punto.com\/en\/wp-json\/wp\/v2\/comments?post=2768"}],"version-history":[{"count":0,"href":"https:\/\/trt12punto.com\/en\/wp-json\/wp\/v2\/pages\/2768\/revisions"}],"wp:attachment":[{"href":"https:\/\/trt12punto.com\/en\/wp-json\/wp\/v2\/media?parent=2768"}],"curies":[{"name":"wp","href":"https:\/\/api.w.org\/{rel}","templated":true}]}}