{"id":2772,"date":"2021-01-07T15:37:59","date_gmt":"2021-01-07T12:37:59","guid":{"rendered":"http:\/\/trt12punto.com\/three-friends\/"},"modified":"2021-01-07T15:38:03","modified_gmt":"2021-01-07T12:38:03","slug":"three-friends","status":"publish","type":"page","link":"https:\/\/trt12punto.com\/en\/three-friends\/","title":{"rendered":"THREE FRIENDS"},"content":{"rendered":"<p><strong>CREW<\/strong><\/p>\n<p>Director: Nursen \u00c7etin K\u00f6reken<\/p>\n<p>Writer: Nursen \u00c7etin K\u00f6reken<\/p>\n<p>Producer: Dramayap\u0131m Film \u2013 Nursen \u00c7etin K\u00f6reken<\/p>\n<hr>\n<p><strong>SYNOPSIS<\/strong><\/p>\n<p>Mercan (13); is the only child of a mother who cleans in sewing shop at nights and a father who works as a watchman at the constructions. He has worked in many different jobs from an early age. Now he collects and sells scrap from the streets. Yunus (13); His parents lost their lives as a result of an armed attack that broke out at a wedding where they were playing music years ago. Coming from a Romanian family, Yunus lives with his old grandfather and plays the clarinet in the streets since he was very young. Bilal (13); Bilal&#8217;s parents, who are the children of a family that fled the war in Syria, stayed in Syria and live with his uncle who managed to escape from the war and earn a living by collecting paper. Mercan, Yunus and Bilal\u2026 They are three friends with different family origins. They go on a journey with a white racing pigeon they take with them. At the end of the one-day journey, they have only one goal: to participate in pigeon races and with the money they will win to save Bilal&#8217;s parents who are stuck in the war.<\/p>\n","protected":false},"excerpt":{"rendered":"<p>CREW Director: Nursen \u00c7etin K\u00f6reken Writer: Nursen \u00c7etin K\u00f6reken Producer: Dramayap\u0131m Film \u2013 Nursen \u00c7etin K\u00f6reken SYNOPSIS Mercan (13); is the only child of a mother who cleans in sewing shop at nights and a father who works as a watchman at the constructions. He has worked in many different jobs from an early age. [&hellip;]<\/p>\n","protected":false},"author":1,"featured_media":0,"parent":0,"menu_order":57,"comment_status":"closed","ping_status":"closed","template":"","meta":{"footnotes":""},"class_list":["post-2772","page","type-page","status-publish","hentry"],"yoast_head":"<!-- This site is optimized with the Yoast SEO plugin v27.2 - https:\/\/yoast.com\/product\/yoast-seo-wordpress\/ -->\n<title>THREE FRIENDS - TRT 12 Punto<\/title>\n<meta name=\"robots\" content=\"index, follow, max-snippet:-1, max-image-preview:large, max-video-preview:-1\" \/>\n<link rel=\"canonical\" href=\"https:\/\/trt12punto.com\/uc-arkadas\/\" \/>\n<meta property=\"og:locale\" content=\"en_US\" \/>\n<meta property=\"og:type\" content=\"article\" \/>\n<meta property=\"og:title\" content=\"THREE FRIENDS - TRT 12 Punto\" \/>\n<meta property=\"og:description\" content=\"CREW Director: Nursen \u00c7etin K\u00f6reken Writer: Nursen \u00c7etin K\u00f6reken Producer: Dramayap\u0131m Film \u2013 Nursen \u00c7etin K\u00f6reken SYNOPSIS Mercan (13); is the only child of a mother who cleans in sewing shop at nights and a father who works as a watchman at the constructions. He has worked in many different jobs from an early age. [&hellip;]\" \/>\n<meta property=\"og:url\" content=\"https:\/\/trt12punto.com\/uc-arkadas\/\" \/>\n<meta property=\"og:site_name\" content=\"TRT 12 Punto\" \/>\n<meta property=\"article:modified_time\" content=\"2021-01-07T12:38:03+00:00\" \/>\n<meta name=\"twitter:card\" content=\"summary_large_image\" \/>\n<meta name=\"twitter:label1\" content=\"Est. reading time\" \/>\n\t<meta name=\"twitter:data1\" content=\"1 minute\" \/>\n<script type=\"application\/ld+json\" class=\"yoast-schema-graph\">{\"@context\":\"https:\/\/schema.org\",\"@graph\":[{\"@type\":\"WebPage\",\"@id\":\"https:\/\/trt12punto.com\/uc-arkadas\/\",\"url\":\"https:\/\/trt12punto.com\/uc-arkadas\/\",\"name\":\"THREE FRIENDS - TRT 12 Punto\",\"isPartOf\":{\"@id\":\"https:\/\/trt12punto.com\/#website\"},\"datePublished\":\"2021-01-07T12:37:59+00:00\",\"dateModified\":\"2021-01-07T12:38:03+00:00\",\"breadcrumb\":{\"@id\":\"https:\/\/trt12punto.com\/uc-arkadas\/#breadcrumb\"},\"inLanguage\":\"en-US\",\"potentialAction\":[{\"@type\":\"ReadAction\",\"target\":[\"https:\/\/trt12punto.com\/uc-arkadas\/\"]}]},{\"@type\":\"BreadcrumbList\",\"@id\":\"https:\/\/trt12punto.com\/uc-arkadas\/#breadcrumb\",\"itemListElement\":[{\"@type\":\"ListItem\",\"position\":1,\"name\":\"Anasayfa\",\"item\":\"https:\/\/trt12punto.com\/en\/home\/\"},{\"@type\":\"ListItem\",\"position\":2,\"name\":\"THREE FRIENDS\"}]},{\"@type\":\"WebSite\",\"@id\":\"https:\/\/trt12punto.com\/#website\",\"url\":\"https:\/\/trt12punto.com\/\",\"name\":\"TRT 12 Punto\",\"description\":\"T\u00fcrkiye&#039;nin En B\u00fcy\u00fck Senaryo Geli\u015ftirme Platformu\",\"potentialAction\":[{\"@type\":\"SearchAction\",\"target\":{\"@type\":\"EntryPoint\",\"urlTemplate\":\"https:\/\/trt12punto.com\/?s={search_term_string}\"},\"query-input\":{\"@type\":\"PropertyValueSpecification\",\"valueRequired\":true,\"valueName\":\"search_term_string\"}}],\"inLanguage\":\"en-US\"}]}<\/script>\n<!-- \/ Yoast SEO plugin. -->","yoast_head_json":{"title":"THREE FRIENDS - TRT 12 Punto","robots":{"index":"index","follow":"follow","max-snippet":"max-snippet:-1","max-image-preview":"max-image-preview:large","max-video-preview":"max-video-preview:-1"},"canonical":"https:\/\/trt12punto.com\/uc-arkadas\/","og_locale":"en_US","og_type":"article","og_title":"THREE FRIENDS - TRT 12 Punto","og_description":"CREW Director: Nursen \u00c7etin K\u00f6reken Writer: Nursen \u00c7etin K\u00f6reken Producer: Dramayap\u0131m Film \u2013 Nursen \u00c7etin K\u00f6reken SYNOPSIS Mercan (13); is the only child of a mother who cleans in sewing shop at nights and a father who works as a watchman at the constructions. He has worked in many different jobs from an early age. [&hellip;]","og_url":"https:\/\/trt12punto.com\/uc-arkadas\/","og_site_name":"TRT 12 Punto","article_modified_time":"2021-01-07T12:38:03+00:00","twitter_card":"summary_large_image","twitter_misc":{"Est. reading time":"1 minute"},"schema":{"@context":"https:\/\/schema.org","@graph":[{"@type":"WebPage","@id":"https:\/\/trt12punto.com\/uc-arkadas\/","url":"https:\/\/trt12punto.com\/uc-arkadas\/","name":"THREE FRIENDS - TRT 12 Punto","isPartOf":{"@id":"https:\/\/trt12punto.com\/#website"},"datePublished":"2021-01-07T12:37:59+00:00","dateModified":"2021-01-07T12:38:03+00:00","breadcrumb":{"@id":"https:\/\/trt12punto.com\/uc-arkadas\/#breadcrumb"},"inLanguage":"en-US","potentialAction":[{"@type":"ReadAction","target":["https:\/\/trt12punto.com\/uc-arkadas\/"]}]},{"@type":"BreadcrumbList","@id":"https:\/\/trt12punto.com\/uc-arkadas\/#breadcrumb","itemListElement":[{"@type":"ListItem","position":1,"name":"Anasayfa","item":"https:\/\/trt12punto.com\/en\/home\/"},{"@type":"ListItem","position":2,"name":"THREE FRIENDS"}]},{"@type":"WebSite","@id":"https:\/\/trt12punto.com\/#website","url":"https:\/\/trt12punto.com\/","name":"TRT 12 Punto","description":"T\u00fcrkiye&#039;nin En B\u00fcy\u00fck Senaryo Geli\u015ftirme Platformu","potentialAction":[{"@type":"SearchAction","target":{"@type":"EntryPoint","urlTemplate":"https:\/\/trt12punto.com\/?s={search_term_string}"},"query-input":{"@type":"PropertyValueSpecification","valueRequired":true,"valueName":"search_term_string"}}],"inLanguage":"en-US"}]}},"jetpack_shortlink":"https:\/\/wp.me\/PgRTn7-II","_links":{"self":[{"href":"https:\/\/trt12punto.com\/en\/wp-json\/wp\/v2\/pages\/2772","targetHints":{"allow":["GET"]}}],"collection":[{"href":"https:\/\/trt12punto.com\/en\/wp-json\/wp\/v2\/pages"}],"about":[{"href":"https:\/\/trt12punto.com\/en\/wp-json\/wp\/v2\/types\/page"}],"author":[{"embeddable":true,"href":"https:\/\/trt12punto.com\/en\/wp-json\/wp\/v2\/users\/1"}],"replies":[{"embeddable":true,"href":"https:\/\/trt12punto.com\/en\/wp-json\/wp\/v2\/comments?post=2772"}],"version-history":[{"count":0,"href":"https:\/\/trt12punto.com\/en\/wp-json\/wp\/v2\/pages\/2772\/revisions"}],"wp:attachment":[{"href":"https:\/\/trt12punto.com\/en\/wp-json\/wp\/v2\/media?parent=2772"}],"curies":[{"name":"wp","href":"https:\/\/api.w.org\/{rel}","templated":true}]}}