{"id":2780,"date":"2021-01-07T15:40:01","date_gmt":"2021-01-07T12:40:01","guid":{"rendered":"http:\/\/trt12punto.com\/courtyard\/"},"modified":"2021-01-07T15:40:01","modified_gmt":"2021-01-07T12:40:01","slug":"courtyard","status":"publish","type":"page","link":"https:\/\/trt12punto.com\/en\/courtyard\/","title":{"rendered":"COURTYARD"},"content":{"rendered":"<p><strong>CREW<\/strong><\/p>\n<p>Director: Ceren \u015eahan<\/p>\n<p>Writer: \u0130brahim iris<\/p>\n<p>Producer: Yaz\u0131Tura Film Media \u2013Erdal Bali<\/p>\n<hr>\n<p><strong>SYNOPSIS<\/strong><\/p>\n<p>Year 1981. \u0130smail (10), has been living in Bak\u0131rk\u00f6y Mental Hospital since 1977. The effects of the 1980 Military Coup are still felt in the hospital. When Sibel (13) comes to the hospital, Ismail will do something he has never done, and he will ask questions! Will he be able to see the world beyond the high walls of the courtyard with Sibel&#8217;s idea of escaping from the hospital? Will Sibel and \u0130smail be able to pedal together to freedom?<\/p>\n","protected":false},"excerpt":{"rendered":"<p>CREW Director: Ceren \u015eahan Writer: \u0130brahim iris Producer: Yaz\u0131Tura Film Media \u2013Erdal Bali SYNOPSIS Year 1981. \u0130smail (10), has been living in Bak\u0131rk\u00f6y Mental Hospital since 1977. The effects of the 1980 Military Coup are still felt in the hospital. When Sibel (13) comes to the hospital, Ismail will do something he has never done, [&hellip;]<\/p>\n","protected":false},"author":1,"featured_media":0,"parent":0,"menu_order":26,"comment_status":"closed","ping_status":"closed","template":"","meta":{"footnotes":""},"class_list":["post-2780","page","type-page","status-publish","hentry"],"yoast_head":"<!-- This site is optimized with the Yoast SEO plugin v27.2 - https:\/\/yoast.com\/product\/yoast-seo-wordpress\/ -->\n<title>COURTYARD - TRT 12 Punto<\/title>\n<meta name=\"robots\" content=\"index, follow, max-snippet:-1, max-image-preview:large, max-video-preview:-1\" \/>\n<link rel=\"canonical\" href=\"https:\/\/trt12punto.com\/ic-bahce\/\" \/>\n<meta property=\"og:locale\" content=\"en_US\" \/>\n<meta property=\"og:type\" content=\"article\" \/>\n<meta property=\"og:title\" content=\"COURTYARD - TRT 12 Punto\" \/>\n<meta property=\"og:description\" content=\"CREW Director: Ceren \u015eahan Writer: \u0130brahim iris Producer: Yaz\u0131Tura Film Media \u2013Erdal Bali SYNOPSIS Year 1981. \u0130smail (10), has been living in Bak\u0131rk\u00f6y Mental Hospital since 1977. The effects of the 1980 Military Coup are still felt in the hospital. When Sibel (13) comes to the hospital, Ismail will do something he has never done, [&hellip;]\" \/>\n<meta property=\"og:url\" content=\"https:\/\/trt12punto.com\/ic-bahce\/\" \/>\n<meta property=\"og:site_name\" content=\"TRT 12 Punto\" \/>\n<meta name=\"twitter:card\" content=\"summary_large_image\" \/>\n<script type=\"application\/ld+json\" class=\"yoast-schema-graph\">{\"@context\":\"https:\/\/schema.org\",\"@graph\":[{\"@type\":\"WebPage\",\"@id\":\"https:\/\/trt12punto.com\/ic-bahce\/\",\"url\":\"https:\/\/trt12punto.com\/ic-bahce\/\",\"name\":\"COURTYARD - TRT 12 Punto\",\"isPartOf\":{\"@id\":\"https:\/\/trt12punto.com\/#website\"},\"datePublished\":\"2021-01-07T12:40:01+00:00\",\"breadcrumb\":{\"@id\":\"https:\/\/trt12punto.com\/ic-bahce\/#breadcrumb\"},\"inLanguage\":\"en-US\",\"potentialAction\":[{\"@type\":\"ReadAction\",\"target\":[\"https:\/\/trt12punto.com\/ic-bahce\/\"]}]},{\"@type\":\"BreadcrumbList\",\"@id\":\"https:\/\/trt12punto.com\/ic-bahce\/#breadcrumb\",\"itemListElement\":[{\"@type\":\"ListItem\",\"position\":1,\"name\":\"Anasayfa\",\"item\":\"https:\/\/trt12punto.com\/en\/home\/\"},{\"@type\":\"ListItem\",\"position\":2,\"name\":\"COURTYARD\"}]},{\"@type\":\"WebSite\",\"@id\":\"https:\/\/trt12punto.com\/#website\",\"url\":\"https:\/\/trt12punto.com\/\",\"name\":\"TRT 12 Punto\",\"description\":\"T\u00fcrkiye&#039;nin En B\u00fcy\u00fck Senaryo Geli\u015ftirme Platformu\",\"potentialAction\":[{\"@type\":\"SearchAction\",\"target\":{\"@type\":\"EntryPoint\",\"urlTemplate\":\"https:\/\/trt12punto.com\/?s={search_term_string}\"},\"query-input\":{\"@type\":\"PropertyValueSpecification\",\"valueRequired\":true,\"valueName\":\"search_term_string\"}}],\"inLanguage\":\"en-US\"}]}<\/script>\n<!-- \/ Yoast SEO plugin. -->","yoast_head_json":{"title":"COURTYARD - TRT 12 Punto","robots":{"index":"index","follow":"follow","max-snippet":"max-snippet:-1","max-image-preview":"max-image-preview:large","max-video-preview":"max-video-preview:-1"},"canonical":"https:\/\/trt12punto.com\/ic-bahce\/","og_locale":"en_US","og_type":"article","og_title":"COURTYARD - TRT 12 Punto","og_description":"CREW Director: Ceren \u015eahan Writer: \u0130brahim iris Producer: Yaz\u0131Tura Film Media \u2013Erdal Bali SYNOPSIS Year 1981. \u0130smail (10), has been living in Bak\u0131rk\u00f6y Mental Hospital since 1977. The effects of the 1980 Military Coup are still felt in the hospital. When Sibel (13) comes to the hospital, Ismail will do something he has never done, [&hellip;]","og_url":"https:\/\/trt12punto.com\/ic-bahce\/","og_site_name":"TRT 12 Punto","twitter_card":"summary_large_image","schema":{"@context":"https:\/\/schema.org","@graph":[{"@type":"WebPage","@id":"https:\/\/trt12punto.com\/ic-bahce\/","url":"https:\/\/trt12punto.com\/ic-bahce\/","name":"COURTYARD - TRT 12 Punto","isPartOf":{"@id":"https:\/\/trt12punto.com\/#website"},"datePublished":"2021-01-07T12:40:01+00:00","breadcrumb":{"@id":"https:\/\/trt12punto.com\/ic-bahce\/#breadcrumb"},"inLanguage":"en-US","potentialAction":[{"@type":"ReadAction","target":["https:\/\/trt12punto.com\/ic-bahce\/"]}]},{"@type":"BreadcrumbList","@id":"https:\/\/trt12punto.com\/ic-bahce\/#breadcrumb","itemListElement":[{"@type":"ListItem","position":1,"name":"Anasayfa","item":"https:\/\/trt12punto.com\/en\/home\/"},{"@type":"ListItem","position":2,"name":"COURTYARD"}]},{"@type":"WebSite","@id":"https:\/\/trt12punto.com\/#website","url":"https:\/\/trt12punto.com\/","name":"TRT 12 Punto","description":"T\u00fcrkiye&#039;nin En B\u00fcy\u00fck Senaryo Geli\u015ftirme Platformu","potentialAction":[{"@type":"SearchAction","target":{"@type":"EntryPoint","urlTemplate":"https:\/\/trt12punto.com\/?s={search_term_string}"},"query-input":{"@type":"PropertyValueSpecification","valueRequired":true,"valueName":"search_term_string"}}],"inLanguage":"en-US"}]}},"jetpack_shortlink":"https:\/\/wp.me\/PgRTn7-IQ","_links":{"self":[{"href":"https:\/\/trt12punto.com\/en\/wp-json\/wp\/v2\/pages\/2780","targetHints":{"allow":["GET"]}}],"collection":[{"href":"https:\/\/trt12punto.com\/en\/wp-json\/wp\/v2\/pages"}],"about":[{"href":"https:\/\/trt12punto.com\/en\/wp-json\/wp\/v2\/types\/page"}],"author":[{"embeddable":true,"href":"https:\/\/trt12punto.com\/en\/wp-json\/wp\/v2\/users\/1"}],"replies":[{"embeddable":true,"href":"https:\/\/trt12punto.com\/en\/wp-json\/wp\/v2\/comments?post=2780"}],"version-history":[{"count":0,"href":"https:\/\/trt12punto.com\/en\/wp-json\/wp\/v2\/pages\/2780\/revisions"}],"wp:attachment":[{"href":"https:\/\/trt12punto.com\/en\/wp-json\/wp\/v2\/media?parent=2780"}],"curies":[{"name":"wp","href":"https:\/\/api.w.org\/{rel}","templated":true}]}}