{"id":2786,"date":"2021-01-07T15:42:50","date_gmt":"2021-01-07T12:42:50","guid":{"rendered":"http:\/\/trt12punto.com\/the-flying-meatball-maker\/"},"modified":"2021-01-07T15:42:54","modified_gmt":"2021-01-07T12:42:54","slug":"the-flying-meatball-maker","status":"publish","type":"page","link":"https:\/\/trt12punto.com\/en\/the-flying-meatball-maker\/","title":{"rendered":"THE FLYING MEATBALL MAKER"},"content":{"rendered":"<p><strong>CREW<\/strong><\/p>\n<p>Director: Rezan Ye\u015filba\u015f<\/p>\n<p>Writer: Rezan Ye\u015filba\u015f<\/p>\n<p>Producer: Rez Film \u2013 Lokman Rezan Ye\u015filba\u015f<\/p>\n<hr>\n<p><strong>SYNOPSIS<\/strong><\/p>\n<p>Kadir, (38) is the owner of small restaurant that serves meatballs. He sets his heart on flying for a while and as a result of this, he buys a paramotor. As Kadir insists on his specific wish, he starts to have problems in his family relationships. He meets Ahmet(32) who helps him about flying via facebook. Kadir decides to fly during a wedding which is hold in the village and although Ahmet resists it, he flies. While Kadir is flying in the air with pleasure, suddenly he hears gunshots from below and this makes him get into panic. When the parachute becomes unbalanced, Kadir loses the control of paramotor, he hits the hillside and falls down. He is taken to the hospital by an ambulance. Kadir\u2019s foot is crushed. The policeman on duty informs his chief about the incident. The chief comes and talks to Kadir. The chief believes in Kadir\u2019s sincerity. Kadir spends a couple of days at home. Azize (34) is Kadir\u2019s wife. As she was at the wedding when he fell down, she never gets over the feeling that her husband is mocked.<\/p>\n","protected":false},"excerpt":{"rendered":"<p>CREW Director: Rezan Ye\u015filba\u015f Writer: Rezan Ye\u015filba\u015f Producer: Rez Film \u2013 Lokman Rezan Ye\u015filba\u015f SYNOPSIS Kadir, (38) is the owner of small restaurant that serves meatballs. He sets his heart on flying for a while and as a result of this, he buys a paramotor. As Kadir insists on his specific wish, he starts to [&hellip;]<\/p>\n","protected":false},"author":1,"featured_media":0,"parent":0,"menu_order":0,"comment_status":"closed","ping_status":"closed","template":"","meta":{"footnotes":""},"class_list":["post-2786","page","type-page","status-publish","hentry"],"yoast_head":"<!-- This site is optimized with the Yoast SEO plugin v27.2 - https:\/\/yoast.com\/product\/yoast-seo-wordpress\/ -->\n<title>THE FLYING MEATBALL MAKER - TRT 12 Punto<\/title>\n<meta name=\"robots\" content=\"index, follow, max-snippet:-1, max-image-preview:large, max-video-preview:-1\" \/>\n<link rel=\"canonical\" href=\"https:\/\/trt12punto.com\/ucan-kofteci\/\" \/>\n<meta property=\"og:locale\" content=\"en_US\" \/>\n<meta property=\"og:type\" content=\"article\" \/>\n<meta property=\"og:title\" content=\"THE FLYING MEATBALL MAKER - TRT 12 Punto\" \/>\n<meta property=\"og:description\" content=\"CREW Director: Rezan Ye\u015filba\u015f Writer: Rezan Ye\u015filba\u015f Producer: Rez Film \u2013 Lokman Rezan Ye\u015filba\u015f SYNOPSIS Kadir, (38) is the owner of small restaurant that serves meatballs. He sets his heart on flying for a while and as a result of this, he buys a paramotor. As Kadir insists on his specific wish, he starts to [&hellip;]\" \/>\n<meta property=\"og:url\" content=\"https:\/\/trt12punto.com\/ucan-kofteci\/\" \/>\n<meta property=\"og:site_name\" content=\"TRT 12 Punto\" \/>\n<meta property=\"article:modified_time\" content=\"2021-01-07T12:42:54+00:00\" \/>\n<meta name=\"twitter:card\" content=\"summary_large_image\" \/>\n<meta name=\"twitter:label1\" content=\"Est. reading time\" \/>\n\t<meta name=\"twitter:data1\" content=\"1 minute\" \/>\n<script type=\"application\/ld+json\" class=\"yoast-schema-graph\">{\"@context\":\"https:\/\/schema.org\",\"@graph\":[{\"@type\":\"WebPage\",\"@id\":\"https:\/\/trt12punto.com\/ucan-kofteci\/\",\"url\":\"https:\/\/trt12punto.com\/ucan-kofteci\/\",\"name\":\"THE FLYING MEATBALL MAKER - TRT 12 Punto\",\"isPartOf\":{\"@id\":\"https:\/\/trt12punto.com\/#website\"},\"datePublished\":\"2021-01-07T12:42:50+00:00\",\"dateModified\":\"2021-01-07T12:42:54+00:00\",\"breadcrumb\":{\"@id\":\"https:\/\/trt12punto.com\/ucan-kofteci\/#breadcrumb\"},\"inLanguage\":\"en-US\",\"potentialAction\":[{\"@type\":\"ReadAction\",\"target\":[\"https:\/\/trt12punto.com\/ucan-kofteci\/\"]}]},{\"@type\":\"BreadcrumbList\",\"@id\":\"https:\/\/trt12punto.com\/ucan-kofteci\/#breadcrumb\",\"itemListElement\":[{\"@type\":\"ListItem\",\"position\":1,\"name\":\"Anasayfa\",\"item\":\"https:\/\/trt12punto.com\/en\/home\/\"},{\"@type\":\"ListItem\",\"position\":2,\"name\":\"THE FLYING MEATBALL MAKER\"}]},{\"@type\":\"WebSite\",\"@id\":\"https:\/\/trt12punto.com\/#website\",\"url\":\"https:\/\/trt12punto.com\/\",\"name\":\"TRT 12 Punto\",\"description\":\"T\u00fcrkiye&#039;nin En B\u00fcy\u00fck Senaryo Geli\u015ftirme Platformu\",\"potentialAction\":[{\"@type\":\"SearchAction\",\"target\":{\"@type\":\"EntryPoint\",\"urlTemplate\":\"https:\/\/trt12punto.com\/?s={search_term_string}\"},\"query-input\":{\"@type\":\"PropertyValueSpecification\",\"valueRequired\":true,\"valueName\":\"search_term_string\"}}],\"inLanguage\":\"en-US\"}]}<\/script>\n<!-- \/ Yoast SEO plugin. -->","yoast_head_json":{"title":"THE FLYING MEATBALL MAKER - TRT 12 Punto","robots":{"index":"index","follow":"follow","max-snippet":"max-snippet:-1","max-image-preview":"max-image-preview:large","max-video-preview":"max-video-preview:-1"},"canonical":"https:\/\/trt12punto.com\/ucan-kofteci\/","og_locale":"en_US","og_type":"article","og_title":"THE FLYING MEATBALL MAKER - TRT 12 Punto","og_description":"CREW Director: Rezan Ye\u015filba\u015f Writer: Rezan Ye\u015filba\u015f Producer: Rez Film \u2013 Lokman Rezan Ye\u015filba\u015f SYNOPSIS Kadir, (38) is the owner of small restaurant that serves meatballs. He sets his heart on flying for a while and as a result of this, he buys a paramotor. As Kadir insists on his specific wish, he starts to [&hellip;]","og_url":"https:\/\/trt12punto.com\/ucan-kofteci\/","og_site_name":"TRT 12 Punto","article_modified_time":"2021-01-07T12:42:54+00:00","twitter_card":"summary_large_image","twitter_misc":{"Est. reading time":"1 minute"},"schema":{"@context":"https:\/\/schema.org","@graph":[{"@type":"WebPage","@id":"https:\/\/trt12punto.com\/ucan-kofteci\/","url":"https:\/\/trt12punto.com\/ucan-kofteci\/","name":"THE FLYING MEATBALL MAKER - TRT 12 Punto","isPartOf":{"@id":"https:\/\/trt12punto.com\/#website"},"datePublished":"2021-01-07T12:42:50+00:00","dateModified":"2021-01-07T12:42:54+00:00","breadcrumb":{"@id":"https:\/\/trt12punto.com\/ucan-kofteci\/#breadcrumb"},"inLanguage":"en-US","potentialAction":[{"@type":"ReadAction","target":["https:\/\/trt12punto.com\/ucan-kofteci\/"]}]},{"@type":"BreadcrumbList","@id":"https:\/\/trt12punto.com\/ucan-kofteci\/#breadcrumb","itemListElement":[{"@type":"ListItem","position":1,"name":"Anasayfa","item":"https:\/\/trt12punto.com\/en\/home\/"},{"@type":"ListItem","position":2,"name":"THE FLYING MEATBALL MAKER"}]},{"@type":"WebSite","@id":"https:\/\/trt12punto.com\/#website","url":"https:\/\/trt12punto.com\/","name":"TRT 12 Punto","description":"T\u00fcrkiye&#039;nin En B\u00fcy\u00fck Senaryo Geli\u015ftirme Platformu","potentialAction":[{"@type":"SearchAction","target":{"@type":"EntryPoint","urlTemplate":"https:\/\/trt12punto.com\/?s={search_term_string}"},"query-input":{"@type":"PropertyValueSpecification","valueRequired":true,"valueName":"search_term_string"}}],"inLanguage":"en-US"}]}},"jetpack_shortlink":"https:\/\/wp.me\/PgRTn7-IW","_links":{"self":[{"href":"https:\/\/trt12punto.com\/en\/wp-json\/wp\/v2\/pages\/2786","targetHints":{"allow":["GET"]}}],"collection":[{"href":"https:\/\/trt12punto.com\/en\/wp-json\/wp\/v2\/pages"}],"about":[{"href":"https:\/\/trt12punto.com\/en\/wp-json\/wp\/v2\/types\/page"}],"author":[{"embeddable":true,"href":"https:\/\/trt12punto.com\/en\/wp-json\/wp\/v2\/users\/1"}],"replies":[{"embeddable":true,"href":"https:\/\/trt12punto.com\/en\/wp-json\/wp\/v2\/comments?post=2786"}],"version-history":[{"count":0,"href":"https:\/\/trt12punto.com\/en\/wp-json\/wp\/v2\/pages\/2786\/revisions"}],"wp:attachment":[{"href":"https:\/\/trt12punto.com\/en\/wp-json\/wp\/v2\/media?parent=2786"}],"curies":[{"name":"wp","href":"https:\/\/api.w.org\/{rel}","templated":true}]}}