{"id":2788,"date":"2021-01-07T15:43:40","date_gmt":"2021-01-07T12:43:40","guid":{"rendered":"http:\/\/trt12punto.com\/hope\/"},"modified":"2021-01-07T15:43:41","modified_gmt":"2021-01-07T12:43:41","slug":"hope","status":"publish","type":"page","link":"https:\/\/trt12punto.com\/en\/hope\/","title":{"rendered":"HOPE"},"content":{"rendered":"<p><strong>CREW<\/strong><\/p>\n<p>Director: Orhan Ince<\/p>\n<p>Writer: Orhan Ince<\/p>\n<p>Producer: Sinemarjen Film- Orhan \u0130nce<\/p>\n<hr>\n<p><strong>SYNOPSIS<\/strong><\/p>\n<p>Deaf and mute Bedo (7) lives with his father Mustafa (42) and his older brother \u00c7eto (20) in their house a few kilometers away from the village. Bedo spends most of his time playing with his beloved sheep, a relic from his mother. Bedo&#8217;s father Mustafa, who could not earn as much money from agriculture as before, started animal trade with the encouragement of his friends. Bedo&#8217;s older brother, \u00c7eto, introduces Emin to his father, Mustafa, as he mediates the purchase and sale of animals he met in the district. Bedo, who sees that Emin buys animals every time he comes to their home, worries about his beloved sheep. One day, Emin buys all the animals Mustafa has. The shipment will be made two days later. Understanding that his sheep will also be sold with other animals, Bedo tries to find a way to save him. Bedo will enter into a difficult struggle, secret from his father and brother, to save his sheep.<\/p>\n","protected":false},"excerpt":{"rendered":"<p>CREW Director: Orhan Ince Writer: Orhan Ince Producer: Sinemarjen Film- Orhan \u0130nce SYNOPSIS Deaf and mute Bedo (7) lives with his father Mustafa (42) and his older brother \u00c7eto (20) in their house a few kilometers away from the village. Bedo spends most of his time playing with his beloved sheep, a relic from his [&hellip;]<\/p>\n","protected":false},"author":1,"featured_media":0,"parent":0,"menu_order":0,"comment_status":"closed","ping_status":"closed","template":"","meta":{"footnotes":""},"class_list":["post-2788","page","type-page","status-publish","hentry"],"yoast_head":"<!-- This site is optimized with the Yoast SEO plugin v27.2 - https:\/\/yoast.com\/product\/yoast-seo-wordpress\/ -->\n<title>HOPE - TRT 12 Punto<\/title>\n<meta name=\"robots\" content=\"index, follow, max-snippet:-1, max-image-preview:large, max-video-preview:-1\" \/>\n<link rel=\"canonical\" href=\"https:\/\/trt12punto.com\/umut\/\" \/>\n<meta property=\"og:locale\" content=\"en_US\" \/>\n<meta property=\"og:type\" content=\"article\" \/>\n<meta property=\"og:title\" content=\"HOPE - TRT 12 Punto\" \/>\n<meta property=\"og:description\" content=\"CREW Director: Orhan Ince Writer: Orhan Ince Producer: Sinemarjen Film- Orhan \u0130nce SYNOPSIS Deaf and mute Bedo (7) lives with his father Mustafa (42) and his older brother \u00c7eto (20) in their house a few kilometers away from the village. Bedo spends most of his time playing with his beloved sheep, a relic from his [&hellip;]\" \/>\n<meta property=\"og:url\" content=\"https:\/\/trt12punto.com\/umut\/\" \/>\n<meta property=\"og:site_name\" content=\"TRT 12 Punto\" \/>\n<meta property=\"article:modified_time\" content=\"2021-01-07T12:43:41+00:00\" \/>\n<meta name=\"twitter:card\" content=\"summary_large_image\" \/>\n<meta name=\"twitter:label1\" content=\"Est. reading time\" \/>\n\t<meta name=\"twitter:data1\" content=\"1 minute\" \/>\n<script type=\"application\/ld+json\" class=\"yoast-schema-graph\">{\"@context\":\"https:\/\/schema.org\",\"@graph\":[{\"@type\":\"WebPage\",\"@id\":\"https:\/\/trt12punto.com\/umut\/\",\"url\":\"https:\/\/trt12punto.com\/umut\/\",\"name\":\"HOPE - TRT 12 Punto\",\"isPartOf\":{\"@id\":\"https:\/\/trt12punto.com\/#website\"},\"datePublished\":\"2021-01-07T12:43:40+00:00\",\"dateModified\":\"2021-01-07T12:43:41+00:00\",\"breadcrumb\":{\"@id\":\"https:\/\/trt12punto.com\/umut\/#breadcrumb\"},\"inLanguage\":\"en-US\",\"potentialAction\":[{\"@type\":\"ReadAction\",\"target\":[\"https:\/\/trt12punto.com\/umut\/\"]}]},{\"@type\":\"BreadcrumbList\",\"@id\":\"https:\/\/trt12punto.com\/umut\/#breadcrumb\",\"itemListElement\":[{\"@type\":\"ListItem\",\"position\":1,\"name\":\"Anasayfa\",\"item\":\"https:\/\/trt12punto.com\/en\/home\/\"},{\"@type\":\"ListItem\",\"position\":2,\"name\":\"HOPE\"}]},{\"@type\":\"WebSite\",\"@id\":\"https:\/\/trt12punto.com\/#website\",\"url\":\"https:\/\/trt12punto.com\/\",\"name\":\"TRT 12 Punto\",\"description\":\"T\u00fcrkiye&#039;nin En B\u00fcy\u00fck Senaryo Geli\u015ftirme Platformu\",\"potentialAction\":[{\"@type\":\"SearchAction\",\"target\":{\"@type\":\"EntryPoint\",\"urlTemplate\":\"https:\/\/trt12punto.com\/?s={search_term_string}\"},\"query-input\":{\"@type\":\"PropertyValueSpecification\",\"valueRequired\":true,\"valueName\":\"search_term_string\"}}],\"inLanguage\":\"en-US\"}]}<\/script>\n<!-- \/ Yoast SEO plugin. -->","yoast_head_json":{"title":"HOPE - TRT 12 Punto","robots":{"index":"index","follow":"follow","max-snippet":"max-snippet:-1","max-image-preview":"max-image-preview:large","max-video-preview":"max-video-preview:-1"},"canonical":"https:\/\/trt12punto.com\/umut\/","og_locale":"en_US","og_type":"article","og_title":"HOPE - TRT 12 Punto","og_description":"CREW Director: Orhan Ince Writer: Orhan Ince Producer: Sinemarjen Film- Orhan \u0130nce SYNOPSIS Deaf and mute Bedo (7) lives with his father Mustafa (42) and his older brother \u00c7eto (20) in their house a few kilometers away from the village. Bedo spends most of his time playing with his beloved sheep, a relic from his [&hellip;]","og_url":"https:\/\/trt12punto.com\/umut\/","og_site_name":"TRT 12 Punto","article_modified_time":"2021-01-07T12:43:41+00:00","twitter_card":"summary_large_image","twitter_misc":{"Est. reading time":"1 minute"},"schema":{"@context":"https:\/\/schema.org","@graph":[{"@type":"WebPage","@id":"https:\/\/trt12punto.com\/umut\/","url":"https:\/\/trt12punto.com\/umut\/","name":"HOPE - TRT 12 Punto","isPartOf":{"@id":"https:\/\/trt12punto.com\/#website"},"datePublished":"2021-01-07T12:43:40+00:00","dateModified":"2021-01-07T12:43:41+00:00","breadcrumb":{"@id":"https:\/\/trt12punto.com\/umut\/#breadcrumb"},"inLanguage":"en-US","potentialAction":[{"@type":"ReadAction","target":["https:\/\/trt12punto.com\/umut\/"]}]},{"@type":"BreadcrumbList","@id":"https:\/\/trt12punto.com\/umut\/#breadcrumb","itemListElement":[{"@type":"ListItem","position":1,"name":"Anasayfa","item":"https:\/\/trt12punto.com\/en\/home\/"},{"@type":"ListItem","position":2,"name":"HOPE"}]},{"@type":"WebSite","@id":"https:\/\/trt12punto.com\/#website","url":"https:\/\/trt12punto.com\/","name":"TRT 12 Punto","description":"T\u00fcrkiye&#039;nin En B\u00fcy\u00fck Senaryo Geli\u015ftirme Platformu","potentialAction":[{"@type":"SearchAction","target":{"@type":"EntryPoint","urlTemplate":"https:\/\/trt12punto.com\/?s={search_term_string}"},"query-input":{"@type":"PropertyValueSpecification","valueRequired":true,"valueName":"search_term_string"}}],"inLanguage":"en-US"}]}},"jetpack_shortlink":"https:\/\/wp.me\/PgRTn7-IY","_links":{"self":[{"href":"https:\/\/trt12punto.com\/en\/wp-json\/wp\/v2\/pages\/2788","targetHints":{"allow":["GET"]}}],"collection":[{"href":"https:\/\/trt12punto.com\/en\/wp-json\/wp\/v2\/pages"}],"about":[{"href":"https:\/\/trt12punto.com\/en\/wp-json\/wp\/v2\/types\/page"}],"author":[{"embeddable":true,"href":"https:\/\/trt12punto.com\/en\/wp-json\/wp\/v2\/users\/1"}],"replies":[{"embeddable":true,"href":"https:\/\/trt12punto.com\/en\/wp-json\/wp\/v2\/comments?post=2788"}],"version-history":[{"count":0,"href":"https:\/\/trt12punto.com\/en\/wp-json\/wp\/v2\/pages\/2788\/revisions"}],"wp:attachment":[{"href":"https:\/\/trt12punto.com\/en\/wp-json\/wp\/v2\/media?parent=2788"}],"curies":[{"name":"wp","href":"https:\/\/api.w.org\/{rel}","templated":true}]}}