{"id":2792,"date":"2021-01-07T15:46:08","date_gmt":"2021-01-07T12:46:08","guid":{"rendered":"http:\/\/trt12punto.com\/graft\/"},"modified":"2021-01-07T15:46:10","modified_gmt":"2021-01-07T12:46:10","slug":"graft","status":"publish","type":"page","link":"https:\/\/trt12punto.com\/en\/graft\/","title":{"rendered":"GRAFT"},"content":{"rendered":"<p><strong>CREW<\/strong><\/p>\n<p>Director: Ahmet K\u00fc\u00e7\u00fckkayal\u0131<\/p>\n<p>Writer: Ahmet K\u00fc\u00e7\u00fckkayal\u0131<\/p>\n<p>Producer: Stellar Yap\u0131mc\u0131l\u0131k \u2013 \u0130nci G\u00fclen<\/p>\n<hr>\n<p><strong>SYNOPSIS<\/strong><\/p>\n<p>Adem was a night watchman in a factory and an author, who was searching for his existence amongst his unpublished novels and carrying the 1980 Military Coup\u2019s traces on his body and subconscious, before his suicide. Samet is a young man, who lives with his mother in a village in the East and a shepherd who grafts trees in his spare times. Samet, who has a very special talent in drawing, is destroying his works of art every time to send his dreams away. Samet sets off for Adem&#8217;s funeral. He aims to find the reason his father, whom he never knew, left the village and to see Istanbul, which he had dreamed of. The city is a projection for the father and son who have different identities. A journey of time and space begins between Adem and Samet. As time progresses, Samet is physically and spiritually transformed into Adem.<\/p>\n","protected":false},"excerpt":{"rendered":"<p>CREW Director: Ahmet K\u00fc\u00e7\u00fckkayal\u0131 Writer: Ahmet K\u00fc\u00e7\u00fckkayal\u0131 Producer: Stellar Yap\u0131mc\u0131l\u0131k \u2013 \u0130nci G\u00fclen SYNOPSIS Adem was a night watchman in a factory and an author, who was searching for his existence amongst his unpublished novels and carrying the 1980 Military Coup\u2019s traces on his body and subconscious, before his suicide. Samet is a young man, [&hellip;]<\/p>\n","protected":false},"author":1,"featured_media":0,"parent":0,"menu_order":0,"comment_status":"closed","ping_status":"closed","template":"","meta":{"footnotes":""},"class_list":["post-2792","page","type-page","status-publish","hentry"],"yoast_head":"<!-- This site is optimized with the Yoast SEO plugin v27.2 - https:\/\/yoast.com\/product\/yoast-seo-wordpress\/ -->\n<title>GRAFT - TRT 12 Punto<\/title>\n<meta name=\"robots\" content=\"index, follow, max-snippet:-1, max-image-preview:large, max-video-preview:-1\" \/>\n<link rel=\"canonical\" href=\"https:\/\/trt12punto.com\/asi\/\" \/>\n<meta property=\"og:locale\" content=\"en_US\" \/>\n<meta property=\"og:type\" content=\"article\" \/>\n<meta property=\"og:title\" content=\"GRAFT - TRT 12 Punto\" \/>\n<meta property=\"og:description\" content=\"CREW Director: Ahmet K\u00fc\u00e7\u00fckkayal\u0131 Writer: Ahmet K\u00fc\u00e7\u00fckkayal\u0131 Producer: Stellar Yap\u0131mc\u0131l\u0131k \u2013 \u0130nci G\u00fclen SYNOPSIS Adem was a night watchman in a factory and an author, who was searching for his existence amongst his unpublished novels and carrying the 1980 Military Coup\u2019s traces on his body and subconscious, before his suicide. Samet is a young man, [&hellip;]\" \/>\n<meta property=\"og:url\" content=\"https:\/\/trt12punto.com\/asi\/\" \/>\n<meta property=\"og:site_name\" content=\"TRT 12 Punto\" \/>\n<meta property=\"article:modified_time\" content=\"2021-01-07T12:46:10+00:00\" \/>\n<meta name=\"twitter:card\" content=\"summary_large_image\" \/>\n<meta name=\"twitter:label1\" content=\"Est. reading time\" \/>\n\t<meta name=\"twitter:data1\" content=\"1 minute\" \/>\n<script type=\"application\/ld+json\" class=\"yoast-schema-graph\">{\"@context\":\"https:\/\/schema.org\",\"@graph\":[{\"@type\":\"WebPage\",\"@id\":\"https:\/\/trt12punto.com\/asi\/\",\"url\":\"https:\/\/trt12punto.com\/asi\/\",\"name\":\"GRAFT - TRT 12 Punto\",\"isPartOf\":{\"@id\":\"https:\/\/trt12punto.com\/#website\"},\"datePublished\":\"2021-01-07T12:46:08+00:00\",\"dateModified\":\"2021-01-07T12:46:10+00:00\",\"breadcrumb\":{\"@id\":\"https:\/\/trt12punto.com\/asi\/#breadcrumb\"},\"inLanguage\":\"en-US\",\"potentialAction\":[{\"@type\":\"ReadAction\",\"target\":[\"https:\/\/trt12punto.com\/asi\/\"]}]},{\"@type\":\"BreadcrumbList\",\"@id\":\"https:\/\/trt12punto.com\/asi\/#breadcrumb\",\"itemListElement\":[{\"@type\":\"ListItem\",\"position\":1,\"name\":\"Anasayfa\",\"item\":\"https:\/\/trt12punto.com\/en\/home\/\"},{\"@type\":\"ListItem\",\"position\":2,\"name\":\"GRAFT\"}]},{\"@type\":\"WebSite\",\"@id\":\"https:\/\/trt12punto.com\/#website\",\"url\":\"https:\/\/trt12punto.com\/\",\"name\":\"TRT 12 Punto\",\"description\":\"T\u00fcrkiye&#039;nin En B\u00fcy\u00fck Senaryo Geli\u015ftirme Platformu\",\"potentialAction\":[{\"@type\":\"SearchAction\",\"target\":{\"@type\":\"EntryPoint\",\"urlTemplate\":\"https:\/\/trt12punto.com\/?s={search_term_string}\"},\"query-input\":{\"@type\":\"PropertyValueSpecification\",\"valueRequired\":true,\"valueName\":\"search_term_string\"}}],\"inLanguage\":\"en-US\"}]}<\/script>\n<!-- \/ Yoast SEO plugin. -->","yoast_head_json":{"title":"GRAFT - TRT 12 Punto","robots":{"index":"index","follow":"follow","max-snippet":"max-snippet:-1","max-image-preview":"max-image-preview:large","max-video-preview":"max-video-preview:-1"},"canonical":"https:\/\/trt12punto.com\/asi\/","og_locale":"en_US","og_type":"article","og_title":"GRAFT - TRT 12 Punto","og_description":"CREW Director: Ahmet K\u00fc\u00e7\u00fckkayal\u0131 Writer: Ahmet K\u00fc\u00e7\u00fckkayal\u0131 Producer: Stellar Yap\u0131mc\u0131l\u0131k \u2013 \u0130nci G\u00fclen SYNOPSIS Adem was a night watchman in a factory and an author, who was searching for his existence amongst his unpublished novels and carrying the 1980 Military Coup\u2019s traces on his body and subconscious, before his suicide. Samet is a young man, [&hellip;]","og_url":"https:\/\/trt12punto.com\/asi\/","og_site_name":"TRT 12 Punto","article_modified_time":"2021-01-07T12:46:10+00:00","twitter_card":"summary_large_image","twitter_misc":{"Est. reading time":"1 minute"},"schema":{"@context":"https:\/\/schema.org","@graph":[{"@type":"WebPage","@id":"https:\/\/trt12punto.com\/asi\/","url":"https:\/\/trt12punto.com\/asi\/","name":"GRAFT - TRT 12 Punto","isPartOf":{"@id":"https:\/\/trt12punto.com\/#website"},"datePublished":"2021-01-07T12:46:08+00:00","dateModified":"2021-01-07T12:46:10+00:00","breadcrumb":{"@id":"https:\/\/trt12punto.com\/asi\/#breadcrumb"},"inLanguage":"en-US","potentialAction":[{"@type":"ReadAction","target":["https:\/\/trt12punto.com\/asi\/"]}]},{"@type":"BreadcrumbList","@id":"https:\/\/trt12punto.com\/asi\/#breadcrumb","itemListElement":[{"@type":"ListItem","position":1,"name":"Anasayfa","item":"https:\/\/trt12punto.com\/en\/home\/"},{"@type":"ListItem","position":2,"name":"GRAFT"}]},{"@type":"WebSite","@id":"https:\/\/trt12punto.com\/#website","url":"https:\/\/trt12punto.com\/","name":"TRT 12 Punto","description":"T\u00fcrkiye&#039;nin En B\u00fcy\u00fck Senaryo Geli\u015ftirme Platformu","potentialAction":[{"@type":"SearchAction","target":{"@type":"EntryPoint","urlTemplate":"https:\/\/trt12punto.com\/?s={search_term_string}"},"query-input":{"@type":"PropertyValueSpecification","valueRequired":true,"valueName":"search_term_string"}}],"inLanguage":"en-US"}]}},"jetpack_shortlink":"https:\/\/wp.me\/PgRTn7-J2","_links":{"self":[{"href":"https:\/\/trt12punto.com\/en\/wp-json\/wp\/v2\/pages\/2792","targetHints":{"allow":["GET"]}}],"collection":[{"href":"https:\/\/trt12punto.com\/en\/wp-json\/wp\/v2\/pages"}],"about":[{"href":"https:\/\/trt12punto.com\/en\/wp-json\/wp\/v2\/types\/page"}],"author":[{"embeddable":true,"href":"https:\/\/trt12punto.com\/en\/wp-json\/wp\/v2\/users\/1"}],"replies":[{"embeddable":true,"href":"https:\/\/trt12punto.com\/en\/wp-json\/wp\/v2\/comments?post=2792"}],"version-history":[{"count":0,"href":"https:\/\/trt12punto.com\/en\/wp-json\/wp\/v2\/pages\/2792\/revisions"}],"wp:attachment":[{"href":"https:\/\/trt12punto.com\/en\/wp-json\/wp\/v2\/media?parent=2792"}],"curies":[{"name":"wp","href":"https:\/\/api.w.org\/{rel}","templated":true}]}}