{"id":2879,"date":"2021-01-07T16:31:12","date_gmt":"2021-01-07T13:31:12","guid":{"rendered":"http:\/\/trt12punto.com\/amra-baksic-camo\/"},"modified":"2021-01-07T16:31:12","modified_gmt":"2021-01-07T13:31:12","slug":"amra-baksic-camo","status":"publish","type":"page","link":"https:\/\/trt12punto.com\/en\/amra-baksic-camo\/","title":{"rendered":"Amra Bak\u0161i\u0107 \u010camo"},"content":{"rendered":"<div><img loading=\"lazy\" decoding=\"async\" class=\"wp-image-2842 size-full aligncenter\" src=\"http:\/\/trt12punto.com\/wp-content\/uploads\/2021\/01\/amra-baksic-camo_2.jpg\" alt=\"\" width=\"512\" height=\"343\" srcset=\"https:\/\/trt12punto.com\/wp-content\/uploads\/2021\/01\/amra-baksic-camo_2.jpg 512w, https:\/\/trt12punto.com\/wp-content\/uploads\/2021\/01\/amra-baksic-camo_2-300x201.jpg 300w\" sizes=\"auto, (max-width: 512px) 100vw, 512px\" \/><\/div>\n<div class=\"team-member-job-title \" style=\"text-align: center;\">\n<p class=\"team-member-name\"><strong>Sarajevo Film Festival, Head of Cinelink<\/strong><\/p>\n<\/div>\n<div class=\"team-member-description \">\n<div class=\"page\" title=\"Page 8\">\n<div class=\"section\">\n<div class=\"layoutArea\">\n<div class=\"column\">\n<div class=\"page\" title=\"Page 10\">\n<div class=\"layoutArea\">\n<div class=\"column\">\n<div class=\"page\" title=\"Page 47\">\n<div class=\"layoutArea\">\n<div class=\"column\">\n<div class=\"page\" title=\"Page 47\">\n<div class=\"layoutArea\">\n<div class=\"column\">\n<p style=\"text-align: center;\">She graduated from comparative literature in 1996. She was producer of \u201cAn Episode in the life of an Iron Picker\u201d directed by Danis Tanovic , and awarded Jury Grand Prix at Berlinale. Since 2003, she is head of the CineLink, regional co-production market, work in progress and project development workshop of Sarajevo Film Festival. Amra Bak\u0161i\u0107 \u010camo, who is also a decision maker at the Torino Film Lab, also teaches at the Sarajevo Academy of Performing Arts.<\/p>\n<\/div>\n<\/div>\n<\/div>\n<\/div>\n<\/div>\n<\/div>\n<\/div>\n<\/div>\n<\/div>\n<\/div>\n<\/div>\n<\/div>\n<\/div>\n<\/div>\n","protected":false},"excerpt":{"rendered":"<p>Sarajevo Film Festival, Head of Cinelink She graduated from comparative literature in 1996. She was producer of \u201cAn Episode in the life of an Iron Picker\u201d directed by Danis Tanovic , and awarded Jury Grand Prix at Berlinale. Since 2003, she is head of the CineLink, regional co-production market, work in progress and project development [&hellip;]<\/p>\n","protected":false},"author":1,"featured_media":0,"parent":0,"menu_order":230,"comment_status":"closed","ping_status":"closed","template":"","meta":{"footnotes":""},"class_list":["post-2879","page","type-page","status-publish","hentry"],"yoast_head":"<!-- This site is optimized with the Yoast SEO plugin v27.2 - https:\/\/yoast.com\/product\/yoast-seo-wordpress\/ -->\n<title>Amra Bak\u0161i\u0107 \u010camo - TRT 12 Punto<\/title>\n<meta name=\"robots\" content=\"index, follow, max-snippet:-1, max-image-preview:large, max-video-preview:-1\" \/>\n<link rel=\"canonical\" href=\"https:\/\/trt12punto.com\/amra-baksic-camo\/\" \/>\n<meta property=\"og:locale\" content=\"en_US\" \/>\n<meta property=\"og:type\" content=\"article\" \/>\n<meta property=\"og:title\" content=\"Amra Bak\u0161i\u0107 \u010camo - TRT 12 Punto\" \/>\n<meta property=\"og:description\" content=\"Sarajevo Film Festival, Head of Cinelink She graduated from comparative literature in 1996. She was producer of \u201cAn Episode in the life of an Iron Picker\u201d directed by Danis Tanovic , and awarded Jury Grand Prix at Berlinale. Since 2003, she is head of the CineLink, regional co-production market, work in progress and project development [&hellip;]\" \/>\n<meta property=\"og:url\" content=\"https:\/\/trt12punto.com\/amra-baksic-camo\/\" \/>\n<meta property=\"og:site_name\" content=\"TRT 12 Punto\" \/>\n<meta property=\"og:image\" content=\"http:\/\/trt12punto.com\/wp-content\/uploads\/2021\/01\/amra-baksic-camo_2.jpg\" \/>\n<meta name=\"twitter:card\" content=\"summary_large_image\" \/>\n<script type=\"application\/ld+json\" class=\"yoast-schema-graph\">{\"@context\":\"https:\/\/schema.org\",\"@graph\":[{\"@type\":\"WebPage\",\"@id\":\"https:\/\/trt12punto.com\/amra-baksic-camo\/\",\"url\":\"https:\/\/trt12punto.com\/amra-baksic-camo\/\",\"name\":\"Amra Bak\u0161i\u0107 \u010camo - TRT 12 Punto\",\"isPartOf\":{\"@id\":\"https:\/\/trt12punto.com\/#website\"},\"primaryImageOfPage\":{\"@id\":\"https:\/\/trt12punto.com\/amra-baksic-camo\/#primaryimage\"},\"image\":{\"@id\":\"https:\/\/trt12punto.com\/amra-baksic-camo\/#primaryimage\"},\"thumbnailUrl\":\"http:\/\/trt12punto.com\/wp-content\/uploads\/2021\/01\/amra-baksic-camo_2.jpg\",\"datePublished\":\"2021-01-07T13:31:12+00:00\",\"breadcrumb\":{\"@id\":\"https:\/\/trt12punto.com\/amra-baksic-camo\/#breadcrumb\"},\"inLanguage\":\"en-US\",\"potentialAction\":[{\"@type\":\"ReadAction\",\"target\":[\"https:\/\/trt12punto.com\/amra-baksic-camo\/\"]}]},{\"@type\":\"ImageObject\",\"inLanguage\":\"en-US\",\"@id\":\"https:\/\/trt12punto.com\/amra-baksic-camo\/#primaryimage\",\"url\":\"http:\/\/trt12punto.com\/wp-content\/uploads\/2021\/01\/amra-baksic-camo_2.jpg\",\"contentUrl\":\"http:\/\/trt12punto.com\/wp-content\/uploads\/2021\/01\/amra-baksic-camo_2.jpg\"},{\"@type\":\"BreadcrumbList\",\"@id\":\"https:\/\/trt12punto.com\/amra-baksic-camo\/#breadcrumb\",\"itemListElement\":[{\"@type\":\"ListItem\",\"position\":1,\"name\":\"Anasayfa\",\"item\":\"https:\/\/trt12punto.com\/en\/home\/\"},{\"@type\":\"ListItem\",\"position\":2,\"name\":\"Amra Bak\u0161i\u0107 \u010camo\"}]},{\"@type\":\"WebSite\",\"@id\":\"https:\/\/trt12punto.com\/#website\",\"url\":\"https:\/\/trt12punto.com\/\",\"name\":\"TRT 12 Punto\",\"description\":\"T\u00fcrkiye&#039;nin En B\u00fcy\u00fck Senaryo Geli\u015ftirme Platformu\",\"potentialAction\":[{\"@type\":\"SearchAction\",\"target\":{\"@type\":\"EntryPoint\",\"urlTemplate\":\"https:\/\/trt12punto.com\/?s={search_term_string}\"},\"query-input\":{\"@type\":\"PropertyValueSpecification\",\"valueRequired\":true,\"valueName\":\"search_term_string\"}}],\"inLanguage\":\"en-US\"}]}<\/script>\n<!-- \/ Yoast SEO plugin. -->","yoast_head_json":{"title":"Amra Bak\u0161i\u0107 \u010camo - TRT 12 Punto","robots":{"index":"index","follow":"follow","max-snippet":"max-snippet:-1","max-image-preview":"max-image-preview:large","max-video-preview":"max-video-preview:-1"},"canonical":"https:\/\/trt12punto.com\/amra-baksic-camo\/","og_locale":"en_US","og_type":"article","og_title":"Amra Bak\u0161i\u0107 \u010camo - TRT 12 Punto","og_description":"Sarajevo Film Festival, Head of Cinelink She graduated from comparative literature in 1996. She was producer of \u201cAn Episode in the life of an Iron Picker\u201d directed by Danis Tanovic , and awarded Jury Grand Prix at Berlinale. Since 2003, she is head of the CineLink, regional co-production market, work in progress and project development [&hellip;]","og_url":"https:\/\/trt12punto.com\/amra-baksic-camo\/","og_site_name":"TRT 12 Punto","og_image":[{"url":"http:\/\/trt12punto.com\/wp-content\/uploads\/2021\/01\/amra-baksic-camo_2.jpg","type":"","width":"","height":""}],"twitter_card":"summary_large_image","schema":{"@context":"https:\/\/schema.org","@graph":[{"@type":"WebPage","@id":"https:\/\/trt12punto.com\/amra-baksic-camo\/","url":"https:\/\/trt12punto.com\/amra-baksic-camo\/","name":"Amra Bak\u0161i\u0107 \u010camo - TRT 12 Punto","isPartOf":{"@id":"https:\/\/trt12punto.com\/#website"},"primaryImageOfPage":{"@id":"https:\/\/trt12punto.com\/amra-baksic-camo\/#primaryimage"},"image":{"@id":"https:\/\/trt12punto.com\/amra-baksic-camo\/#primaryimage"},"thumbnailUrl":"http:\/\/trt12punto.com\/wp-content\/uploads\/2021\/01\/amra-baksic-camo_2.jpg","datePublished":"2021-01-07T13:31:12+00:00","breadcrumb":{"@id":"https:\/\/trt12punto.com\/amra-baksic-camo\/#breadcrumb"},"inLanguage":"en-US","potentialAction":[{"@type":"ReadAction","target":["https:\/\/trt12punto.com\/amra-baksic-camo\/"]}]},{"@type":"ImageObject","inLanguage":"en-US","@id":"https:\/\/trt12punto.com\/amra-baksic-camo\/#primaryimage","url":"http:\/\/trt12punto.com\/wp-content\/uploads\/2021\/01\/amra-baksic-camo_2.jpg","contentUrl":"http:\/\/trt12punto.com\/wp-content\/uploads\/2021\/01\/amra-baksic-camo_2.jpg"},{"@type":"BreadcrumbList","@id":"https:\/\/trt12punto.com\/amra-baksic-camo\/#breadcrumb","itemListElement":[{"@type":"ListItem","position":1,"name":"Anasayfa","item":"https:\/\/trt12punto.com\/en\/home\/"},{"@type":"ListItem","position":2,"name":"Amra Bak\u0161i\u0107 \u010camo"}]},{"@type":"WebSite","@id":"https:\/\/trt12punto.com\/#website","url":"https:\/\/trt12punto.com\/","name":"TRT 12 Punto","description":"T\u00fcrkiye&#039;nin En B\u00fcy\u00fck Senaryo Geli\u015ftirme Platformu","potentialAction":[{"@type":"SearchAction","target":{"@type":"EntryPoint","urlTemplate":"https:\/\/trt12punto.com\/?s={search_term_string}"},"query-input":{"@type":"PropertyValueSpecification","valueRequired":true,"valueName":"search_term_string"}}],"inLanguage":"en-US"}]}},"jetpack_shortlink":"https:\/\/wp.me\/PgRTn7-Kr","_links":{"self":[{"href":"https:\/\/trt12punto.com\/en\/wp-json\/wp\/v2\/pages\/2879","targetHints":{"allow":["GET"]}}],"collection":[{"href":"https:\/\/trt12punto.com\/en\/wp-json\/wp\/v2\/pages"}],"about":[{"href":"https:\/\/trt12punto.com\/en\/wp-json\/wp\/v2\/types\/page"}],"author":[{"embeddable":true,"href":"https:\/\/trt12punto.com\/en\/wp-json\/wp\/v2\/users\/1"}],"replies":[{"embeddable":true,"href":"https:\/\/trt12punto.com\/en\/wp-json\/wp\/v2\/comments?post=2879"}],"version-history":[{"count":0,"href":"https:\/\/trt12punto.com\/en\/wp-json\/wp\/v2\/pages\/2879\/revisions"}],"wp:attachment":[{"href":"https:\/\/trt12punto.com\/en\/wp-json\/wp\/v2\/media?parent=2879"}],"curies":[{"name":"wp","href":"https:\/\/api.w.org\/{rel}","templated":true}]}}