{"id":2882,"date":"2021-01-07T16:33:19","date_gmt":"2021-01-07T13:33:19","guid":{"rendered":"http:\/\/trt12punto.com\/john-bailey\/"},"modified":"2021-01-07T16:33:22","modified_gmt":"2021-01-07T13:33:22","slug":"john-bailey","status":"publish","type":"page","link":"https:\/\/trt12punto.com\/en\/john-bailey\/","title":{"rendered":"John Bailey"},"content":{"rendered":"<div><img loading=\"lazy\" decoding=\"async\" class=\"aligncenter wp-image-2830 size-full\" src=\"http:\/\/trt12punto.com\/wp-content\/uploads\/2021\/01\/john-bailey_2.jpg\" alt=\"\" width=\"512\" height=\"343\" srcset=\"https:\/\/trt12punto.com\/wp-content\/uploads\/2021\/01\/john-bailey_2.jpg 512w, https:\/\/trt12punto.com\/wp-content\/uploads\/2021\/01\/john-bailey_2-300x201.jpg 300w\" sizes=\"auto, (max-width: 512px) 100vw, 512px\" \/><\/div>\n<div class=\"team-member-job-title \" style=\"text-align: center;\">\n<p class=\"team-member-name\"><strong>President Of The Academy Of Motion Picture Arts And Sciences<\/strong><\/p>\n<\/div>\n<div class=\"team-member-description \">\n<div class=\"page\" title=\"Page 8\">\n<div class=\"section\">\n<div class=\"layoutArea\">\n<div class=\"column\">\n<div class=\"page\" title=\"Page 10\">\n<div class=\"layoutArea\">\n<div class=\"column\">\n<div class=\"page\" title=\"Page 47\">\n<div class=\"layoutArea\">\n<div class=\"column\">\n<div class=\"page\" title=\"Page 47\">\n<div class=\"layoutArea\">\n<div class=\"column\">\n<p style=\"text-align: center;\">American cinematographer and director. John Bailey was born on 1942 in Moberly, Missouri, USA. In 1968, he graduated from the University of Southern California, Department of Cinema Arts. In 1985, he shared the &#8220;Best Artistic Contribution Award&#8221; at the Cannes Film Festival with Eiko Ishioka and Philip Glass for the movie &#8220;Mishima: A Life In Four Chapters&#8221;. He was nominated for the &#8220;Best Cinematography Award&#8221; at the Independent Spirit Awards for his film &#8220;Tough Guys Don\u2019t Dance&#8221;. He is a member of the American Society of Cinematographers. In 1987, he became the jury of the Venice Film Festival. He has worked on films such as &#8220;Groundhog Day&#8221; and &#8220;Country Strong&#8221;. He has been married to Carol Littleton since March 11, 1972. On August 10, 2017, he was elected as the president of the Academy of Cinema Arts and Sciences, who distributed the Oscar awards for 4 years. Throughout his career, he worked as a director of photography in 84 films and directed 5 films.<\/p>\n<\/div>\n<\/div>\n<\/div>\n<\/div>\n<\/div>\n<\/div>\n<\/div>\n<\/div>\n<\/div>\n<\/div>\n<\/div>\n<\/div>\n<\/div>\n<\/div>\n","protected":false},"excerpt":{"rendered":"<p>President Of The Academy Of Motion Picture Arts And Sciences American cinematographer and director. John Bailey was born on 1942 in Moberly, Missouri, USA. In 1968, he graduated from the University of Southern California, Department of Cinema Arts. In 1985, he shared the &#8220;Best Artistic Contribution Award&#8221; at the Cannes Film Festival with Eiko Ishioka [&hellip;]<\/p>\n","protected":false},"author":1,"featured_media":0,"parent":0,"menu_order":38,"comment_status":"closed","ping_status":"closed","template":"","meta":{"footnotes":""},"class_list":["post-2882","page","type-page","status-publish","hentry"],"yoast_head":"<!-- This site is optimized with the Yoast SEO plugin v27.2 - https:\/\/yoast.com\/product\/yoast-seo-wordpress\/ -->\n<title>John Bailey - TRT 12 Punto<\/title>\n<meta name=\"robots\" content=\"index, follow, max-snippet:-1, max-image-preview:large, max-video-preview:-1\" \/>\n<link rel=\"canonical\" href=\"https:\/\/trt12punto.com\/john-bailey\/\" \/>\n<meta property=\"og:locale\" content=\"en_US\" \/>\n<meta property=\"og:type\" content=\"article\" \/>\n<meta property=\"og:title\" content=\"John Bailey - TRT 12 Punto\" \/>\n<meta property=\"og:description\" content=\"President Of The Academy Of Motion Picture Arts And Sciences American cinematographer and director. John Bailey was born on 1942 in Moberly, Missouri, USA. In 1968, he graduated from the University of Southern California, Department of Cinema Arts. In 1985, he shared the &#8220;Best Artistic Contribution Award&#8221; at the Cannes Film Festival with Eiko Ishioka [&hellip;]\" \/>\n<meta property=\"og:url\" content=\"https:\/\/trt12punto.com\/john-bailey\/\" \/>\n<meta property=\"og:site_name\" content=\"TRT 12 Punto\" \/>\n<meta property=\"article:modified_time\" content=\"2021-01-07T13:33:22+00:00\" \/>\n<meta property=\"og:image\" content=\"http:\/\/trt12punto.com\/wp-content\/uploads\/2021\/01\/john-bailey_2.jpg\" \/>\n<meta name=\"twitter:card\" content=\"summary_large_image\" \/>\n<meta name=\"twitter:label1\" content=\"Est. reading time\" \/>\n\t<meta name=\"twitter:data1\" content=\"1 minute\" \/>\n<script type=\"application\/ld+json\" class=\"yoast-schema-graph\">{\"@context\":\"https:\/\/schema.org\",\"@graph\":[{\"@type\":\"WebPage\",\"@id\":\"https:\/\/trt12punto.com\/john-bailey\/\",\"url\":\"https:\/\/trt12punto.com\/john-bailey\/\",\"name\":\"John Bailey - TRT 12 Punto\",\"isPartOf\":{\"@id\":\"https:\/\/trt12punto.com\/#website\"},\"primaryImageOfPage\":{\"@id\":\"https:\/\/trt12punto.com\/john-bailey\/#primaryimage\"},\"image\":{\"@id\":\"https:\/\/trt12punto.com\/john-bailey\/#primaryimage\"},\"thumbnailUrl\":\"http:\/\/trt12punto.com\/wp-content\/uploads\/2021\/01\/john-bailey_2.jpg\",\"datePublished\":\"2021-01-07T13:33:19+00:00\",\"dateModified\":\"2021-01-07T13:33:22+00:00\",\"breadcrumb\":{\"@id\":\"https:\/\/trt12punto.com\/john-bailey\/#breadcrumb\"},\"inLanguage\":\"en-US\",\"potentialAction\":[{\"@type\":\"ReadAction\",\"target\":[\"https:\/\/trt12punto.com\/john-bailey\/\"]}]},{\"@type\":\"ImageObject\",\"inLanguage\":\"en-US\",\"@id\":\"https:\/\/trt12punto.com\/john-bailey\/#primaryimage\",\"url\":\"http:\/\/trt12punto.com\/wp-content\/uploads\/2021\/01\/john-bailey_2.jpg\",\"contentUrl\":\"http:\/\/trt12punto.com\/wp-content\/uploads\/2021\/01\/john-bailey_2.jpg\"},{\"@type\":\"BreadcrumbList\",\"@id\":\"https:\/\/trt12punto.com\/john-bailey\/#breadcrumb\",\"itemListElement\":[{\"@type\":\"ListItem\",\"position\":1,\"name\":\"Anasayfa\",\"item\":\"https:\/\/trt12punto.com\/en\/home\/\"},{\"@type\":\"ListItem\",\"position\":2,\"name\":\"John Bailey\"}]},{\"@type\":\"WebSite\",\"@id\":\"https:\/\/trt12punto.com\/#website\",\"url\":\"https:\/\/trt12punto.com\/\",\"name\":\"TRT 12 Punto\",\"description\":\"T\u00fcrkiye&#039;nin En B\u00fcy\u00fck Senaryo Geli\u015ftirme Platformu\",\"potentialAction\":[{\"@type\":\"SearchAction\",\"target\":{\"@type\":\"EntryPoint\",\"urlTemplate\":\"https:\/\/trt12punto.com\/?s={search_term_string}\"},\"query-input\":{\"@type\":\"PropertyValueSpecification\",\"valueRequired\":true,\"valueName\":\"search_term_string\"}}],\"inLanguage\":\"en-US\"}]}<\/script>\n<!-- \/ Yoast SEO plugin. -->","yoast_head_json":{"title":"John Bailey - TRT 12 Punto","robots":{"index":"index","follow":"follow","max-snippet":"max-snippet:-1","max-image-preview":"max-image-preview:large","max-video-preview":"max-video-preview:-1"},"canonical":"https:\/\/trt12punto.com\/john-bailey\/","og_locale":"en_US","og_type":"article","og_title":"John Bailey - TRT 12 Punto","og_description":"President Of The Academy Of Motion Picture Arts And Sciences American cinematographer and director. John Bailey was born on 1942 in Moberly, Missouri, USA. In 1968, he graduated from the University of Southern California, Department of Cinema Arts. In 1985, he shared the &#8220;Best Artistic Contribution Award&#8221; at the Cannes Film Festival with Eiko Ishioka [&hellip;]","og_url":"https:\/\/trt12punto.com\/john-bailey\/","og_site_name":"TRT 12 Punto","article_modified_time":"2021-01-07T13:33:22+00:00","og_image":[{"url":"http:\/\/trt12punto.com\/wp-content\/uploads\/2021\/01\/john-bailey_2.jpg","type":"","width":"","height":""}],"twitter_card":"summary_large_image","twitter_misc":{"Est. reading time":"1 minute"},"schema":{"@context":"https:\/\/schema.org","@graph":[{"@type":"WebPage","@id":"https:\/\/trt12punto.com\/john-bailey\/","url":"https:\/\/trt12punto.com\/john-bailey\/","name":"John Bailey - TRT 12 Punto","isPartOf":{"@id":"https:\/\/trt12punto.com\/#website"},"primaryImageOfPage":{"@id":"https:\/\/trt12punto.com\/john-bailey\/#primaryimage"},"image":{"@id":"https:\/\/trt12punto.com\/john-bailey\/#primaryimage"},"thumbnailUrl":"http:\/\/trt12punto.com\/wp-content\/uploads\/2021\/01\/john-bailey_2.jpg","datePublished":"2021-01-07T13:33:19+00:00","dateModified":"2021-01-07T13:33:22+00:00","breadcrumb":{"@id":"https:\/\/trt12punto.com\/john-bailey\/#breadcrumb"},"inLanguage":"en-US","potentialAction":[{"@type":"ReadAction","target":["https:\/\/trt12punto.com\/john-bailey\/"]}]},{"@type":"ImageObject","inLanguage":"en-US","@id":"https:\/\/trt12punto.com\/john-bailey\/#primaryimage","url":"http:\/\/trt12punto.com\/wp-content\/uploads\/2021\/01\/john-bailey_2.jpg","contentUrl":"http:\/\/trt12punto.com\/wp-content\/uploads\/2021\/01\/john-bailey_2.jpg"},{"@type":"BreadcrumbList","@id":"https:\/\/trt12punto.com\/john-bailey\/#breadcrumb","itemListElement":[{"@type":"ListItem","position":1,"name":"Anasayfa","item":"https:\/\/trt12punto.com\/en\/home\/"},{"@type":"ListItem","position":2,"name":"John Bailey"}]},{"@type":"WebSite","@id":"https:\/\/trt12punto.com\/#website","url":"https:\/\/trt12punto.com\/","name":"TRT 12 Punto","description":"T\u00fcrkiye&#039;nin En B\u00fcy\u00fck Senaryo Geli\u015ftirme Platformu","potentialAction":[{"@type":"SearchAction","target":{"@type":"EntryPoint","urlTemplate":"https:\/\/trt12punto.com\/?s={search_term_string}"},"query-input":{"@type":"PropertyValueSpecification","valueRequired":true,"valueName":"search_term_string"}}],"inLanguage":"en-US"}]}},"jetpack_shortlink":"https:\/\/wp.me\/PgRTn7-Ku","_links":{"self":[{"href":"https:\/\/trt12punto.com\/en\/wp-json\/wp\/v2\/pages\/2882","targetHints":{"allow":["GET"]}}],"collection":[{"href":"https:\/\/trt12punto.com\/en\/wp-json\/wp\/v2\/pages"}],"about":[{"href":"https:\/\/trt12punto.com\/en\/wp-json\/wp\/v2\/types\/page"}],"author":[{"embeddable":true,"href":"https:\/\/trt12punto.com\/en\/wp-json\/wp\/v2\/users\/1"}],"replies":[{"embeddable":true,"href":"https:\/\/trt12punto.com\/en\/wp-json\/wp\/v2\/comments?post=2882"}],"version-history":[{"count":0,"href":"https:\/\/trt12punto.com\/en\/wp-json\/wp\/v2\/pages\/2882\/revisions"}],"wp:attachment":[{"href":"https:\/\/trt12punto.com\/en\/wp-json\/wp\/v2\/media?parent=2882"}],"curies":[{"name":"wp","href":"https:\/\/api.w.org\/{rel}","templated":true}]}}