{"id":2884,"date":"2021-01-07T16:38:21","date_gmt":"2021-01-07T13:38:21","guid":{"rendered":"http:\/\/trt12punto.com\/oktem-basol\/"},"modified":"2021-01-07T16:38:24","modified_gmt":"2021-01-07T13:38:24","slug":"oktem-basol","status":"publish","type":"page","link":"https:\/\/trt12punto.com\/en\/oktem-basol\/","title":{"rendered":"\u00d6ktem Ba\u015fol"},"content":{"rendered":"<div><img loading=\"lazy\" decoding=\"async\" class=\"wp-image-2591 size-full aligncenter\" src=\"http:\/\/trt12punto.com\/wp-content\/uploads\/2021\/01\/o%CC%88ktem-bas%CC%A7ol_2.jpg\" alt=\"\" width=\"512\" height=\"343\"><\/div>\n<div><\/div>\n<div class=\"team-member-job-title \" style=\"text-align: center;\"><strong>Script Consultant<\/strong><\/div>\n<div class=\"team-member-description \">\n<div class=\"page\" title=\"Page 8\">\n<div class=\"section\">\n<div class=\"layoutArea\">\n<div class=\"column\">\n<div class=\"page\" title=\"Page 10\">\n<div class=\"layoutArea\">\n<div class=\"column\">\n<div class=\"page\" title=\"Page 47\">\n<div class=\"layoutArea\">\n<div class=\"column\">\n<div class=\"page\" title=\"Page 47\">\n<div class=\"layoutArea\">\n<div class=\"column\">\n<div class=\"page\" title=\"Page 48\">\n<div class=\"section\">\n<div class=\"layoutArea\">\n<div class=\"column\">\n<div class=\"page\" title=\"Page 11\">\n<div class=\"layoutArea\">\n<div class=\"column\">\n<div class=\"page\" title=\"Page 64\">\n<div class=\"layoutArea\">\n<div class=\"column\">\n<div class=\"page\" title=\"Page 65\">\n<div class=\"layoutArea\">\n<div class=\"column\">\n<div class=\"page\" title=\"Page 64\">\n<div class=\"layoutArea\">\n<div class=\"column\">\n<div class=\"page\" title=\"Page 65\">\n<div class=\"layoutArea\">\n<div class=\"column\">\n<div class=\"page\" title=\"Page 66\">\n<div class=\"section\">\n<div class=\"layoutArea\">\n<div class=\"column\">\n<p style=\"text-align: center;\">He was born in \u0130stanbul in 1966. He graduated from the I\u015f\u0131k High School. He organized the 1st \u0130FSAK Short Film Festival while he was studying at the \u0130stanbul University, Faculty of Business Management.<br \/>\nHe went to Paris in 1990 and studied editing and scriptwriting at CLCF. He obtained undergraduate and graduate degrees on cinema at the Denis Diderot University (Paris VII).<\/p>\n<p style=\"text-align: center;\">During the same period, he did his internship in various post-production companies (Chevereau), while he continued his career in photography (CNCS).<br \/>\nIn 1993, he ranked among top ten in the Cin\u00e9-Litterature competition with his first short film script project<br \/>\n(La Mort d\u2019un c\u0153ur mouette). He started his doctorate studies at the Sorbonne University (Paris I) in 1997. He presented his dissertation on the idea that every scriptwriter should be considered a creator per se, around the life and works of a French scriptwriter JeanLoup Dabadie highly successfully in 2002.<br \/>\nDuring his master of advanced studies year (DEA), his preliminary work on his thesis won the Simon Genevois Best University Study Award granted by the French Critics and Filmmakers Association (Pierre D\u2019Hugues, Bertrand Tavernier, Claude Beylie, Claude Sautet). He accepted his award personally presented by Claude Sautet.<\/p>\n<p style=\"text-align: center;\">He has been teaching scriptwriting, dramatic narration, writing for cinema and television at the \u0130stanbul Bilgi University since 2000. He has been a script doctor for various films and TV series, and a script consultant for foreign organizations (Eurimages) since 2006.<br \/>\nHis book titled \u201cSenaryo Kitab\u0131\u201d (Script Book) was published in 2010 and won the \u201cAnadolu University Best Cinema Book\u201d award the same year.<\/p>\n<\/div>\n<\/div>\n<\/div>\n<\/div>\n<\/div>\n<\/div>\n<\/div>\n<\/div>\n<\/div>\n<\/div>\n<\/div>\n<\/div>\n<\/div>\n<\/div>\n<\/div>\n<\/div>\n<\/div>\n<\/div>\n<\/div>\n<\/div>\n<\/div>\n<\/div>\n<\/div>\n<\/div>\n<\/div>\n<\/div>\n<\/div>\n<\/div>\n<\/div>\n<\/div>\n<\/div>\n<\/div>\n<\/div>\n<\/div>\n<\/div>\n<\/div>\n<\/div>\n","protected":false},"excerpt":{"rendered":"<p>Script Consultant He was born in \u0130stanbul in 1966. He graduated from the I\u015f\u0131k High School. He organized the 1st \u0130FSAK Short Film Festival while he was studying at the \u0130stanbul University, Faculty of Business Management. He went to Paris in 1990 and studied editing and scriptwriting at CLCF. He obtained undergraduate and graduate degrees [&hellip;]<\/p>\n","protected":false},"author":1,"featured_media":0,"parent":0,"menu_order":47,"comment_status":"closed","ping_status":"closed","template":"","meta":{"footnotes":""},"class_list":["post-2884","page","type-page","status-publish","hentry"],"yoast_head":"<!-- This site is optimized with the Yoast SEO plugin v27.2 - https:\/\/yoast.com\/product\/yoast-seo-wordpress\/ -->\n<title>\u00d6ktem Ba\u015fol - TRT 12 Punto<\/title>\n<meta name=\"robots\" content=\"index, follow, max-snippet:-1, max-image-preview:large, max-video-preview:-1\" \/>\n<link rel=\"canonical\" href=\"https:\/\/trt12punto.com\/oktem-basol\/\" \/>\n<meta property=\"og:locale\" content=\"en_US\" \/>\n<meta property=\"og:type\" content=\"article\" \/>\n<meta property=\"og:title\" content=\"\u00d6ktem Ba\u015fol - TRT 12 Punto\" \/>\n<meta property=\"og:description\" content=\"Script Consultant He was born in \u0130stanbul in 1966. He graduated from the I\u015f\u0131k High School. He organized the 1st \u0130FSAK Short Film Festival while he was studying at the \u0130stanbul University, Faculty of Business Management. He went to Paris in 1990 and studied editing and scriptwriting at CLCF. He obtained undergraduate and graduate degrees [&hellip;]\" \/>\n<meta property=\"og:url\" content=\"https:\/\/trt12punto.com\/oktem-basol\/\" \/>\n<meta property=\"og:site_name\" content=\"TRT 12 Punto\" \/>\n<meta property=\"article:modified_time\" content=\"2021-01-07T13:38:24+00:00\" \/>\n<meta property=\"og:image\" content=\"http:\/\/trt12punto.com\/wp-content\/uploads\/2021\/01\/o%CC%88ktem-bas%CC%A7ol_2.jpg\" \/>\n<meta name=\"twitter:card\" content=\"summary_large_image\" \/>\n<meta name=\"twitter:label1\" content=\"Est. reading time\" \/>\n\t<meta name=\"twitter:data1\" content=\"1 minute\" \/>\n<script type=\"application\/ld+json\" class=\"yoast-schema-graph\">{\"@context\":\"https:\/\/schema.org\",\"@graph\":[{\"@type\":\"WebPage\",\"@id\":\"https:\/\/trt12punto.com\/oktem-basol\/\",\"url\":\"https:\/\/trt12punto.com\/oktem-basol\/\",\"name\":\"\u00d6ktem Ba\u015fol - TRT 12 Punto\",\"isPartOf\":{\"@id\":\"https:\/\/trt12punto.com\/#website\"},\"primaryImageOfPage\":{\"@id\":\"https:\/\/trt12punto.com\/oktem-basol\/#primaryimage\"},\"image\":{\"@id\":\"https:\/\/trt12punto.com\/oktem-basol\/#primaryimage\"},\"thumbnailUrl\":\"http:\/\/trt12punto.com\/wp-content\/uploads\/2021\/01\/o%CC%88ktem-bas%CC%A7ol_2.jpg\",\"datePublished\":\"2021-01-07T13:38:21+00:00\",\"dateModified\":\"2021-01-07T13:38:24+00:00\",\"breadcrumb\":{\"@id\":\"https:\/\/trt12punto.com\/oktem-basol\/#breadcrumb\"},\"inLanguage\":\"en-US\",\"potentialAction\":[{\"@type\":\"ReadAction\",\"target\":[\"https:\/\/trt12punto.com\/oktem-basol\/\"]}]},{\"@type\":\"ImageObject\",\"inLanguage\":\"en-US\",\"@id\":\"https:\/\/trt12punto.com\/oktem-basol\/#primaryimage\",\"url\":\"http:\/\/trt12punto.com\/wp-content\/uploads\/2021\/01\/o%CC%88ktem-bas%CC%A7ol_2.jpg\",\"contentUrl\":\"http:\/\/trt12punto.com\/wp-content\/uploads\/2021\/01\/o%CC%88ktem-bas%CC%A7ol_2.jpg\"},{\"@type\":\"BreadcrumbList\",\"@id\":\"https:\/\/trt12punto.com\/oktem-basol\/#breadcrumb\",\"itemListElement\":[{\"@type\":\"ListItem\",\"position\":1,\"name\":\"Anasayfa\",\"item\":\"https:\/\/trt12punto.com\/en\/home\/\"},{\"@type\":\"ListItem\",\"position\":2,\"name\":\"\u00d6ktem Ba\u015fol\"}]},{\"@type\":\"WebSite\",\"@id\":\"https:\/\/trt12punto.com\/#website\",\"url\":\"https:\/\/trt12punto.com\/\",\"name\":\"TRT 12 Punto\",\"description\":\"T\u00fcrkiye&#039;nin En B\u00fcy\u00fck Senaryo Geli\u015ftirme Platformu\",\"potentialAction\":[{\"@type\":\"SearchAction\",\"target\":{\"@type\":\"EntryPoint\",\"urlTemplate\":\"https:\/\/trt12punto.com\/?s={search_term_string}\"},\"query-input\":{\"@type\":\"PropertyValueSpecification\",\"valueRequired\":true,\"valueName\":\"search_term_string\"}}],\"inLanguage\":\"en-US\"}]}<\/script>\n<!-- \/ Yoast SEO plugin. -->","yoast_head_json":{"title":"\u00d6ktem Ba\u015fol - TRT 12 Punto","robots":{"index":"index","follow":"follow","max-snippet":"max-snippet:-1","max-image-preview":"max-image-preview:large","max-video-preview":"max-video-preview:-1"},"canonical":"https:\/\/trt12punto.com\/oktem-basol\/","og_locale":"en_US","og_type":"article","og_title":"\u00d6ktem Ba\u015fol - TRT 12 Punto","og_description":"Script Consultant He was born in \u0130stanbul in 1966. He graduated from the I\u015f\u0131k High School. He organized the 1st \u0130FSAK Short Film Festival while he was studying at the \u0130stanbul University, Faculty of Business Management. He went to Paris in 1990 and studied editing and scriptwriting at CLCF. He obtained undergraduate and graduate degrees [&hellip;]","og_url":"https:\/\/trt12punto.com\/oktem-basol\/","og_site_name":"TRT 12 Punto","article_modified_time":"2021-01-07T13:38:24+00:00","og_image":[{"url":"http:\/\/trt12punto.com\/wp-content\/uploads\/2021\/01\/o%CC%88ktem-bas%CC%A7ol_2.jpg","type":"","width":"","height":""}],"twitter_card":"summary_large_image","twitter_misc":{"Est. reading time":"1 minute"},"schema":{"@context":"https:\/\/schema.org","@graph":[{"@type":"WebPage","@id":"https:\/\/trt12punto.com\/oktem-basol\/","url":"https:\/\/trt12punto.com\/oktem-basol\/","name":"\u00d6ktem Ba\u015fol - TRT 12 Punto","isPartOf":{"@id":"https:\/\/trt12punto.com\/#website"},"primaryImageOfPage":{"@id":"https:\/\/trt12punto.com\/oktem-basol\/#primaryimage"},"image":{"@id":"https:\/\/trt12punto.com\/oktem-basol\/#primaryimage"},"thumbnailUrl":"http:\/\/trt12punto.com\/wp-content\/uploads\/2021\/01\/o%CC%88ktem-bas%CC%A7ol_2.jpg","datePublished":"2021-01-07T13:38:21+00:00","dateModified":"2021-01-07T13:38:24+00:00","breadcrumb":{"@id":"https:\/\/trt12punto.com\/oktem-basol\/#breadcrumb"},"inLanguage":"en-US","potentialAction":[{"@type":"ReadAction","target":["https:\/\/trt12punto.com\/oktem-basol\/"]}]},{"@type":"ImageObject","inLanguage":"en-US","@id":"https:\/\/trt12punto.com\/oktem-basol\/#primaryimage","url":"http:\/\/trt12punto.com\/wp-content\/uploads\/2021\/01\/o%CC%88ktem-bas%CC%A7ol_2.jpg","contentUrl":"http:\/\/trt12punto.com\/wp-content\/uploads\/2021\/01\/o%CC%88ktem-bas%CC%A7ol_2.jpg"},{"@type":"BreadcrumbList","@id":"https:\/\/trt12punto.com\/oktem-basol\/#breadcrumb","itemListElement":[{"@type":"ListItem","position":1,"name":"Anasayfa","item":"https:\/\/trt12punto.com\/en\/home\/"},{"@type":"ListItem","position":2,"name":"\u00d6ktem Ba\u015fol"}]},{"@type":"WebSite","@id":"https:\/\/trt12punto.com\/#website","url":"https:\/\/trt12punto.com\/","name":"TRT 12 Punto","description":"T\u00fcrkiye&#039;nin En B\u00fcy\u00fck Senaryo Geli\u015ftirme Platformu","potentialAction":[{"@type":"SearchAction","target":{"@type":"EntryPoint","urlTemplate":"https:\/\/trt12punto.com\/?s={search_term_string}"},"query-input":{"@type":"PropertyValueSpecification","valueRequired":true,"valueName":"search_term_string"}}],"inLanguage":"en-US"}]}},"jetpack_shortlink":"https:\/\/wp.me\/PgRTn7-Kw","_links":{"self":[{"href":"https:\/\/trt12punto.com\/en\/wp-json\/wp\/v2\/pages\/2884","targetHints":{"allow":["GET"]}}],"collection":[{"href":"https:\/\/trt12punto.com\/en\/wp-json\/wp\/v2\/pages"}],"about":[{"href":"https:\/\/trt12punto.com\/en\/wp-json\/wp\/v2\/types\/page"}],"author":[{"embeddable":true,"href":"https:\/\/trt12punto.com\/en\/wp-json\/wp\/v2\/users\/1"}],"replies":[{"embeddable":true,"href":"https:\/\/trt12punto.com\/en\/wp-json\/wp\/v2\/comments?post=2884"}],"version-history":[{"count":0,"href":"https:\/\/trt12punto.com\/en\/wp-json\/wp\/v2\/pages\/2884\/revisions"}],"wp:attachment":[{"href":"https:\/\/trt12punto.com\/en\/wp-json\/wp\/v2\/media?parent=2884"}],"curies":[{"name":"wp","href":"https:\/\/api.w.org\/{rel}","templated":true}]}}