{"id":2897,"date":"2021-01-07T16:45:59","date_gmt":"2021-01-07T13:45:59","guid":{"rendered":"http:\/\/trt12punto.com\/isabelle-fauvel\/"},"modified":"2021-01-07T16:45:59","modified_gmt":"2021-01-07T13:45:59","slug":"isabelle-fauvel","status":"publish","type":"page","link":"https:\/\/trt12punto.com\/en\/isabelle-fauvel\/","title":{"rendered":"Isabelle Fauvel"},"content":{"rendered":"<div><img loading=\"lazy\" decoding=\"async\" class=\"wp-image-2571 size-full aligncenter\" src=\"http:\/\/trt12punto.com\/wp-content\/uploads\/2021\/01\/isabelle-fauvel_2.jpg\" alt=\"\" width=\"512\" height=\"343\" srcset=\"https:\/\/trt12punto.com\/wp-content\/uploads\/2021\/01\/isabelle-fauvel_2.jpg 512w, https:\/\/trt12punto.com\/wp-content\/uploads\/2021\/01\/isabelle-fauvel_2-300x201.jpg 300w\" sizes=\"auto, (max-width: 512px) 100vw, 512px\" \/><\/div>\n<div><\/div>\n<div class=\"team-member-job-title \" style=\"text-align: center;\"><strong>Script Consultant<\/strong><\/div>\n<div class=\"team-member-description \">\n<div class=\"page\" title=\"Page 8\">\n<div class=\"section\">\n<div class=\"layoutArea\">\n<div class=\"column\">\n<div class=\"page\" title=\"Page 10\">\n<div class=\"layoutArea\">\n<div class=\"column\">\n<div class=\"page\" title=\"Page 47\">\n<div class=\"layoutArea\">\n<div class=\"column\">\n<div class=\"page\" title=\"Page 47\">\n<div class=\"layoutArea\">\n<div class=\"column\">\n<div class=\"page\" title=\"Page 48\">\n<div class=\"section\">\n<div class=\"layoutArea\">\n<div class=\"column\">\n<div class=\"page\" title=\"Page 11\">\n<div class=\"layoutArea\">\n<div class=\"column\">\n<div class=\"page\" title=\"Page 64\">\n<div class=\"layoutArea\">\n<div class=\"column\">\n<div class=\"page\" title=\"Page 65\">\n<div class=\"layoutArea\">\n<div class=\"column\">\n<p style=\"text-align: center;\">After gathering experience as a producer, Isabelle Fauvel created Initiative Film in 1993: the first company dedicated to film development. Since then, she is the privileged partner of writers, directors and producers for all matters on projects and talents development around the following activities: talent scouting, book scouting in literature, scriptwriting consultancy, story editing and insightful advising during the whole project gestation period.<\/p>\n<p style=\"text-align: center;\">As such, she holds talks regularly in events such as the Crossroads Forum of Thessaloniki, Sofia Meeting and within the Toronto International Film Festival, where she has been a mentor for the Studio and Talent Lab. She is also a speaker at various universities University and cinema schools like FAMU in Prague, Kask in Gent. She works as an expert for MFI (Mediterranean Film Institute), for ACE Producers and for a large number of Euromed programmes, including creating training programmes on demand.<\/p>\n<p style=\"text-align: center;\">But she also ventures into the world of publishing where she facilitates book adaptations: Etonnants sc\u00e9narion \/ Bamako, AdaptLab within the Torino Film Lab for example. She also collaborates with Shoot the Book!, the crime novel festival Quais du Polar in Lyon or Livres sur les Quais in Switzerland.<\/p>\n<p style=\"text-align: center;\">Her will is to contribute to the circulation of ideas and talents and to enrich the field of film development. Initiative Film is scouting for Jerusalem International Film Lab since its creation 2012.<\/p>\n<p style=\"text-align: center;\">Based in Paris, Initiative film works internationally and Hakim Mao has been a partner in the company since 2018.<\/p>\n<\/div>\n<\/div>\n<\/div>\n<\/div>\n<\/div>\n<\/div>\n<\/div>\n<\/div>\n<\/div>\n<\/div>\n<\/div>\n<\/div>\n<\/div>\n<\/div>\n<\/div>\n<\/div>\n<\/div>\n<\/div>\n<\/div>\n<\/div>\n<\/div>\n<\/div>\n<\/div>\n<\/div>\n<\/div>\n<\/div>\n<\/div>\n","protected":false},"excerpt":{"rendered":"<p>Script Consultant After gathering experience as a producer, Isabelle Fauvel created Initiative Film in 1993: the first company dedicated to film development. Since then, she is the privileged partner of writers, directors and producers for all matters on projects and talents development around the following activities: talent scouting, book scouting in literature, scriptwriting consultancy, story [&hellip;]<\/p>\n","protected":false},"author":1,"featured_media":0,"parent":0,"menu_order":221,"comment_status":"closed","ping_status":"closed","template":"","meta":{"footnotes":""},"class_list":["post-2897","page","type-page","status-publish","hentry"],"yoast_head":"<!-- This site is optimized with the Yoast SEO plugin v27.2 - https:\/\/yoast.com\/product\/yoast-seo-wordpress\/ -->\n<title>Isabelle Fauvel - TRT 12 Punto<\/title>\n<meta name=\"robots\" content=\"index, follow, max-snippet:-1, max-image-preview:large, max-video-preview:-1\" \/>\n<link rel=\"canonical\" href=\"https:\/\/trt12punto.com\/isabelle-fauvel\/\" \/>\n<meta property=\"og:locale\" content=\"en_US\" \/>\n<meta property=\"og:type\" content=\"article\" \/>\n<meta property=\"og:title\" content=\"Isabelle Fauvel - TRT 12 Punto\" \/>\n<meta property=\"og:description\" content=\"Script Consultant After gathering experience as a producer, Isabelle Fauvel created Initiative Film in 1993: the first company dedicated to film development. Since then, she is the privileged partner of writers, directors and producers for all matters on projects and talents development around the following activities: talent scouting, book scouting in literature, scriptwriting consultancy, story [&hellip;]\" \/>\n<meta property=\"og:url\" content=\"https:\/\/trt12punto.com\/isabelle-fauvel\/\" \/>\n<meta property=\"og:site_name\" content=\"TRT 12 Punto\" \/>\n<meta property=\"og:image\" content=\"http:\/\/trt12punto.com\/wp-content\/uploads\/2021\/01\/isabelle-fauvel_2.jpg\" \/>\n<meta name=\"twitter:card\" content=\"summary_large_image\" \/>\n<meta name=\"twitter:label1\" content=\"Est. reading time\" \/>\n\t<meta name=\"twitter:data1\" content=\"1 minute\" \/>\n<script type=\"application\/ld+json\" class=\"yoast-schema-graph\">{\"@context\":\"https:\/\/schema.org\",\"@graph\":[{\"@type\":\"WebPage\",\"@id\":\"https:\/\/trt12punto.com\/isabelle-fauvel\/\",\"url\":\"https:\/\/trt12punto.com\/isabelle-fauvel\/\",\"name\":\"Isabelle Fauvel - TRT 12 Punto\",\"isPartOf\":{\"@id\":\"https:\/\/trt12punto.com\/#website\"},\"primaryImageOfPage\":{\"@id\":\"https:\/\/trt12punto.com\/isabelle-fauvel\/#primaryimage\"},\"image\":{\"@id\":\"https:\/\/trt12punto.com\/isabelle-fauvel\/#primaryimage\"},\"thumbnailUrl\":\"http:\/\/trt12punto.com\/wp-content\/uploads\/2021\/01\/isabelle-fauvel_2.jpg\",\"datePublished\":\"2021-01-07T13:45:59+00:00\",\"breadcrumb\":{\"@id\":\"https:\/\/trt12punto.com\/isabelle-fauvel\/#breadcrumb\"},\"inLanguage\":\"en-US\",\"potentialAction\":[{\"@type\":\"ReadAction\",\"target\":[\"https:\/\/trt12punto.com\/isabelle-fauvel\/\"]}]},{\"@type\":\"ImageObject\",\"inLanguage\":\"en-US\",\"@id\":\"https:\/\/trt12punto.com\/isabelle-fauvel\/#primaryimage\",\"url\":\"http:\/\/trt12punto.com\/wp-content\/uploads\/2021\/01\/isabelle-fauvel_2.jpg\",\"contentUrl\":\"http:\/\/trt12punto.com\/wp-content\/uploads\/2021\/01\/isabelle-fauvel_2.jpg\"},{\"@type\":\"BreadcrumbList\",\"@id\":\"https:\/\/trt12punto.com\/isabelle-fauvel\/#breadcrumb\",\"itemListElement\":[{\"@type\":\"ListItem\",\"position\":1,\"name\":\"Anasayfa\",\"item\":\"https:\/\/trt12punto.com\/en\/home\/\"},{\"@type\":\"ListItem\",\"position\":2,\"name\":\"Isabelle Fauvel\"}]},{\"@type\":\"WebSite\",\"@id\":\"https:\/\/trt12punto.com\/#website\",\"url\":\"https:\/\/trt12punto.com\/\",\"name\":\"TRT 12 Punto\",\"description\":\"T\u00fcrkiye&#039;nin En B\u00fcy\u00fck Senaryo Geli\u015ftirme Platformu\",\"potentialAction\":[{\"@type\":\"SearchAction\",\"target\":{\"@type\":\"EntryPoint\",\"urlTemplate\":\"https:\/\/trt12punto.com\/?s={search_term_string}\"},\"query-input\":{\"@type\":\"PropertyValueSpecification\",\"valueRequired\":true,\"valueName\":\"search_term_string\"}}],\"inLanguage\":\"en-US\"}]}<\/script>\n<!-- \/ Yoast SEO plugin. -->","yoast_head_json":{"title":"Isabelle Fauvel - TRT 12 Punto","robots":{"index":"index","follow":"follow","max-snippet":"max-snippet:-1","max-image-preview":"max-image-preview:large","max-video-preview":"max-video-preview:-1"},"canonical":"https:\/\/trt12punto.com\/isabelle-fauvel\/","og_locale":"en_US","og_type":"article","og_title":"Isabelle Fauvel - TRT 12 Punto","og_description":"Script Consultant After gathering experience as a producer, Isabelle Fauvel created Initiative Film in 1993: the first company dedicated to film development. Since then, she is the privileged partner of writers, directors and producers for all matters on projects and talents development around the following activities: talent scouting, book scouting in literature, scriptwriting consultancy, story [&hellip;]","og_url":"https:\/\/trt12punto.com\/isabelle-fauvel\/","og_site_name":"TRT 12 Punto","og_image":[{"url":"http:\/\/trt12punto.com\/wp-content\/uploads\/2021\/01\/isabelle-fauvel_2.jpg","type":"","width":"","height":""}],"twitter_card":"summary_large_image","twitter_misc":{"Est. reading time":"1 minute"},"schema":{"@context":"https:\/\/schema.org","@graph":[{"@type":"WebPage","@id":"https:\/\/trt12punto.com\/isabelle-fauvel\/","url":"https:\/\/trt12punto.com\/isabelle-fauvel\/","name":"Isabelle Fauvel - TRT 12 Punto","isPartOf":{"@id":"https:\/\/trt12punto.com\/#website"},"primaryImageOfPage":{"@id":"https:\/\/trt12punto.com\/isabelle-fauvel\/#primaryimage"},"image":{"@id":"https:\/\/trt12punto.com\/isabelle-fauvel\/#primaryimage"},"thumbnailUrl":"http:\/\/trt12punto.com\/wp-content\/uploads\/2021\/01\/isabelle-fauvel_2.jpg","datePublished":"2021-01-07T13:45:59+00:00","breadcrumb":{"@id":"https:\/\/trt12punto.com\/isabelle-fauvel\/#breadcrumb"},"inLanguage":"en-US","potentialAction":[{"@type":"ReadAction","target":["https:\/\/trt12punto.com\/isabelle-fauvel\/"]}]},{"@type":"ImageObject","inLanguage":"en-US","@id":"https:\/\/trt12punto.com\/isabelle-fauvel\/#primaryimage","url":"http:\/\/trt12punto.com\/wp-content\/uploads\/2021\/01\/isabelle-fauvel_2.jpg","contentUrl":"http:\/\/trt12punto.com\/wp-content\/uploads\/2021\/01\/isabelle-fauvel_2.jpg"},{"@type":"BreadcrumbList","@id":"https:\/\/trt12punto.com\/isabelle-fauvel\/#breadcrumb","itemListElement":[{"@type":"ListItem","position":1,"name":"Anasayfa","item":"https:\/\/trt12punto.com\/en\/home\/"},{"@type":"ListItem","position":2,"name":"Isabelle Fauvel"}]},{"@type":"WebSite","@id":"https:\/\/trt12punto.com\/#website","url":"https:\/\/trt12punto.com\/","name":"TRT 12 Punto","description":"T\u00fcrkiye&#039;nin En B\u00fcy\u00fck Senaryo Geli\u015ftirme Platformu","potentialAction":[{"@type":"SearchAction","target":{"@type":"EntryPoint","urlTemplate":"https:\/\/trt12punto.com\/?s={search_term_string}"},"query-input":{"@type":"PropertyValueSpecification","valueRequired":true,"valueName":"search_term_string"}}],"inLanguage":"en-US"}]}},"jetpack_shortlink":"https:\/\/wp.me\/PgRTn7-KJ","_links":{"self":[{"href":"https:\/\/trt12punto.com\/en\/wp-json\/wp\/v2\/pages\/2897","targetHints":{"allow":["GET"]}}],"collection":[{"href":"https:\/\/trt12punto.com\/en\/wp-json\/wp\/v2\/pages"}],"about":[{"href":"https:\/\/trt12punto.com\/en\/wp-json\/wp\/v2\/types\/page"}],"author":[{"embeddable":true,"href":"https:\/\/trt12punto.com\/en\/wp-json\/wp\/v2\/users\/1"}],"replies":[{"embeddable":true,"href":"https:\/\/trt12punto.com\/en\/wp-json\/wp\/v2\/comments?post=2897"}],"version-history":[{"count":0,"href":"https:\/\/trt12punto.com\/en\/wp-json\/wp\/v2\/pages\/2897\/revisions"}],"wp:attachment":[{"href":"https:\/\/trt12punto.com\/en\/wp-json\/wp\/v2\/media?parent=2897"}],"curies":[{"name":"wp","href":"https:\/\/api.w.org\/{rel}","templated":true}]}}