{"id":3142,"date":"2021-01-07T18:07:58","date_gmt":"2021-01-07T15:07:58","guid":{"rendered":"http:\/\/trt12punto.com\/dugum\/"},"modified":"2021-01-07T18:08:00","modified_gmt":"2021-01-07T15:08:00","slug":"dugum","status":"publish","type":"page","link":"https:\/\/trt12punto.com\/en\/dugum\/","title":{"rendered":"D\u00dc\u011e\u00dcM"},"content":{"rendered":"<p><strong>CREW<\/strong><\/p>\n<div class=\"page\" title=\"Page 51\">\n<div class=\"section\">\n<div class=\"layoutArea\">\n<div class=\"column\">\n<div class=\"page\" title=\"Page 52\">\n<div class=\"section\">\n<div class=\"layoutArea\">\n<div class=\"column\">\n<div class=\"page\" title=\"Page 53\">\n<div class=\"section\">\n<div class=\"layoutArea\">\n<div class=\"column\">\n<div class=\"page\" title=\"Page 54\">\n<div class=\"section\">\n<div class=\"layoutArea\">\n<div class=\"column\">\n<p>Director: Zafer Yas\u0327l\u0131<br \/>\nProducer: Zafer Yas\u0327l\u0131, Ensar Kaygusuz<br \/>\nScriptwriter: Zafer Yas\u0327l\u0131<\/p>\n<\/div>\n<\/div>\n<\/div>\n<\/div>\n<\/div>\n<\/div>\n<\/div>\n<\/div>\n<\/div>\n<\/div>\n<\/div>\n<\/div>\n<\/div>\n<\/div>\n<\/div>\n<\/div>\n<hr>\n<p><strong>SYNOPSIS<\/strong><\/p>\n<div class=\"page\" title=\"Page 51\">\n<div class=\"section\">\n<div class=\"layoutArea\">\n<div class=\"column\">\n<div class=\"page\" title=\"Page 52\">\n<div class=\"section\">\n<div class=\"layoutArea\">\n<div class=\"column\">\n<div class=\"page\" title=\"Page 53\">\n<div class=\"section\">\n<div class=\"layoutArea\">\n<div class=\"column\">\n<div class=\"page\" title=\"Page 54\">\n<div class=\"section\">\n<div class=\"layoutArea\">\n<div class=\"column\">\n<p>Tired of the city\u2019s turmoil, Taner wants to taken in the arms of nature at the weekend and sets off in his car for a plateau he has never been to before. Extraordinary events begin to occur when he leaves the main road and turn to the plateau. At first he refuses to accept the otherworldly things he is experiencing,<br \/>\nbut as they continue he finds himself spiraling further and further into a panic. He can not make sense of the happening is a game of his mind or an image of an alternative reality that cannot be explained by known physics rules. While everything seems to be over, Taner finds himself in a labyrinth without an exit. Taner, lost his sense of reality has only way for salvation; the tear in the fabric of reality.<\/p>\n<\/div>\n<\/div>\n<\/div>\n<\/div>\n<\/div>\n<\/div>\n<\/div>\n<\/div>\n<\/div>\n<\/div>\n<\/div>\n<\/div>\n<\/div>\n<\/div>\n<\/div>\n<\/div>\n","protected":false},"excerpt":{"rendered":"<p>CREW Director: Zafer Yas\u0327l\u0131 Producer: Zafer Yas\u0327l\u0131, Ensar Kaygusuz Scriptwriter: Zafer Yas\u0327l\u0131 SYNOPSIS Tired of the city\u2019s turmoil, Taner wants to taken in the arms of nature at the weekend and sets off in his car for a plateau he has never been to before. Extraordinary events begin to occur when he leaves the main [&hellip;]<\/p>\n","protected":false},"author":1,"featured_media":0,"parent":0,"menu_order":24,"comment_status":"closed","ping_status":"closed","template":"","meta":{"footnotes":""},"class_list":["post-3142","page","type-page","status-publish","hentry"],"yoast_head":"<!-- This site is optimized with the Yoast SEO plugin v27.2 - https:\/\/yoast.com\/product\/yoast-seo-wordpress\/ -->\n<title>D\u00dc\u011e\u00dcM - TRT 12 Punto<\/title>\n<meta name=\"robots\" content=\"index, follow, max-snippet:-1, max-image-preview:large, max-video-preview:-1\" \/>\n<link rel=\"canonical\" href=\"https:\/\/trt12punto.com\/dugum\/\" \/>\n<meta property=\"og:locale\" content=\"en_US\" \/>\n<meta property=\"og:type\" content=\"article\" \/>\n<meta property=\"og:title\" content=\"D\u00dc\u011e\u00dcM - TRT 12 Punto\" \/>\n<meta property=\"og:description\" content=\"CREW Director: Zafer Yas\u0327l\u0131 Producer: Zafer Yas\u0327l\u0131, Ensar Kaygusuz Scriptwriter: Zafer Yas\u0327l\u0131 SYNOPSIS Tired of the city\u2019s turmoil, Taner wants to taken in the arms of nature at the weekend and sets off in his car for a plateau he has never been to before. Extraordinary events begin to occur when he leaves the main [&hellip;]\" \/>\n<meta property=\"og:url\" content=\"https:\/\/trt12punto.com\/dugum\/\" \/>\n<meta property=\"og:site_name\" content=\"TRT 12 Punto\" \/>\n<meta property=\"article:modified_time\" content=\"2021-01-07T15:08:00+00:00\" \/>\n<meta name=\"twitter:card\" content=\"summary_large_image\" \/>\n<meta name=\"twitter:label1\" content=\"Est. reading time\" \/>\n\t<meta name=\"twitter:data1\" content=\"1 minute\" \/>\n<script type=\"application\/ld+json\" class=\"yoast-schema-graph\">{\"@context\":\"https:\/\/schema.org\",\"@graph\":[{\"@type\":\"WebPage\",\"@id\":\"https:\/\/trt12punto.com\/dugum\/\",\"url\":\"https:\/\/trt12punto.com\/dugum\/\",\"name\":\"D\u00dc\u011e\u00dcM - TRT 12 Punto\",\"isPartOf\":{\"@id\":\"https:\/\/trt12punto.com\/#website\"},\"datePublished\":\"2021-01-07T15:07:58+00:00\",\"dateModified\":\"2021-01-07T15:08:00+00:00\",\"breadcrumb\":{\"@id\":\"https:\/\/trt12punto.com\/dugum\/#breadcrumb\"},\"inLanguage\":\"en-US\",\"potentialAction\":[{\"@type\":\"ReadAction\",\"target\":[\"https:\/\/trt12punto.com\/dugum\/\"]}]},{\"@type\":\"BreadcrumbList\",\"@id\":\"https:\/\/trt12punto.com\/dugum\/#breadcrumb\",\"itemListElement\":[{\"@type\":\"ListItem\",\"position\":1,\"name\":\"Anasayfa\",\"item\":\"https:\/\/trt12punto.com\/en\/home\/\"},{\"@type\":\"ListItem\",\"position\":2,\"name\":\"D\u00dc\u011e\u00dcM\"}]},{\"@type\":\"WebSite\",\"@id\":\"https:\/\/trt12punto.com\/#website\",\"url\":\"https:\/\/trt12punto.com\/\",\"name\":\"TRT 12 Punto\",\"description\":\"T\u00fcrkiye&#039;nin En B\u00fcy\u00fck Senaryo Geli\u015ftirme Platformu\",\"potentialAction\":[{\"@type\":\"SearchAction\",\"target\":{\"@type\":\"EntryPoint\",\"urlTemplate\":\"https:\/\/trt12punto.com\/?s={search_term_string}\"},\"query-input\":{\"@type\":\"PropertyValueSpecification\",\"valueRequired\":true,\"valueName\":\"search_term_string\"}}],\"inLanguage\":\"en-US\"}]}<\/script>\n<!-- \/ Yoast SEO plugin. -->","yoast_head_json":{"title":"D\u00dc\u011e\u00dcM - TRT 12 Punto","robots":{"index":"index","follow":"follow","max-snippet":"max-snippet:-1","max-image-preview":"max-image-preview:large","max-video-preview":"max-video-preview:-1"},"canonical":"https:\/\/trt12punto.com\/dugum\/","og_locale":"en_US","og_type":"article","og_title":"D\u00dc\u011e\u00dcM - TRT 12 Punto","og_description":"CREW Director: Zafer Yas\u0327l\u0131 Producer: Zafer Yas\u0327l\u0131, Ensar Kaygusuz Scriptwriter: Zafer Yas\u0327l\u0131 SYNOPSIS Tired of the city\u2019s turmoil, Taner wants to taken in the arms of nature at the weekend and sets off in his car for a plateau he has never been to before. Extraordinary events begin to occur when he leaves the main [&hellip;]","og_url":"https:\/\/trt12punto.com\/dugum\/","og_site_name":"TRT 12 Punto","article_modified_time":"2021-01-07T15:08:00+00:00","twitter_card":"summary_large_image","twitter_misc":{"Est. reading time":"1 minute"},"schema":{"@context":"https:\/\/schema.org","@graph":[{"@type":"WebPage","@id":"https:\/\/trt12punto.com\/dugum\/","url":"https:\/\/trt12punto.com\/dugum\/","name":"D\u00dc\u011e\u00dcM - TRT 12 Punto","isPartOf":{"@id":"https:\/\/trt12punto.com\/#website"},"datePublished":"2021-01-07T15:07:58+00:00","dateModified":"2021-01-07T15:08:00+00:00","breadcrumb":{"@id":"https:\/\/trt12punto.com\/dugum\/#breadcrumb"},"inLanguage":"en-US","potentialAction":[{"@type":"ReadAction","target":["https:\/\/trt12punto.com\/dugum\/"]}]},{"@type":"BreadcrumbList","@id":"https:\/\/trt12punto.com\/dugum\/#breadcrumb","itemListElement":[{"@type":"ListItem","position":1,"name":"Anasayfa","item":"https:\/\/trt12punto.com\/en\/home\/"},{"@type":"ListItem","position":2,"name":"D\u00dc\u011e\u00dcM"}]},{"@type":"WebSite","@id":"https:\/\/trt12punto.com\/#website","url":"https:\/\/trt12punto.com\/","name":"TRT 12 Punto","description":"T\u00fcrkiye&#039;nin En B\u00fcy\u00fck Senaryo Geli\u015ftirme Platformu","potentialAction":[{"@type":"SearchAction","target":{"@type":"EntryPoint","urlTemplate":"https:\/\/trt12punto.com\/?s={search_term_string}"},"query-input":{"@type":"PropertyValueSpecification","valueRequired":true,"valueName":"search_term_string"}}],"inLanguage":"en-US"}]}},"jetpack_shortlink":"https:\/\/wp.me\/PgRTn7-OG","_links":{"self":[{"href":"https:\/\/trt12punto.com\/en\/wp-json\/wp\/v2\/pages\/3142","targetHints":{"allow":["GET"]}}],"collection":[{"href":"https:\/\/trt12punto.com\/en\/wp-json\/wp\/v2\/pages"}],"about":[{"href":"https:\/\/trt12punto.com\/en\/wp-json\/wp\/v2\/types\/page"}],"author":[{"embeddable":true,"href":"https:\/\/trt12punto.com\/en\/wp-json\/wp\/v2\/users\/1"}],"replies":[{"embeddable":true,"href":"https:\/\/trt12punto.com\/en\/wp-json\/wp\/v2\/comments?post=3142"}],"version-history":[{"count":0,"href":"https:\/\/trt12punto.com\/en\/wp-json\/wp\/v2\/pages\/3142\/revisions"}],"wp:attachment":[{"href":"https:\/\/trt12punto.com\/en\/wp-json\/wp\/v2\/media?parent=3142"}],"curies":[{"name":"wp","href":"https:\/\/api.w.org\/{rel}","templated":true}]}}