{"id":3224,"date":"2021-01-07T18:20:21","date_gmt":"2021-01-07T15:20:21","guid":{"rendered":"http:\/\/trt12punto.com\/tek-yon\/"},"modified":"2021-01-07T18:20:21","modified_gmt":"2021-01-07T15:20:21","slug":"tek-yon","status":"publish","type":"page","link":"https:\/\/trt12punto.com\/en\/tek-yon\/","title":{"rendered":"TEK Y\u00d6N"},"content":{"rendered":"<p><strong>CREW<\/strong><\/p>\n<div class=\"page\" title=\"Page 51\">\n<div class=\"section\">\n<div class=\"layoutArea\">\n<div class=\"column\">\n<div class=\"page\" title=\"Page 52\">\n<div class=\"section\">\n<div class=\"layoutArea\">\n<div class=\"column\">\n<div class=\"page\" title=\"Page 53\">\n<div class=\"section\">\n<div class=\"layoutArea\">\n<div class=\"column\">\n<div class=\"page\" title=\"Page 54\">\n<div class=\"section\">\n<div class=\"layoutArea\">\n<div class=\"column\">\n<div class=\"page\" title=\"Page 58\">\n<div class=\"section\">\n<div class=\"layoutArea\">\n<div class=\"column\">\n<p>Director: R. Hakan Arslan &amp; Kerem Yu\u0308kselog\u0306lu<br \/>\nProducer: R. Hakan Arslan &amp; Kerem Yu\u0308kselog\u0306lu<br \/>\nScriptwriter: I\u0307pek Erden<\/p>\n<\/div>\n<\/div>\n<\/div>\n<\/div>\n<\/div>\n<\/div>\n<\/div>\n<\/div>\n<\/div>\n<\/div>\n<\/div>\n<\/div>\n<\/div>\n<\/div>\n<\/div>\n<\/div>\n<\/div>\n<\/div>\n<\/div>\n<\/div>\n<hr>\n<p><strong>SYNOPSIS<\/strong><\/p>\n<div class=\"page\" title=\"Page 51\">\n<div class=\"section\">\n<div class=\"layoutArea\">\n<div class=\"column\">\n<div class=\"page\" title=\"Page 52\">\n<div class=\"section\">\n<div class=\"layoutArea\">\n<div class=\"column\">\n<div class=\"page\" title=\"Page 53\">\n<div class=\"section\">\n<div class=\"layoutArea\">\n<div class=\"column\">\n<div class=\"page\" title=\"Page 54\">\n<div class=\"section\">\n<div class=\"layoutArea\">\n<div class=\"column\">\n<div class=\"page\" title=\"Page 55\">\n<div class=\"section\">\n<div class=\"layoutArea\">\n<div class=\"column\">\n<div class=\"page\" title=\"Page 56\">\n<div class=\"section\">\n<div class=\"layoutArea\">\n<div class=\"column\">\n<div class=\"page\" title=\"Page 57\">\n<div class=\"section\">\n<div class=\"layoutArea\">\n<div class=\"column\">\n<div class=\"page\" title=\"Page 58\">\n<div class=\"section\">\n<div class=\"layoutArea\">\n<div class=\"column\">\n<p>Osman has been assigned to end a blood feud by his family. While he is on the road by car, he spots a snail on the windshield and avoids using the wipers even when it\u2019s raining. During his journey, he picks up multiple hitchhikers which end up guiding him to find his own way in life. Bartu and Gunes are two young people who help abandoned animals in the forest. Esin is another hitchhiker who works as singer at the night club. She quits her job cause she doesn\u2019t want to be a hostess at the night club as her boss wants. She also is the only person Osman confesses about his current task of murdering someone. He asks Esin to report him to police. Muzo is the last hitchiker who has a bag full of drugs. When the police stops them, Osman claims that the bag belongs to him. Osman who has a clear conscious, ends up in prison where he can\u2019t escape from.<\/p>\n<\/div>\n<\/div>\n<\/div>\n<\/div>\n<\/div>\n<\/div>\n<\/div>\n<\/div>\n<\/div>\n<\/div>\n<\/div>\n<\/div>\n<\/div>\n<\/div>\n<\/div>\n<\/div>\n<\/div>\n<\/div>\n<\/div>\n<\/div>\n<\/div>\n<\/div>\n<\/div>\n<\/div>\n<\/div>\n<\/div>\n<\/div>\n<\/div>\n<\/div>\n<\/div>\n<\/div>\n<\/div>\n","protected":false},"excerpt":{"rendered":"<p>CREW Director: R. Hakan Arslan &amp; Kerem Yu\u0308kselog\u0306lu Producer: R. Hakan Arslan &amp; Kerem Yu\u0308kselog\u0306lu Scriptwriter: I\u0307pek Erden SYNOPSIS Osman has been assigned to end a blood feud by his family. While he is on the road by car, he spots a snail on the windshield and avoids using the wipers even when it\u2019s raining. [&hellip;]<\/p>\n","protected":false},"author":1,"featured_media":0,"parent":0,"menu_order":24,"comment_status":"closed","ping_status":"closed","template":"","meta":{"footnotes":""},"class_list":["post-3224","page","type-page","status-publish","hentry"],"yoast_head":"<!-- This site is optimized with the Yoast SEO plugin v27.2 - https:\/\/yoast.com\/product\/yoast-seo-wordpress\/ -->\n<title>TEK Y\u00d6N - TRT 12 Punto<\/title>\n<meta name=\"robots\" content=\"index, follow, max-snippet:-1, max-image-preview:large, max-video-preview:-1\" \/>\n<link rel=\"canonical\" href=\"https:\/\/trt12punto.com\/tek-yon\/\" \/>\n<meta property=\"og:locale\" content=\"en_US\" \/>\n<meta property=\"og:type\" content=\"article\" \/>\n<meta property=\"og:title\" content=\"TEK Y\u00d6N - TRT 12 Punto\" \/>\n<meta property=\"og:description\" content=\"CREW Director: R. Hakan Arslan &amp; Kerem Yu\u0308kselog\u0306lu Producer: R. Hakan Arslan &amp; Kerem Yu\u0308kselog\u0306lu Scriptwriter: I\u0307pek Erden SYNOPSIS Osman has been assigned to end a blood feud by his family. While he is on the road by car, he spots a snail on the windshield and avoids using the wipers even when it\u2019s raining. [&hellip;]\" \/>\n<meta property=\"og:url\" content=\"https:\/\/trt12punto.com\/tek-yon\/\" \/>\n<meta property=\"og:site_name\" content=\"TRT 12 Punto\" \/>\n<meta name=\"twitter:card\" content=\"summary_large_image\" \/>\n<meta name=\"twitter:label1\" content=\"Est. reading time\" \/>\n\t<meta name=\"twitter:data1\" content=\"1 minute\" \/>\n<script type=\"application\/ld+json\" class=\"yoast-schema-graph\">{\"@context\":\"https:\/\/schema.org\",\"@graph\":[{\"@type\":\"WebPage\",\"@id\":\"https:\/\/trt12punto.com\/tek-yon\/\",\"url\":\"https:\/\/trt12punto.com\/tek-yon\/\",\"name\":\"TEK Y\u00d6N - TRT 12 Punto\",\"isPartOf\":{\"@id\":\"https:\/\/trt12punto.com\/#website\"},\"datePublished\":\"2021-01-07T15:20:21+00:00\",\"breadcrumb\":{\"@id\":\"https:\/\/trt12punto.com\/tek-yon\/#breadcrumb\"},\"inLanguage\":\"en-US\",\"potentialAction\":[{\"@type\":\"ReadAction\",\"target\":[\"https:\/\/trt12punto.com\/tek-yon\/\"]}]},{\"@type\":\"BreadcrumbList\",\"@id\":\"https:\/\/trt12punto.com\/tek-yon\/#breadcrumb\",\"itemListElement\":[{\"@type\":\"ListItem\",\"position\":1,\"name\":\"Anasayfa\",\"item\":\"https:\/\/trt12punto.com\/en\/home\/\"},{\"@type\":\"ListItem\",\"position\":2,\"name\":\"TEK Y\u00d6N\"}]},{\"@type\":\"WebSite\",\"@id\":\"https:\/\/trt12punto.com\/#website\",\"url\":\"https:\/\/trt12punto.com\/\",\"name\":\"TRT 12 Punto\",\"description\":\"T\u00fcrkiye&#039;nin En B\u00fcy\u00fck Senaryo Geli\u015ftirme Platformu\",\"potentialAction\":[{\"@type\":\"SearchAction\",\"target\":{\"@type\":\"EntryPoint\",\"urlTemplate\":\"https:\/\/trt12punto.com\/?s={search_term_string}\"},\"query-input\":{\"@type\":\"PropertyValueSpecification\",\"valueRequired\":true,\"valueName\":\"search_term_string\"}}],\"inLanguage\":\"en-US\"}]}<\/script>\n<!-- \/ Yoast SEO plugin. -->","yoast_head_json":{"title":"TEK Y\u00d6N - TRT 12 Punto","robots":{"index":"index","follow":"follow","max-snippet":"max-snippet:-1","max-image-preview":"max-image-preview:large","max-video-preview":"max-video-preview:-1"},"canonical":"https:\/\/trt12punto.com\/tek-yon\/","og_locale":"en_US","og_type":"article","og_title":"TEK Y\u00d6N - TRT 12 Punto","og_description":"CREW Director: R. Hakan Arslan &amp; Kerem Yu\u0308kselog\u0306lu Producer: R. Hakan Arslan &amp; Kerem Yu\u0308kselog\u0306lu Scriptwriter: I\u0307pek Erden SYNOPSIS Osman has been assigned to end a blood feud by his family. While he is on the road by car, he spots a snail on the windshield and avoids using the wipers even when it\u2019s raining. [&hellip;]","og_url":"https:\/\/trt12punto.com\/tek-yon\/","og_site_name":"TRT 12 Punto","twitter_card":"summary_large_image","twitter_misc":{"Est. reading time":"1 minute"},"schema":{"@context":"https:\/\/schema.org","@graph":[{"@type":"WebPage","@id":"https:\/\/trt12punto.com\/tek-yon\/","url":"https:\/\/trt12punto.com\/tek-yon\/","name":"TEK Y\u00d6N - TRT 12 Punto","isPartOf":{"@id":"https:\/\/trt12punto.com\/#website"},"datePublished":"2021-01-07T15:20:21+00:00","breadcrumb":{"@id":"https:\/\/trt12punto.com\/tek-yon\/#breadcrumb"},"inLanguage":"en-US","potentialAction":[{"@type":"ReadAction","target":["https:\/\/trt12punto.com\/tek-yon\/"]}]},{"@type":"BreadcrumbList","@id":"https:\/\/trt12punto.com\/tek-yon\/#breadcrumb","itemListElement":[{"@type":"ListItem","position":1,"name":"Anasayfa","item":"https:\/\/trt12punto.com\/en\/home\/"},{"@type":"ListItem","position":2,"name":"TEK Y\u00d6N"}]},{"@type":"WebSite","@id":"https:\/\/trt12punto.com\/#website","url":"https:\/\/trt12punto.com\/","name":"TRT 12 Punto","description":"T\u00fcrkiye&#039;nin En B\u00fcy\u00fck Senaryo Geli\u015ftirme Platformu","potentialAction":[{"@type":"SearchAction","target":{"@type":"EntryPoint","urlTemplate":"https:\/\/trt12punto.com\/?s={search_term_string}"},"query-input":{"@type":"PropertyValueSpecification","valueRequired":true,"valueName":"search_term_string"}}],"inLanguage":"en-US"}]}},"jetpack_shortlink":"https:\/\/wp.me\/PgRTn7-Q0","_links":{"self":[{"href":"https:\/\/trt12punto.com\/en\/wp-json\/wp\/v2\/pages\/3224","targetHints":{"allow":["GET"]}}],"collection":[{"href":"https:\/\/trt12punto.com\/en\/wp-json\/wp\/v2\/pages"}],"about":[{"href":"https:\/\/trt12punto.com\/en\/wp-json\/wp\/v2\/types\/page"}],"author":[{"embeddable":true,"href":"https:\/\/trt12punto.com\/en\/wp-json\/wp\/v2\/users\/1"}],"replies":[{"embeddable":true,"href":"https:\/\/trt12punto.com\/en\/wp-json\/wp\/v2\/comments?post=3224"}],"version-history":[{"count":0,"href":"https:\/\/trt12punto.com\/en\/wp-json\/wp\/v2\/pages\/3224\/revisions"}],"wp:attachment":[{"href":"https:\/\/trt12punto.com\/en\/wp-json\/wp\/v2\/media?parent=3224"}],"curies":[{"name":"wp","href":"https:\/\/api.w.org\/{rel}","templated":true}]}}