{"id":8356,"date":"2021-07-12T17:37:14","date_gmt":"2021-07-12T14:37:14","guid":{"rendered":"https:\/\/trt12punto.com\/rebecca-obrien\/"},"modified":"2022-01-08T16:26:18","modified_gmt":"2022-01-08T13:26:18","slug":"rebecca-obrien","status":"publish","type":"page","link":"https:\/\/trt12punto.com\/en\/rebecca-obrien\/","title":{"rendered":"Rebecca O&#8217;brien"},"content":{"rendered":"<div><img loading=\"lazy\" decoding=\"async\" class=\"size-medium wp-image-7425 aligncenter\" src=\"https:\/\/trt12punto.com\/wp-content\/uploads\/2021\/07\/resim_2021-07-12_174634-218x300.png\" alt=\"\" width=\"218\" height=\"300\" srcset=\"https:\/\/trt12punto.com\/wp-content\/uploads\/2021\/07\/resim_2021-07-12_174634-218x300.png 218w, https:\/\/trt12punto.com\/wp-content\/uploads\/2021\/07\/resim_2021-07-12_174634.png 247w\" sizes=\"auto, (max-width: 218px) 100vw, 218px\" \/><\/div>\n<div><\/div>\n<div class=\"team-member-job-title \" style=\"text-align: center;\"><b>Director of Sixteen Films Production Company<\/b><\/div>\n<div class=\"team-member-description \">\n<div class=\"page\" title=\"Page 8\">\n<div class=\"section\">\n<div class=\"layoutArea\">\n<div class=\"column\">\n<div class=\"page\" title=\"Page 10\">\n<div class=\"layoutArea\">\n<div class=\"column\">\n<div class=\"page\" title=\"Page 47\">\n<div class=\"layoutArea\">\n<div class=\"column\">\n<div class=\"page\" title=\"Page 47\">\n<div class=\"layoutArea\">\n<div class=\"column\">\n<div class=\"page\" title=\"Page 48\">\n<div class=\"section\">\n<div class=\"layoutArea\">\n<div class=\"column\">\n<div class=\"page\" title=\"Page 11\">\n<div class=\"layoutArea\">\n<div class=\"column\">\n<div class=\"page\" title=\"Page 64\">\n<div class=\"layoutArea\">\n<div class=\"column\">\n<div class=\"page\" title=\"Page 65\">\n<div class=\"layoutArea\">\n<div class=\"column\">\n<div class=\"page\" title=\"Page 64\">\n<div class=\"layoutArea\">\n<div class=\"column\">\n<p style=\"text-align: center;\">Rebecca O\u2019Brien has been an independent film producer for over thirty years. She has produced seventeen feature films directed by Ken Loach, including LAND AND FREEDOM, SWEET SIXTEEN, LOOKING FOR ERIC and THE ANGELS\u2019 SHARE. Both the THE WIND THAT SHAKES THE BARLEY (2006) and I, DANIEL BLAKE (2016) won the Palme d\u2019Or at the Cannes Film Festival. Her other producing credits include BEAN, directed by Mel Smith, PRINCESA directed by Henrique Goldman, CITY OF TINY LIGHTS directed by Pete Travis and VERSUS: THE LIFE AND FILMS OF KEN LOACH. She has just completed filming MY SON directed by Christian Carion, starring James McAvoy and Claire Foy. O\u2019Brien is currently on the boards of British Screen Forum, he Traverse Theatre in Edinburgh and the European Film Academy where she is deputy Chair. She runs the production company Sixteen Films with Ken Loach and screenwriter Paul Laverty.<\/p>\n<\/div>\n<\/div>\n<\/div>\n<\/div>\n<\/div>\n<\/div>\n<\/div>\n<\/div>\n<\/div>\n<\/div>\n<\/div>\n<\/div>\n<\/div>\n<\/div>\n<\/div>\n<\/div>\n<\/div>\n<\/div>\n<\/div>\n<\/div>\n<\/div>\n<\/div>\n<\/div>\n<\/div>\n<\/div>\n<\/div>\n<\/div>\n<\/div>\n<\/div>\n<\/div>\n","protected":false},"excerpt":{"rendered":"<p>Director of Sixteen Films Production Company Rebecca O\u2019Brien has been an independent film producer for over thirty years. She has produced seventeen feature films directed by Ken Loach, including LAND AND FREEDOM, SWEET SIXTEEN, LOOKING FOR ERIC and THE ANGELS\u2019 SHARE. Both the THE WIND THAT SHAKES THE BARLEY (2006) and I, DANIEL BLAKE (2016) [&hellip;]<\/p>\n","protected":false},"author":1,"featured_media":0,"parent":0,"menu_order":0,"comment_status":"closed","ping_status":"closed","template":"","meta":{"footnotes":""},"class_list":["post-8356","page","type-page","status-publish","hentry"],"yoast_head":"<!-- This site is optimized with the Yoast SEO plugin v27.2 - https:\/\/yoast.com\/product\/yoast-seo-wordpress\/ -->\n<title>Rebecca O&#039;brien - TRT 12 Punto<\/title>\n<meta name=\"robots\" content=\"index, follow, max-snippet:-1, max-image-preview:large, max-video-preview:-1\" \/>\n<link rel=\"canonical\" href=\"https:\/\/trt12punto.com\/rebecca-obrien\/\" \/>\n<meta property=\"og:locale\" content=\"en_US\" \/>\n<meta property=\"og:type\" content=\"article\" \/>\n<meta property=\"og:title\" content=\"Rebecca O&#039;brien - TRT 12 Punto\" \/>\n<meta property=\"og:description\" content=\"Director of Sixteen Films Production Company Rebecca O\u2019Brien has been an independent film producer for over thirty years. She has produced seventeen feature films directed by Ken Loach, including LAND AND FREEDOM, SWEET SIXTEEN, LOOKING FOR ERIC and THE ANGELS\u2019 SHARE. Both the THE WIND THAT SHAKES THE BARLEY (2006) and I, DANIEL BLAKE (2016) [&hellip;]\" \/>\n<meta property=\"og:url\" content=\"https:\/\/trt12punto.com\/rebecca-obrien\/\" \/>\n<meta property=\"og:site_name\" content=\"TRT 12 Punto\" \/>\n<meta property=\"article:modified_time\" content=\"2022-01-08T13:26:18+00:00\" \/>\n<meta property=\"og:image\" content=\"https:\/\/trt12punto.com\/wp-content\/uploads\/2021\/07\/resim_2021-07-12_174634-218x300.png\" \/>\n<meta name=\"twitter:card\" content=\"summary_large_image\" \/>\n<meta name=\"twitter:label1\" content=\"Est. reading time\" \/>\n\t<meta name=\"twitter:data1\" content=\"1 minute\" \/>\n<script type=\"application\/ld+json\" class=\"yoast-schema-graph\">{\"@context\":\"https:\/\/schema.org\",\"@graph\":[{\"@type\":\"WebPage\",\"@id\":\"https:\/\/trt12punto.com\/rebecca-obrien\/\",\"url\":\"https:\/\/trt12punto.com\/rebecca-obrien\/\",\"name\":\"Rebecca O'brien - TRT 12 Punto\",\"isPartOf\":{\"@id\":\"https:\/\/trt12punto.com\/#website\"},\"primaryImageOfPage\":{\"@id\":\"https:\/\/trt12punto.com\/rebecca-obrien\/#primaryimage\"},\"image\":{\"@id\":\"https:\/\/trt12punto.com\/rebecca-obrien\/#primaryimage\"},\"thumbnailUrl\":\"https:\/\/trt12punto.com\/wp-content\/uploads\/2021\/07\/resim_2021-07-12_174634-218x300.png\",\"datePublished\":\"2021-07-12T14:37:14+00:00\",\"dateModified\":\"2022-01-08T13:26:18+00:00\",\"breadcrumb\":{\"@id\":\"https:\/\/trt12punto.com\/rebecca-obrien\/#breadcrumb\"},\"inLanguage\":\"en-US\",\"potentialAction\":[{\"@type\":\"ReadAction\",\"target\":[\"https:\/\/trt12punto.com\/rebecca-obrien\/\"]}]},{\"@type\":\"ImageObject\",\"inLanguage\":\"en-US\",\"@id\":\"https:\/\/trt12punto.com\/rebecca-obrien\/#primaryimage\",\"url\":\"https:\/\/trt12punto.com\/wp-content\/uploads\/2021\/07\/resim_2021-07-12_174634-218x300.png\",\"contentUrl\":\"https:\/\/trt12punto.com\/wp-content\/uploads\/2021\/07\/resim_2021-07-12_174634-218x300.png\"},{\"@type\":\"BreadcrumbList\",\"@id\":\"https:\/\/trt12punto.com\/rebecca-obrien\/#breadcrumb\",\"itemListElement\":[{\"@type\":\"ListItem\",\"position\":1,\"name\":\"Anasayfa\",\"item\":\"https:\/\/trt12punto.com\/en\/home\/\"},{\"@type\":\"ListItem\",\"position\":2,\"name\":\"Rebecca O&#8217;brien\"}]},{\"@type\":\"WebSite\",\"@id\":\"https:\/\/trt12punto.com\/#website\",\"url\":\"https:\/\/trt12punto.com\/\",\"name\":\"TRT 12 Punto\",\"description\":\"T\u00fcrkiye&#039;nin En B\u00fcy\u00fck Senaryo Geli\u015ftirme Platformu\",\"potentialAction\":[{\"@type\":\"SearchAction\",\"target\":{\"@type\":\"EntryPoint\",\"urlTemplate\":\"https:\/\/trt12punto.com\/?s={search_term_string}\"},\"query-input\":{\"@type\":\"PropertyValueSpecification\",\"valueRequired\":true,\"valueName\":\"search_term_string\"}}],\"inLanguage\":\"en-US\"}]}<\/script>\n<!-- \/ Yoast SEO plugin. -->","yoast_head_json":{"title":"Rebecca O'brien - TRT 12 Punto","robots":{"index":"index","follow":"follow","max-snippet":"max-snippet:-1","max-image-preview":"max-image-preview:large","max-video-preview":"max-video-preview:-1"},"canonical":"https:\/\/trt12punto.com\/rebecca-obrien\/","og_locale":"en_US","og_type":"article","og_title":"Rebecca O'brien - TRT 12 Punto","og_description":"Director of Sixteen Films Production Company Rebecca O\u2019Brien has been an independent film producer for over thirty years. She has produced seventeen feature films directed by Ken Loach, including LAND AND FREEDOM, SWEET SIXTEEN, LOOKING FOR ERIC and THE ANGELS\u2019 SHARE. Both the THE WIND THAT SHAKES THE BARLEY (2006) and I, DANIEL BLAKE (2016) [&hellip;]","og_url":"https:\/\/trt12punto.com\/rebecca-obrien\/","og_site_name":"TRT 12 Punto","article_modified_time":"2022-01-08T13:26:18+00:00","og_image":[{"url":"https:\/\/trt12punto.com\/wp-content\/uploads\/2021\/07\/resim_2021-07-12_174634-218x300.png","type":"","width":"","height":""}],"twitter_card":"summary_large_image","twitter_misc":{"Est. reading time":"1 minute"},"schema":{"@context":"https:\/\/schema.org","@graph":[{"@type":"WebPage","@id":"https:\/\/trt12punto.com\/rebecca-obrien\/","url":"https:\/\/trt12punto.com\/rebecca-obrien\/","name":"Rebecca O'brien - TRT 12 Punto","isPartOf":{"@id":"https:\/\/trt12punto.com\/#website"},"primaryImageOfPage":{"@id":"https:\/\/trt12punto.com\/rebecca-obrien\/#primaryimage"},"image":{"@id":"https:\/\/trt12punto.com\/rebecca-obrien\/#primaryimage"},"thumbnailUrl":"https:\/\/trt12punto.com\/wp-content\/uploads\/2021\/07\/resim_2021-07-12_174634-218x300.png","datePublished":"2021-07-12T14:37:14+00:00","dateModified":"2022-01-08T13:26:18+00:00","breadcrumb":{"@id":"https:\/\/trt12punto.com\/rebecca-obrien\/#breadcrumb"},"inLanguage":"en-US","potentialAction":[{"@type":"ReadAction","target":["https:\/\/trt12punto.com\/rebecca-obrien\/"]}]},{"@type":"ImageObject","inLanguage":"en-US","@id":"https:\/\/trt12punto.com\/rebecca-obrien\/#primaryimage","url":"https:\/\/trt12punto.com\/wp-content\/uploads\/2021\/07\/resim_2021-07-12_174634-218x300.png","contentUrl":"https:\/\/trt12punto.com\/wp-content\/uploads\/2021\/07\/resim_2021-07-12_174634-218x300.png"},{"@type":"BreadcrumbList","@id":"https:\/\/trt12punto.com\/rebecca-obrien\/#breadcrumb","itemListElement":[{"@type":"ListItem","position":1,"name":"Anasayfa","item":"https:\/\/trt12punto.com\/en\/home\/"},{"@type":"ListItem","position":2,"name":"Rebecca O&#8217;brien"}]},{"@type":"WebSite","@id":"https:\/\/trt12punto.com\/#website","url":"https:\/\/trt12punto.com\/","name":"TRT 12 Punto","description":"T\u00fcrkiye&#039;nin En B\u00fcy\u00fck Senaryo Geli\u015ftirme Platformu","potentialAction":[{"@type":"SearchAction","target":{"@type":"EntryPoint","urlTemplate":"https:\/\/trt12punto.com\/?s={search_term_string}"},"query-input":{"@type":"PropertyValueSpecification","valueRequired":true,"valueName":"search_term_string"}}],"inLanguage":"en-US"}]}},"jetpack_shortlink":"https:\/\/wp.me\/PgRTn7-2aM","_links":{"self":[{"href":"https:\/\/trt12punto.com\/en\/wp-json\/wp\/v2\/pages\/8356","targetHints":{"allow":["GET"]}}],"collection":[{"href":"https:\/\/trt12punto.com\/en\/wp-json\/wp\/v2\/pages"}],"about":[{"href":"https:\/\/trt12punto.com\/en\/wp-json\/wp\/v2\/types\/page"}],"author":[{"embeddable":true,"href":"https:\/\/trt12punto.com\/en\/wp-json\/wp\/v2\/users\/1"}],"replies":[{"embeddable":true,"href":"https:\/\/trt12punto.com\/en\/wp-json\/wp\/v2\/comments?post=8356"}],"version-history":[{"count":1,"href":"https:\/\/trt12punto.com\/en\/wp-json\/wp\/v2\/pages\/8356\/revisions"}],"predecessor-version":[{"id":8362,"href":"https:\/\/trt12punto.com\/en\/wp-json\/wp\/v2\/pages\/8356\/revisions\/8362"}],"wp:attachment":[{"href":"https:\/\/trt12punto.com\/en\/wp-json\/wp\/v2\/media?parent=8356"}],"curies":[{"name":"wp","href":"https:\/\/api.w.org\/{rel}","templated":true}]}}