{"id":8364,"date":"2022-01-08T16:47:07","date_gmt":"2022-01-08T13:47:07","guid":{"rendered":"https:\/\/trt12punto.com\/martina-bleis\/"},"modified":"2022-01-08T16:47:09","modified_gmt":"2022-01-08T13:47:09","slug":"martina-bleis","status":"publish","type":"page","link":"https:\/\/trt12punto.com\/en\/martina-bleis\/","title":{"rendered":"Martina Bleis"},"content":{"rendered":"<div><img loading=\"lazy\" decoding=\"async\" class=\"size-medium wp-image-7406 aligncenter\" src=\"https:\/\/trt12punto.com\/wp-content\/uploads\/2021\/07\/Martina-Bleis-216x300.png\" alt=\"\" width=\"216\" height=\"300\" srcset=\"https:\/\/trt12punto.com\/wp-content\/uploads\/2021\/07\/Martina-Bleis-216x300.png 216w, https:\/\/trt12punto.com\/wp-content\/uploads\/2021\/07\/Martina-Bleis.png 259w\" sizes=\"auto, (max-width: 216px) 100vw, 216px\" \/><\/div>\n<div><\/div>\n<div class=\"team-member-job-title \" style=\"text-align: center;\"><b>Head of Berlinale Co-production Market<\/b><\/div>\n<div class=\"team-member-description \">\n<div class=\"page\" title=\"Page 8\">\n<div class=\"section\">\n<div class=\"layoutArea\">\n<div class=\"column\">\n<div class=\"page\" title=\"Page 10\">\n<div class=\"layoutArea\">\n<div class=\"column\">\n<div class=\"page\" title=\"Page 47\">\n<div class=\"layoutArea\">\n<div class=\"column\">\n<div class=\"page\" title=\"Page 47\">\n<div class=\"layoutArea\">\n<div class=\"column\">\n<div class=\"page\" title=\"Page 48\">\n<div class=\"section\">\n<div class=\"layoutArea\">\n<div class=\"column\">\n<div class=\"page\" title=\"Page 11\">\n<div class=\"layoutArea\">\n<div class=\"column\">\n<div class=\"page\" title=\"Page 64\">\n<div class=\"layoutArea\">\n<div class=\"column\">\n<div class=\"page\" title=\"Page 65\">\n<div class=\"layoutArea\">\n<div class=\"column\">\n<div class=\"page\" title=\"Page 64\">\n<div class=\"layoutArea\">\n<div class=\"column\">\n<p style=\"text-align: center;\">Martina Bleis is the head and project curator of the Berlinale Co-Production Market, and one of its founding members. In addition to her MA in applied cultural studies, she is a graduate of the EAVE Producers Workshop. She also often consults as a curatorial advisor, mentor, moderator or jury member at other international training and co-production initiatives and festivals. The Berlinale Co-Production Market brings together ca. 600 international producers, sales agents, distributors as well as broadcasting and funding representatives who are active in international co-productions.<\/p>\n<\/div>\n<\/div>\n<\/div>\n<\/div>\n<\/div>\n<\/div>\n<\/div>\n<\/div>\n<\/div>\n<\/div>\n<\/div>\n<\/div>\n<\/div>\n<\/div>\n<\/div>\n<\/div>\n<\/div>\n<\/div>\n<\/div>\n<\/div>\n<\/div>\n<\/div>\n<\/div>\n<\/div>\n<\/div>\n<\/div>\n<\/div>\n<\/div>\n<\/div>\n<\/div>\n","protected":false},"excerpt":{"rendered":"<p>Head of Berlinale Co-production Market Martina Bleis is the head and project curator of the Berlinale Co-Production Market, and one of its founding members. In addition to her MA in applied cultural studies, she is a graduate of the EAVE Producers Workshop. She also often consults as a curatorial advisor, mentor, moderator or jury member [&hellip;]<\/p>\n","protected":false},"author":1,"featured_media":0,"parent":0,"menu_order":0,"comment_status":"closed","ping_status":"closed","template":"","meta":{"footnotes":""},"class_list":["post-8364","page","type-page","status-publish","hentry"],"yoast_head":"<!-- This site is optimized with the Yoast SEO plugin v27.2 - https:\/\/yoast.com\/product\/yoast-seo-wordpress\/ -->\n<title>Martina Bleis - TRT 12 Punto<\/title>\n<meta name=\"robots\" content=\"index, follow, max-snippet:-1, max-image-preview:large, max-video-preview:-1\" \/>\n<link rel=\"canonical\" href=\"https:\/\/trt12punto.com\/martina-bleis\/\" \/>\n<meta property=\"og:locale\" content=\"en_US\" \/>\n<meta property=\"og:type\" content=\"article\" \/>\n<meta property=\"og:title\" content=\"Martina Bleis - TRT 12 Punto\" \/>\n<meta property=\"og:description\" content=\"Head of Berlinale Co-production Market Martina Bleis is the head and project curator of the Berlinale Co-Production Market, and one of its founding members. In addition to her MA in applied cultural studies, she is a graduate of the EAVE Producers Workshop. She also often consults as a curatorial advisor, mentor, moderator or jury member [&hellip;]\" \/>\n<meta property=\"og:url\" content=\"https:\/\/trt12punto.com\/martina-bleis\/\" \/>\n<meta property=\"og:site_name\" content=\"TRT 12 Punto\" \/>\n<meta property=\"article:modified_time\" content=\"2022-01-08T13:47:09+00:00\" \/>\n<meta property=\"og:image\" content=\"https:\/\/trt12punto.com\/wp-content\/uploads\/2021\/07\/Martina-Bleis-216x300.png\" \/>\n<meta name=\"twitter:card\" content=\"summary_large_image\" \/>\n<script type=\"application\/ld+json\" class=\"yoast-schema-graph\">{\"@context\":\"https:\/\/schema.org\",\"@graph\":[{\"@type\":\"WebPage\",\"@id\":\"https:\/\/trt12punto.com\/martina-bleis\/\",\"url\":\"https:\/\/trt12punto.com\/martina-bleis\/\",\"name\":\"Martina Bleis - TRT 12 Punto\",\"isPartOf\":{\"@id\":\"https:\/\/trt12punto.com\/#website\"},\"primaryImageOfPage\":{\"@id\":\"https:\/\/trt12punto.com\/martina-bleis\/#primaryimage\"},\"image\":{\"@id\":\"https:\/\/trt12punto.com\/martina-bleis\/#primaryimage\"},\"thumbnailUrl\":\"https:\/\/trt12punto.com\/wp-content\/uploads\/2021\/07\/Martina-Bleis-216x300.png\",\"datePublished\":\"2022-01-08T13:47:07+00:00\",\"dateModified\":\"2022-01-08T13:47:09+00:00\",\"breadcrumb\":{\"@id\":\"https:\/\/trt12punto.com\/martina-bleis\/#breadcrumb\"},\"inLanguage\":\"en-US\",\"potentialAction\":[{\"@type\":\"ReadAction\",\"target\":[\"https:\/\/trt12punto.com\/martina-bleis\/\"]}]},{\"@type\":\"ImageObject\",\"inLanguage\":\"en-US\",\"@id\":\"https:\/\/trt12punto.com\/martina-bleis\/#primaryimage\",\"url\":\"https:\/\/trt12punto.com\/wp-content\/uploads\/2021\/07\/Martina-Bleis-216x300.png\",\"contentUrl\":\"https:\/\/trt12punto.com\/wp-content\/uploads\/2021\/07\/Martina-Bleis-216x300.png\"},{\"@type\":\"BreadcrumbList\",\"@id\":\"https:\/\/trt12punto.com\/martina-bleis\/#breadcrumb\",\"itemListElement\":[{\"@type\":\"ListItem\",\"position\":1,\"name\":\"Anasayfa\",\"item\":\"https:\/\/trt12punto.com\/en\/home\/\"},{\"@type\":\"ListItem\",\"position\":2,\"name\":\"Martina Bleis\"}]},{\"@type\":\"WebSite\",\"@id\":\"https:\/\/trt12punto.com\/#website\",\"url\":\"https:\/\/trt12punto.com\/\",\"name\":\"TRT 12 Punto\",\"description\":\"T\u00fcrkiye&#039;nin En B\u00fcy\u00fck Senaryo Geli\u015ftirme Platformu\",\"potentialAction\":[{\"@type\":\"SearchAction\",\"target\":{\"@type\":\"EntryPoint\",\"urlTemplate\":\"https:\/\/trt12punto.com\/?s={search_term_string}\"},\"query-input\":{\"@type\":\"PropertyValueSpecification\",\"valueRequired\":true,\"valueName\":\"search_term_string\"}}],\"inLanguage\":\"en-US\"}]}<\/script>\n<!-- \/ Yoast SEO plugin. -->","yoast_head_json":{"title":"Martina Bleis - TRT 12 Punto","robots":{"index":"index","follow":"follow","max-snippet":"max-snippet:-1","max-image-preview":"max-image-preview:large","max-video-preview":"max-video-preview:-1"},"canonical":"https:\/\/trt12punto.com\/martina-bleis\/","og_locale":"en_US","og_type":"article","og_title":"Martina Bleis - TRT 12 Punto","og_description":"Head of Berlinale Co-production Market Martina Bleis is the head and project curator of the Berlinale Co-Production Market, and one of its founding members. In addition to her MA in applied cultural studies, she is a graduate of the EAVE Producers Workshop. She also often consults as a curatorial advisor, mentor, moderator or jury member [&hellip;]","og_url":"https:\/\/trt12punto.com\/martina-bleis\/","og_site_name":"TRT 12 Punto","article_modified_time":"2022-01-08T13:47:09+00:00","og_image":[{"url":"https:\/\/trt12punto.com\/wp-content\/uploads\/2021\/07\/Martina-Bleis-216x300.png","type":"","width":"","height":""}],"twitter_card":"summary_large_image","schema":{"@context":"https:\/\/schema.org","@graph":[{"@type":"WebPage","@id":"https:\/\/trt12punto.com\/martina-bleis\/","url":"https:\/\/trt12punto.com\/martina-bleis\/","name":"Martina Bleis - TRT 12 Punto","isPartOf":{"@id":"https:\/\/trt12punto.com\/#website"},"primaryImageOfPage":{"@id":"https:\/\/trt12punto.com\/martina-bleis\/#primaryimage"},"image":{"@id":"https:\/\/trt12punto.com\/martina-bleis\/#primaryimage"},"thumbnailUrl":"https:\/\/trt12punto.com\/wp-content\/uploads\/2021\/07\/Martina-Bleis-216x300.png","datePublished":"2022-01-08T13:47:07+00:00","dateModified":"2022-01-08T13:47:09+00:00","breadcrumb":{"@id":"https:\/\/trt12punto.com\/martina-bleis\/#breadcrumb"},"inLanguage":"en-US","potentialAction":[{"@type":"ReadAction","target":["https:\/\/trt12punto.com\/martina-bleis\/"]}]},{"@type":"ImageObject","inLanguage":"en-US","@id":"https:\/\/trt12punto.com\/martina-bleis\/#primaryimage","url":"https:\/\/trt12punto.com\/wp-content\/uploads\/2021\/07\/Martina-Bleis-216x300.png","contentUrl":"https:\/\/trt12punto.com\/wp-content\/uploads\/2021\/07\/Martina-Bleis-216x300.png"},{"@type":"BreadcrumbList","@id":"https:\/\/trt12punto.com\/martina-bleis\/#breadcrumb","itemListElement":[{"@type":"ListItem","position":1,"name":"Anasayfa","item":"https:\/\/trt12punto.com\/en\/home\/"},{"@type":"ListItem","position":2,"name":"Martina Bleis"}]},{"@type":"WebSite","@id":"https:\/\/trt12punto.com\/#website","url":"https:\/\/trt12punto.com\/","name":"TRT 12 Punto","description":"T\u00fcrkiye&#039;nin En B\u00fcy\u00fck Senaryo Geli\u015ftirme Platformu","potentialAction":[{"@type":"SearchAction","target":{"@type":"EntryPoint","urlTemplate":"https:\/\/trt12punto.com\/?s={search_term_string}"},"query-input":{"@type":"PropertyValueSpecification","valueRequired":true,"valueName":"search_term_string"}}],"inLanguage":"en-US"}]}},"jetpack_shortlink":"https:\/\/wp.me\/PgRTn7-2aU","_links":{"self":[{"href":"https:\/\/trt12punto.com\/en\/wp-json\/wp\/v2\/pages\/8364","targetHints":{"allow":["GET"]}}],"collection":[{"href":"https:\/\/trt12punto.com\/en\/wp-json\/wp\/v2\/pages"}],"about":[{"href":"https:\/\/trt12punto.com\/en\/wp-json\/wp\/v2\/types\/page"}],"author":[{"embeddable":true,"href":"https:\/\/trt12punto.com\/en\/wp-json\/wp\/v2\/users\/1"}],"replies":[{"embeddable":true,"href":"https:\/\/trt12punto.com\/en\/wp-json\/wp\/v2\/comments?post=8364"}],"version-history":[{"count":1,"href":"https:\/\/trt12punto.com\/en\/wp-json\/wp\/v2\/pages\/8364\/revisions"}],"predecessor-version":[{"id":8366,"href":"https:\/\/trt12punto.com\/en\/wp-json\/wp\/v2\/pages\/8364\/revisions\/8366"}],"wp:attachment":[{"href":"https:\/\/trt12punto.com\/en\/wp-json\/wp\/v2\/media?parent=8364"}],"curies":[{"name":"wp","href":"https:\/\/api.w.org\/{rel}","templated":true}]}}