{"id":8368,"date":"2022-01-08T17:09:35","date_gmt":"2022-01-08T14:09:35","guid":{"rendered":"https:\/\/trt12punto.com\/tracey-vieira\/"},"modified":"2022-01-08T17:09:35","modified_gmt":"2022-01-08T14:09:35","slug":"tracey-vieira","status":"publish","type":"page","link":"https:\/\/trt12punto.com\/en\/tracey-vieira\/","title":{"rendered":"Tracey Vieira"},"content":{"rendered":"<div><img loading=\"lazy\" decoding=\"async\" class=\"size-medium wp-image-7411 aligncenter\" src=\"https:\/\/trt12punto.com\/wp-content\/uploads\/2021\/07\/resim_2021-07-12_173649-216x300.png\" alt=\"\" width=\"216\" height=\"300\" srcset=\"https:\/\/trt12punto.com\/wp-content\/uploads\/2021\/07\/resim_2021-07-12_173649-216x300.png 216w, https:\/\/trt12punto.com\/wp-content\/uploads\/2021\/07\/resim_2021-07-12_173649.png 259w\" sizes=\"auto, (max-width: 216px) 100vw, 216px\" \/><\/div>\n<div><\/div>\n<div class=\"team-member-job-title \" style=\"text-align: center;\"><b>Chair of the Asia Pacific Screen Awards<\/b><\/div>\n<div class=\"team-member-description \">\n<div class=\"page\" title=\"Page 8\">\n<div class=\"section\">\n<div class=\"layoutArea\">\n<div class=\"column\">\n<div class=\"page\" title=\"Page 10\">\n<div class=\"layoutArea\">\n<div class=\"column\">\n<div class=\"page\" title=\"Page 47\">\n<div class=\"layoutArea\">\n<div class=\"column\">\n<div class=\"page\" title=\"Page 47\">\n<div class=\"layoutArea\">\n<div class=\"column\">\n<div class=\"page\" title=\"Page 48\">\n<div class=\"section\">\n<div class=\"layoutArea\">\n<div class=\"column\">\n<div class=\"page\" title=\"Page 11\">\n<div class=\"layoutArea\">\n<div class=\"column\">\n<div class=\"page\" title=\"Page 64\">\n<div class=\"layoutArea\">\n<div class=\"column\">\n<div class=\"page\" title=\"Page 65\">\n<div class=\"layoutArea\">\n<div class=\"column\">\n<div class=\"page\" title=\"Page 64\">\n<div class=\"layoutArea\">\n<div class=\"column\">\n<p style=\"text-align: center;\">Tracey is the Chief Content Officer for Emmy and BAFTA Award winning film and television production company Hoodlum. Hoodlum operates between Australia, the US and the UK, and has a first-look deal with Disney\u2019s ABC Studios.<br \/>\nTracey joined Hoodlum in September 2019 after five years as CEO of Screen Queensland and works across Hoodlum\u2019s development and market slates.<br \/>\nHoodlum is currently working with ABC Australia and Margot Robbie\u2019s LuckyChap Entertainment to produce SHAKESPEARE NOW, a ten-part series updating the work of Shakespeare using all-female writers and directors. Also announced is feature film NO FRIEND BUT THE MOUNTAIN based on the multi award-winning book from Kurdish-Iranian journalist Behrouz Boochani who chronicled his harrowing experiences in the tome No Friend But The Mountains: Writing from Manus Prison.<br \/>\nSince joining Hoodlum, Tracey has worked on expanding Hoodlum\u2019s global slate across scripted and unscripted television and feature film with productions currently in development with partners including ABC Signature, Fox, Peacock, Netflix, CBS International and A&amp;E amongst others.<br \/>\nHoodlum is currently facilitating the second series of ABC Signature \/ Amazon series THE WILDS and is also in post- production for the ABC cutting edge series ALL MY FRIENDS ARE RACIST.<br \/>\nTracey currently Chairs the Asia Pacific Screen Awards and is a Director of Home of the Arts (HOTA) Gold Coast and Chair of Griffith Film School\u2019s Advisory Board. She is an external Advisor to US-based Australians in Film and an Advisor to Council for Screen Producers Australia.<\/p>\n<\/div>\n<\/div>\n<\/div>\n<\/div>\n<\/div>\n<\/div>\n<\/div>\n<\/div>\n<\/div>\n<\/div>\n<\/div>\n<\/div>\n<\/div>\n<\/div>\n<\/div>\n<\/div>\n<\/div>\n<\/div>\n<\/div>\n<\/div>\n<\/div>\n<\/div>\n<\/div>\n<\/div>\n<\/div>\n<\/div>\n<\/div>\n<\/div>\n<\/div>\n<\/div>\n","protected":false},"excerpt":{"rendered":"<p>Chair of the Asia Pacific Screen Awards Tracey is the Chief Content Officer for Emmy and BAFTA Award winning film and television production company Hoodlum. Hoodlum operates between Australia, the US and the UK, and has a first-look deal with Disney\u2019s ABC Studios. Tracey joined Hoodlum in September 2019 after five years as CEO of [&hellip;]<\/p>\n","protected":false},"author":1,"featured_media":0,"parent":0,"menu_order":0,"comment_status":"closed","ping_status":"closed","template":"","meta":{"footnotes":""},"class_list":["post-8368","page","type-page","status-publish","hentry"],"yoast_head":"<!-- This site is optimized with the Yoast SEO plugin v27.2 - https:\/\/yoast.com\/product\/yoast-seo-wordpress\/ -->\n<title>Tracey Vieira - TRT 12 Punto<\/title>\n<meta name=\"robots\" content=\"index, follow, max-snippet:-1, max-image-preview:large, max-video-preview:-1\" \/>\n<link rel=\"canonical\" href=\"https:\/\/trt12punto.com\/tracey-vieira\/\" \/>\n<meta property=\"og:locale\" content=\"en_US\" \/>\n<meta property=\"og:type\" content=\"article\" \/>\n<meta property=\"og:title\" content=\"Tracey Vieira - TRT 12 Punto\" \/>\n<meta property=\"og:description\" content=\"Chair of the Asia Pacific Screen Awards Tracey is the Chief Content Officer for Emmy and BAFTA Award winning film and television production company Hoodlum. Hoodlum operates between Australia, the US and the UK, and has a first-look deal with Disney\u2019s ABC Studios. Tracey joined Hoodlum in September 2019 after five years as CEO of [&hellip;]\" \/>\n<meta property=\"og:url\" content=\"https:\/\/trt12punto.com\/tracey-vieira\/\" \/>\n<meta property=\"og:site_name\" content=\"TRT 12 Punto\" \/>\n<meta property=\"og:image\" content=\"https:\/\/trt12punto.com\/wp-content\/uploads\/2021\/07\/resim_2021-07-12_173649-216x300.png\" \/>\n<meta name=\"twitter:card\" content=\"summary_large_image\" \/>\n<meta name=\"twitter:label1\" content=\"Est. reading time\" \/>\n\t<meta name=\"twitter:data1\" content=\"1 minute\" \/>\n<script type=\"application\/ld+json\" class=\"yoast-schema-graph\">{\"@context\":\"https:\/\/schema.org\",\"@graph\":[{\"@type\":\"WebPage\",\"@id\":\"https:\/\/trt12punto.com\/tracey-vieira\/\",\"url\":\"https:\/\/trt12punto.com\/tracey-vieira\/\",\"name\":\"Tracey Vieira - TRT 12 Punto\",\"isPartOf\":{\"@id\":\"https:\/\/trt12punto.com\/#website\"},\"primaryImageOfPage\":{\"@id\":\"https:\/\/trt12punto.com\/tracey-vieira\/#primaryimage\"},\"image\":{\"@id\":\"https:\/\/trt12punto.com\/tracey-vieira\/#primaryimage\"},\"thumbnailUrl\":\"https:\/\/trt12punto.com\/wp-content\/uploads\/2021\/07\/resim_2021-07-12_173649-216x300.png\",\"datePublished\":\"2022-01-08T14:09:35+00:00\",\"breadcrumb\":{\"@id\":\"https:\/\/trt12punto.com\/tracey-vieira\/#breadcrumb\"},\"inLanguage\":\"en-US\",\"potentialAction\":[{\"@type\":\"ReadAction\",\"target\":[\"https:\/\/trt12punto.com\/tracey-vieira\/\"]}]},{\"@type\":\"ImageObject\",\"inLanguage\":\"en-US\",\"@id\":\"https:\/\/trt12punto.com\/tracey-vieira\/#primaryimage\",\"url\":\"https:\/\/trt12punto.com\/wp-content\/uploads\/2021\/07\/resim_2021-07-12_173649-216x300.png\",\"contentUrl\":\"https:\/\/trt12punto.com\/wp-content\/uploads\/2021\/07\/resim_2021-07-12_173649-216x300.png\"},{\"@type\":\"BreadcrumbList\",\"@id\":\"https:\/\/trt12punto.com\/tracey-vieira\/#breadcrumb\",\"itemListElement\":[{\"@type\":\"ListItem\",\"position\":1,\"name\":\"Anasayfa\",\"item\":\"https:\/\/trt12punto.com\/en\/home\/\"},{\"@type\":\"ListItem\",\"position\":2,\"name\":\"Tracey Vieira\"}]},{\"@type\":\"WebSite\",\"@id\":\"https:\/\/trt12punto.com\/#website\",\"url\":\"https:\/\/trt12punto.com\/\",\"name\":\"TRT 12 Punto\",\"description\":\"T\u00fcrkiye&#039;nin En B\u00fcy\u00fck Senaryo Geli\u015ftirme Platformu\",\"potentialAction\":[{\"@type\":\"SearchAction\",\"target\":{\"@type\":\"EntryPoint\",\"urlTemplate\":\"https:\/\/trt12punto.com\/?s={search_term_string}\"},\"query-input\":{\"@type\":\"PropertyValueSpecification\",\"valueRequired\":true,\"valueName\":\"search_term_string\"}}],\"inLanguage\":\"en-US\"}]}<\/script>\n<!-- \/ Yoast SEO plugin. -->","yoast_head_json":{"title":"Tracey Vieira - TRT 12 Punto","robots":{"index":"index","follow":"follow","max-snippet":"max-snippet:-1","max-image-preview":"max-image-preview:large","max-video-preview":"max-video-preview:-1"},"canonical":"https:\/\/trt12punto.com\/tracey-vieira\/","og_locale":"en_US","og_type":"article","og_title":"Tracey Vieira - TRT 12 Punto","og_description":"Chair of the Asia Pacific Screen Awards Tracey is the Chief Content Officer for Emmy and BAFTA Award winning film and television production company Hoodlum. Hoodlum operates between Australia, the US and the UK, and has a first-look deal with Disney\u2019s ABC Studios. Tracey joined Hoodlum in September 2019 after five years as CEO of [&hellip;]","og_url":"https:\/\/trt12punto.com\/tracey-vieira\/","og_site_name":"TRT 12 Punto","og_image":[{"url":"https:\/\/trt12punto.com\/wp-content\/uploads\/2021\/07\/resim_2021-07-12_173649-216x300.png","type":"","width":"","height":""}],"twitter_card":"summary_large_image","twitter_misc":{"Est. reading time":"1 minute"},"schema":{"@context":"https:\/\/schema.org","@graph":[{"@type":"WebPage","@id":"https:\/\/trt12punto.com\/tracey-vieira\/","url":"https:\/\/trt12punto.com\/tracey-vieira\/","name":"Tracey Vieira - TRT 12 Punto","isPartOf":{"@id":"https:\/\/trt12punto.com\/#website"},"primaryImageOfPage":{"@id":"https:\/\/trt12punto.com\/tracey-vieira\/#primaryimage"},"image":{"@id":"https:\/\/trt12punto.com\/tracey-vieira\/#primaryimage"},"thumbnailUrl":"https:\/\/trt12punto.com\/wp-content\/uploads\/2021\/07\/resim_2021-07-12_173649-216x300.png","datePublished":"2022-01-08T14:09:35+00:00","breadcrumb":{"@id":"https:\/\/trt12punto.com\/tracey-vieira\/#breadcrumb"},"inLanguage":"en-US","potentialAction":[{"@type":"ReadAction","target":["https:\/\/trt12punto.com\/tracey-vieira\/"]}]},{"@type":"ImageObject","inLanguage":"en-US","@id":"https:\/\/trt12punto.com\/tracey-vieira\/#primaryimage","url":"https:\/\/trt12punto.com\/wp-content\/uploads\/2021\/07\/resim_2021-07-12_173649-216x300.png","contentUrl":"https:\/\/trt12punto.com\/wp-content\/uploads\/2021\/07\/resim_2021-07-12_173649-216x300.png"},{"@type":"BreadcrumbList","@id":"https:\/\/trt12punto.com\/tracey-vieira\/#breadcrumb","itemListElement":[{"@type":"ListItem","position":1,"name":"Anasayfa","item":"https:\/\/trt12punto.com\/en\/home\/"},{"@type":"ListItem","position":2,"name":"Tracey Vieira"}]},{"@type":"WebSite","@id":"https:\/\/trt12punto.com\/#website","url":"https:\/\/trt12punto.com\/","name":"TRT 12 Punto","description":"T\u00fcrkiye&#039;nin En B\u00fcy\u00fck Senaryo Geli\u015ftirme Platformu","potentialAction":[{"@type":"SearchAction","target":{"@type":"EntryPoint","urlTemplate":"https:\/\/trt12punto.com\/?s={search_term_string}"},"query-input":{"@type":"PropertyValueSpecification","valueRequired":true,"valueName":"search_term_string"}}],"inLanguage":"en-US"}]}},"jetpack_shortlink":"https:\/\/wp.me\/PgRTn7-2aY","_links":{"self":[{"href":"https:\/\/trt12punto.com\/en\/wp-json\/wp\/v2\/pages\/8368","targetHints":{"allow":["GET"]}}],"collection":[{"href":"https:\/\/trt12punto.com\/en\/wp-json\/wp\/v2\/pages"}],"about":[{"href":"https:\/\/trt12punto.com\/en\/wp-json\/wp\/v2\/types\/page"}],"author":[{"embeddable":true,"href":"https:\/\/trt12punto.com\/en\/wp-json\/wp\/v2\/users\/1"}],"replies":[{"embeddable":true,"href":"https:\/\/trt12punto.com\/en\/wp-json\/wp\/v2\/comments?post=8368"}],"version-history":[{"count":0,"href":"https:\/\/trt12punto.com\/en\/wp-json\/wp\/v2\/pages\/8368\/revisions"}],"wp:attachment":[{"href":"https:\/\/trt12punto.com\/en\/wp-json\/wp\/v2\/media?parent=8368"}],"curies":[{"name":"wp","href":"https:\/\/api.w.org\/{rel}","templated":true}]}}