{"id":8371,"date":"2022-01-08T17:20:45","date_gmt":"2022-01-08T14:20:45","guid":{"rendered":"https:\/\/trt12punto.com\/sata-cissokho\/"},"modified":"2022-01-08T17:20:45","modified_gmt":"2022-01-08T14:20:45","slug":"sata-cissokho","status":"publish","type":"page","link":"https:\/\/trt12punto.com\/en\/sata-cissokho\/","title":{"rendered":"Sata Cissokho"},"content":{"rendered":"<div><\/div>\n<div><\/div>\n<div><img loading=\"lazy\" decoding=\"async\" class=\"size-medium wp-image-7431 aligncenter\" src=\"https:\/\/trt12punto.com\/wp-content\/uploads\/2021\/07\/resim_2021-07-12_175108-216x300.png\" alt=\"\" width=\"216\" height=\"300\" srcset=\"https:\/\/trt12punto.com\/wp-content\/uploads\/2021\/07\/resim_2021-07-12_175108-216x300.png 216w, https:\/\/trt12punto.com\/wp-content\/uploads\/2021\/07\/resim_2021-07-12_175108.png 259w\" sizes=\"auto, (max-width: 216px) 100vw, 216px\" \/><\/div>\n<div class=\"team-member-description \">\n<div class=\"page\" title=\"Page 8\">\n<div class=\"section\">\n<div class=\"layoutArea\">\n<div class=\"column\">\n<div class=\"page\" title=\"Page 10\">\n<div class=\"layoutArea\">\n<div class=\"column\">\n<div class=\"page\" title=\"Page 47\">\n<div class=\"layoutArea\">\n<div class=\"column\">\n<div class=\"page\" title=\"Page 47\">\n<div class=\"layoutArea\">\n<div class=\"column\">\n<div class=\"page\" title=\"Page 48\">\n<div class=\"section\">\n<div class=\"layoutArea\">\n<div class=\"column\">\n<div class=\"page\" title=\"Page 11\">\n<div class=\"layoutArea\">\n<div class=\"column\">\n<div class=\"page\" title=\"Page 64\">\n<div class=\"layoutArea\">\n<div class=\"column\">\n<div class=\"page\" title=\"Page 65\">\n<div class=\"layoutArea\">\n<div class=\"column\">\n<div class=\"page\" title=\"Page 64\">\n<div class=\"layoutArea\">\n<div class=\"column\">\n<p style=\"text-align: center;\"><strong>Head of Acquisitions at Memento Films International<\/strong><\/p>\n<p style=\"text-align: center;\">Sata Cissokho is head of Acquisitions at Memento Films International. She first joined the company in 2014 as Festivals Manager while also handling the art-house label ARTSCOPE, whose titles include Chaitanya Tamhane\u2019s \u2018Court\u2019 (Lion of the Future and Orizzonti Award for Best Film &#8211; Venice 2014), Gabriel Mascaro\u2019s \u2018Neon Bull\u2019 (Special Jury Prize &#8211; Venice 2015), and Lemohang Jeremiah Mosese\u2019s \u2018This is not a Burial, It\u2019s a Resurrection\u2019 (Special Jury award for Visionary Filmmaking &#8211; Sundance 2020). She previously worked at New York-based independent distribution company Zeitgeist Films, and assisted the Tribeca Film Festival\u2019s programming team. She also took part in several co-production platforms, working as Industry coordinator for Paris Project, Les Arcs Co-production Village and Paris Co-production Village.<\/p>\n<\/div>\n<\/div>\n<\/div>\n<\/div>\n<\/div>\n<\/div>\n<\/div>\n<\/div>\n<\/div>\n<\/div>\n<\/div>\n<\/div>\n<\/div>\n<\/div>\n<\/div>\n<\/div>\n<\/div>\n<\/div>\n<\/div>\n<\/div>\n<\/div>\n<\/div>\n<\/div>\n<\/div>\n<\/div>\n<\/div>\n<\/div>\n<\/div>\n<\/div>\n<\/div>\n","protected":false},"excerpt":{"rendered":"<p>Head of Acquisitions at Memento Films International Sata Cissokho is head of Acquisitions at Memento Films International. She first joined the company in 2014 as Festivals Manager while also handling the art-house label ARTSCOPE, whose titles include Chaitanya Tamhane\u2019s \u2018Court\u2019 (Lion of the Future and Orizzonti Award for Best Film &#8211; Venice 2014), Gabriel Mascaro\u2019s [&hellip;]<\/p>\n","protected":false},"author":1,"featured_media":0,"parent":0,"menu_order":0,"comment_status":"closed","ping_status":"closed","template":"","meta":{"footnotes":""},"class_list":["post-8371","page","type-page","status-publish","hentry"],"yoast_head":"<!-- This site is optimized with the Yoast SEO plugin v27.2 - https:\/\/yoast.com\/product\/yoast-seo-wordpress\/ -->\n<title>Sata Cissokho - TRT 12 Punto<\/title>\n<meta name=\"robots\" content=\"index, follow, max-snippet:-1, max-image-preview:large, max-video-preview:-1\" \/>\n<link rel=\"canonical\" href=\"https:\/\/trt12punto.com\/sata-cissokho\/\" \/>\n<meta property=\"og:locale\" content=\"en_US\" \/>\n<meta property=\"og:type\" content=\"article\" \/>\n<meta property=\"og:title\" content=\"Sata Cissokho - TRT 12 Punto\" \/>\n<meta property=\"og:description\" content=\"Head of Acquisitions at Memento Films International Sata Cissokho is head of Acquisitions at Memento Films International. She first joined the company in 2014 as Festivals Manager while also handling the art-house label ARTSCOPE, whose titles include Chaitanya Tamhane\u2019s \u2018Court\u2019 (Lion of the Future and Orizzonti Award for Best Film &#8211; Venice 2014), Gabriel Mascaro\u2019s [&hellip;]\" \/>\n<meta property=\"og:url\" content=\"https:\/\/trt12punto.com\/sata-cissokho\/\" \/>\n<meta property=\"og:site_name\" content=\"TRT 12 Punto\" \/>\n<meta property=\"og:image\" content=\"https:\/\/trt12punto.com\/wp-content\/uploads\/2021\/07\/resim_2021-07-12_175108-216x300.png\" \/>\n<meta name=\"twitter:card\" content=\"summary_large_image\" \/>\n<meta name=\"twitter:label1\" content=\"Est. reading time\" \/>\n\t<meta name=\"twitter:data1\" content=\"1 minute\" \/>\n<script type=\"application\/ld+json\" class=\"yoast-schema-graph\">{\"@context\":\"https:\/\/schema.org\",\"@graph\":[{\"@type\":\"WebPage\",\"@id\":\"https:\/\/trt12punto.com\/sata-cissokho\/\",\"url\":\"https:\/\/trt12punto.com\/sata-cissokho\/\",\"name\":\"Sata Cissokho - TRT 12 Punto\",\"isPartOf\":{\"@id\":\"https:\/\/trt12punto.com\/#website\"},\"primaryImageOfPage\":{\"@id\":\"https:\/\/trt12punto.com\/sata-cissokho\/#primaryimage\"},\"image\":{\"@id\":\"https:\/\/trt12punto.com\/sata-cissokho\/#primaryimage\"},\"thumbnailUrl\":\"https:\/\/trt12punto.com\/wp-content\/uploads\/2021\/07\/resim_2021-07-12_175108-216x300.png\",\"datePublished\":\"2022-01-08T14:20:45+00:00\",\"breadcrumb\":{\"@id\":\"https:\/\/trt12punto.com\/sata-cissokho\/#breadcrumb\"},\"inLanguage\":\"en-US\",\"potentialAction\":[{\"@type\":\"ReadAction\",\"target\":[\"https:\/\/trt12punto.com\/sata-cissokho\/\"]}]},{\"@type\":\"ImageObject\",\"inLanguage\":\"en-US\",\"@id\":\"https:\/\/trt12punto.com\/sata-cissokho\/#primaryimage\",\"url\":\"https:\/\/trt12punto.com\/wp-content\/uploads\/2021\/07\/resim_2021-07-12_175108-216x300.png\",\"contentUrl\":\"https:\/\/trt12punto.com\/wp-content\/uploads\/2021\/07\/resim_2021-07-12_175108-216x300.png\"},{\"@type\":\"BreadcrumbList\",\"@id\":\"https:\/\/trt12punto.com\/sata-cissokho\/#breadcrumb\",\"itemListElement\":[{\"@type\":\"ListItem\",\"position\":1,\"name\":\"Anasayfa\",\"item\":\"https:\/\/trt12punto.com\/en\/home\/\"},{\"@type\":\"ListItem\",\"position\":2,\"name\":\"Sata Cissokho\"}]},{\"@type\":\"WebSite\",\"@id\":\"https:\/\/trt12punto.com\/#website\",\"url\":\"https:\/\/trt12punto.com\/\",\"name\":\"TRT 12 Punto\",\"description\":\"T\u00fcrkiye&#039;nin En B\u00fcy\u00fck Senaryo Geli\u015ftirme Platformu\",\"potentialAction\":[{\"@type\":\"SearchAction\",\"target\":{\"@type\":\"EntryPoint\",\"urlTemplate\":\"https:\/\/trt12punto.com\/?s={search_term_string}\"},\"query-input\":{\"@type\":\"PropertyValueSpecification\",\"valueRequired\":true,\"valueName\":\"search_term_string\"}}],\"inLanguage\":\"en-US\"}]}<\/script>\n<!-- \/ Yoast SEO plugin. -->","yoast_head_json":{"title":"Sata Cissokho - TRT 12 Punto","robots":{"index":"index","follow":"follow","max-snippet":"max-snippet:-1","max-image-preview":"max-image-preview:large","max-video-preview":"max-video-preview:-1"},"canonical":"https:\/\/trt12punto.com\/sata-cissokho\/","og_locale":"en_US","og_type":"article","og_title":"Sata Cissokho - TRT 12 Punto","og_description":"Head of Acquisitions at Memento Films International Sata Cissokho is head of Acquisitions at Memento Films International. She first joined the company in 2014 as Festivals Manager while also handling the art-house label ARTSCOPE, whose titles include Chaitanya Tamhane\u2019s \u2018Court\u2019 (Lion of the Future and Orizzonti Award for Best Film &#8211; Venice 2014), Gabriel Mascaro\u2019s [&hellip;]","og_url":"https:\/\/trt12punto.com\/sata-cissokho\/","og_site_name":"TRT 12 Punto","og_image":[{"url":"https:\/\/trt12punto.com\/wp-content\/uploads\/2021\/07\/resim_2021-07-12_175108-216x300.png","type":"","width":"","height":""}],"twitter_card":"summary_large_image","twitter_misc":{"Est. reading time":"1 minute"},"schema":{"@context":"https:\/\/schema.org","@graph":[{"@type":"WebPage","@id":"https:\/\/trt12punto.com\/sata-cissokho\/","url":"https:\/\/trt12punto.com\/sata-cissokho\/","name":"Sata Cissokho - TRT 12 Punto","isPartOf":{"@id":"https:\/\/trt12punto.com\/#website"},"primaryImageOfPage":{"@id":"https:\/\/trt12punto.com\/sata-cissokho\/#primaryimage"},"image":{"@id":"https:\/\/trt12punto.com\/sata-cissokho\/#primaryimage"},"thumbnailUrl":"https:\/\/trt12punto.com\/wp-content\/uploads\/2021\/07\/resim_2021-07-12_175108-216x300.png","datePublished":"2022-01-08T14:20:45+00:00","breadcrumb":{"@id":"https:\/\/trt12punto.com\/sata-cissokho\/#breadcrumb"},"inLanguage":"en-US","potentialAction":[{"@type":"ReadAction","target":["https:\/\/trt12punto.com\/sata-cissokho\/"]}]},{"@type":"ImageObject","inLanguage":"en-US","@id":"https:\/\/trt12punto.com\/sata-cissokho\/#primaryimage","url":"https:\/\/trt12punto.com\/wp-content\/uploads\/2021\/07\/resim_2021-07-12_175108-216x300.png","contentUrl":"https:\/\/trt12punto.com\/wp-content\/uploads\/2021\/07\/resim_2021-07-12_175108-216x300.png"},{"@type":"BreadcrumbList","@id":"https:\/\/trt12punto.com\/sata-cissokho\/#breadcrumb","itemListElement":[{"@type":"ListItem","position":1,"name":"Anasayfa","item":"https:\/\/trt12punto.com\/en\/home\/"},{"@type":"ListItem","position":2,"name":"Sata Cissokho"}]},{"@type":"WebSite","@id":"https:\/\/trt12punto.com\/#website","url":"https:\/\/trt12punto.com\/","name":"TRT 12 Punto","description":"T\u00fcrkiye&#039;nin En B\u00fcy\u00fck Senaryo Geli\u015ftirme Platformu","potentialAction":[{"@type":"SearchAction","target":{"@type":"EntryPoint","urlTemplate":"https:\/\/trt12punto.com\/?s={search_term_string}"},"query-input":{"@type":"PropertyValueSpecification","valueRequired":true,"valueName":"search_term_string"}}],"inLanguage":"en-US"}]}},"jetpack_shortlink":"https:\/\/wp.me\/PgRTn7-2b1","_links":{"self":[{"href":"https:\/\/trt12punto.com\/en\/wp-json\/wp\/v2\/pages\/8371","targetHints":{"allow":["GET"]}}],"collection":[{"href":"https:\/\/trt12punto.com\/en\/wp-json\/wp\/v2\/pages"}],"about":[{"href":"https:\/\/trt12punto.com\/en\/wp-json\/wp\/v2\/types\/page"}],"author":[{"embeddable":true,"href":"https:\/\/trt12punto.com\/en\/wp-json\/wp\/v2\/users\/1"}],"replies":[{"embeddable":true,"href":"https:\/\/trt12punto.com\/en\/wp-json\/wp\/v2\/comments?post=8371"}],"version-history":[{"count":0,"href":"https:\/\/trt12punto.com\/en\/wp-json\/wp\/v2\/pages\/8371\/revisions"}],"wp:attachment":[{"href":"https:\/\/trt12punto.com\/en\/wp-json\/wp\/v2\/media?parent=8371"}],"curies":[{"name":"wp","href":"https:\/\/api.w.org\/{rel}","templated":true}]}}