{"id":8393,"date":"2022-01-08T18:50:25","date_gmt":"2022-01-08T15:50:25","guid":{"rendered":"https:\/\/trt12punto.com\/alin-tasciyan-2\/"},"modified":"2022-01-08T18:50:27","modified_gmt":"2022-01-08T15:50:27","slug":"alin-tasciyan-2","status":"publish","type":"page","link":"https:\/\/trt12punto.com\/en\/alin-tasciyan-2\/","title":{"rendered":"Alin Ta\u015fc\u0131yan"},"content":{"rendered":"<div><img loading=\"lazy\" decoding=\"async\" class=\"size-medium wp-image-7524 aligncenter\" src=\"https:\/\/trt12punto.com\/wp-content\/uploads\/2021\/07\/resim_2021-07-16_161147-216x300.png\" alt=\"\" width=\"216\" height=\"300\" srcset=\"https:\/\/trt12punto.com\/wp-content\/uploads\/2021\/07\/resim_2021-07-16_161147-216x300.png 216w, https:\/\/trt12punto.com\/wp-content\/uploads\/2021\/07\/resim_2021-07-16_161147.png 259w\" sizes=\"auto, (max-width: 216px) 100vw, 216px\" \/><\/div>\n<div><\/div>\n<div class=\"team-member-description \">\n<div class=\"page\" title=\"Page 8\">\n<div class=\"section\">\n<div class=\"layoutArea\">\n<div class=\"column\">\n<div class=\"page\" title=\"Page 10\">\n<div class=\"layoutArea\">\n<div class=\"column\">\n<div class=\"page\" title=\"Page 47\">\n<div class=\"layoutArea\">\n<div class=\"column\">\n<div class=\"page\" title=\"Page 47\">\n<div class=\"layoutArea\">\n<div class=\"column\">\n<div class=\"page\" title=\"Page 48\">\n<div class=\"section\">\n<div class=\"layoutArea\">\n<div class=\"column\">\n<div class=\"page\" title=\"Page 11\">\n<div class=\"layoutArea\">\n<div class=\"column\">\n<div class=\"page\" title=\"Page 64\">\n<div class=\"layoutArea\">\n<div class=\"column\">\n<div class=\"page\" title=\"Page 65\">\n<div class=\"layoutArea\">\n<div class=\"column\">\n<div class=\"page\" title=\"Page 64\">\n<div class=\"layoutArea\">\n<div class=\"column\">\n<div class=\"team-member-job-title \" style=\"text-align: center;\"><strong>Film Critic<\/strong><\/div>\n<p style=\"text-align: center;\">Born in \u0130stanbul in 1969, Alin Ta\u015f\u00e7\u0131yan completed her secondary education in Beyo\u011flu Anatolian High School (1980-1987) and her higher education in the \u0130stanbul University, School of Press and Broadcasting, Journalism and Public Relations Department (1987- 1991). She started to work in the Milliyet Sanat Dergisi (Milliyet Art Review) and in the Art and Culture Department of the daily Milliyet Newspaper in 1992, and worked there as a proofreader, reporter, cinema writer and editor for 16 years. She worked in the Star Newspaper as a columnist and cinema writer between the years 2008 and 2015.  <\/p>\n<p style=\"text-align: center;\">She began making television programs in 1994 starting with the show titled \u201cBir Zamanlar Gen\u00e7 Sinemac\u0131lar\u201d (Once Upon a Time Young Filmmakers). In the later years, during various periods, she also became the presenter of \u201cGen\u00e7 Sinemac\u0131lar\u201d (Young Filmmakers), a program on filmmakers making short films. Between the years 1996 and 2006, she produced and presented the program \u201cSineman\u0131n B\u00fcy\u00fcs\u00fc\u201d (The Magic of Cinema) together with Atilla Dorsay, in which around 500 classical movies were screened. In 1998, she started to make the film review program \u201cSinema Koltu\u011fu\u201d (Movie Seat) together with Ali Hakan, Mehmet A\u00e7ar and Tuna Erdem (and later with Ye\u015fim Tabak) for NTV, and later continued with TRT under the new title \u201cBeyazperde\u201d (The Silver Screen). She moved the program to Kanal24 together with Ali Hakan. She also prepared and presented the Thematic Film Program on 24, in which significant examples of the world cinema were aired.      Her reviews were published in many magazines and websites. Currently, she is making the art and culture programs titled \u201cFilm \u00d6n\u00fc \/ Film Arkas\u0131\u201d (Prefilm \/ Postfilm) on TRT2 with Mehmet A\u00e7ar, in which they review and screen examples of modern cinema. Her reviews are published on <a href=\"http:\/\/www.sanatatak.com\" rel=\"nofollow\">http:\/\/www.sanatatak.com<\/a>. She has taken part and continues to take part as a consultant and programmer in various film festivals such as \u0130stanbul Film Festival, \u0130stanbul Short Film Festival, Adana Golden Boll Film Festival, Antalya Golden Orange Film Festival, Malatya Film Festival, Aegean Films Festival (Patmos), Flying Broom Women\u2019s Films Festival, and Filmmor Women\u2019s Film Festival. She became a jury member and chairperson in numerous important film festivals in Turkey and abroad including Cannes, Berlin, Venice, Montreal and Busan. In 2012, she was elected president to S\u0130YAD (Turkish Film Critics Association), where she was invited to be a member in 1996. She resigned from presidency in 2014. Starting in 2009, she became the vice-president of FIPRESCI (International Federation of Film Critics) two terms in a row, then became the president of FIPRESCI for two terms in a row starting in 2015. Currently, she serves as the Deputy General Secretary of FIPRESCI.<\/p>\n<p style=\"text-align: center;\">Also a member of the European Film Academy, Ta\u015f\u00e7\u0131yan was granted the \u0130FSAK Cinema Award in 2001, and the Bilge Olga\u00e7 Achievement Award under the Flying Broom Women\u2019s Films Festival in 2014.<\/p>\n<\/div>\n<\/div>\n<\/div>\n<\/div>\n<\/div>\n<\/div>\n<\/div>\n<\/div>\n<\/div>\n<\/div>\n<\/div>\n<\/div>\n<\/div>\n<\/div>\n<\/div>\n<\/div>\n<\/div>\n<\/div>\n<\/div>\n<\/div>\n<\/div>\n<\/div>\n<\/div>\n<\/div>\n<\/div>\n<\/div>\n<\/div>\n<\/div>\n<\/div>\n<\/div>\n","protected":false},"excerpt":{"rendered":"<p>Film Critic Born in \u0130stanbul in 1969, Alin Ta\u015f\u00e7\u0131yan completed her secondary education in Beyo\u011flu Anatolian High School (1980-1987) and her higher education in the \u0130stanbul University, School of Press and Broadcasting, Journalism and Public Relations Department (1987- 1991). She started to work in the Milliyet Sanat Dergisi (Milliyet Art Review) and in the Art [&hellip;]<\/p>\n","protected":false},"author":1,"featured_media":0,"parent":0,"menu_order":0,"comment_status":"closed","ping_status":"closed","template":"","meta":{"footnotes":""},"class_list":["post-8393","page","type-page","status-publish","hentry"],"yoast_head":"<!-- This site is optimized with the Yoast SEO plugin v27.2 - https:\/\/yoast.com\/product\/yoast-seo-wordpress\/ -->\n<title>Alin Ta\u015fc\u0131yan - TRT 12 Punto<\/title>\n<meta name=\"robots\" content=\"index, follow, max-snippet:-1, max-image-preview:large, max-video-preview:-1\" \/>\n<link rel=\"canonical\" href=\"https:\/\/trt12punto.com\/alin-tasciyan-2\/\" \/>\n<meta property=\"og:locale\" content=\"en_US\" \/>\n<meta property=\"og:type\" content=\"article\" \/>\n<meta property=\"og:title\" content=\"Alin Ta\u015fc\u0131yan - TRT 12 Punto\" \/>\n<meta property=\"og:description\" content=\"Film Critic Born in \u0130stanbul in 1969, Alin Ta\u015f\u00e7\u0131yan completed her secondary education in Beyo\u011flu Anatolian High School (1980-1987) and her higher education in the \u0130stanbul University, School of Press and Broadcasting, Journalism and Public Relations Department (1987- 1991). She started to work in the Milliyet Sanat Dergisi (Milliyet Art Review) and in the Art [&hellip;]\" \/>\n<meta property=\"og:url\" content=\"https:\/\/trt12punto.com\/alin-tasciyan-2\/\" \/>\n<meta property=\"og:site_name\" content=\"TRT 12 Punto\" \/>\n<meta property=\"article:modified_time\" content=\"2022-01-08T15:50:27+00:00\" \/>\n<meta property=\"og:image\" content=\"https:\/\/trt12punto.com\/wp-content\/uploads\/2021\/07\/resim_2021-07-16_161147-216x300.png\" \/>\n<meta name=\"twitter:card\" content=\"summary_large_image\" \/>\n<meta name=\"twitter:label1\" content=\"Est. reading time\" \/>\n\t<meta name=\"twitter:data1\" content=\"2 minutes\" \/>\n<script type=\"application\/ld+json\" class=\"yoast-schema-graph\">{\"@context\":\"https:\/\/schema.org\",\"@graph\":[{\"@type\":\"WebPage\",\"@id\":\"https:\/\/trt12punto.com\/alin-tasciyan-2\/\",\"url\":\"https:\/\/trt12punto.com\/alin-tasciyan-2\/\",\"name\":\"Alin Ta\u015fc\u0131yan - TRT 12 Punto\",\"isPartOf\":{\"@id\":\"https:\/\/trt12punto.com\/#website\"},\"primaryImageOfPage\":{\"@id\":\"https:\/\/trt12punto.com\/alin-tasciyan-2\/#primaryimage\"},\"image\":{\"@id\":\"https:\/\/trt12punto.com\/alin-tasciyan-2\/#primaryimage\"},\"thumbnailUrl\":\"https:\/\/trt12punto.com\/wp-content\/uploads\/2021\/07\/resim_2021-07-16_161147-216x300.png\",\"datePublished\":\"2022-01-08T15:50:25+00:00\",\"dateModified\":\"2022-01-08T15:50:27+00:00\",\"breadcrumb\":{\"@id\":\"https:\/\/trt12punto.com\/alin-tasciyan-2\/#breadcrumb\"},\"inLanguage\":\"en-US\",\"potentialAction\":[{\"@type\":\"ReadAction\",\"target\":[\"https:\/\/trt12punto.com\/alin-tasciyan-2\/\"]}]},{\"@type\":\"ImageObject\",\"inLanguage\":\"en-US\",\"@id\":\"https:\/\/trt12punto.com\/alin-tasciyan-2\/#primaryimage\",\"url\":\"https:\/\/trt12punto.com\/wp-content\/uploads\/2021\/07\/resim_2021-07-16_161147-216x300.png\",\"contentUrl\":\"https:\/\/trt12punto.com\/wp-content\/uploads\/2021\/07\/resim_2021-07-16_161147-216x300.png\"},{\"@type\":\"BreadcrumbList\",\"@id\":\"https:\/\/trt12punto.com\/alin-tasciyan-2\/#breadcrumb\",\"itemListElement\":[{\"@type\":\"ListItem\",\"position\":1,\"name\":\"Anasayfa\",\"item\":\"https:\/\/trt12punto.com\/en\/home\/\"},{\"@type\":\"ListItem\",\"position\":2,\"name\":\"Alin Ta\u015fc\u0131yan\"}]},{\"@type\":\"WebSite\",\"@id\":\"https:\/\/trt12punto.com\/#website\",\"url\":\"https:\/\/trt12punto.com\/\",\"name\":\"TRT 12 Punto\",\"description\":\"T\u00fcrkiye&#039;nin En B\u00fcy\u00fck Senaryo Geli\u015ftirme Platformu\",\"potentialAction\":[{\"@type\":\"SearchAction\",\"target\":{\"@type\":\"EntryPoint\",\"urlTemplate\":\"https:\/\/trt12punto.com\/?s={search_term_string}\"},\"query-input\":{\"@type\":\"PropertyValueSpecification\",\"valueRequired\":true,\"valueName\":\"search_term_string\"}}],\"inLanguage\":\"en-US\"}]}<\/script>\n<!-- \/ Yoast SEO plugin. -->","yoast_head_json":{"title":"Alin Ta\u015fc\u0131yan - TRT 12 Punto","robots":{"index":"index","follow":"follow","max-snippet":"max-snippet:-1","max-image-preview":"max-image-preview:large","max-video-preview":"max-video-preview:-1"},"canonical":"https:\/\/trt12punto.com\/alin-tasciyan-2\/","og_locale":"en_US","og_type":"article","og_title":"Alin Ta\u015fc\u0131yan - TRT 12 Punto","og_description":"Film Critic Born in \u0130stanbul in 1969, Alin Ta\u015f\u00e7\u0131yan completed her secondary education in Beyo\u011flu Anatolian High School (1980-1987) and her higher education in the \u0130stanbul University, School of Press and Broadcasting, Journalism and Public Relations Department (1987- 1991). She started to work in the Milliyet Sanat Dergisi (Milliyet Art Review) and in the Art [&hellip;]","og_url":"https:\/\/trt12punto.com\/alin-tasciyan-2\/","og_site_name":"TRT 12 Punto","article_modified_time":"2022-01-08T15:50:27+00:00","og_image":[{"url":"https:\/\/trt12punto.com\/wp-content\/uploads\/2021\/07\/resim_2021-07-16_161147-216x300.png","type":"","width":"","height":""}],"twitter_card":"summary_large_image","twitter_misc":{"Est. reading time":"2 minutes"},"schema":{"@context":"https:\/\/schema.org","@graph":[{"@type":"WebPage","@id":"https:\/\/trt12punto.com\/alin-tasciyan-2\/","url":"https:\/\/trt12punto.com\/alin-tasciyan-2\/","name":"Alin Ta\u015fc\u0131yan - TRT 12 Punto","isPartOf":{"@id":"https:\/\/trt12punto.com\/#website"},"primaryImageOfPage":{"@id":"https:\/\/trt12punto.com\/alin-tasciyan-2\/#primaryimage"},"image":{"@id":"https:\/\/trt12punto.com\/alin-tasciyan-2\/#primaryimage"},"thumbnailUrl":"https:\/\/trt12punto.com\/wp-content\/uploads\/2021\/07\/resim_2021-07-16_161147-216x300.png","datePublished":"2022-01-08T15:50:25+00:00","dateModified":"2022-01-08T15:50:27+00:00","breadcrumb":{"@id":"https:\/\/trt12punto.com\/alin-tasciyan-2\/#breadcrumb"},"inLanguage":"en-US","potentialAction":[{"@type":"ReadAction","target":["https:\/\/trt12punto.com\/alin-tasciyan-2\/"]}]},{"@type":"ImageObject","inLanguage":"en-US","@id":"https:\/\/trt12punto.com\/alin-tasciyan-2\/#primaryimage","url":"https:\/\/trt12punto.com\/wp-content\/uploads\/2021\/07\/resim_2021-07-16_161147-216x300.png","contentUrl":"https:\/\/trt12punto.com\/wp-content\/uploads\/2021\/07\/resim_2021-07-16_161147-216x300.png"},{"@type":"BreadcrumbList","@id":"https:\/\/trt12punto.com\/alin-tasciyan-2\/#breadcrumb","itemListElement":[{"@type":"ListItem","position":1,"name":"Anasayfa","item":"https:\/\/trt12punto.com\/en\/home\/"},{"@type":"ListItem","position":2,"name":"Alin Ta\u015fc\u0131yan"}]},{"@type":"WebSite","@id":"https:\/\/trt12punto.com\/#website","url":"https:\/\/trt12punto.com\/","name":"TRT 12 Punto","description":"T\u00fcrkiye&#039;nin En B\u00fcy\u00fck Senaryo Geli\u015ftirme Platformu","potentialAction":[{"@type":"SearchAction","target":{"@type":"EntryPoint","urlTemplate":"https:\/\/trt12punto.com\/?s={search_term_string}"},"query-input":{"@type":"PropertyValueSpecification","valueRequired":true,"valueName":"search_term_string"}}],"inLanguage":"en-US"}]}},"jetpack_shortlink":"https:\/\/wp.me\/PgRTn7-2bn","_links":{"self":[{"href":"https:\/\/trt12punto.com\/en\/wp-json\/wp\/v2\/pages\/8393","targetHints":{"allow":["GET"]}}],"collection":[{"href":"https:\/\/trt12punto.com\/en\/wp-json\/wp\/v2\/pages"}],"about":[{"href":"https:\/\/trt12punto.com\/en\/wp-json\/wp\/v2\/types\/page"}],"author":[{"embeddable":true,"href":"https:\/\/trt12punto.com\/en\/wp-json\/wp\/v2\/users\/1"}],"replies":[{"embeddable":true,"href":"https:\/\/trt12punto.com\/en\/wp-json\/wp\/v2\/comments?post=8393"}],"version-history":[{"count":1,"href":"https:\/\/trt12punto.com\/en\/wp-json\/wp\/v2\/pages\/8393\/revisions"}],"predecessor-version":[{"id":8394,"href":"https:\/\/trt12punto.com\/en\/wp-json\/wp\/v2\/pages\/8393\/revisions\/8394"}],"wp:attachment":[{"href":"https:\/\/trt12punto.com\/en\/wp-json\/wp\/v2\/media?parent=8393"}],"curies":[{"name":"wp","href":"https:\/\/api.w.org\/{rel}","templated":true}]}}