{"id":8437,"date":"2022-01-10T15:11:16","date_gmt":"2022-01-10T12:11:16","guid":{"rendered":"https:\/\/trt12punto.com\/battal\/"},"modified":"2022-01-10T15:11:16","modified_gmt":"2022-01-10T12:11:16","slug":"battal","status":"publish","type":"page","link":"https:\/\/trt12punto.com\/en\/battal\/","title":{"rendered":"BATTAL"},"content":{"rendered":"<p><strong>CREW<\/strong><\/p>\n<p><span class=\"css-901oao css-16my406 r-poiln3 r-bcqeeo r-qvutc0\">Director: Semih G\u00fclen | Mustafa Emin B\u00fcy\u00fckco\u015fkun <\/span><span class=\"css-901oao css-16my406 r-poiln3 r-bcqeeo r-qvutc0\"> <\/span><\/p>\n<p><span class=\"css-901oao css-16my406 r-poiln3 r-bcqeeo r-qvutc0\">Scriptwriter: Semih G\u00fclen | Mustafa Emin B\u00fcy\u00fckco\u015fkun <\/span><span class=\"css-901oao css-16my406 r-poiln3 r-bcqeeo r-qvutc0\"> <\/span><\/p>\n<p><span class=\"css-901oao css-16my406 r-poiln3 r-bcqeeo r-qvutc0\">Producer: Arda \u00c7iltepe<\/span><\/p>\n<hr>\n<p><strong>SYNOPSIS<\/strong><\/p>\n<p>8th. century Anatolia ruled by Byzantine emperor III. Leo, who faces Abbasid raids and pandemic and wants to unify his people. But the nuns in Nicomedia castle monastery near Constantinopolis reject his order and decide to smuggle holy relics to the east. On the other hand, Sayyid Abdullah and his friends were assigned to capture Nicomedia in order to clean the way of the Abbasid army, but they were attacked by Byzantine soldiers and remain a few. Instead of returning to Malatya, Abdullah insists to continue their raid with the Byzantine captive, where he\u2019ll not only lose everything he has but also find things he wasn\u2019t expecting for. Looking for his name and fame Sayyid Abdullah has to decide the vital question, what could he sacrifice more to reach victory he\u2019s obsessed with?      <\/p>\n","protected":false},"excerpt":{"rendered":"<p>CREW Director: Semih G\u00fclen | Mustafa Emin B\u00fcy\u00fckco\u015fkun Scriptwriter: Semih G\u00fclen | Mustafa Emin B\u00fcy\u00fckco\u015fkun Producer: Arda \u00c7iltepe SYNOPSIS 8th. century Anatolia ruled by Byzantine emperor III. Leo, who faces Abbasid raids and pandemic and wants to unify his people. But the nuns in Nicomedia castle monastery near Constantinopolis reject his order and decide to [&hellip;]<\/p>\n","protected":false},"author":1,"featured_media":0,"parent":0,"menu_order":12,"comment_status":"closed","ping_status":"closed","template":"","meta":{"footnotes":""},"class_list":["post-8437","page","type-page","status-publish","hentry"],"yoast_head":"<!-- This site is optimized with the Yoast SEO plugin v27.2 - https:\/\/yoast.com\/product\/yoast-seo-wordpress\/ -->\n<title>BATTAL - TRT 12 Punto<\/title>\n<meta name=\"robots\" content=\"index, follow, max-snippet:-1, max-image-preview:large, max-video-preview:-1\" \/>\n<link rel=\"canonical\" href=\"https:\/\/trt12punto.com\/battal\/\" \/>\n<meta property=\"og:locale\" content=\"en_US\" \/>\n<meta property=\"og:type\" content=\"article\" \/>\n<meta property=\"og:title\" content=\"BATTAL - TRT 12 Punto\" \/>\n<meta property=\"og:description\" content=\"CREW Director: Semih G\u00fclen | Mustafa Emin B\u00fcy\u00fckco\u015fkun Scriptwriter: Semih G\u00fclen | Mustafa Emin B\u00fcy\u00fckco\u015fkun Producer: Arda \u00c7iltepe SYNOPSIS 8th. century Anatolia ruled by Byzantine emperor III. Leo, who faces Abbasid raids and pandemic and wants to unify his people. But the nuns in Nicomedia castle monastery near Constantinopolis reject his order and decide to [&hellip;]\" \/>\n<meta property=\"og:url\" content=\"https:\/\/trt12punto.com\/battal\/\" \/>\n<meta property=\"og:site_name\" content=\"TRT 12 Punto\" \/>\n<meta name=\"twitter:card\" content=\"summary_large_image\" \/>\n<meta name=\"twitter:label1\" content=\"Est. reading time\" \/>\n\t<meta name=\"twitter:data1\" content=\"1 minute\" \/>\n<script type=\"application\/ld+json\" class=\"yoast-schema-graph\">{\"@context\":\"https:\/\/schema.org\",\"@graph\":[{\"@type\":\"WebPage\",\"@id\":\"https:\/\/trt12punto.com\/battal\/\",\"url\":\"https:\/\/trt12punto.com\/battal\/\",\"name\":\"BATTAL - TRT 12 Punto\",\"isPartOf\":{\"@id\":\"https:\/\/trt12punto.com\/#website\"},\"datePublished\":\"2022-01-10T12:11:16+00:00\",\"breadcrumb\":{\"@id\":\"https:\/\/trt12punto.com\/battal\/#breadcrumb\"},\"inLanguage\":\"en-US\",\"potentialAction\":[{\"@type\":\"ReadAction\",\"target\":[\"https:\/\/trt12punto.com\/battal\/\"]}]},{\"@type\":\"BreadcrumbList\",\"@id\":\"https:\/\/trt12punto.com\/battal\/#breadcrumb\",\"itemListElement\":[{\"@type\":\"ListItem\",\"position\":1,\"name\":\"Anasayfa\",\"item\":\"https:\/\/trt12punto.com\/en\/home\/\"},{\"@type\":\"ListItem\",\"position\":2,\"name\":\"BATTAL\"}]},{\"@type\":\"WebSite\",\"@id\":\"https:\/\/trt12punto.com\/#website\",\"url\":\"https:\/\/trt12punto.com\/\",\"name\":\"TRT 12 Punto\",\"description\":\"T\u00fcrkiye&#039;nin En B\u00fcy\u00fck Senaryo Geli\u015ftirme Platformu\",\"potentialAction\":[{\"@type\":\"SearchAction\",\"target\":{\"@type\":\"EntryPoint\",\"urlTemplate\":\"https:\/\/trt12punto.com\/?s={search_term_string}\"},\"query-input\":{\"@type\":\"PropertyValueSpecification\",\"valueRequired\":true,\"valueName\":\"search_term_string\"}}],\"inLanguage\":\"en-US\"}]}<\/script>\n<!-- \/ Yoast SEO plugin. -->","yoast_head_json":{"title":"BATTAL - TRT 12 Punto","robots":{"index":"index","follow":"follow","max-snippet":"max-snippet:-1","max-image-preview":"max-image-preview:large","max-video-preview":"max-video-preview:-1"},"canonical":"https:\/\/trt12punto.com\/battal\/","og_locale":"en_US","og_type":"article","og_title":"BATTAL - TRT 12 Punto","og_description":"CREW Director: Semih G\u00fclen | Mustafa Emin B\u00fcy\u00fckco\u015fkun Scriptwriter: Semih G\u00fclen | Mustafa Emin B\u00fcy\u00fckco\u015fkun Producer: Arda \u00c7iltepe SYNOPSIS 8th. century Anatolia ruled by Byzantine emperor III. Leo, who faces Abbasid raids and pandemic and wants to unify his people. But the nuns in Nicomedia castle monastery near Constantinopolis reject his order and decide to [&hellip;]","og_url":"https:\/\/trt12punto.com\/battal\/","og_site_name":"TRT 12 Punto","twitter_card":"summary_large_image","twitter_misc":{"Est. reading time":"1 minute"},"schema":{"@context":"https:\/\/schema.org","@graph":[{"@type":"WebPage","@id":"https:\/\/trt12punto.com\/battal\/","url":"https:\/\/trt12punto.com\/battal\/","name":"BATTAL - TRT 12 Punto","isPartOf":{"@id":"https:\/\/trt12punto.com\/#website"},"datePublished":"2022-01-10T12:11:16+00:00","breadcrumb":{"@id":"https:\/\/trt12punto.com\/battal\/#breadcrumb"},"inLanguage":"en-US","potentialAction":[{"@type":"ReadAction","target":["https:\/\/trt12punto.com\/battal\/"]}]},{"@type":"BreadcrumbList","@id":"https:\/\/trt12punto.com\/battal\/#breadcrumb","itemListElement":[{"@type":"ListItem","position":1,"name":"Anasayfa","item":"https:\/\/trt12punto.com\/en\/home\/"},{"@type":"ListItem","position":2,"name":"BATTAL"}]},{"@type":"WebSite","@id":"https:\/\/trt12punto.com\/#website","url":"https:\/\/trt12punto.com\/","name":"TRT 12 Punto","description":"T\u00fcrkiye&#039;nin En B\u00fcy\u00fck Senaryo Geli\u015ftirme Platformu","potentialAction":[{"@type":"SearchAction","target":{"@type":"EntryPoint","urlTemplate":"https:\/\/trt12punto.com\/?s={search_term_string}"},"query-input":{"@type":"PropertyValueSpecification","valueRequired":true,"valueName":"search_term_string"}}],"inLanguage":"en-US"}]}},"jetpack_shortlink":"https:\/\/wp.me\/PgRTn7-2c5","_links":{"self":[{"href":"https:\/\/trt12punto.com\/en\/wp-json\/wp\/v2\/pages\/8437","targetHints":{"allow":["GET"]}}],"collection":[{"href":"https:\/\/trt12punto.com\/en\/wp-json\/wp\/v2\/pages"}],"about":[{"href":"https:\/\/trt12punto.com\/en\/wp-json\/wp\/v2\/types\/page"}],"author":[{"embeddable":true,"href":"https:\/\/trt12punto.com\/en\/wp-json\/wp\/v2\/users\/1"}],"replies":[{"embeddable":true,"href":"https:\/\/trt12punto.com\/en\/wp-json\/wp\/v2\/comments?post=8437"}],"version-history":[{"count":0,"href":"https:\/\/trt12punto.com\/en\/wp-json\/wp\/v2\/pages\/8437\/revisions"}],"wp:attachment":[{"href":"https:\/\/trt12punto.com\/en\/wp-json\/wp\/v2\/media?parent=8437"}],"curies":[{"name":"wp","href":"https:\/\/api.w.org\/{rel}","templated":true}]}}