{"id":8587,"date":"2022-01-11T19:33:16","date_gmt":"2022-01-11T16:33:16","guid":{"rendered":"https:\/\/trt12punto.com\/hesitation-wound\/"},"modified":"2022-01-11T19:35:25","modified_gmt":"2022-01-11T16:35:25","slug":"hesitation-wound","status":"publish","type":"page","link":"https:\/\/trt12punto.com\/en\/hesitation-wound\/","title":{"rendered":"HESITATION WOUND"},"content":{"rendered":"<p><strong>CREW<\/strong><\/p>\n<p><span class=\"css-901oao css-16my406 r-poiln3 r-bcqeeo r-qvutc0\">Director: Selman Nacar <\/span><span class=\"css-901oao css-16my406 r-poiln3 r-bcqeeo r-qvutc0\"> <\/span><\/p>\n<p><span class=\"css-901oao css-16my406 r-poiln3 r-bcqeeo r-qvutc0\">Scriptwriter: Selman Nacar <\/span><span class=\"css-901oao css-16my406 r-poiln3 r-bcqeeo r-qvutc0\"> <\/span><\/p>\n<p><span class=\"css-901oao css-16my406 r-poiln3 r-bcqeeo r-qvutc0\">Producer: Burak \u00c7evik | Diloy G\u00fcl\u00fcn<\/span><\/p>\n<hr>\n<p><strong>SYNOPSIS<\/strong><\/p>\n<p>Nesrin (35), a young and idealistic criminal lawyer from a small town, spends her mornings in the courthouse, and her evenings in the hospital by her mother\u2019s side who lives connected to the respirator. The film is set on the day of the verdict hearing for a murder suspect whom Nesrin labored for a long time. During the hearing, which was delayed due to the condition of the judge\u2019s sick daughter, our trust in the defendant starts to change positively. However, as soon as the hearing takes a break, Nesrin learns through her own efforts that the suspect had actually committed the crime, but that he had had a virtuous cause. Upon this, Nesrin cannot figure out how to react, feeling stuck in between law and justice. As the hearing recommences, Nesrin intends to defend the suspect. Yet, it is apparent that the judge will decide against the defendant. Upon a violent dispute between the relatives of the parties, the judge postpones the announcement of the verdict. When Nesrin goes back to the hospital, she learns that she might be of help to the unwell daughter of the judge. Nesrin finds herself in a situation in which she must make a moral choice that will affect the lives of her mother, the judge, and the accused.          <\/p>\n<p>&nbsp;<\/p>\n","protected":false},"excerpt":{"rendered":"<p>CREW Director: Selman Nacar Scriptwriter: Selman Nacar Producer: Burak \u00c7evik | Diloy G\u00fcl\u00fcn SYNOPSIS Nesrin (35), a young and idealistic criminal lawyer from a small town, spends her mornings in the courthouse, and her evenings in the hospital by her mother\u2019s side who lives connected to the respirator. The film is set on the day [&hellip;]<\/p>\n","protected":false},"author":1,"featured_media":0,"parent":0,"menu_order":2,"comment_status":"closed","ping_status":"closed","template":"","meta":{"footnotes":""},"class_list":["post-8587","page","type-page","status-publish","hentry"],"yoast_head":"<!-- This site is optimized with the Yoast SEO plugin v27.2 - https:\/\/yoast.com\/product\/yoast-seo-wordpress\/ -->\n<title>HESITATION WOUND - TRT 12 Punto<\/title>\n<meta name=\"robots\" content=\"index, follow, max-snippet:-1, max-image-preview:large, max-video-preview:-1\" \/>\n<link rel=\"canonical\" href=\"https:\/\/trt12punto.com\/tereddut-cizgisi\/\" \/>\n<meta property=\"og:locale\" content=\"en_US\" \/>\n<meta property=\"og:type\" content=\"article\" \/>\n<meta property=\"og:title\" content=\"HESITATION WOUND - TRT 12 Punto\" \/>\n<meta property=\"og:description\" content=\"CREW Director: Selman Nacar Scriptwriter: Selman Nacar Producer: Burak \u00c7evik | Diloy G\u00fcl\u00fcn SYNOPSIS Nesrin (35), a young and idealistic criminal lawyer from a small town, spends her mornings in the courthouse, and her evenings in the hospital by her mother\u2019s side who lives connected to the respirator. The film is set on the day [&hellip;]\" \/>\n<meta property=\"og:url\" content=\"https:\/\/trt12punto.com\/tereddut-cizgisi\/\" \/>\n<meta property=\"og:site_name\" content=\"TRT 12 Punto\" \/>\n<meta property=\"article:modified_time\" content=\"2022-01-11T16:35:25+00:00\" \/>\n<meta name=\"twitter:card\" content=\"summary_large_image\" \/>\n<meta name=\"twitter:label1\" content=\"Est. reading time\" \/>\n\t<meta name=\"twitter:data1\" content=\"1 minute\" \/>\n<script type=\"application\/ld+json\" class=\"yoast-schema-graph\">{\"@context\":\"https:\/\/schema.org\",\"@graph\":[{\"@type\":\"WebPage\",\"@id\":\"https:\/\/trt12punto.com\/tereddut-cizgisi\/\",\"url\":\"https:\/\/trt12punto.com\/tereddut-cizgisi\/\",\"name\":\"HESITATION WOUND - TRT 12 Punto\",\"isPartOf\":{\"@id\":\"https:\/\/trt12punto.com\/#website\"},\"datePublished\":\"2022-01-11T16:33:16+00:00\",\"dateModified\":\"2022-01-11T16:35:25+00:00\",\"breadcrumb\":{\"@id\":\"https:\/\/trt12punto.com\/tereddut-cizgisi\/#breadcrumb\"},\"inLanguage\":\"en-US\",\"potentialAction\":[{\"@type\":\"ReadAction\",\"target\":[\"https:\/\/trt12punto.com\/tereddut-cizgisi\/\"]}]},{\"@type\":\"BreadcrumbList\",\"@id\":\"https:\/\/trt12punto.com\/tereddut-cizgisi\/#breadcrumb\",\"itemListElement\":[{\"@type\":\"ListItem\",\"position\":1,\"name\":\"Anasayfa\",\"item\":\"https:\/\/trt12punto.com\/en\/home\/\"},{\"@type\":\"ListItem\",\"position\":2,\"name\":\"HESITATION WOUND\"}]},{\"@type\":\"WebSite\",\"@id\":\"https:\/\/trt12punto.com\/#website\",\"url\":\"https:\/\/trt12punto.com\/\",\"name\":\"TRT 12 Punto\",\"description\":\"T\u00fcrkiye&#039;nin En B\u00fcy\u00fck Senaryo Geli\u015ftirme Platformu\",\"potentialAction\":[{\"@type\":\"SearchAction\",\"target\":{\"@type\":\"EntryPoint\",\"urlTemplate\":\"https:\/\/trt12punto.com\/?s={search_term_string}\"},\"query-input\":{\"@type\":\"PropertyValueSpecification\",\"valueRequired\":true,\"valueName\":\"search_term_string\"}}],\"inLanguage\":\"en-US\"}]}<\/script>\n<!-- \/ Yoast SEO plugin. -->","yoast_head_json":{"title":"HESITATION WOUND - TRT 12 Punto","robots":{"index":"index","follow":"follow","max-snippet":"max-snippet:-1","max-image-preview":"max-image-preview:large","max-video-preview":"max-video-preview:-1"},"canonical":"https:\/\/trt12punto.com\/tereddut-cizgisi\/","og_locale":"en_US","og_type":"article","og_title":"HESITATION WOUND - TRT 12 Punto","og_description":"CREW Director: Selman Nacar Scriptwriter: Selman Nacar Producer: Burak \u00c7evik | Diloy G\u00fcl\u00fcn SYNOPSIS Nesrin (35), a young and idealistic criminal lawyer from a small town, spends her mornings in the courthouse, and her evenings in the hospital by her mother\u2019s side who lives connected to the respirator. The film is set on the day [&hellip;]","og_url":"https:\/\/trt12punto.com\/tereddut-cizgisi\/","og_site_name":"TRT 12 Punto","article_modified_time":"2022-01-11T16:35:25+00:00","twitter_card":"summary_large_image","twitter_misc":{"Est. reading time":"1 minute"},"schema":{"@context":"https:\/\/schema.org","@graph":[{"@type":"WebPage","@id":"https:\/\/trt12punto.com\/tereddut-cizgisi\/","url":"https:\/\/trt12punto.com\/tereddut-cizgisi\/","name":"HESITATION WOUND - TRT 12 Punto","isPartOf":{"@id":"https:\/\/trt12punto.com\/#website"},"datePublished":"2022-01-11T16:33:16+00:00","dateModified":"2022-01-11T16:35:25+00:00","breadcrumb":{"@id":"https:\/\/trt12punto.com\/tereddut-cizgisi\/#breadcrumb"},"inLanguage":"en-US","potentialAction":[{"@type":"ReadAction","target":["https:\/\/trt12punto.com\/tereddut-cizgisi\/"]}]},{"@type":"BreadcrumbList","@id":"https:\/\/trt12punto.com\/tereddut-cizgisi\/#breadcrumb","itemListElement":[{"@type":"ListItem","position":1,"name":"Anasayfa","item":"https:\/\/trt12punto.com\/en\/home\/"},{"@type":"ListItem","position":2,"name":"HESITATION WOUND"}]},{"@type":"WebSite","@id":"https:\/\/trt12punto.com\/#website","url":"https:\/\/trt12punto.com\/","name":"TRT 12 Punto","description":"T\u00fcrkiye&#039;nin En B\u00fcy\u00fck Senaryo Geli\u015ftirme Platformu","potentialAction":[{"@type":"SearchAction","target":{"@type":"EntryPoint","urlTemplate":"https:\/\/trt12punto.com\/?s={search_term_string}"},"query-input":{"@type":"PropertyValueSpecification","valueRequired":true,"valueName":"search_term_string"}}],"inLanguage":"en-US"}]}},"jetpack_shortlink":"https:\/\/wp.me\/PgRTn7-2ev","_links":{"self":[{"href":"https:\/\/trt12punto.com\/en\/wp-json\/wp\/v2\/pages\/8587","targetHints":{"allow":["GET"]}}],"collection":[{"href":"https:\/\/trt12punto.com\/en\/wp-json\/wp\/v2\/pages"}],"about":[{"href":"https:\/\/trt12punto.com\/en\/wp-json\/wp\/v2\/types\/page"}],"author":[{"embeddable":true,"href":"https:\/\/trt12punto.com\/en\/wp-json\/wp\/v2\/users\/1"}],"replies":[{"embeddable":true,"href":"https:\/\/trt12punto.com\/en\/wp-json\/wp\/v2\/comments?post=8587"}],"version-history":[{"count":3,"href":"https:\/\/trt12punto.com\/en\/wp-json\/wp\/v2\/pages\/8587\/revisions"}],"predecessor-version":[{"id":8590,"href":"https:\/\/trt12punto.com\/en\/wp-json\/wp\/v2\/pages\/8587\/revisions\/8590"}],"wp:attachment":[{"href":"https:\/\/trt12punto.com\/en\/wp-json\/wp\/v2\/media?parent=8587"}],"curies":[{"name":"wp","href":"https:\/\/api.w.org\/{rel}","templated":true}]}}