{"id":8684,"date":"2022-01-11T22:19:57","date_gmt":"2022-01-11T19:19:57","guid":{"rendered":"https:\/\/trt12punto.com\/together-alone\/"},"modified":"2022-01-11T22:19:57","modified_gmt":"2022-01-11T19:19:57","slug":"together-alone","status":"publish","type":"page","link":"https:\/\/trt12punto.com\/en\/together-alone\/","title":{"rendered":"TOGETHER, ALONE"},"content":{"rendered":"<div class=\"page\" title=\"Page 50\">\n<div class=\"section\">\n<div class=\"layoutArea\">\n<div class=\"column\">\n<p>Director: Kas\u0131m \u00d6rdek<\/p>\n<p>Producer: Hayrullah G\u00fcrcan Erdemir, Karim Aitouna<\/p>\n<p>Scriptwriter: Kas\u0131m \u00d6rdek<\/p>\n<\/div>\n<\/div>\n<\/div>\n<\/div>\n<hr>\n<p><strong>SYNOPSIS<\/strong><\/p>\n<div class=\"page\" title=\"Page 50\">\n<div class=\"section\">\n<div class=\"layoutArea\">\n<div class=\"column\">\n<p>A young couple lives in the suburbs of Istanbul. They love each other passionately and hold on to one another tightly despite the hardships of life. Stealing cars is how they survive. But one day as they attempt to steal \u2018\u2019another car again\u2019\u2019 they are confronted with a very unexpected surprise.   <\/p>\n<\/div>\n<\/div>\n<\/div>\n<\/div>\n","protected":false},"excerpt":{"rendered":"<p>Director: Kas\u0131m \u00d6rdek Producer: Hayrullah G\u00fcrcan Erdemir, Karim Aitouna Scriptwriter: Kas\u0131m \u00d6rdek SYNOPSIS A young couple lives in the suburbs of Istanbul. They love each other passionately and hold on to one another tightly despite the hardships of life. Stealing cars is how they survive. But one day as they attempt to steal \u2018\u2019another car [&hellip;]<\/p>\n","protected":false},"author":1,"featured_media":0,"parent":0,"menu_order":169,"comment_status":"closed","ping_status":"closed","template":"","meta":{"footnotes":""},"class_list":["post-8684","page","type-page","status-publish","hentry"],"yoast_head":"<!-- This site is optimized with the Yoast SEO plugin v27.2 - https:\/\/yoast.com\/product\/yoast-seo-wordpress\/ -->\n<title>TOGETHER, ALONE - TRT 12 Punto<\/title>\n<meta name=\"robots\" content=\"index, follow, max-snippet:-1, max-image-preview:large, max-video-preview:-1\" \/>\n<link rel=\"canonical\" href=\"https:\/\/trt12punto.com\/birlikte-yalniz\/\" \/>\n<meta property=\"og:locale\" content=\"en_US\" \/>\n<meta property=\"og:type\" content=\"article\" \/>\n<meta property=\"og:title\" content=\"TOGETHER, ALONE - TRT 12 Punto\" \/>\n<meta property=\"og:description\" content=\"Director: Kas\u0131m \u00d6rdek Producer: Hayrullah G\u00fcrcan Erdemir, Karim Aitouna Scriptwriter: Kas\u0131m \u00d6rdek SYNOPSIS A young couple lives in the suburbs of Istanbul. They love each other passionately and hold on to one another tightly despite the hardships of life. Stealing cars is how they survive. But one day as they attempt to steal \u2018\u2019another car [&hellip;]\" \/>\n<meta property=\"og:url\" content=\"https:\/\/trt12punto.com\/birlikte-yalniz\/\" \/>\n<meta property=\"og:site_name\" content=\"TRT 12 Punto\" \/>\n<meta name=\"twitter:card\" content=\"summary_large_image\" \/>\n<script type=\"application\/ld+json\" class=\"yoast-schema-graph\">{\"@context\":\"https:\/\/schema.org\",\"@graph\":[{\"@type\":\"WebPage\",\"@id\":\"https:\/\/trt12punto.com\/birlikte-yalniz\/\",\"url\":\"https:\/\/trt12punto.com\/birlikte-yalniz\/\",\"name\":\"TOGETHER, ALONE - TRT 12 Punto\",\"isPartOf\":{\"@id\":\"https:\/\/trt12punto.com\/#website\"},\"datePublished\":\"2022-01-11T19:19:57+00:00\",\"breadcrumb\":{\"@id\":\"https:\/\/trt12punto.com\/birlikte-yalniz\/#breadcrumb\"},\"inLanguage\":\"en-US\",\"potentialAction\":[{\"@type\":\"ReadAction\",\"target\":[\"https:\/\/trt12punto.com\/birlikte-yalniz\/\"]}]},{\"@type\":\"BreadcrumbList\",\"@id\":\"https:\/\/trt12punto.com\/birlikte-yalniz\/#breadcrumb\",\"itemListElement\":[{\"@type\":\"ListItem\",\"position\":1,\"name\":\"Anasayfa\",\"item\":\"https:\/\/trt12punto.com\/en\/home\/\"},{\"@type\":\"ListItem\",\"position\":2,\"name\":\"TOGETHER, ALONE\"}]},{\"@type\":\"WebSite\",\"@id\":\"https:\/\/trt12punto.com\/#website\",\"url\":\"https:\/\/trt12punto.com\/\",\"name\":\"TRT 12 Punto\",\"description\":\"T\u00fcrkiye&#039;nin En B\u00fcy\u00fck Senaryo Geli\u015ftirme Platformu\",\"potentialAction\":[{\"@type\":\"SearchAction\",\"target\":{\"@type\":\"EntryPoint\",\"urlTemplate\":\"https:\/\/trt12punto.com\/?s={search_term_string}\"},\"query-input\":{\"@type\":\"PropertyValueSpecification\",\"valueRequired\":true,\"valueName\":\"search_term_string\"}}],\"inLanguage\":\"en-US\"}]}<\/script>\n<!-- \/ Yoast SEO plugin. -->","yoast_head_json":{"title":"TOGETHER, ALONE - TRT 12 Punto","robots":{"index":"index","follow":"follow","max-snippet":"max-snippet:-1","max-image-preview":"max-image-preview:large","max-video-preview":"max-video-preview:-1"},"canonical":"https:\/\/trt12punto.com\/birlikte-yalniz\/","og_locale":"en_US","og_type":"article","og_title":"TOGETHER, ALONE - TRT 12 Punto","og_description":"Director: Kas\u0131m \u00d6rdek Producer: Hayrullah G\u00fcrcan Erdemir, Karim Aitouna Scriptwriter: Kas\u0131m \u00d6rdek SYNOPSIS A young couple lives in the suburbs of Istanbul. They love each other passionately and hold on to one another tightly despite the hardships of life. Stealing cars is how they survive. But one day as they attempt to steal \u2018\u2019another car [&hellip;]","og_url":"https:\/\/trt12punto.com\/birlikte-yalniz\/","og_site_name":"TRT 12 Punto","twitter_card":"summary_large_image","schema":{"@context":"https:\/\/schema.org","@graph":[{"@type":"WebPage","@id":"https:\/\/trt12punto.com\/birlikte-yalniz\/","url":"https:\/\/trt12punto.com\/birlikte-yalniz\/","name":"TOGETHER, ALONE - TRT 12 Punto","isPartOf":{"@id":"https:\/\/trt12punto.com\/#website"},"datePublished":"2022-01-11T19:19:57+00:00","breadcrumb":{"@id":"https:\/\/trt12punto.com\/birlikte-yalniz\/#breadcrumb"},"inLanguage":"en-US","potentialAction":[{"@type":"ReadAction","target":["https:\/\/trt12punto.com\/birlikte-yalniz\/"]}]},{"@type":"BreadcrumbList","@id":"https:\/\/trt12punto.com\/birlikte-yalniz\/#breadcrumb","itemListElement":[{"@type":"ListItem","position":1,"name":"Anasayfa","item":"https:\/\/trt12punto.com\/en\/home\/"},{"@type":"ListItem","position":2,"name":"TOGETHER, ALONE"}]},{"@type":"WebSite","@id":"https:\/\/trt12punto.com\/#website","url":"https:\/\/trt12punto.com\/","name":"TRT 12 Punto","description":"T\u00fcrkiye&#039;nin En B\u00fcy\u00fck Senaryo Geli\u015ftirme Platformu","potentialAction":[{"@type":"SearchAction","target":{"@type":"EntryPoint","urlTemplate":"https:\/\/trt12punto.com\/?s={search_term_string}"},"query-input":{"@type":"PropertyValueSpecification","valueRequired":true,"valueName":"search_term_string"}}],"inLanguage":"en-US"}]}},"jetpack_shortlink":"https:\/\/wp.me\/PgRTn7-2g4","_links":{"self":[{"href":"https:\/\/trt12punto.com\/en\/wp-json\/wp\/v2\/pages\/8684","targetHints":{"allow":["GET"]}}],"collection":[{"href":"https:\/\/trt12punto.com\/en\/wp-json\/wp\/v2\/pages"}],"about":[{"href":"https:\/\/trt12punto.com\/en\/wp-json\/wp\/v2\/types\/page"}],"author":[{"embeddable":true,"href":"https:\/\/trt12punto.com\/en\/wp-json\/wp\/v2\/users\/1"}],"replies":[{"embeddable":true,"href":"https:\/\/trt12punto.com\/en\/wp-json\/wp\/v2\/comments?post=8684"}],"version-history":[{"count":0,"href":"https:\/\/trt12punto.com\/en\/wp-json\/wp\/v2\/pages\/8684\/revisions"}],"wp:attachment":[{"href":"https:\/\/trt12punto.com\/en\/wp-json\/wp\/v2\/media?parent=8684"}],"curies":[{"name":"wp","href":"https:\/\/api.w.org\/{rel}","templated":true}]}}