{"id":8689,"date":"2022-01-11T22:23:22","date_gmt":"2022-01-11T19:23:22","guid":{"rendered":"https:\/\/trt12punto.com\/music-and-me\/"},"modified":"2022-01-11T22:23:22","modified_gmt":"2022-01-11T19:23:22","slug":"music-and-me","status":"publish","type":"page","link":"https:\/\/trt12punto.com\/en\/music-and-me\/","title":{"rendered":"MUSIC and \u201cME\u201d"},"content":{"rendered":"<div class=\"page\" title=\"Page 50\">\n<div class=\"section\">\n<div class=\"layoutArea\">\n<div class=\"column\">\n<p>Director: Gamze Sar\u0131koca<\/p>\n<p>Producer: Gamze Sar\u0131koca<\/p>\n<p>Scriptwriter: Gamze Sar\u0131koca<\/p>\n<\/div>\n<\/div>\n<\/div>\n<\/div>\n<hr>\n<p><strong>SYNOPSIS<\/strong><\/p>\n<div class=\"page\" title=\"Page 50\">\n<div class=\"section\">\n<div class=\"layoutArea\">\n<div class=\"column\">\n<p>Name, who is passionately attached to music is extremely sensitive to the sounds, images, and people within the life. She is a lonely and melancholic woman who struggles to follow her dreams. When she turns forty, she feels herself at a critical juncture with no return: she becomes stuck between getting married, having children, and continuing her job in the city, or settling in a town in a coast and living her life by writing lyrics as she dreamed of. While she feels the social acceptances, her mother\u2019s expectations, the roles that were attributed to her and the hormonal pressure deeply, she is extremely terrified of making a choice and facing the consequences of that choice. Because, when she comes out of all the roles, she is not sure \u201cwho\u201d she is and what she wants. Just at this point, life gives her a big chance. However, she pays this with the diagnosis of schizophrenia. Name starts a surreal journey in her life portrait among different notes, accompanied by the lyrics of B\u00fclent Orta\u00e7gil, whom she loves very much.       <\/p>\n<\/div>\n<\/div>\n<\/div>\n<\/div>\n","protected":false},"excerpt":{"rendered":"<p>Director: Gamze Sar\u0131koca Producer: Gamze Sar\u0131koca Scriptwriter: Gamze Sar\u0131koca SYNOPSIS Name, who is passionately attached to music is extremely sensitive to the sounds, images, and people within the life. She is a lonely and melancholic woman who struggles to follow her dreams. When she turns forty, she feels herself at a critical juncture with no [&hellip;]<\/p>\n","protected":false},"author":1,"featured_media":0,"parent":0,"menu_order":169,"comment_status":"closed","ping_status":"closed","template":"","meta":{"footnotes":""},"class_list":["post-8689","page","type-page","status-publish","hentry"],"yoast_head":"<!-- This site is optimized with the Yoast SEO plugin v27.2 - https:\/\/yoast.com\/product\/yoast-seo-wordpress\/ -->\n<title>MUSIC and \u201cME\u201d - TRT 12 Punto<\/title>\n<meta name=\"robots\" content=\"index, follow, max-snippet:-1, max-image-preview:large, max-video-preview:-1\" \/>\n<link rel=\"canonical\" href=\"https:\/\/trt12punto.com\/muzik-ve-ben\/\" \/>\n<meta property=\"og:locale\" content=\"en_US\" \/>\n<meta property=\"og:type\" content=\"article\" \/>\n<meta property=\"og:title\" content=\"MUSIC and \u201cME\u201d - TRT 12 Punto\" \/>\n<meta property=\"og:description\" content=\"Director: Gamze Sar\u0131koca Producer: Gamze Sar\u0131koca Scriptwriter: Gamze Sar\u0131koca SYNOPSIS Name, who is passionately attached to music is extremely sensitive to the sounds, images, and people within the life. She is a lonely and melancholic woman who struggles to follow her dreams. When she turns forty, she feels herself at a critical juncture with no [&hellip;]\" \/>\n<meta property=\"og:url\" content=\"https:\/\/trt12punto.com\/muzik-ve-ben\/\" \/>\n<meta property=\"og:site_name\" content=\"TRT 12 Punto\" \/>\n<meta name=\"twitter:card\" content=\"summary_large_image\" \/>\n<meta name=\"twitter:label1\" content=\"Est. reading time\" \/>\n\t<meta name=\"twitter:data1\" content=\"1 minute\" \/>\n<script type=\"application\/ld+json\" class=\"yoast-schema-graph\">{\"@context\":\"https:\/\/schema.org\",\"@graph\":[{\"@type\":\"WebPage\",\"@id\":\"https:\/\/trt12punto.com\/muzik-ve-ben\/\",\"url\":\"https:\/\/trt12punto.com\/muzik-ve-ben\/\",\"name\":\"MUSIC and \u201cME\u201d - TRT 12 Punto\",\"isPartOf\":{\"@id\":\"https:\/\/trt12punto.com\/#website\"},\"datePublished\":\"2022-01-11T19:23:22+00:00\",\"breadcrumb\":{\"@id\":\"https:\/\/trt12punto.com\/muzik-ve-ben\/#breadcrumb\"},\"inLanguage\":\"en-US\",\"potentialAction\":[{\"@type\":\"ReadAction\",\"target\":[\"https:\/\/trt12punto.com\/muzik-ve-ben\/\"]}]},{\"@type\":\"BreadcrumbList\",\"@id\":\"https:\/\/trt12punto.com\/muzik-ve-ben\/#breadcrumb\",\"itemListElement\":[{\"@type\":\"ListItem\",\"position\":1,\"name\":\"Anasayfa\",\"item\":\"https:\/\/trt12punto.com\/en\/home\/\"},{\"@type\":\"ListItem\",\"position\":2,\"name\":\"MUSIC and \u201cME\u201d\"}]},{\"@type\":\"WebSite\",\"@id\":\"https:\/\/trt12punto.com\/#website\",\"url\":\"https:\/\/trt12punto.com\/\",\"name\":\"TRT 12 Punto\",\"description\":\"T\u00fcrkiye&#039;nin En B\u00fcy\u00fck Senaryo Geli\u015ftirme Platformu\",\"potentialAction\":[{\"@type\":\"SearchAction\",\"target\":{\"@type\":\"EntryPoint\",\"urlTemplate\":\"https:\/\/trt12punto.com\/?s={search_term_string}\"},\"query-input\":{\"@type\":\"PropertyValueSpecification\",\"valueRequired\":true,\"valueName\":\"search_term_string\"}}],\"inLanguage\":\"en-US\"}]}<\/script>\n<!-- \/ Yoast SEO plugin. -->","yoast_head_json":{"title":"MUSIC and \u201cME\u201d - TRT 12 Punto","robots":{"index":"index","follow":"follow","max-snippet":"max-snippet:-1","max-image-preview":"max-image-preview:large","max-video-preview":"max-video-preview:-1"},"canonical":"https:\/\/trt12punto.com\/muzik-ve-ben\/","og_locale":"en_US","og_type":"article","og_title":"MUSIC and \u201cME\u201d - TRT 12 Punto","og_description":"Director: Gamze Sar\u0131koca Producer: Gamze Sar\u0131koca Scriptwriter: Gamze Sar\u0131koca SYNOPSIS Name, who is passionately attached to music is extremely sensitive to the sounds, images, and people within the life. She is a lonely and melancholic woman who struggles to follow her dreams. When she turns forty, she feels herself at a critical juncture with no [&hellip;]","og_url":"https:\/\/trt12punto.com\/muzik-ve-ben\/","og_site_name":"TRT 12 Punto","twitter_card":"summary_large_image","twitter_misc":{"Est. reading time":"1 minute"},"schema":{"@context":"https:\/\/schema.org","@graph":[{"@type":"WebPage","@id":"https:\/\/trt12punto.com\/muzik-ve-ben\/","url":"https:\/\/trt12punto.com\/muzik-ve-ben\/","name":"MUSIC and \u201cME\u201d - TRT 12 Punto","isPartOf":{"@id":"https:\/\/trt12punto.com\/#website"},"datePublished":"2022-01-11T19:23:22+00:00","breadcrumb":{"@id":"https:\/\/trt12punto.com\/muzik-ve-ben\/#breadcrumb"},"inLanguage":"en-US","potentialAction":[{"@type":"ReadAction","target":["https:\/\/trt12punto.com\/muzik-ve-ben\/"]}]},{"@type":"BreadcrumbList","@id":"https:\/\/trt12punto.com\/muzik-ve-ben\/#breadcrumb","itemListElement":[{"@type":"ListItem","position":1,"name":"Anasayfa","item":"https:\/\/trt12punto.com\/en\/home\/"},{"@type":"ListItem","position":2,"name":"MUSIC and \u201cME\u201d"}]},{"@type":"WebSite","@id":"https:\/\/trt12punto.com\/#website","url":"https:\/\/trt12punto.com\/","name":"TRT 12 Punto","description":"T\u00fcrkiye&#039;nin En B\u00fcy\u00fck Senaryo Geli\u015ftirme Platformu","potentialAction":[{"@type":"SearchAction","target":{"@type":"EntryPoint","urlTemplate":"https:\/\/trt12punto.com\/?s={search_term_string}"},"query-input":{"@type":"PropertyValueSpecification","valueRequired":true,"valueName":"search_term_string"}}],"inLanguage":"en-US"}]}},"jetpack_shortlink":"https:\/\/wp.me\/PgRTn7-2g9","_links":{"self":[{"href":"https:\/\/trt12punto.com\/en\/wp-json\/wp\/v2\/pages\/8689","targetHints":{"allow":["GET"]}}],"collection":[{"href":"https:\/\/trt12punto.com\/en\/wp-json\/wp\/v2\/pages"}],"about":[{"href":"https:\/\/trt12punto.com\/en\/wp-json\/wp\/v2\/types\/page"}],"author":[{"embeddable":true,"href":"https:\/\/trt12punto.com\/en\/wp-json\/wp\/v2\/users\/1"}],"replies":[{"embeddable":true,"href":"https:\/\/trt12punto.com\/en\/wp-json\/wp\/v2\/comments?post=8689"}],"version-history":[{"count":1,"href":"https:\/\/trt12punto.com\/en\/wp-json\/wp\/v2\/pages\/8689\/revisions"}],"predecessor-version":[{"id":8690,"href":"https:\/\/trt12punto.com\/en\/wp-json\/wp\/v2\/pages\/8689\/revisions\/8690"}],"wp:attachment":[{"href":"https:\/\/trt12punto.com\/en\/wp-json\/wp\/v2\/media?parent=8689"}],"curies":[{"name":"wp","href":"https:\/\/api.w.org\/{rel}","templated":true}]}}