{"id":8692,"date":"2022-01-11T22:25:01","date_gmt":"2022-01-11T19:25:01","guid":{"rendered":"https:\/\/trt12punto.com\/rain\/"},"modified":"2022-01-11T22:25:01","modified_gmt":"2022-01-11T19:25:01","slug":"rain","status":"publish","type":"page","link":"https:\/\/trt12punto.com\/en\/rain\/","title":{"rendered":"RAIN"},"content":{"rendered":"<div class=\"page\" title=\"Page 50\">\n<div class=\"section\">\n<div class=\"layoutArea\">\n<div class=\"column\">\n<p>Director: Ramazan Ekmek\u00e7i<\/p>\n<p>Producer: Ali Atabey<\/p>\n<p>Scriptwriter: Ramazan Ekmek\u00e7i<\/p>\n<\/div>\n<\/div>\n<\/div>\n<\/div>\n<hr>\n<p><strong>SYNOPSIS<\/strong><\/p>\n<div class=\"page\" title=\"Page 50\">\n<div class=\"section\">\n<div class=\"layoutArea\">\n<div class=\"column\">\n<p>Ali is an introverted person with social phobia. He has no family. He has no one except his girlfriend Rain and his best friend Adam. Rain and Adam are in danger. And if Ali cannot find enough money, he will lose them both. He decides to commit a robbery with the suggestion of Adam. But this will be difficult for an introverted person like Ali. He is injured during the robbery and kills a security guard. He escapes from the crime scene. Ali is wounded, losing blood. But since he gets enough money, he will be able to save Rain. He calls Rain to say he has found enough money to save her. When the conversation is interrupted, things become complicated.            <\/p>\n<\/div>\n<\/div>\n<\/div>\n<\/div>\n","protected":false},"excerpt":{"rendered":"<p>Director: Ramazan Ekmek\u00e7i Producer: Ali Atabey Scriptwriter: Ramazan Ekmek\u00e7i SYNOPSIS Ali is an introverted person with social phobia. He has no family. He has no one except his girlfriend Rain and his best friend Adam. Rain and Adam are in danger. And if Ali cannot find enough money, he will lose them both. He decides [&hellip;]<\/p>\n","protected":false},"author":1,"featured_media":0,"parent":0,"menu_order":169,"comment_status":"closed","ping_status":"closed","template":"","meta":{"footnotes":""},"class_list":["post-8692","page","type-page","status-publish","hentry"],"yoast_head":"<!-- This site is optimized with the Yoast SEO plugin v27.2 - https:\/\/yoast.com\/product\/yoast-seo-wordpress\/ -->\n<title>RAIN - TRT 12 Punto<\/title>\n<meta name=\"robots\" content=\"index, follow, max-snippet:-1, max-image-preview:large, max-video-preview:-1\" \/>\n<link rel=\"canonical\" href=\"https:\/\/trt12punto.com\/yagmur\/\" \/>\n<meta property=\"og:locale\" content=\"en_US\" \/>\n<meta property=\"og:type\" content=\"article\" \/>\n<meta property=\"og:title\" content=\"RAIN - TRT 12 Punto\" \/>\n<meta property=\"og:description\" content=\"Director: Ramazan Ekmek\u00e7i Producer: Ali Atabey Scriptwriter: Ramazan Ekmek\u00e7i SYNOPSIS Ali is an introverted person with social phobia. He has no family. He has no one except his girlfriend Rain and his best friend Adam. Rain and Adam are in danger. And if Ali cannot find enough money, he will lose them both. He decides [&hellip;]\" \/>\n<meta property=\"og:url\" content=\"https:\/\/trt12punto.com\/yagmur\/\" \/>\n<meta property=\"og:site_name\" content=\"TRT 12 Punto\" \/>\n<meta name=\"twitter:card\" content=\"summary_large_image\" \/>\n<meta name=\"twitter:label1\" content=\"Est. reading time\" \/>\n\t<meta name=\"twitter:data1\" content=\"1 minute\" \/>\n<script type=\"application\/ld+json\" class=\"yoast-schema-graph\">{\"@context\":\"https:\/\/schema.org\",\"@graph\":[{\"@type\":\"WebPage\",\"@id\":\"https:\/\/trt12punto.com\/yagmur\/\",\"url\":\"https:\/\/trt12punto.com\/yagmur\/\",\"name\":\"RAIN - TRT 12 Punto\",\"isPartOf\":{\"@id\":\"https:\/\/trt12punto.com\/#website\"},\"datePublished\":\"2022-01-11T19:25:01+00:00\",\"breadcrumb\":{\"@id\":\"https:\/\/trt12punto.com\/yagmur\/#breadcrumb\"},\"inLanguage\":\"en-US\",\"potentialAction\":[{\"@type\":\"ReadAction\",\"target\":[\"https:\/\/trt12punto.com\/yagmur\/\"]}]},{\"@type\":\"BreadcrumbList\",\"@id\":\"https:\/\/trt12punto.com\/yagmur\/#breadcrumb\",\"itemListElement\":[{\"@type\":\"ListItem\",\"position\":1,\"name\":\"Anasayfa\",\"item\":\"https:\/\/trt12punto.com\/en\/home\/\"},{\"@type\":\"ListItem\",\"position\":2,\"name\":\"RAIN\"}]},{\"@type\":\"WebSite\",\"@id\":\"https:\/\/trt12punto.com\/#website\",\"url\":\"https:\/\/trt12punto.com\/\",\"name\":\"TRT 12 Punto\",\"description\":\"T\u00fcrkiye&#039;nin En B\u00fcy\u00fck Senaryo Geli\u015ftirme Platformu\",\"potentialAction\":[{\"@type\":\"SearchAction\",\"target\":{\"@type\":\"EntryPoint\",\"urlTemplate\":\"https:\/\/trt12punto.com\/?s={search_term_string}\"},\"query-input\":{\"@type\":\"PropertyValueSpecification\",\"valueRequired\":true,\"valueName\":\"search_term_string\"}}],\"inLanguage\":\"en-US\"}]}<\/script>\n<!-- \/ Yoast SEO plugin. -->","yoast_head_json":{"title":"RAIN - TRT 12 Punto","robots":{"index":"index","follow":"follow","max-snippet":"max-snippet:-1","max-image-preview":"max-image-preview:large","max-video-preview":"max-video-preview:-1"},"canonical":"https:\/\/trt12punto.com\/yagmur\/","og_locale":"en_US","og_type":"article","og_title":"RAIN - TRT 12 Punto","og_description":"Director: Ramazan Ekmek\u00e7i Producer: Ali Atabey Scriptwriter: Ramazan Ekmek\u00e7i SYNOPSIS Ali is an introverted person with social phobia. He has no family. He has no one except his girlfriend Rain and his best friend Adam. Rain and Adam are in danger. And if Ali cannot find enough money, he will lose them both. He decides [&hellip;]","og_url":"https:\/\/trt12punto.com\/yagmur\/","og_site_name":"TRT 12 Punto","twitter_card":"summary_large_image","twitter_misc":{"Est. reading time":"1 minute"},"schema":{"@context":"https:\/\/schema.org","@graph":[{"@type":"WebPage","@id":"https:\/\/trt12punto.com\/yagmur\/","url":"https:\/\/trt12punto.com\/yagmur\/","name":"RAIN - TRT 12 Punto","isPartOf":{"@id":"https:\/\/trt12punto.com\/#website"},"datePublished":"2022-01-11T19:25:01+00:00","breadcrumb":{"@id":"https:\/\/trt12punto.com\/yagmur\/#breadcrumb"},"inLanguage":"en-US","potentialAction":[{"@type":"ReadAction","target":["https:\/\/trt12punto.com\/yagmur\/"]}]},{"@type":"BreadcrumbList","@id":"https:\/\/trt12punto.com\/yagmur\/#breadcrumb","itemListElement":[{"@type":"ListItem","position":1,"name":"Anasayfa","item":"https:\/\/trt12punto.com\/en\/home\/"},{"@type":"ListItem","position":2,"name":"RAIN"}]},{"@type":"WebSite","@id":"https:\/\/trt12punto.com\/#website","url":"https:\/\/trt12punto.com\/","name":"TRT 12 Punto","description":"T\u00fcrkiye&#039;nin En B\u00fcy\u00fck Senaryo Geli\u015ftirme Platformu","potentialAction":[{"@type":"SearchAction","target":{"@type":"EntryPoint","urlTemplate":"https:\/\/trt12punto.com\/?s={search_term_string}"},"query-input":{"@type":"PropertyValueSpecification","valueRequired":true,"valueName":"search_term_string"}}],"inLanguage":"en-US"}]}},"jetpack_shortlink":"https:\/\/wp.me\/PgRTn7-2gc","_links":{"self":[{"href":"https:\/\/trt12punto.com\/en\/wp-json\/wp\/v2\/pages\/8692","targetHints":{"allow":["GET"]}}],"collection":[{"href":"https:\/\/trt12punto.com\/en\/wp-json\/wp\/v2\/pages"}],"about":[{"href":"https:\/\/trt12punto.com\/en\/wp-json\/wp\/v2\/types\/page"}],"author":[{"embeddable":true,"href":"https:\/\/trt12punto.com\/en\/wp-json\/wp\/v2\/users\/1"}],"replies":[{"embeddable":true,"href":"https:\/\/trt12punto.com\/en\/wp-json\/wp\/v2\/comments?post=8692"}],"version-history":[{"count":0,"href":"https:\/\/trt12punto.com\/en\/wp-json\/wp\/v2\/pages\/8692\/revisions"}],"wp:attachment":[{"href":"https:\/\/trt12punto.com\/en\/wp-json\/wp\/v2\/media?parent=8692"}],"curies":[{"name":"wp","href":"https:\/\/api.w.org\/{rel}","templated":true}]}}