{"id":8715,"date":"2022-01-11T22:38:44","date_gmt":"2022-01-11T19:38:44","guid":{"rendered":"https:\/\/trt12punto.com\/scissors\/"},"modified":"2022-01-11T22:38:45","modified_gmt":"2022-01-11T19:38:45","slug":"scissors","status":"publish","type":"page","link":"https:\/\/trt12punto.com\/en\/scissors\/","title":{"rendered":"SCISSORS"},"content":{"rendered":"<div class=\"page\" title=\"Page 50\">\n<div class=\"section\">\n<div class=\"layoutArea\">\n<div class=\"column\">\n<p>Director: Mehmet Akif G\u00fcler<\/p>\n<p>Producer: Mahmut \u0130slam Bilir, Rumman Yap\u0131m<\/p>\n<p>Scriptwriter: Mehmet Akif G\u00fcler<\/p>\n<\/div>\n<\/div>\n<\/div>\n<\/div>\n<hr>\n<p><strong>SYNOPSIS<\/strong><\/p>\n<div class=\"page\" title=\"Page 50\">\n<div class=\"section\">\n<div class=\"layoutArea\">\n<div class=\"column\">\n<p>Davut lives in a village in Anatolia close to the city. He is one of the bards of the village. However, because someone in the village got offended because of the word he said in the bard contest, Davut left his bardship a long time ago. He goes to the city with his portable sharpening machine and makes his living by selling knives, scissors and sharpening them. One day, he gets caught in the middle of an event. A young man involved in a fight takes Davut\u2019s scissors and runs towards the person they chased. Davut worries about the possibility of harming someone\u2019s life with his scissors. He investigates if something has happened to anyone and searches for scissors. He finds out that someone has died and he finds the scissors thrown under the bridge. The fact that two people\u2019s bond with his words in poetry and a person\u2019s life break off with his scissors leads Davut to a deep thought. He decides not to use his tongue anymore and never do the sharpening again. But an incoming news will once again reveal the essence of everything and who uses it for what is the main issue.           <\/p>\n<\/div>\n<\/div>\n<\/div>\n<\/div>\n","protected":false},"excerpt":{"rendered":"<p>Director: Mehmet Akif G\u00fcler Producer: Mahmut \u0130slam Bilir, Rumman Yap\u0131m Scriptwriter: Mehmet Akif G\u00fcler SYNOPSIS Davut lives in a village in Anatolia close to the city. He is one of the bards of the village. However, because someone in the village got offended because of the word he said in the bard contest, Davut left [&hellip;]<\/p>\n","protected":false},"author":1,"featured_media":0,"parent":0,"menu_order":169,"comment_status":"closed","ping_status":"closed","template":"","meta":{"footnotes":""},"class_list":["post-8715","page","type-page","status-publish","hentry"],"yoast_head":"<!-- This site is optimized with the Yoast SEO plugin v27.2 - https:\/\/yoast.com\/product\/yoast-seo-wordpress\/ -->\n<title>SCISSORS - TRT 12 Punto<\/title>\n<meta name=\"robots\" content=\"index, follow, max-snippet:-1, max-image-preview:large, max-video-preview:-1\" \/>\n<link rel=\"canonical\" href=\"https:\/\/trt12punto.com\/makas\/\" \/>\n<meta property=\"og:locale\" content=\"en_US\" \/>\n<meta property=\"og:type\" content=\"article\" \/>\n<meta property=\"og:title\" content=\"SCISSORS - TRT 12 Punto\" \/>\n<meta property=\"og:description\" content=\"Director: Mehmet Akif G\u00fcler Producer: Mahmut \u0130slam Bilir, Rumman Yap\u0131m Scriptwriter: Mehmet Akif G\u00fcler SYNOPSIS Davut lives in a village in Anatolia close to the city. He is one of the bards of the village. However, because someone in the village got offended because of the word he said in the bard contest, Davut left [&hellip;]\" \/>\n<meta property=\"og:url\" content=\"https:\/\/trt12punto.com\/makas\/\" \/>\n<meta property=\"og:site_name\" content=\"TRT 12 Punto\" \/>\n<meta property=\"article:modified_time\" content=\"2022-01-11T19:38:45+00:00\" \/>\n<meta name=\"twitter:card\" content=\"summary_large_image\" \/>\n<meta name=\"twitter:label1\" content=\"Est. reading time\" \/>\n\t<meta name=\"twitter:data1\" content=\"1 minute\" \/>\n<script type=\"application\/ld+json\" class=\"yoast-schema-graph\">{\"@context\":\"https:\/\/schema.org\",\"@graph\":[{\"@type\":\"WebPage\",\"@id\":\"https:\/\/trt12punto.com\/makas\/\",\"url\":\"https:\/\/trt12punto.com\/makas\/\",\"name\":\"SCISSORS - TRT 12 Punto\",\"isPartOf\":{\"@id\":\"https:\/\/trt12punto.com\/#website\"},\"datePublished\":\"2022-01-11T19:38:44+00:00\",\"dateModified\":\"2022-01-11T19:38:45+00:00\",\"breadcrumb\":{\"@id\":\"https:\/\/trt12punto.com\/makas\/#breadcrumb\"},\"inLanguage\":\"en-US\",\"potentialAction\":[{\"@type\":\"ReadAction\",\"target\":[\"https:\/\/trt12punto.com\/makas\/\"]}]},{\"@type\":\"BreadcrumbList\",\"@id\":\"https:\/\/trt12punto.com\/makas\/#breadcrumb\",\"itemListElement\":[{\"@type\":\"ListItem\",\"position\":1,\"name\":\"Anasayfa\",\"item\":\"https:\/\/trt12punto.com\/en\/home\/\"},{\"@type\":\"ListItem\",\"position\":2,\"name\":\"SCISSORS\"}]},{\"@type\":\"WebSite\",\"@id\":\"https:\/\/trt12punto.com\/#website\",\"url\":\"https:\/\/trt12punto.com\/\",\"name\":\"TRT 12 Punto\",\"description\":\"T\u00fcrkiye&#039;nin En B\u00fcy\u00fck Senaryo Geli\u015ftirme Platformu\",\"potentialAction\":[{\"@type\":\"SearchAction\",\"target\":{\"@type\":\"EntryPoint\",\"urlTemplate\":\"https:\/\/trt12punto.com\/?s={search_term_string}\"},\"query-input\":{\"@type\":\"PropertyValueSpecification\",\"valueRequired\":true,\"valueName\":\"search_term_string\"}}],\"inLanguage\":\"en-US\"}]}<\/script>\n<!-- \/ Yoast SEO plugin. -->","yoast_head_json":{"title":"SCISSORS - TRT 12 Punto","robots":{"index":"index","follow":"follow","max-snippet":"max-snippet:-1","max-image-preview":"max-image-preview:large","max-video-preview":"max-video-preview:-1"},"canonical":"https:\/\/trt12punto.com\/makas\/","og_locale":"en_US","og_type":"article","og_title":"SCISSORS - TRT 12 Punto","og_description":"Director: Mehmet Akif G\u00fcler Producer: Mahmut \u0130slam Bilir, Rumman Yap\u0131m Scriptwriter: Mehmet Akif G\u00fcler SYNOPSIS Davut lives in a village in Anatolia close to the city. He is one of the bards of the village. However, because someone in the village got offended because of the word he said in the bard contest, Davut left [&hellip;]","og_url":"https:\/\/trt12punto.com\/makas\/","og_site_name":"TRT 12 Punto","article_modified_time":"2022-01-11T19:38:45+00:00","twitter_card":"summary_large_image","twitter_misc":{"Est. reading time":"1 minute"},"schema":{"@context":"https:\/\/schema.org","@graph":[{"@type":"WebPage","@id":"https:\/\/trt12punto.com\/makas\/","url":"https:\/\/trt12punto.com\/makas\/","name":"SCISSORS - TRT 12 Punto","isPartOf":{"@id":"https:\/\/trt12punto.com\/#website"},"datePublished":"2022-01-11T19:38:44+00:00","dateModified":"2022-01-11T19:38:45+00:00","breadcrumb":{"@id":"https:\/\/trt12punto.com\/makas\/#breadcrumb"},"inLanguage":"en-US","potentialAction":[{"@type":"ReadAction","target":["https:\/\/trt12punto.com\/makas\/"]}]},{"@type":"BreadcrumbList","@id":"https:\/\/trt12punto.com\/makas\/#breadcrumb","itemListElement":[{"@type":"ListItem","position":1,"name":"Anasayfa","item":"https:\/\/trt12punto.com\/en\/home\/"},{"@type":"ListItem","position":2,"name":"SCISSORS"}]},{"@type":"WebSite","@id":"https:\/\/trt12punto.com\/#website","url":"https:\/\/trt12punto.com\/","name":"TRT 12 Punto","description":"T\u00fcrkiye&#039;nin En B\u00fcy\u00fck Senaryo Geli\u015ftirme Platformu","potentialAction":[{"@type":"SearchAction","target":{"@type":"EntryPoint","urlTemplate":"https:\/\/trt12punto.com\/?s={search_term_string}"},"query-input":{"@type":"PropertyValueSpecification","valueRequired":true,"valueName":"search_term_string"}}],"inLanguage":"en-US"}]}},"jetpack_shortlink":"https:\/\/wp.me\/PgRTn7-2gz","_links":{"self":[{"href":"https:\/\/trt12punto.com\/en\/wp-json\/wp\/v2\/pages\/8715","targetHints":{"allow":["GET"]}}],"collection":[{"href":"https:\/\/trt12punto.com\/en\/wp-json\/wp\/v2\/pages"}],"about":[{"href":"https:\/\/trt12punto.com\/en\/wp-json\/wp\/v2\/types\/page"}],"author":[{"embeddable":true,"href":"https:\/\/trt12punto.com\/en\/wp-json\/wp\/v2\/users\/1"}],"replies":[{"embeddable":true,"href":"https:\/\/trt12punto.com\/en\/wp-json\/wp\/v2\/comments?post=8715"}],"version-history":[{"count":1,"href":"https:\/\/trt12punto.com\/en\/wp-json\/wp\/v2\/pages\/8715\/revisions"}],"predecessor-version":[{"id":8716,"href":"https:\/\/trt12punto.com\/en\/wp-json\/wp\/v2\/pages\/8715\/revisions\/8716"}],"wp:attachment":[{"href":"https:\/\/trt12punto.com\/en\/wp-json\/wp\/v2\/media?parent=8715"}],"curies":[{"name":"wp","href":"https:\/\/api.w.org\/{rel}","templated":true}]}}