{"id":8732,"date":"2022-01-11T22:48:38","date_gmt":"2022-01-11T19:48:38","guid":{"rendered":"https:\/\/trt12punto.com\/face-off\/"},"modified":"2022-01-11T22:48:38","modified_gmt":"2022-01-11T19:48:38","slug":"face-off","status":"publish","type":"page","link":"https:\/\/trt12punto.com\/en\/face-off\/","title":{"rendered":"FACE OFF"},"content":{"rendered":"<div class=\"page\" title=\"Page 50\">\n<div class=\"section\">\n<div class=\"layoutArea\">\n<div class=\"column\">\n<p>Director: \u0130brahim Halil \u015eahin<\/p>\n<p>Producer: H\u00fcsamettin \u0130stenci<\/p>\n<\/div>\n<\/div>\n<\/div>\n<\/div>\n<hr>\n<p><strong>SYNOPSIS<\/strong><\/p>\n<div class=\"page\" title=\"Page 50\">\n<div class=\"section\">\n<div class=\"layoutArea\">\n<div class=\"column\">\n<p>Huseyin is the son of a family who migrated from Bulgaria to Istanbul in 1989. Nowadays, the war in Syria and the refugees in Istanbul effects him and his family deeply. A refugee woman and her children who stays in the park near Huseyin\u2019s house, pushes Huseyin to face the dark side of the war. Huseyin wants to do something for these people.   <\/p>\n<\/div>\n<\/div>\n<\/div>\n<\/div>\n","protected":false},"excerpt":{"rendered":"<p>Director: \u0130brahim Halil \u015eahin Producer: H\u00fcsamettin \u0130stenci SYNOPSIS Huseyin is the son of a family who migrated from Bulgaria to Istanbul in 1989. Nowadays, the war in Syria and the refugees in Istanbul effects him and his family deeply. A refugee woman and her children who stays in the park near Huseyin\u2019s house, pushes Huseyin [&hellip;]<\/p>\n","protected":false},"author":1,"featured_media":0,"parent":0,"menu_order":169,"comment_status":"closed","ping_status":"closed","template":"","meta":{"footnotes":""},"class_list":["post-8732","page","type-page","status-publish","hentry"],"yoast_head":"<!-- This site is optimized with the Yoast SEO plugin v27.2 - https:\/\/yoast.com\/product\/yoast-seo-wordpress\/ -->\n<title>FACE OFF - TRT 12 Punto<\/title>\n<meta name=\"robots\" content=\"index, follow, max-snippet:-1, max-image-preview:large, max-video-preview:-1\" \/>\n<link rel=\"canonical\" href=\"https:\/\/trt12punto.com\/yuzlesme\/\" \/>\n<meta property=\"og:locale\" content=\"en_US\" \/>\n<meta property=\"og:type\" content=\"article\" \/>\n<meta property=\"og:title\" content=\"FACE OFF - TRT 12 Punto\" \/>\n<meta property=\"og:description\" content=\"Director: \u0130brahim Halil \u015eahin Producer: H\u00fcsamettin \u0130stenci SYNOPSIS Huseyin is the son of a family who migrated from Bulgaria to Istanbul in 1989. Nowadays, the war in Syria and the refugees in Istanbul effects him and his family deeply. A refugee woman and her children who stays in the park near Huseyin\u2019s house, pushes Huseyin [&hellip;]\" \/>\n<meta property=\"og:url\" content=\"https:\/\/trt12punto.com\/yuzlesme\/\" \/>\n<meta property=\"og:site_name\" content=\"TRT 12 Punto\" \/>\n<meta name=\"twitter:card\" content=\"summary_large_image\" \/>\n<script type=\"application\/ld+json\" class=\"yoast-schema-graph\">{\"@context\":\"https:\/\/schema.org\",\"@graph\":[{\"@type\":\"WebPage\",\"@id\":\"https:\/\/trt12punto.com\/yuzlesme\/\",\"url\":\"https:\/\/trt12punto.com\/yuzlesme\/\",\"name\":\"FACE OFF - TRT 12 Punto\",\"isPartOf\":{\"@id\":\"https:\/\/trt12punto.com\/#website\"},\"datePublished\":\"2022-01-11T19:48:38+00:00\",\"breadcrumb\":{\"@id\":\"https:\/\/trt12punto.com\/yuzlesme\/#breadcrumb\"},\"inLanguage\":\"en-US\",\"potentialAction\":[{\"@type\":\"ReadAction\",\"target\":[\"https:\/\/trt12punto.com\/yuzlesme\/\"]}]},{\"@type\":\"BreadcrumbList\",\"@id\":\"https:\/\/trt12punto.com\/yuzlesme\/#breadcrumb\",\"itemListElement\":[{\"@type\":\"ListItem\",\"position\":1,\"name\":\"Anasayfa\",\"item\":\"https:\/\/trt12punto.com\/en\/home\/\"},{\"@type\":\"ListItem\",\"position\":2,\"name\":\"FACE OFF\"}]},{\"@type\":\"WebSite\",\"@id\":\"https:\/\/trt12punto.com\/#website\",\"url\":\"https:\/\/trt12punto.com\/\",\"name\":\"TRT 12 Punto\",\"description\":\"T\u00fcrkiye&#039;nin En B\u00fcy\u00fck Senaryo Geli\u015ftirme Platformu\",\"potentialAction\":[{\"@type\":\"SearchAction\",\"target\":{\"@type\":\"EntryPoint\",\"urlTemplate\":\"https:\/\/trt12punto.com\/?s={search_term_string}\"},\"query-input\":{\"@type\":\"PropertyValueSpecification\",\"valueRequired\":true,\"valueName\":\"search_term_string\"}}],\"inLanguage\":\"en-US\"}]}<\/script>\n<!-- \/ Yoast SEO plugin. -->","yoast_head_json":{"title":"FACE OFF - TRT 12 Punto","robots":{"index":"index","follow":"follow","max-snippet":"max-snippet:-1","max-image-preview":"max-image-preview:large","max-video-preview":"max-video-preview:-1"},"canonical":"https:\/\/trt12punto.com\/yuzlesme\/","og_locale":"en_US","og_type":"article","og_title":"FACE OFF - TRT 12 Punto","og_description":"Director: \u0130brahim Halil \u015eahin Producer: H\u00fcsamettin \u0130stenci SYNOPSIS Huseyin is the son of a family who migrated from Bulgaria to Istanbul in 1989. Nowadays, the war in Syria and the refugees in Istanbul effects him and his family deeply. A refugee woman and her children who stays in the park near Huseyin\u2019s house, pushes Huseyin [&hellip;]","og_url":"https:\/\/trt12punto.com\/yuzlesme\/","og_site_name":"TRT 12 Punto","twitter_card":"summary_large_image","schema":{"@context":"https:\/\/schema.org","@graph":[{"@type":"WebPage","@id":"https:\/\/trt12punto.com\/yuzlesme\/","url":"https:\/\/trt12punto.com\/yuzlesme\/","name":"FACE OFF - TRT 12 Punto","isPartOf":{"@id":"https:\/\/trt12punto.com\/#website"},"datePublished":"2022-01-11T19:48:38+00:00","breadcrumb":{"@id":"https:\/\/trt12punto.com\/yuzlesme\/#breadcrumb"},"inLanguage":"en-US","potentialAction":[{"@type":"ReadAction","target":["https:\/\/trt12punto.com\/yuzlesme\/"]}]},{"@type":"BreadcrumbList","@id":"https:\/\/trt12punto.com\/yuzlesme\/#breadcrumb","itemListElement":[{"@type":"ListItem","position":1,"name":"Anasayfa","item":"https:\/\/trt12punto.com\/en\/home\/"},{"@type":"ListItem","position":2,"name":"FACE OFF"}]},{"@type":"WebSite","@id":"https:\/\/trt12punto.com\/#website","url":"https:\/\/trt12punto.com\/","name":"TRT 12 Punto","description":"T\u00fcrkiye&#039;nin En B\u00fcy\u00fck Senaryo Geli\u015ftirme Platformu","potentialAction":[{"@type":"SearchAction","target":{"@type":"EntryPoint","urlTemplate":"https:\/\/trt12punto.com\/?s={search_term_string}"},"query-input":{"@type":"PropertyValueSpecification","valueRequired":true,"valueName":"search_term_string"}}],"inLanguage":"en-US"}]}},"jetpack_shortlink":"https:\/\/wp.me\/PgRTn7-2gQ","_links":{"self":[{"href":"https:\/\/trt12punto.com\/en\/wp-json\/wp\/v2\/pages\/8732","targetHints":{"allow":["GET"]}}],"collection":[{"href":"https:\/\/trt12punto.com\/en\/wp-json\/wp\/v2\/pages"}],"about":[{"href":"https:\/\/trt12punto.com\/en\/wp-json\/wp\/v2\/types\/page"}],"author":[{"embeddable":true,"href":"https:\/\/trt12punto.com\/en\/wp-json\/wp\/v2\/users\/1"}],"replies":[{"embeddable":true,"href":"https:\/\/trt12punto.com\/en\/wp-json\/wp\/v2\/comments?post=8732"}],"version-history":[{"count":0,"href":"https:\/\/trt12punto.com\/en\/wp-json\/wp\/v2\/pages\/8732\/revisions"}],"wp:attachment":[{"href":"https:\/\/trt12punto.com\/en\/wp-json\/wp\/v2\/media?parent=8732"}],"curies":[{"name":"wp","href":"https:\/\/api.w.org\/{rel}","templated":true}]}}