{"id":8734,"date":"2022-01-11T22:55:38","date_gmt":"2022-01-11T19:55:38","guid":{"rendered":"https:\/\/trt12punto.com\/winder\/"},"modified":"2022-01-11T22:55:38","modified_gmt":"2022-01-11T19:55:38","slug":"winder","status":"publish","type":"page","link":"https:\/\/trt12punto.com\/en\/winder\/","title":{"rendered":"WINDER"},"content":{"rendered":"<div class=\"page\" title=\"Page 50\">\n<div class=\"section\">\n<div class=\"layoutArea\">\n<div class=\"column\">\n<p>Director: Recep \u00c7avdar<\/p>\n<p>Producer: Recep \u00c7avdar<\/p>\n<p>Scriptwriter: Recep \u00c7avdar<\/p>\n<\/div>\n<\/div>\n<\/div>\n<\/div>\n<hr>\n<p><strong>SYNOPSIS<\/strong><\/p>\n<div class=\"page\" title=\"Page 50\">\n<div class=\"section\">\n<div class=\"layoutArea\">\n<div class=\"column\">\n<p>\u00d6mer, whose father was killed in an accident at a javelin match by Veysi, lives in the mountain village with his mother Cemile and his brother Yusuf. One Day Veysi gets out of the prison after the end of his prison sentence. \u00d6mer and his family had many financial and spiritual difficulties after his father\u2019s death and they blame Veysi for their suffering. At heart, Omer is a good and conscientious man, however he cannot defeat his feelings of revenge and decides to kill Veysel. He thinks that the best chance to kill him is the javelin match that is common in the area. He plans to be at the opponent team of Veysi and kill him by a special Javelin stick that he turned into a spear. When the match day comes, Omer catches the chance he was waiting for to kill Veysi. The name of Veysi is called and he comes out onto the pitch. Veysi understands the intention of \u00d6mer however as he feels a great remorse, he decides not to resist Omer. A surprise is waiting for Omer when he takes his special javelin stick. Yusuf doesn\u2019t let his brother to be overwhelmed by his anger.          <\/p>\n<\/div>\n<\/div>\n<\/div>\n<\/div>\n","protected":false},"excerpt":{"rendered":"<p>Director: Recep \u00c7avdar Producer: Recep \u00c7avdar Scriptwriter: Recep \u00c7avdar SYNOPSIS \u00d6mer, whose father was killed in an accident at a javelin match by Veysi, lives in the mountain village with his mother Cemile and his brother Yusuf. One Day Veysi gets out of the prison after the end of his prison sentence. \u00d6mer and his [&hellip;]<\/p>\n","protected":false},"author":1,"featured_media":0,"parent":0,"menu_order":169,"comment_status":"closed","ping_status":"closed","template":"","meta":{"footnotes":""},"class_list":["post-8734","page","type-page","status-publish","hentry"],"yoast_head":"<!-- This site is optimized with the Yoast SEO plugin v27.2 - https:\/\/yoast.com\/product\/yoast-seo-wordpress\/ -->\n<title>WINDER - TRT 12 Punto<\/title>\n<meta name=\"robots\" content=\"index, follow, max-snippet:-1, max-image-preview:large, max-video-preview:-1\" \/>\n<link rel=\"canonical\" href=\"https:\/\/trt12punto.com\/zemberek\/\" \/>\n<meta property=\"og:locale\" content=\"en_US\" \/>\n<meta property=\"og:type\" content=\"article\" \/>\n<meta property=\"og:title\" content=\"WINDER - TRT 12 Punto\" \/>\n<meta property=\"og:description\" content=\"Director: Recep \u00c7avdar Producer: Recep \u00c7avdar Scriptwriter: Recep \u00c7avdar SYNOPSIS \u00d6mer, whose father was killed in an accident at a javelin match by Veysi, lives in the mountain village with his mother Cemile and his brother Yusuf. One Day Veysi gets out of the prison after the end of his prison sentence. \u00d6mer and his [&hellip;]\" \/>\n<meta property=\"og:url\" content=\"https:\/\/trt12punto.com\/zemberek\/\" \/>\n<meta property=\"og:site_name\" content=\"TRT 12 Punto\" \/>\n<meta name=\"twitter:card\" content=\"summary_large_image\" \/>\n<meta name=\"twitter:label1\" content=\"Est. reading time\" \/>\n\t<meta name=\"twitter:data1\" content=\"1 minute\" \/>\n<script type=\"application\/ld+json\" class=\"yoast-schema-graph\">{\"@context\":\"https:\/\/schema.org\",\"@graph\":[{\"@type\":\"WebPage\",\"@id\":\"https:\/\/trt12punto.com\/zemberek\/\",\"url\":\"https:\/\/trt12punto.com\/zemberek\/\",\"name\":\"WINDER - TRT 12 Punto\",\"isPartOf\":{\"@id\":\"https:\/\/trt12punto.com\/#website\"},\"datePublished\":\"2022-01-11T19:55:38+00:00\",\"breadcrumb\":{\"@id\":\"https:\/\/trt12punto.com\/zemberek\/#breadcrumb\"},\"inLanguage\":\"en-US\",\"potentialAction\":[{\"@type\":\"ReadAction\",\"target\":[\"https:\/\/trt12punto.com\/zemberek\/\"]}]},{\"@type\":\"BreadcrumbList\",\"@id\":\"https:\/\/trt12punto.com\/zemberek\/#breadcrumb\",\"itemListElement\":[{\"@type\":\"ListItem\",\"position\":1,\"name\":\"Anasayfa\",\"item\":\"https:\/\/trt12punto.com\/en\/home\/\"},{\"@type\":\"ListItem\",\"position\":2,\"name\":\"WINDER\"}]},{\"@type\":\"WebSite\",\"@id\":\"https:\/\/trt12punto.com\/#website\",\"url\":\"https:\/\/trt12punto.com\/\",\"name\":\"TRT 12 Punto\",\"description\":\"T\u00fcrkiye&#039;nin En B\u00fcy\u00fck Senaryo Geli\u015ftirme Platformu\",\"potentialAction\":[{\"@type\":\"SearchAction\",\"target\":{\"@type\":\"EntryPoint\",\"urlTemplate\":\"https:\/\/trt12punto.com\/?s={search_term_string}\"},\"query-input\":{\"@type\":\"PropertyValueSpecification\",\"valueRequired\":true,\"valueName\":\"search_term_string\"}}],\"inLanguage\":\"en-US\"}]}<\/script>\n<!-- \/ Yoast SEO plugin. -->","yoast_head_json":{"title":"WINDER - TRT 12 Punto","robots":{"index":"index","follow":"follow","max-snippet":"max-snippet:-1","max-image-preview":"max-image-preview:large","max-video-preview":"max-video-preview:-1"},"canonical":"https:\/\/trt12punto.com\/zemberek\/","og_locale":"en_US","og_type":"article","og_title":"WINDER - TRT 12 Punto","og_description":"Director: Recep \u00c7avdar Producer: Recep \u00c7avdar Scriptwriter: Recep \u00c7avdar SYNOPSIS \u00d6mer, whose father was killed in an accident at a javelin match by Veysi, lives in the mountain village with his mother Cemile and his brother Yusuf. One Day Veysi gets out of the prison after the end of his prison sentence. \u00d6mer and his [&hellip;]","og_url":"https:\/\/trt12punto.com\/zemberek\/","og_site_name":"TRT 12 Punto","twitter_card":"summary_large_image","twitter_misc":{"Est. reading time":"1 minute"},"schema":{"@context":"https:\/\/schema.org","@graph":[{"@type":"WebPage","@id":"https:\/\/trt12punto.com\/zemberek\/","url":"https:\/\/trt12punto.com\/zemberek\/","name":"WINDER - TRT 12 Punto","isPartOf":{"@id":"https:\/\/trt12punto.com\/#website"},"datePublished":"2022-01-11T19:55:38+00:00","breadcrumb":{"@id":"https:\/\/trt12punto.com\/zemberek\/#breadcrumb"},"inLanguage":"en-US","potentialAction":[{"@type":"ReadAction","target":["https:\/\/trt12punto.com\/zemberek\/"]}]},{"@type":"BreadcrumbList","@id":"https:\/\/trt12punto.com\/zemberek\/#breadcrumb","itemListElement":[{"@type":"ListItem","position":1,"name":"Anasayfa","item":"https:\/\/trt12punto.com\/en\/home\/"},{"@type":"ListItem","position":2,"name":"WINDER"}]},{"@type":"WebSite","@id":"https:\/\/trt12punto.com\/#website","url":"https:\/\/trt12punto.com\/","name":"TRT 12 Punto","description":"T\u00fcrkiye&#039;nin En B\u00fcy\u00fck Senaryo Geli\u015ftirme Platformu","potentialAction":[{"@type":"SearchAction","target":{"@type":"EntryPoint","urlTemplate":"https:\/\/trt12punto.com\/?s={search_term_string}"},"query-input":{"@type":"PropertyValueSpecification","valueRequired":true,"valueName":"search_term_string"}}],"inLanguage":"en-US"}]}},"jetpack_shortlink":"https:\/\/wp.me\/PgRTn7-2gS","_links":{"self":[{"href":"https:\/\/trt12punto.com\/en\/wp-json\/wp\/v2\/pages\/8734","targetHints":{"allow":["GET"]}}],"collection":[{"href":"https:\/\/trt12punto.com\/en\/wp-json\/wp\/v2\/pages"}],"about":[{"href":"https:\/\/trt12punto.com\/en\/wp-json\/wp\/v2\/types\/page"}],"author":[{"embeddable":true,"href":"https:\/\/trt12punto.com\/en\/wp-json\/wp\/v2\/users\/1"}],"replies":[{"embeddable":true,"href":"https:\/\/trt12punto.com\/en\/wp-json\/wp\/v2\/comments?post=8734"}],"version-history":[{"count":0,"href":"https:\/\/trt12punto.com\/en\/wp-json\/wp\/v2\/pages\/8734\/revisions"}],"wp:attachment":[{"href":"https:\/\/trt12punto.com\/en\/wp-json\/wp\/v2\/media?parent=8734"}],"curies":[{"name":"wp","href":"https:\/\/api.w.org\/{rel}","templated":true}]}}