{"id":9867,"date":"2021-07-12T17:51:47","date_gmt":"2021-07-12T14:51:47","guid":{"rendered":"https:\/\/trt12punto.com\/2021-egitmenler\/"},"modified":"2022-06-08T17:05:44","modified_gmt":"2022-06-08T14:05:44","slug":"2021-instructors","status":"publish","type":"page","link":"https:\/\/trt12punto.com\/en\/2021-instructors\/","title":{"rendered":"2021 | Instructors"},"content":{"rendered":"\n<style type=\"text\/css\" data-created_by=\"avia_inline_auto\" id=\"style-css-av-86fygi-7ab7562bfa4da5d61c1e3944dbc283f6\">\n.flex_column.av-86fygi-7ab7562bfa4da5d61c1e3944dbc283f6{\nborder-radius:0px 0px 0px 0px;\npadding:0px 0px 0px 0px;\n}\n<\/style>\n<div  class='flex_column av-86fygi-7ab7562bfa4da5d61c1e3944dbc283f6 av_one_third  avia-builder-el-0  el_before_av_one_third  avia-builder-el-first  first flex_column_div av-zero-column-padding  '     ><style type=\"text\/css\" data-created_by=\"avia_inline_auto\" id=\"style-css-av-kjmrsdig-cc5e6d250b8ea79a16db6b075d45742f\">\n.avia-image-container.av-kjmrsdig-cc5e6d250b8ea79a16db6b075d45742f img.avia_image{\nbox-shadow:none;\n}\n.avia-image-container.av-kjmrsdig-cc5e6d250b8ea79a16db6b075d45742f .av-caption-image-overlay-bg{\nopacity:0.4;\nbackground-color:#000000;\n}\n.avia-image-container.av-kjmrsdig-cc5e6d250b8ea79a16db6b075d45742f .av-image-caption-overlay-center{\ncolor:#ffffff;\n}\n<\/style>\n<div  class='avia-image-container av-kjmrsdig-cc5e6d250b8ea79a16db6b075d45742f av-styling- av-img-linked avia-align-center  avia-builder-el-1  avia-builder-el-no-sibling  noHover av-overlay-hover-deactivate'   itemprop=\"image\" itemscope=\"itemscope\" itemtype=\"https:\/\/schema.org\/ImageObject\" ><div class=\"avia-image-container-inner\"><div class=\"avia-image-overlay-wrap\"><div class=\"av-image-caption-overlay\"><div class=\"av-caption-image-overlay-bg\"><\/div><div class=\"av-image-caption-overlay-position\"><div class=\"av-image-caption-overlay-center\"><p>Isabelle Fauvel<\/p>\n<\/div><\/div><\/div><img decoding=\"async\" fetchpriority=\"high\" class='wp-image-7375 avia-img-lazy-loading-not-7375 avia_image ' src=\"https:\/\/trt12punto.com\/wp-content\/uploads\/2021\/07\/isabella-215x300.png\" alt='' title='isabella'  height=\"300\" width=\"215\"  itemprop=\"thumbnailUrl\" srcset=\"https:\/\/trt12punto.com\/wp-content\/uploads\/2021\/07\/isabella-215x300.png 215w, https:\/\/trt12punto.com\/wp-content\/uploads\/2021\/07\/isabella.png 258w\" sizes=\"(max-width: 215px) 100vw, 215px\" \/><\/div><\/div><\/div><\/div>\n<style type=\"text\/css\" data-created_by=\"avia_inline_auto\" id=\"style-css-av-ip1mq-d9ef12e4ab7941707a452d8874ce8125\">\n.flex_column.av-ip1mq-d9ef12e4ab7941707a452d8874ce8125{\nborder-radius:0px 0px 0px 0px;\npadding:0px 0px 0px 0px;\n}\n<\/style>\n<div  class='flex_column av-ip1mq-d9ef12e4ab7941707a452d8874ce8125 av_one_third  avia-builder-el-2  el_after_av_one_third  el_before_av_one_third  flex_column_div av-zero-column-padding  '     ><style type=\"text\/css\" data-created_by=\"avia_inline_auto\" id=\"style-css-av-kjmrsdig-e4dade54cef2570fc140ee584f5f0654\">\n.avia-image-container.av-kjmrsdig-e4dade54cef2570fc140ee584f5f0654 img.avia_image{\nbox-shadow:none;\n}\n.avia-image-container.av-kjmrsdig-e4dade54cef2570fc140ee584f5f0654 .av-caption-image-overlay-bg{\nopacity:0.4;\nbackground-color:#000000;\n}\n.avia-image-container.av-kjmrsdig-e4dade54cef2570fc140ee584f5f0654 .av-image-caption-overlay-center{\ncolor:#ffffff;\n}\n<\/style>\n<div  class='avia-image-container av-kjmrsdig-e4dade54cef2570fc140ee584f5f0654 av-styling- av-img-linked avia-align-center  avia-builder-el-3  avia-builder-el-no-sibling  noHover av-overlay-hover-deactivate'   itemprop=\"image\" itemscope=\"itemscope\" itemtype=\"https:\/\/schema.org\/ImageObject\" ><div class=\"avia-image-container-inner\"><div class=\"avia-image-overlay-wrap\"><a href=\"https:\/\/trt12punto.com\/stefano-tealdi-2\/\" class='avia_image '  aria-label='Stefano TEALD\u0130'><div class=\"av-image-caption-overlay\"><div class=\"av-caption-image-overlay-bg\"><\/div><div class=\"av-image-caption-overlay-position\"><div class=\"av-image-caption-overlay-center\"><p>Stefano Tealdi<\/p>\n<\/div><\/div><\/div><img decoding=\"async\" fetchpriority=\"high\" class='wp-image-7382 avia-img-lazy-loading-not-7382 avia_image ' src=\"https:\/\/trt12punto.com\/wp-content\/uploads\/2021\/07\/Stefano-TEALDI-215x300.png\" alt='' title='Stefano TEALD\u0130'  height=\"300\" width=\"215\"  itemprop=\"thumbnailUrl\" srcset=\"https:\/\/trt12punto.com\/wp-content\/uploads\/2021\/07\/Stefano-TEALDI-215x300.png 215w, https:\/\/trt12punto.com\/wp-content\/uploads\/2021\/07\/Stefano-TEALDI.png 259w\" sizes=\"(max-width: 215px) 100vw, 215px\" \/><\/a><\/div><\/div><\/div><\/div>\n<style type=\"text\/css\" data-created_by=\"avia_inline_auto\" id=\"style-css-av-430tcy-d91194fb00da5faa49f72069bef573a9\">\n.flex_column.av-430tcy-d91194fb00da5faa49f72069bef573a9{\nborder-radius:0px 0px 0px 0px;\npadding:0px 0px 0px 0px;\n}\n<\/style>\n<div  class='flex_column av-430tcy-d91194fb00da5faa49f72069bef573a9 av_one_third  avia-builder-el-4  el_after_av_one_third  el_before_av_one_third  flex_column_div av-zero-column-padding  '     ><style type=\"text\/css\" data-created_by=\"avia_inline_auto\" id=\"style-css-av-kjmrsdig-83f1bc9a0c9ee3459626219a11c23de6\">\n.avia-image-container.av-kjmrsdig-83f1bc9a0c9ee3459626219a11c23de6 img.avia_image{\nbox-shadow:none;\n}\n.avia-image-container.av-kjmrsdig-83f1bc9a0c9ee3459626219a11c23de6 .av-caption-image-overlay-bg{\nopacity:0.4;\nbackground-color:#000000;\n}\n.avia-image-container.av-kjmrsdig-83f1bc9a0c9ee3459626219a11c23de6 .av-image-caption-overlay-center{\ncolor:#ffffff;\n}\n<\/style>\n<div  class='avia-image-container av-kjmrsdig-83f1bc9a0c9ee3459626219a11c23de6 av-styling- av-img-linked avia-align-center  avia-builder-el-5  avia-builder-el-no-sibling  noHover av-overlay-hover-deactivate'   itemprop=\"image\" itemscope=\"itemscope\" itemtype=\"https:\/\/schema.org\/ImageObject\" ><div class=\"avia-image-container-inner\"><div class=\"avia-image-overlay-wrap\"><a href=\"https:\/\/trt12punto.com\/franz-rodenkirchen-2\/\" class='avia_image '  aria-label='Franz RODENK\u0130RCHEN'><div class=\"av-image-caption-overlay\"><div class=\"av-caption-image-overlay-bg\"><\/div><div class=\"av-image-caption-overlay-position\"><div class=\"av-image-caption-overlay-center\"><p>Franz Rodenkirchen<\/p>\n<\/div><\/div><\/div><img decoding=\"async\" fetchpriority=\"high\" class='wp-image-7390 avia-img-lazy-loading-not-7390 avia_image ' src=\"https:\/\/trt12punto.com\/wp-content\/uploads\/2021\/07\/Franz-RODENKIRCHEN-216x300.png\" alt='' title='Franz RODENK\u0130RCHEN'  height=\"300\" width=\"216\"  itemprop=\"thumbnailUrl\" srcset=\"https:\/\/trt12punto.com\/wp-content\/uploads\/2021\/07\/Franz-RODENKIRCHEN-216x300.png 216w, https:\/\/trt12punto.com\/wp-content\/uploads\/2021\/07\/Franz-RODENKIRCHEN.png 259w\" sizes=\"(max-width: 216px) 100vw, 216px\" \/><\/a><\/div><\/div><\/div><\/div>\n<style type=\"text\/css\" data-created_by=\"avia_inline_auto\" id=\"style-css-av-26gbma-65fcde3bad01760bcb5209a8779382a4\">\n.flex_column.av-26gbma-65fcde3bad01760bcb5209a8779382a4{\nborder-radius:0px 0px 0px 0px;\npadding:0px 0px 0px 0px;\n}\n<\/style>\n<div  class='flex_column av-26gbma-65fcde3bad01760bcb5209a8779382a4 av_one_third  avia-builder-el-6  el_after_av_one_third  avia-builder-el-last  first flex_column_div av-zero-column-padding  column-top-margin'     ><style type=\"text\/css\" data-created_by=\"avia_inline_auto\" id=\"style-css-av-kjmrsdig-cb1a85655ede989949671dd157935dd2\">\n.avia-image-container.av-kjmrsdig-cb1a85655ede989949671dd157935dd2 img.avia_image{\nbox-shadow:none;\n}\n.avia-image-container.av-kjmrsdig-cb1a85655ede989949671dd157935dd2 .av-caption-image-overlay-bg{\nopacity:0.4;\nbackground-color:#000000;\n}\n.avia-image-container.av-kjmrsdig-cb1a85655ede989949671dd157935dd2 .av-image-caption-overlay-center{\ncolor:#ffffff;\n}\n<\/style>\n<div  class='avia-image-container av-kjmrsdig-cb1a85655ede989949671dd157935dd2 av-styling- av-img-linked avia-align-center  avia-builder-el-7  avia-builder-el-no-sibling  noHover av-overlay-hover-deactivate'   itemprop=\"image\" itemscope=\"itemscope\" itemtype=\"https:\/\/schema.org\/ImageObject\" ><div class=\"avia-image-container-inner\"><div class=\"avia-image-overlay-wrap\"><a href=\"https:\/\/trt12punto.com\/giacomo-durzi\/\" class='avia_image '  aria-label='Giacomo'><div class=\"av-image-caption-overlay\"><div class=\"av-caption-image-overlay-bg\"><\/div><div class=\"av-image-caption-overlay-position\"><div class=\"av-image-caption-overlay-center\"><p>Giacomo Durzi<\/p>\n<\/div><\/div><\/div><img decoding=\"async\" fetchpriority=\"high\" class='wp-image-7395 avia-img-lazy-loading-not-7395 avia_image ' src=\"https:\/\/trt12punto.com\/wp-content\/uploads\/2021\/07\/Giacomo-216x300.png\" alt='' title='Giacomo'  height=\"300\" width=\"216\"  itemprop=\"thumbnailUrl\" srcset=\"https:\/\/trt12punto.com\/wp-content\/uploads\/2021\/07\/Giacomo-216x300.png 216w, https:\/\/trt12punto.com\/wp-content\/uploads\/2021\/07\/Giacomo.png 259w\" sizes=\"(max-width: 216px) 100vw, 216px\" \/><\/a><\/div><\/div><\/div><\/div><\/p>\n","protected":false},"excerpt":{"rendered":"","protected":false},"author":1,"featured_media":0,"parent":0,"menu_order":169,"comment_status":"closed","ping_status":"closed","template":"","meta":{"footnotes":""},"class_list":["post-9867","page","type-page","status-publish","hentry"],"yoast_head":"<!-- This site is optimized with the Yoast SEO plugin v27.2 - https:\/\/yoast.com\/product\/yoast-seo-wordpress\/ -->\n<title>2021 | Instructors - TRT 12 Punto<\/title>\n<meta name=\"robots\" content=\"index, follow, max-snippet:-1, max-image-preview:large, max-video-preview:-1\" \/>\n<link rel=\"canonical\" href=\"https:\/\/trt12punto.com\/arsiv\/2021-2\/2021-egitmenler\/\" \/>\n<meta property=\"og:locale\" content=\"en_US\" \/>\n<meta property=\"og:type\" content=\"article\" \/>\n<meta property=\"og:title\" content=\"2021 | Instructors - TRT 12 Punto\" \/>\n<meta property=\"og:url\" content=\"https:\/\/trt12punto.com\/arsiv\/2021-2\/2021-egitmenler\/\" \/>\n<meta property=\"og:site_name\" content=\"TRT 12 Punto\" \/>\n<meta property=\"article:modified_time\" content=\"2022-06-08T14:05:44+00:00\" \/>\n<meta name=\"twitter:card\" content=\"summary_large_image\" \/>\n<meta name=\"twitter:label1\" content=\"Est. reading time\" \/>\n\t<meta name=\"twitter:data1\" content=\"4 minutes\" \/>\n<script type=\"application\/ld+json\" class=\"yoast-schema-graph\">{\"@context\":\"https:\/\/schema.org\",\"@graph\":[{\"@type\":\"WebPage\",\"@id\":\"https:\/\/trt12punto.com\/arsiv\/2021-2\/2021-egitmenler\/\",\"url\":\"https:\/\/trt12punto.com\/arsiv\/2021-2\/2021-egitmenler\/\",\"name\":\"2021 | Instructors - TRT 12 Punto\",\"isPartOf\":{\"@id\":\"https:\/\/trt12punto.com\/#website\"},\"datePublished\":\"2021-07-12T14:51:47+00:00\",\"dateModified\":\"2022-06-08T14:05:44+00:00\",\"breadcrumb\":{\"@id\":\"https:\/\/trt12punto.com\/arsiv\/2021-2\/2021-egitmenler\/#breadcrumb\"},\"inLanguage\":\"en-US\",\"potentialAction\":[{\"@type\":\"ReadAction\",\"target\":[\"https:\/\/trt12punto.com\/arsiv\/2021-2\/2021-egitmenler\/\"]}]},{\"@type\":\"BreadcrumbList\",\"@id\":\"https:\/\/trt12punto.com\/arsiv\/2021-2\/2021-egitmenler\/#breadcrumb\",\"itemListElement\":[{\"@type\":\"ListItem\",\"position\":1,\"name\":\"Anasayfa\",\"item\":\"https:\/\/trt12punto.com\/en\/home\/\"},{\"@type\":\"ListItem\",\"position\":2,\"name\":\"2021 | Instructors\"}]},{\"@type\":\"WebSite\",\"@id\":\"https:\/\/trt12punto.com\/#website\",\"url\":\"https:\/\/trt12punto.com\/\",\"name\":\"TRT 12 Punto\",\"description\":\"T\u00fcrkiye&#039;nin En B\u00fcy\u00fck Senaryo Geli\u015ftirme Platformu\",\"potentialAction\":[{\"@type\":\"SearchAction\",\"target\":{\"@type\":\"EntryPoint\",\"urlTemplate\":\"https:\/\/trt12punto.com\/?s={search_term_string}\"},\"query-input\":{\"@type\":\"PropertyValueSpecification\",\"valueRequired\":true,\"valueName\":\"search_term_string\"}}],\"inLanguage\":\"en-US\"}]}<\/script>\n<!-- \/ Yoast SEO plugin. -->","yoast_head_json":{"title":"2021 | Instructors - TRT 12 Punto","robots":{"index":"index","follow":"follow","max-snippet":"max-snippet:-1","max-image-preview":"max-image-preview:large","max-video-preview":"max-video-preview:-1"},"canonical":"https:\/\/trt12punto.com\/arsiv\/2021-2\/2021-egitmenler\/","og_locale":"en_US","og_type":"article","og_title":"2021 | Instructors - TRT 12 Punto","og_url":"https:\/\/trt12punto.com\/arsiv\/2021-2\/2021-egitmenler\/","og_site_name":"TRT 12 Punto","article_modified_time":"2022-06-08T14:05:44+00:00","twitter_card":"summary_large_image","twitter_misc":{"Est. reading time":"4 minutes"},"schema":{"@context":"https:\/\/schema.org","@graph":[{"@type":"WebPage","@id":"https:\/\/trt12punto.com\/arsiv\/2021-2\/2021-egitmenler\/","url":"https:\/\/trt12punto.com\/arsiv\/2021-2\/2021-egitmenler\/","name":"2021 | Instructors - TRT 12 Punto","isPartOf":{"@id":"https:\/\/trt12punto.com\/#website"},"datePublished":"2021-07-12T14:51:47+00:00","dateModified":"2022-06-08T14:05:44+00:00","breadcrumb":{"@id":"https:\/\/trt12punto.com\/arsiv\/2021-2\/2021-egitmenler\/#breadcrumb"},"inLanguage":"en-US","potentialAction":[{"@type":"ReadAction","target":["https:\/\/trt12punto.com\/arsiv\/2021-2\/2021-egitmenler\/"]}]},{"@type":"BreadcrumbList","@id":"https:\/\/trt12punto.com\/arsiv\/2021-2\/2021-egitmenler\/#breadcrumb","itemListElement":[{"@type":"ListItem","position":1,"name":"Anasayfa","item":"https:\/\/trt12punto.com\/en\/home\/"},{"@type":"ListItem","position":2,"name":"2021 | Instructors"}]},{"@type":"WebSite","@id":"https:\/\/trt12punto.com\/#website","url":"https:\/\/trt12punto.com\/","name":"TRT 12 Punto","description":"T\u00fcrkiye&#039;nin En B\u00fcy\u00fck Senaryo Geli\u015ftirme Platformu","potentialAction":[{"@type":"SearchAction","target":{"@type":"EntryPoint","urlTemplate":"https:\/\/trt12punto.com\/?s={search_term_string}"},"query-input":{"@type":"PropertyValueSpecification","valueRequired":true,"valueName":"search_term_string"}}],"inLanguage":"en-US"}]}},"jetpack_shortlink":"https:\/\/wp.me\/PgRTn7-2z9","_links":{"self":[{"href":"https:\/\/trt12punto.com\/en\/wp-json\/wp\/v2\/pages\/9867","targetHints":{"allow":["GET"]}}],"collection":[{"href":"https:\/\/trt12punto.com\/en\/wp-json\/wp\/v2\/pages"}],"about":[{"href":"https:\/\/trt12punto.com\/en\/wp-json\/wp\/v2\/types\/page"}],"author":[{"embeddable":true,"href":"https:\/\/trt12punto.com\/en\/wp-json\/wp\/v2\/users\/1"}],"replies":[{"embeddable":true,"href":"https:\/\/trt12punto.com\/en\/wp-json\/wp\/v2\/comments?post=9867"}],"version-history":[{"count":4,"href":"https:\/\/trt12punto.com\/en\/wp-json\/wp\/v2\/pages\/9867\/revisions"}],"predecessor-version":[{"id":9876,"href":"https:\/\/trt12punto.com\/en\/wp-json\/wp\/v2\/pages\/9867\/revisions\/9876"}],"wp:attachment":[{"href":"https:\/\/trt12punto.com\/en\/wp-json\/wp\/v2\/media?parent=9867"}],"curies":[{"name":"wp","href":"https:\/\/api.w.org\/{rel}","templated":true}]}}